{"id":5544,"date":"2025-11-22T03:27:07","date_gmt":"2025-11-22T03:27:07","guid":{"rendered":"https:\/\/www.lovinghomecollection.com\/?post_type=product&#038;p=5544"},"modified":"2025-11-22T03:27:08","modified_gmt":"2025-11-22T03:27:08","slug":"art-deco-vases-wholesale","status":"publish","type":"product","link":"https:\/\/www.lovinghomecollection.com\/fr\/produit\/art-deco-vases-wholesale\/","title":{"rendered":"Vases Art d\u00e9co en gros avec motifs multi-perfor\u00e9s"},"content":{"rendered":"<div class=\"wp-block-columns is-layout-flex wp-container-core-columns-is-layout-9d6595d7 wp-block-columns-is-layout-flex\">\n<div class=\"wp-block-column is-layout-flow wp-block-column-is-layout-flow\" style=\"flex-basis:60%\">\n<h2 class=\"wp-block-heading\">Premium Art Deco Vases Wholesale Caract\u00e9ristiques :<\/h2>\n\n\n\n<ul class=\"wp-block-list\">\n<li><strong>Combiner l'art et la pratique : <\/strong>Ces vases Art d\u00e9co en gros ont incorpor\u00e9 des motifs uniques de bouches \u00e9vas\u00e9es, de trous ronds et de trous en forme de c\u0153ur. Nos produits sont uniques et con\u00e7us de mani\u00e8re artistique, tout autant que les vases \u00e0 fleurs. Les multiples ouvertures perfor\u00e9es vous permettent de placer diff\u00e9rentes fleurs en m\u00eame temps... Les compositions florales en couches sont rapides et faciles \u00e0 r\u00e9aliser.<\/li>\n\n\n\n<li><strong>Naturel Artisanal Texture : <\/strong>Le mat\u00e9riau en terre cuite de ces vases floraux en gros conserve des marques bross\u00e9es \u00e0 la main et des variations naturelles de gla\u00e7ure. La combinaison de couleurs marron et blanc avec des accents violets apporte une chaleur rustique avec un attrait pour le design Wabi-sabi.<\/li>\n\n\n\n<li><strong>Diverses combinaisons de tailles : <\/strong>Nos vases Art D\u00e9co en gros offrent une gamme compl\u00e8te de tailles, du plus petit (19 cm) au plus grand (41 cm), et comprennent des formes standard et des formes sur pied pour permettre au grossiste d'assembler rapidement l'ensemble de sa commande dans un seul magasin.<\/li>\n\n\n\n<li><strong>Polyvalent pour divers sc\u00e9narios :<\/strong> Nos vases floraux en gros servent \u00e0 la fois de vases \u00e0 fleurs et de pi\u00e8ces d\u00e9coratives, mettant en valeur n'importe quel espace sans qu'il soit n\u00e9cessaire d'avoir recours \u00e0 des arrangements floraux.<\/li>\n<\/ul>\n<\/div>\n\n\n\n<div class=\"wp-block-column is-layout-flow wp-block-column-is-layout-flow\" style=\"flex-basis:40%\">\n<figure class=\"wp-block-image size-full\"><img decoding=\"async\" width=\"1200\" height=\"1200\" src=\"https:\/\/www.lovinghomecollection.com\/wp-content\/uploads\/2025\/11\/Art-Deco-Vases-Wholesale-with-Multi-Perforated-Designs-4.webp\" alt=\"Vases Art D\u00e9co en gros avec motifs multiperfor\u00e9s-4\" class=\"wp-image-5743\" srcset=\"https:\/\/www.lovinghomecollection.com\/wp-content\/uploads\/2025\/11\/Art-Deco-Vases-Wholesale-with-Multi-Perforated-Designs-4.webp 1200w, https:\/\/www.lovinghomecollection.com\/wp-content\/uploads\/2025\/11\/Art-Deco-Vases-Wholesale-with-Multi-Perforated-Designs-4-300x300.webp 300w, https:\/\/www.lovinghomecollection.com\/wp-content\/uploads\/2025\/11\/Art-Deco-Vases-Wholesale-with-Multi-Perforated-Designs-4-150x150.webp 150w, https:\/\/www.lovinghomecollection.com\/wp-content\/uploads\/2025\/11\/Art-Deco-Vases-Wholesale-with-Multi-Perforated-Designs-4-768x768.webp 768w, https:\/\/www.lovinghomecollection.com\/wp-content\/uploads\/2025\/11\/Art-Deco-Vases-Wholesale-with-Multi-Perforated-Designs-4-12x12.webp 12w, https:\/\/www.lovinghomecollection.com\/wp-content\/uploads\/2025\/11\/Art-Deco-Vases-Wholesale-with-Multi-Perforated-Designs-4-600x600.webp 600w, https:\/\/www.lovinghomecollection.com\/wp-content\/uploads\/2025\/11\/Art-Deco-Vases-Wholesale-with-Multi-Perforated-Designs-4-100x100.webp 100w\" sizes=\"(max-width: 1200px) 100vw, 1200px\" \/><\/figure>\n<\/div>\n<\/div>\n\n\n\n<h2 class=\"wp-block-heading has-text-align-center\">Pr\u00e9sentation du produit Vases Art D\u00e9co en gros<\/h2>\n\n\n\n<div class=\"wp-block-columns is-layout-flex wp-container-core-columns-is-layout-9d6595d7 wp-block-columns-is-layout-flex\">\n<div class=\"wp-block-column is-layout-flow wp-block-column-is-layout-flow\">\n<figure class=\"wp-block-image size-full\"><img decoding=\"async\" width=\"1723\" height=\"1113\" src=\"https:\/\/www.lovinghomecollection.com\/wp-content\/uploads\/2025\/11\/Art-Deco-Vases-Wholesale-with-Multi-Perforated-Designs-7.webp\" alt=\"Vases Art D\u00e9co en gros avec motifs multiperfor\u00e9s-7\" class=\"wp-image-5746\" srcset=\"https:\/\/www.lovinghomecollection.com\/wp-content\/uploads\/2025\/11\/Art-Deco-Vases-Wholesale-with-Multi-Perforated-Designs-7.webp 1723w, https:\/\/www.lovinghomecollection.com\/wp-content\/uploads\/2025\/11\/Art-Deco-Vases-Wholesale-with-Multi-Perforated-Designs-7-300x194.webp 300w, https:\/\/www.lovinghomecollection.com\/wp-content\/uploads\/2025\/11\/Art-Deco-Vases-Wholesale-with-Multi-Perforated-Designs-7-768x496.webp 768w, https:\/\/www.lovinghomecollection.com\/wp-content\/uploads\/2025\/11\/Art-Deco-Vases-Wholesale-with-Multi-Perforated-Designs-7-18x12.webp 18w, https:\/\/www.lovinghomecollection.com\/wp-content\/uploads\/2025\/11\/Art-Deco-Vases-Wholesale-with-Multi-Perforated-Designs-7-1200x775.webp 1200w, https:\/\/www.lovinghomecollection.com\/wp-content\/uploads\/2025\/11\/Art-Deco-Vases-Wholesale-with-Multi-Perforated-Designs-7-600x388.webp 600w\" sizes=\"(max-width: 1723px) 100vw, 1723px\" \/><\/figure>\n<\/div>\n\n\n\n<div class=\"wp-block-column is-layout-flow wp-block-column-is-layout-flow\">\n<figure class=\"wp-block-image size-full\"><img decoding=\"async\" width=\"1723\" height=\"567\" src=\"https:\/\/www.lovinghomecollection.com\/wp-content\/uploads\/2025\/11\/Art-Deco-Vases-Wholesale-with-Multi-Perforated-Designs-8.webp\" alt=\"Vases Art D\u00e9co en gros avec motifs multiperfor\u00e9s-8\" class=\"wp-image-5747\" srcset=\"https:\/\/www.lovinghomecollection.com\/wp-content\/uploads\/2025\/11\/Art-Deco-Vases-Wholesale-with-Multi-Perforated-Designs-8.webp 1723w, https:\/\/www.lovinghomecollection.com\/wp-content\/uploads\/2025\/11\/Art-Deco-Vases-Wholesale-with-Multi-Perforated-Designs-8-300x99.webp 300w, https:\/\/www.lovinghomecollection.com\/wp-content\/uploads\/2025\/11\/Art-Deco-Vases-Wholesale-with-Multi-Perforated-Designs-8-768x253.webp 768w, https:\/\/www.lovinghomecollection.com\/wp-content\/uploads\/2025\/11\/Art-Deco-Vases-Wholesale-with-Multi-Perforated-Designs-8-18x6.webp 18w, https:\/\/www.lovinghomecollection.com\/wp-content\/uploads\/2025\/11\/Art-Deco-Vases-Wholesale-with-Multi-Perforated-Designs-8-1200x395.webp 1200w, https:\/\/www.lovinghomecollection.com\/wp-content\/uploads\/2025\/11\/Art-Deco-Vases-Wholesale-with-Multi-Perforated-Designs-8-600x197.webp 600w\" sizes=\"(max-width: 1723px) 100vw, 1723px\" \/><\/figure>\n<\/div>\n<\/div>","protected":false},"excerpt":{"rendered":"<p>Achetez d\u00e8s maintenant des vases \u00e0 fleurs en gros. Nos vases Art d\u00e9co en gros sont multi-perfor\u00e9s et pr\u00e9sentent des formes sculpturales vari\u00e9es, notamment des sph\u00e8res, des c\u0153urs et des gouttes. Chacune des bouteilles est recouverte d'un vernis brun rustique naturel et pr\u00e9sente un aspect artisanal qui met en valeur ses caract\u00e9ristiques artisanales.<\/p>\n<table style=\"border-collapse: collapse; width: 338.02pt;\" border=\"0\" width=\"338\" cellspacing=\"0\" cellpadding=\"0\">\n<tbody>\n<tr style=\"height: 18.00pt;\">\n<td class=\"et3\" style=\"height: 18.00pt; width: 124.50pt;\" width=\"124\" height=\"18\">Fabricant<\/td>\n<td class=\"et3\" style=\"width: 214.40pt;\" width=\"214\">Un foyer d'amour<\/td>\n<\/tr>\n<tr style=\"height: 18.00pt;\">\n<td class=\"et3\" style=\"height: 18.00pt; width: 124.50pt;\" width=\"124\" height=\"18\">Type de produit<\/td>\n<td class=\"et4\" style=\"width: 214.40pt;\" width=\"214\">Vases Art d\u00e9co<\/td>\n<\/tr>\n<tr style=\"height: 18.00pt;\">\n<td class=\"et3\" style=\"height: 18.00pt; width: 124.50pt;\" width=\"124\" height=\"18\">Mat\u00e9riau<\/td>\n<td class=\"et3\" style=\"width: 214.40pt;\" width=\"214\">Porcelaine durable<\/td>\n<\/tr>\n<tr style=\"height: 18.00pt;\">\n<td class=\"et3\" style=\"height: 18.00pt; width: 124.50pt;\" width=\"124\" height=\"18\">Dimension<\/td>\n<td class=\"et3\" style=\"width: 214.40pt;\" width=\"214\">Comme l'indique la photo de d\u00e9tail<\/td>\n<\/tr>\n<tr style=\"height: 18.00pt;\">\n<td class=\"et3\" style=\"height: 18.00pt; width: 124.50pt;\" width=\"124\" height=\"18\">Unit\u00e9s de vente<\/td>\n<td class=\"et3\" style=\"width: 214.40pt;\" width=\"214\">Article unique<\/td>\n<\/tr>\n<tr style=\"height: 18.00pt;\">\n<td class=\"et3\" style=\"height: 18.00pt; width: 124.50pt;\" width=\"124\" height=\"18\">MOQ<\/td>\n<td class=\"et3\" style=\"width: 214.40pt;\" width=\"214\">1200\/pcs par article<\/td>\n<\/tr>\n<tr style=\"height: 18.00pt;\">\n<td class=\"et3\" style=\"height: 18.00pt; width: 124.50pt;\" width=\"124\" height=\"18\">Option personnalis\u00e9e<\/td>\n<td class=\"et3\" style=\"width: 214.40pt;\" width=\"214\">Couleur\/Taille\/Glaze\/Logo\/Emballage<\/td>\n<\/tr>\n<\/tbody>\n<\/table>","protected":false},"featured_media":5740,"comment_status":"closed","ping_status":"closed","template":"","meta":{"_acf_changed":false},"product_brand":[],"product_cat":[50,21],"product_tag":[],"class_list":{"0":"post-5544","1":"product","2":"type-product","3":"status-publish","4":"has-post-thumbnail","6":"product_cat-wholesale-vases-and-pots","7":"product_cat-ceramic-vases-bulk","9":"first","10":"instock","11":"shipping-taxable","12":"product-type-simple"},"acf":[],"_links":{"self":[{"href":"https:\/\/www.lovinghomecollection.com\/fr\/wp-json\/wp\/v2\/product\/5544","targetHints":{"allow":["GET"]}}],"collection":[{"href":"https:\/\/www.lovinghomecollection.com\/fr\/wp-json\/wp\/v2\/product"}],"about":[{"href":"https:\/\/www.lovinghomecollection.com\/fr\/wp-json\/wp\/v2\/types\/product"}],"replies":[{"embeddable":true,"href":"https:\/\/www.lovinghomecollection.com\/fr\/wp-json\/wp\/v2\/comments?post=5544"}],"wp:featuredmedia":[{"embeddable":true,"href":"https:\/\/www.lovinghomecollection.com\/fr\/wp-json\/wp\/v2\/media\/5740"}],"wp:attachment":[{"href":"https:\/\/www.lovinghomecollection.com\/fr\/wp-json\/wp\/v2\/media?parent=5544"}],"wp:term":[{"taxonomy":"product_brand","embeddable":true,"href":"https:\/\/www.lovinghomecollection.com\/fr\/wp-json\/wp\/v2\/product_brand?post=5544"},{"taxonomy":"product_cat","embeddable":true,"href":"https:\/\/www.lovinghomecollection.com\/fr\/wp-json\/wp\/v2\/product_cat?post=5544"},{"taxonomy":"product_tag","embeddable":true,"href":"https:\/\/www.lovinghomecollection.com\/fr\/wp-json\/wp\/v2\/product_tag?post=5544"}],"curies":[{"name":"wp","href":"https:\/\/api.w.org\/{rel}","templated":true}]}}