{"id":5342,"date":"2025-11-27T06:44:41","date_gmt":"2025-11-27T06:44:41","guid":{"rendered":"https:\/\/www.lovinghomecollection.com\/?post_type=product&#038;p=5342"},"modified":"2025-12-11T07:15:45","modified_gmt":"2025-12-11T07:15:45","slug":"gift-dinnerware-wholesale","status":"publish","type":"product","link":"https:\/\/www.lovinghomecollection.com\/fr\/produit\/gift-dinnerware-wholesale\/","title":{"rendered":"Vaisselle cadeau aux couleurs vives en gros avec motif en relief"},"content":{"rendered":"<div class=\"wp-block-columns is-layout-flex wp-container-core-columns-is-layout-9d6595d7 wp-block-columns-is-layout-flex\">\n<div class=\"wp-block-column is-layout-flow wp-block-column-is-layout-flow\" style=\"flex-basis:60%\">\n<h2 class=\"wp-block-heading\">Premium Gift Dinnerware Wholesale Caract\u00e9ristiques :<\/h2>\n\n\n\n<ul class=\"wp-block-list\">\n<li><strong>Riches couleurs r\u00e9tro et design exquis : <\/strong>Cet ensemble de vaisselle cadeau utilise des tons r\u00e9tro tels que le vert fonc\u00e9, le rouge brique et le jaune chaud, combin\u00e9s \u00e0 des motifs gaufr\u00e9s, \u00e0 des bordures textur\u00e9es en corde et \u00e0 des dessins en forme de p\u00e9tales, pr\u00e9sentant ainsi un style \u00e9l\u00e9gant europ\u00e9en unique.<\/li>\n\n\n\n<li><strong>Ensemble complet et unifi\u00e9 : <\/strong>Nos sets de table en porcelaine en gros comprennent un ensemble complet de vaisselle tel que des assiettes, des services \u00e0 th\u00e9, des plateaux \u00e0 fruits \u00e0 double couche et des pr\u00e9sentoirs \u00e0 dessert. Le style r\u00e9tro unifi\u00e9 garantit un assortiment parfait, r\u00e9pondant ainsi \u00e0 divers besoins en mati\u00e8re de repas et de cadeaux.<\/li>\n\n\n\n<li><strong>Mat\u00e9riau c\u00e9ramique de haute qualit\u00e9 :<\/strong> Notre vaisselle cadeau en gros est fabriqu\u00e9e \u00e0 partir de c\u00e9ramique de haute qualit\u00e9 et d'un travail artisanal de qualit\u00e9. La gla\u00e7ure est lisse et d\u00e9licate, et les motifs en relief sont clairs et tridimensionnels, combinant beaut\u00e9 et durabilit\u00e9, am\u00e9liorant ainsi l'exp\u00e9rience de l'utilisateur.<\/li>\n\n\n\n<li><strong>Optimis\u00e9 pour les cadeaux et le commerce de gros : <\/strong>Nos sets de table en porcelaine en gros peuvent \u00eatre emball\u00e9s de mani\u00e8re personnalis\u00e9e et exquise, ce qui les rend particuli\u00e8rement adapt\u00e9s \u00e0 la vente de cadeaux. Le style et les sp\u00e9cifications unifi\u00e9s facilitent l'achat et la pr\u00e9sentation en vrac.<\/li>\n<\/ul>\n<\/div>\n\n\n\n<div class=\"wp-block-column is-layout-flow wp-block-column-is-layout-flow\">\n<figure class=\"wp-block-image size-full\"><img decoding=\"async\" width=\"1200\" height=\"1200\" src=\"https:\/\/www.lovinghomecollection.com\/wp-content\/uploads\/2025\/11\/Bright-Color-Gift-Dinnerware-Wholesale-with-Embossed-Design-5.webp\" alt=\"Vaisselle cadeau de couleur vive avec motif gaufr\u00e9 en gros-5\" class=\"wp-image-5902\" srcset=\"https:\/\/www.lovinghomecollection.com\/wp-content\/uploads\/2025\/11\/Bright-Color-Gift-Dinnerware-Wholesale-with-Embossed-Design-5.webp 1200w, https:\/\/www.lovinghomecollection.com\/wp-content\/uploads\/2025\/11\/Bright-Color-Gift-Dinnerware-Wholesale-with-Embossed-Design-5-300x300.webp 300w, https:\/\/www.lovinghomecollection.com\/wp-content\/uploads\/2025\/11\/Bright-Color-Gift-Dinnerware-Wholesale-with-Embossed-Design-5-150x150.webp 150w, https:\/\/www.lovinghomecollection.com\/wp-content\/uploads\/2025\/11\/Bright-Color-Gift-Dinnerware-Wholesale-with-Embossed-Design-5-768x768.webp 768w, https:\/\/www.lovinghomecollection.com\/wp-content\/uploads\/2025\/11\/Bright-Color-Gift-Dinnerware-Wholesale-with-Embossed-Design-5-12x12.webp 12w, https:\/\/www.lovinghomecollection.com\/wp-content\/uploads\/2025\/11\/Bright-Color-Gift-Dinnerware-Wholesale-with-Embossed-Design-5-600x600.webp 600w, https:\/\/www.lovinghomecollection.com\/wp-content\/uploads\/2025\/11\/Bright-Color-Gift-Dinnerware-Wholesale-with-Embossed-Design-5-100x100.webp 100w\" sizes=\"(max-width: 1200px) 100vw, 1200px\" \/><\/figure>\n<\/div>\n<\/div>\n\n\n\n<h2 class=\"wp-block-heading has-text-align-center\">Pr\u00e9sentation des produits de la collection Woven Grace Gift Dinnerware Wholesale<\/h2>\n\n\n\n<div class=\"wp-block-columns is-layout-flex wp-container-core-columns-is-layout-9d6595d7 wp-block-columns-is-layout-flex\">\n<div class=\"wp-block-column is-layout-flow wp-block-column-is-layout-flow\">\n<figure class=\"wp-block-image size-full\"><img decoding=\"async\" width=\"1721\" height=\"1658\" src=\"https:\/\/www.lovinghomecollection.com\/wp-content\/uploads\/2025\/11\/Bright-Color-Gift-Dinnerware-Wholesale-with-Embossed-Design-10.webp\" alt=\"Vaisselle cadeau de couleur vive en gros avec motif gaufr\u00e9-10\" class=\"wp-image-5907\" srcset=\"https:\/\/www.lovinghomecollection.com\/wp-content\/uploads\/2025\/11\/Bright-Color-Gift-Dinnerware-Wholesale-with-Embossed-Design-10.webp 1721w, https:\/\/www.lovinghomecollection.com\/wp-content\/uploads\/2025\/11\/Bright-Color-Gift-Dinnerware-Wholesale-with-Embossed-Design-10-300x289.webp 300w, https:\/\/www.lovinghomecollection.com\/wp-content\/uploads\/2025\/11\/Bright-Color-Gift-Dinnerware-Wholesale-with-Embossed-Design-10-768x740.webp 768w, https:\/\/www.lovinghomecollection.com\/wp-content\/uploads\/2025\/11\/Bright-Color-Gift-Dinnerware-Wholesale-with-Embossed-Design-10-12x12.webp 12w, https:\/\/www.lovinghomecollection.com\/wp-content\/uploads\/2025\/11\/Bright-Color-Gift-Dinnerware-Wholesale-with-Embossed-Design-10-1200x1156.webp 1200w, https:\/\/www.lovinghomecollection.com\/wp-content\/uploads\/2025\/11\/Bright-Color-Gift-Dinnerware-Wholesale-with-Embossed-Design-10-600x578.webp 600w\" sizes=\"(max-width: 1721px) 100vw, 1721px\" \/><\/figure>\n<\/div>\n\n\n\n<div class=\"wp-block-column is-layout-flow wp-block-column-is-layout-flow\">\n<figure class=\"wp-block-image size-full\"><img decoding=\"async\" width=\"1717\" height=\"1485\" src=\"https:\/\/www.lovinghomecollection.com\/wp-content\/uploads\/2025\/11\/Bright-Color-Gift-Dinnerware-Wholesale-with-Embossed-Design-11.webp\" alt=\"Vaisselle cadeau de couleur vive en gros avec motif gaufr\u00e9-11\" class=\"wp-image-5908\" srcset=\"https:\/\/www.lovinghomecollection.com\/wp-content\/uploads\/2025\/11\/Bright-Color-Gift-Dinnerware-Wholesale-with-Embossed-Design-11.webp 1717w, https:\/\/www.lovinghomecollection.com\/wp-content\/uploads\/2025\/11\/Bright-Color-Gift-Dinnerware-Wholesale-with-Embossed-Design-11-300x259.webp 300w, https:\/\/www.lovinghomecollection.com\/wp-content\/uploads\/2025\/11\/Bright-Color-Gift-Dinnerware-Wholesale-with-Embossed-Design-11-768x664.webp 768w, https:\/\/www.lovinghomecollection.com\/wp-content\/uploads\/2025\/11\/Bright-Color-Gift-Dinnerware-Wholesale-with-Embossed-Design-11-14x12.webp 14w, https:\/\/www.lovinghomecollection.com\/wp-content\/uploads\/2025\/11\/Bright-Color-Gift-Dinnerware-Wholesale-with-Embossed-Design-11-1200x1038.webp 1200w, https:\/\/www.lovinghomecollection.com\/wp-content\/uploads\/2025\/11\/Bright-Color-Gift-Dinnerware-Wholesale-with-Embossed-Design-11-600x519.webp 600w\" sizes=\"(max-width: 1717px) 100vw, 1717px\" \/><\/figure>\n<\/div>\n<\/div>\n\n\n\n<p><\/p>","protected":false},"excerpt":{"rendered":"<p>Bienvenue pour acheter des services de table en porcelaine. Ce service de table cadeau vendu en gros se caract\u00e9rise par des couleurs riches, associ\u00e9es \u00e0 des motifs en relief raffin\u00e9s, des bords textur\u00e9s et des motifs en forme de p\u00e9tales, pr\u00e9sentant un style r\u00e9tro europ\u00e9en raffin\u00e9.<\/p>\n<table style=\"border-collapse: collapse; width: 338.02pt;\" border=\"0\" width=\"338\" cellspacing=\"0\" cellpadding=\"0\">\n<tbody>\n<tr style=\"height: 18.00pt;\">\n<td class=\"et3\" style=\"height: 18.00pt; width: 124.50pt;\" width=\"124\" height=\"18\">Fabricant<\/td>\n<td class=\"et3\" style=\"width: 214.40pt;\" width=\"214\">Un foyer d'amour<\/td>\n<\/tr>\n<tr style=\"height: 18.00pt;\">\n<td class=\"et3\" style=\"height: 18.00pt; width: 124.50pt;\" width=\"124\" height=\"18\">Nom de la collection<\/td>\n<td class=\"et4\" style=\"width: 214.40pt;\" width=\"214\">Gr\u00e2ce tiss\u00e9e<\/td>\n<\/tr>\n<tr style=\"height: 18.00pt;\">\n<td class=\"et3\" style=\"height: 18.00pt; width: 124.50pt;\" width=\"124\" height=\"18\">Utilisation<\/td>\n<td class=\"et3\" style=\"width: 214.40pt;\" width=\"214\">Maison, Restaurant, H\u00f4tel<\/td>\n<\/tr>\n<tr style=\"height: 36.00pt;\">\n<td class=\"et3\" style=\"height: 36.00pt; width: 124.50pt;\" width=\"124\" height=\"36\">Type de vaisselle<\/td>\n<td class=\"et3\" style=\"width: 214.40pt;\" width=\"214\">Assiette, bol, carafe, tasse, sucrier, tasse et soucoupes, th\u00e9i\u00e8re, cr\u00e9mier, porte-g\u00e2teau<\/td>\n<\/tr>\n<tr style=\"height: 18.00pt;\">\n<td class=\"et3\" style=\"height: 18.00pt; width: 124.50pt;\" width=\"124\" height=\"18\">Mat\u00e9riau<\/td>\n<td class=\"et3\" style=\"width: 214.40pt;\" width=\"214\">Porcelaine durable<\/td>\n<\/tr>\n<tr style=\"height: 18.00pt;\">\n<td class=\"et3\" style=\"height: 18.00pt; width: 124.50pt;\" width=\"124\" height=\"18\">Dimension<\/td>\n<td class=\"et3\" style=\"width: 214.40pt;\" width=\"214\">Comme l'indique la photo de d\u00e9tail<\/td>\n<\/tr>\n<tr style=\"height: 18.00pt;\">\n<td class=\"et3\" style=\"height: 18.00pt; width: 124.50pt;\" width=\"124\" height=\"18\">Unit\u00e9s de vente<\/td>\n<td class=\"et3\" style=\"width: 214.40pt;\" width=\"214\">Article unique<\/td>\n<\/tr>\n<tr style=\"height: 18.00pt;\">\n<td class=\"et3\" style=\"height: 18.00pt; width: 124.50pt;\" width=\"124\" height=\"18\">MOQ<\/td>\n<td class=\"et3\" style=\"width: 214.40pt;\" width=\"214\">1200\/pcs par article<\/td>\n<\/tr>\n<tr style=\"height: 18.00pt;\">\n<td class=\"et3\" style=\"height: 18.00pt; width: 124.50pt;\" width=\"124\" height=\"18\">Option personnalis\u00e9e<\/td>\n<td class=\"et3\" style=\"width: 214.40pt;\" width=\"214\">Couleur\/Taille\/Glaze\/Logo\/Emballage<\/td>\n<\/tr>\n<\/tbody>\n<\/table>","protected":false},"featured_media":5898,"comment_status":"closed","ping_status":"closed","template":"","meta":{"_acf_changed":false},"product_brand":[],"product_cat":[19],"product_tag":[37,36,25,39,27],"class_list":{"0":"post-5342","1":"product","2":"type-product","3":"status-publish","4":"has-post-thumbnail","6":"product_cat-dinnerware-wholesale","7":"product_tag-bulk-cake-stands","8":"product_tag-wholesale-kettles","9":"product_tag-wholesale-plates-and-bowls","10":"product_tag-sugar-jars-wholesale","11":"product_tag-wholesale-tea-cups-and-saucers","13":"first","14":"instock","15":"shipping-taxable","16":"product-type-simple"},"acf":[],"_links":{"self":[{"href":"https:\/\/www.lovinghomecollection.com\/fr\/wp-json\/wp\/v2\/product\/5342","targetHints":{"allow":["GET"]}}],"collection":[{"href":"https:\/\/www.lovinghomecollection.com\/fr\/wp-json\/wp\/v2\/product"}],"about":[{"href":"https:\/\/www.lovinghomecollection.com\/fr\/wp-json\/wp\/v2\/types\/product"}],"replies":[{"embeddable":true,"href":"https:\/\/www.lovinghomecollection.com\/fr\/wp-json\/wp\/v2\/comments?post=5342"}],"wp:featuredmedia":[{"embeddable":true,"href":"https:\/\/www.lovinghomecollection.com\/fr\/wp-json\/wp\/v2\/media\/5898"}],"wp:attachment":[{"href":"https:\/\/www.lovinghomecollection.com\/fr\/wp-json\/wp\/v2\/media?parent=5342"}],"wp:term":[{"taxonomy":"product_brand","embeddable":true,"href":"https:\/\/www.lovinghomecollection.com\/fr\/wp-json\/wp\/v2\/product_brand?post=5342"},{"taxonomy":"product_cat","embeddable":true,"href":"https:\/\/www.lovinghomecollection.com\/fr\/wp-json\/wp\/v2\/product_cat?post=5342"},{"taxonomy":"product_tag","embeddable":true,"href":"https:\/\/www.lovinghomecollection.com\/fr\/wp-json\/wp\/v2\/product_tag?post=5342"}],"curies":[{"name":"wp","href":"https:\/\/api.w.org\/{rel}","templated":true}]}}