{"id":5130,"date":"2025-11-27T06:30:47","date_gmt":"2025-11-27T06:30:47","guid":{"rendered":"https:\/\/www.lovinghomecollection.com\/?post_type=product&#038;p=5130"},"modified":"2025-12-11T07:16:18","modified_gmt":"2025-12-11T07:16:18","slug":"white-dinnerware-bulk","status":"publish","type":"product","link":"https:\/\/www.lovinghomecollection.com\/fr\/produit\/white-dinnerware-bulk\/","title":{"rendered":"Vaisselle blanche gaufr\u00e9e en vrac, collection \u00e9l\u00e9gante de vaisselle"},"content":{"rendered":"<div class=\"wp-block-columns is-layout-flex wp-container-core-columns-is-layout-9d6595d7 wp-block-columns-is-layout-flex\">\n<div class=\"wp-block-column is-layout-flow wp-block-column-is-layout-flow\" style=\"flex-basis:60%\">\n<h2 class=\"wp-block-heading\">Vaisselle blanche de qualit\u00e9 sup\u00e9rieure en vrac Caract\u00e9ristiques :<\/h2>\n\n\n\n<ul class=\"wp-block-list\">\n<li><strong>Gaufrage exquis et design \u00e9l\u00e9gant : <\/strong>Cette s\u00e9rie de vaisselle blanche en vrac pr\u00e9sente un motif floral unique grav\u00e9 sur chaque pi\u00e8ce, combin\u00e9 \u00e0 un gla\u00e7age blanc brillant pour produire une exp\u00e9rience culinaire exquise et \u00e9l\u00e9gante.<\/li>\n\n\n\n<li><strong>Ensemble complet avec style unifi\u00e9 : <\/strong>Cette collection de vaisselle en gros contient tout ce dont vous avez besoin dans un ensemble complet (assiettes, th\u00e9i\u00e8res, pr\u00e9sentoirs \u00e0 dessert, etc.) et pr\u00e9sente un design gaufr\u00e9 identique et une couleur blanche brillante, ce qui permet de cr\u00e9er facilement toutes les zones d'une exp\u00e9rience gastronomique pour de nombreux types de clients.<\/li>\n\n\n\n<li><strong>Durable, pratique et facile \u00e0 entretenir : <\/strong>Notre vaisselle blanche en vrac est fabriqu\u00e9e \u00e0 partir des meilleures c\u00e9ramiques et \u00e0 la temp\u00e9rature de cuisson la plus \u00e9lev\u00e9e possible, ce qui rend les produits solides et fiables. L'\u00e9mail \u00e9pais et r\u00e9sistant aux taches facilite l'entretien et permet une utilisation quotidienne alliant beaut\u00e9 et praticit\u00e9.<\/li>\n\n\n\n<li><strong>Approvisionnement \u00e0 guichet unique :<\/strong> Le style unifi\u00e9 et les ensembles complets de cette collection de vaisselle en gros permettent aux clients d'acheter facilement en un seul endroit, r\u00e9pondant ainsi aux besoins en gros des restaurants, des h\u00f4tels ou des magasins d'ameublement. Il s'agit d'une source de marchandises de haute qualit\u00e9 et d'un bon rapport qualit\u00e9-prix.<\/li>\n<\/ul>\n<\/div>\n\n\n\n<div class=\"wp-block-column is-layout-flow wp-block-column-is-layout-flow\">\n<figure class=\"wp-block-image size-full\"><img decoding=\"async\" width=\"1200\" height=\"1200\" src=\"https:\/\/www.lovinghomecollection.com\/wp-content\/uploads\/2025\/11\/Embossed-White-Dinnerware-Bulk-Elegant-Tableware-Collection-5.webp\" alt=\"Vaisselle blanche gaufr\u00e9e en vrac, Collection de vaisselle \u00e9l\u00e9gante-5\" class=\"wp-image-5891\" srcset=\"https:\/\/www.lovinghomecollection.com\/wp-content\/uploads\/2025\/11\/Embossed-White-Dinnerware-Bulk-Elegant-Tableware-Collection-5.webp 1200w, https:\/\/www.lovinghomecollection.com\/wp-content\/uploads\/2025\/11\/Embossed-White-Dinnerware-Bulk-Elegant-Tableware-Collection-5-300x300.webp 300w, https:\/\/www.lovinghomecollection.com\/wp-content\/uploads\/2025\/11\/Embossed-White-Dinnerware-Bulk-Elegant-Tableware-Collection-5-150x150.webp 150w, https:\/\/www.lovinghomecollection.com\/wp-content\/uploads\/2025\/11\/Embossed-White-Dinnerware-Bulk-Elegant-Tableware-Collection-5-768x768.webp 768w, https:\/\/www.lovinghomecollection.com\/wp-content\/uploads\/2025\/11\/Embossed-White-Dinnerware-Bulk-Elegant-Tableware-Collection-5-12x12.webp 12w, https:\/\/www.lovinghomecollection.com\/wp-content\/uploads\/2025\/11\/Embossed-White-Dinnerware-Bulk-Elegant-Tableware-Collection-5-600x600.webp 600w, https:\/\/www.lovinghomecollection.com\/wp-content\/uploads\/2025\/11\/Embossed-White-Dinnerware-Bulk-Elegant-Tableware-Collection-5-100x100.webp 100w\" sizes=\"(max-width: 1200px) 100vw, 1200px\" \/><\/figure>\n<\/div>\n<\/div>\n\n\n\n<h2 class=\"wp-block-heading has-text-align-center\">Pr\u00e9sentation du produit Woven Grace White Dinnerware Bulk Collection<\/h2>\n\n\n\n<div class=\"wp-block-columns is-layout-flex wp-container-core-columns-is-layout-9d6595d7 wp-block-columns-is-layout-flex\">\n<div class=\"wp-block-column is-layout-flow wp-block-column-is-layout-flow\">\n<figure class=\"wp-block-image size-full\"><img decoding=\"async\" width=\"1787\" height=\"1587\" src=\"https:\/\/www.lovinghomecollection.com\/wp-content\/uploads\/2025\/11\/Embossed-White-Dinnerware-Bulk-Elegant-Tableware-Collection-1.jpg\" alt=\"Vaisselle blanche gaufr\u00e9e en vrac, Collection de vaisselle \u00e9l\u00e9gante-1\" class=\"wp-image-5887\" srcset=\"https:\/\/www.lovinghomecollection.com\/wp-content\/uploads\/2025\/11\/Embossed-White-Dinnerware-Bulk-Elegant-Tableware-Collection-1.jpg 1787w, https:\/\/www.lovinghomecollection.com\/wp-content\/uploads\/2025\/11\/Embossed-White-Dinnerware-Bulk-Elegant-Tableware-Collection-1-300x266.jpg 300w, https:\/\/www.lovinghomecollection.com\/wp-content\/uploads\/2025\/11\/Embossed-White-Dinnerware-Bulk-Elegant-Tableware-Collection-1-768x682.jpg 768w, https:\/\/www.lovinghomecollection.com\/wp-content\/uploads\/2025\/11\/Embossed-White-Dinnerware-Bulk-Elegant-Tableware-Collection-1-14x12.jpg 14w, https:\/\/www.lovinghomecollection.com\/wp-content\/uploads\/2025\/11\/Embossed-White-Dinnerware-Bulk-Elegant-Tableware-Collection-1-1200x1066.jpg 1200w, https:\/\/www.lovinghomecollection.com\/wp-content\/uploads\/2025\/11\/Embossed-White-Dinnerware-Bulk-Elegant-Tableware-Collection-1-600x533.jpg 600w\" sizes=\"(max-width: 1787px) 100vw, 1787px\" \/><\/figure>\n<\/div>\n\n\n\n<div class=\"wp-block-column is-layout-flow wp-block-column-is-layout-flow\">\n<figure class=\"wp-block-image size-full\"><img decoding=\"async\" width=\"1787\" height=\"1460\" src=\"https:\/\/www.lovinghomecollection.com\/wp-content\/uploads\/2025\/11\/Embossed-White-Dinnerware-Bulk-Elegant-Tableware-Collection-3.jpg\" alt=\"Vaisselle blanche gaufr\u00e9e en vrac, Collection de vaisselle \u00e9l\u00e9gante-3\" class=\"wp-image-5889\" srcset=\"https:\/\/www.lovinghomecollection.com\/wp-content\/uploads\/2025\/11\/Embossed-White-Dinnerware-Bulk-Elegant-Tableware-Collection-3.jpg 1787w, https:\/\/www.lovinghomecollection.com\/wp-content\/uploads\/2025\/11\/Embossed-White-Dinnerware-Bulk-Elegant-Tableware-Collection-3-300x245.jpg 300w, https:\/\/www.lovinghomecollection.com\/wp-content\/uploads\/2025\/11\/Embossed-White-Dinnerware-Bulk-Elegant-Tableware-Collection-3-768x627.jpg 768w, https:\/\/www.lovinghomecollection.com\/wp-content\/uploads\/2025\/11\/Embossed-White-Dinnerware-Bulk-Elegant-Tableware-Collection-3-15x12.jpg 15w, https:\/\/www.lovinghomecollection.com\/wp-content\/uploads\/2025\/11\/Embossed-White-Dinnerware-Bulk-Elegant-Tableware-Collection-3-1200x980.jpg 1200w, https:\/\/www.lovinghomecollection.com\/wp-content\/uploads\/2025\/11\/Embossed-White-Dinnerware-Bulk-Elegant-Tableware-Collection-3-600x490.jpg 600w\" sizes=\"(max-width: 1787px) 100vw, 1787px\" \/><\/figure>\n<\/div>\n<\/div>\n\n\n\n<p><\/p>","protected":false},"excerpt":{"rendered":"<p>Nous vous invitons \u00e0 acheter notre vaisselle blanche en gros. Notre collection de vaisselle blanche gaufr\u00e9e en gros se caract\u00e9rise par un \u00e9mail lisse et d\u00e9licat, avec un gaufrage unique qui donne \u00e0 chaque pi\u00e8ce une touche artistique \u00e9l\u00e9gante.<\/p>\n<table style=\"border-collapse: collapse; width: 338.02pt;\" border=\"0\" width=\"338\" cellspacing=\"0\" cellpadding=\"0\">\n<tbody>\n<tr style=\"height: 18.00pt;\">\n<td class=\"et3\" style=\"height: 18.00pt; width: 124.50pt;\" width=\"124\" height=\"18\">Fabricant<\/td>\n<td class=\"et3\" style=\"width: 214.40pt;\" width=\"214\">Un foyer d'amour<\/td>\n<\/tr>\n<tr style=\"height: 18.00pt;\">\n<td class=\"et3\" style=\"height: 18.00pt; width: 124.50pt;\" width=\"124\" height=\"18\">Nom de la collection<\/td>\n<td class=\"et4\" style=\"width: 214.40pt;\" width=\"214\">Gr\u00e2ce tiss\u00e9e<\/td>\n<\/tr>\n<tr style=\"height: 18.00pt;\">\n<td class=\"et3\" style=\"height: 18.00pt; width: 124.50pt;\" width=\"124\" height=\"18\">Utilisation<\/td>\n<td class=\"et3\" style=\"width: 214.40pt;\" width=\"214\">Maison, Restaurant, H\u00f4tel<\/td>\n<\/tr>\n<tr style=\"height: 36.00pt;\">\n<td class=\"et3\" style=\"height: 36.00pt; width: 124.50pt;\" width=\"124\" height=\"36\">Type de vaisselle<\/td>\n<td class=\"et3\" style=\"width: 214.40pt;\" width=\"214\">Assiette, Bol, Chope, Mug, Sucrier, Tasse et soucoupes, Th\u00e9i\u00e8re, Cr\u00e9mier<\/td>\n<\/tr>\n<tr style=\"height: 18.00pt;\">\n<td class=\"et3\" style=\"height: 18.00pt; width: 124.50pt;\" width=\"124\" height=\"18\">Mat\u00e9riau<\/td>\n<td class=\"et3\" style=\"width: 214.40pt;\" width=\"214\">Porcelaine durable<\/td>\n<\/tr>\n<tr style=\"height: 18.00pt;\">\n<td class=\"et3\" style=\"height: 18.00pt; width: 124.50pt;\" width=\"124\" height=\"18\">Dimension<\/td>\n<td class=\"et3\" style=\"width: 214.40pt;\" width=\"214\">Comme l'indique la photo de d\u00e9tail<\/td>\n<\/tr>\n<tr style=\"height: 18.00pt;\">\n<td class=\"et3\" style=\"height: 18.00pt; width: 124.50pt;\" width=\"124\" height=\"18\">Unit\u00e9s de vente<\/td>\n<td class=\"et3\" style=\"width: 214.40pt;\" width=\"214\">Article unique<\/td>\n<\/tr>\n<tr style=\"height: 18.00pt;\">\n<td class=\"et3\" style=\"height: 18.00pt; width: 124.50pt;\" width=\"124\" height=\"18\">MOQ<\/td>\n<td class=\"et3\" style=\"width: 214.40pt;\" width=\"214\">1200\/pcs par article<\/td>\n<\/tr>\n<tr style=\"height: 18.00pt;\">\n<td class=\"et3\" style=\"height: 18.00pt; width: 124.50pt;\" width=\"124\" height=\"18\">Option personnalis\u00e9e<\/td>\n<td class=\"et3\" style=\"width: 214.40pt;\" width=\"214\">Couleur\/Taille\/Glaze\/Logo\/Emballage<\/td>\n<\/tr>\n<\/tbody>\n<\/table>","protected":false},"featured_media":5888,"comment_status":"closed","ping_status":"closed","template":"","meta":{"_acf_changed":false},"product_brand":[],"product_cat":[19,49],"product_tag":[37,36,25,39,27],"class_list":{"0":"post-5130","1":"product","2":"type-product","3":"status-publish","4":"has-post-thumbnail","6":"product_cat-dinnerware-wholesale","7":"product_cat-wholesale-white-tableware","8":"product_tag-bulk-cake-stands","9":"product_tag-wholesale-kettles","10":"product_tag-wholesale-plates-and-bowls","11":"product_tag-sugar-jars-wholesale","12":"product_tag-wholesale-tea-cups-and-saucers","14":"first","15":"instock","16":"shipping-taxable","17":"product-type-simple"},"acf":[],"_links":{"self":[{"href":"https:\/\/www.lovinghomecollection.com\/fr\/wp-json\/wp\/v2\/product\/5130","targetHints":{"allow":["GET"]}}],"collection":[{"href":"https:\/\/www.lovinghomecollection.com\/fr\/wp-json\/wp\/v2\/product"}],"about":[{"href":"https:\/\/www.lovinghomecollection.com\/fr\/wp-json\/wp\/v2\/types\/product"}],"replies":[{"embeddable":true,"href":"https:\/\/www.lovinghomecollection.com\/fr\/wp-json\/wp\/v2\/comments?post=5130"}],"wp:featuredmedia":[{"embeddable":true,"href":"https:\/\/www.lovinghomecollection.com\/fr\/wp-json\/wp\/v2\/media\/5888"}],"wp:attachment":[{"href":"https:\/\/www.lovinghomecollection.com\/fr\/wp-json\/wp\/v2\/media?parent=5130"}],"wp:term":[{"taxonomy":"product_brand","embeddable":true,"href":"https:\/\/www.lovinghomecollection.com\/fr\/wp-json\/wp\/v2\/product_brand?post=5130"},{"taxonomy":"product_cat","embeddable":true,"href":"https:\/\/www.lovinghomecollection.com\/fr\/wp-json\/wp\/v2\/product_cat?post=5130"},{"taxonomy":"product_tag","embeddable":true,"href":"https:\/\/www.lovinghomecollection.com\/fr\/wp-json\/wp\/v2\/product_tag?post=5130"}],"curies":[{"name":"wp","href":"https:\/\/api.w.org\/{rel}","templated":true}]}}