{"id":5106,"date":"2025-11-17T08:52:57","date_gmt":"2025-11-17T08:52:57","guid":{"rendered":"https:\/\/www.lovinghomecollection.com\/?post_type=product&#038;p=5106"},"modified":"2025-12-02T08:59:54","modified_gmt":"2025-12-02T08:59:54","slug":"bulk-white-dinnerware","status":"publish","type":"product","link":"https:\/\/www.lovinghomecollection.com\/fr\/produit\/bulk-white-dinnerware\/","title":{"rendered":"Vaisselle blanche en gros avec bord ondul\u00e9 de couleur \u00e9l\u00e9gante"},"content":{"rendered":"<div class=\"wp-block-columns is-layout-flex wp-container-core-columns-is-layout-9d6595d7 wp-block-columns-is-layout-flex\">\n<div class=\"wp-block-column is-layout-flow wp-block-column-is-layout-flow\" style=\"flex-basis:60%\">\n<h2 class=\"wp-block-heading\">Caract\u00e9ristiques de la vaisselle blanche haut de gamme en vrac :<\/h2>\n\n\n\n<ul class=\"wp-block-list\">\n<li><strong>Un langage visuel unifi\u00e9 renforce l'identit\u00e9 visuelle de la marque : <\/strong>Cet ensemble de vaisselle blanche en vrac reprend la silhouette ondul\u00e9e embl\u00e9matique et les bordures color\u00e9es, et offre un large choix de couleurs (rouge, noir, bleu, etc.) pour permettre aux clients de personnaliser leur look en fonction de leur image de marque.<\/li>\n\n\n\n<li><strong>La configuration compl\u00e8te de l'ensemble couvre divers sc\u00e9narios : <\/strong>Notre gamme de vaisselle en porcelaine vendue en gros comprend des assiettes plates, des assiettes \u00e0 dessert, des bols \u00e0 soupe, des pr\u00e9sentoirs \u00e0 g\u00e2teaux, des th\u00e9i\u00e8res, des sucriers et bien d'autres articles, r\u00e9pondant ainsi \u00e0 divers besoins pour les repas formels, le th\u00e9 de l'apr\u00e8s-midi et les tables \u00e0 dessert, tout en r\u00e9duisant le co\u00fbt des achats mixtes.<\/li>\n\n\n\n<li><strong>Un savoir-faire artisanal raffin\u00e9 am\u00e9liore l'exp\u00e9rience utilisateur : <\/strong>Notre service de table blanc en vrac est fabriqu\u00e9 dans une c\u00e9ramique \u00e9paisse et chaleureuse, avec des bords ondul\u00e9s antid\u00e9rapants et faciles \u00e0 saisir. Le vernis est uniforme et \u00e9pais, sans plomb, s\u00fbr et facile \u00e0 nettoyer, alliant beaut\u00e9 et durabilit\u00e9.<\/li>\n\n\n\n<li><strong>Le potentiel d'un affichage bas\u00e9 sur des sc\u00e9narios stimule le d\u00e9sir d'achat : <\/strong>Cet ensemble de vaisselle en porcelaine vendu en gros s'adapte parfaitement \u00e0 divers styles de pr\u00e9sentation, pr\u00e9sente un fort attrait visuel et peut \u00eatre utilis\u00e9 directement comme mod\u00e8le pour la d\u00e9coration d'espaces commerciaux.<\/li>\n<\/ul>\n<\/div>\n\n\n\n<div class=\"wp-block-column is-layout-flow wp-block-column-is-layout-flow\">\n<figure class=\"wp-block-image size-full\"><img decoding=\"async\" width=\"800\" height=\"800\" src=\"https:\/\/www.lovinghomecollection.com\/wp-content\/uploads\/2025\/11\/Wholesale-Bulk-White-Dinnerware-With-Stylish-Color-Wavy-Edge-2.webp\" alt=\"Vaisselle blanche en gros avec bord ondul\u00e9 de couleur \u00e9l\u00e9gante-2\" class=\"wp-image-5108\" srcset=\"https:\/\/www.lovinghomecollection.com\/wp-content\/uploads\/2025\/11\/Wholesale-Bulk-White-Dinnerware-With-Stylish-Color-Wavy-Edge-2.webp 800w, https:\/\/www.lovinghomecollection.com\/wp-content\/uploads\/2025\/11\/Wholesale-Bulk-White-Dinnerware-With-Stylish-Color-Wavy-Edge-2-300x300.webp 300w, https:\/\/www.lovinghomecollection.com\/wp-content\/uploads\/2025\/11\/Wholesale-Bulk-White-Dinnerware-With-Stylish-Color-Wavy-Edge-2-150x150.webp 150w, https:\/\/www.lovinghomecollection.com\/wp-content\/uploads\/2025\/11\/Wholesale-Bulk-White-Dinnerware-With-Stylish-Color-Wavy-Edge-2-768x768.webp 768w, https:\/\/www.lovinghomecollection.com\/wp-content\/uploads\/2025\/11\/Wholesale-Bulk-White-Dinnerware-With-Stylish-Color-Wavy-Edge-2-12x12.webp 12w, https:\/\/www.lovinghomecollection.com\/wp-content\/uploads\/2025\/11\/Wholesale-Bulk-White-Dinnerware-With-Stylish-Color-Wavy-Edge-2-600x600.webp 600w, https:\/\/www.lovinghomecollection.com\/wp-content\/uploads\/2025\/11\/Wholesale-Bulk-White-Dinnerware-With-Stylish-Color-Wavy-Edge-2-100x100.webp 100w\" sizes=\"(max-width: 800px) 100vw, 800px\" \/><\/figure>\n<\/div>\n<\/div>\n\n\n\n<h2 class=\"wp-block-heading has-text-align-center\">Pr\u00e9sentation des produits de la collection de vaisselle blanche Cloudrim Bulk<\/h2>\n\n\n\n<div class=\"wp-block-columns is-layout-flex wp-container-core-columns-is-layout-9d6595d7 wp-block-columns-is-layout-flex\">\n<div class=\"wp-block-column is-layout-flow wp-block-column-is-layout-flow\">\n<figure class=\"wp-block-image size-full\"><img decoding=\"async\" width=\"1748\" height=\"1346\" src=\"https:\/\/www.lovinghomecollection.com\/wp-content\/uploads\/2025\/11\/Wholesale-Bulk-White-Dinnerware-With-Stylish-Color-Wavy-Edge-16.webp\" alt=\"Vaisselle blanche en gros avec bord ondul\u00e9 de couleur \u00e9l\u00e9gante - 16\" class=\"wp-image-5605\" srcset=\"https:\/\/www.lovinghomecollection.com\/wp-content\/uploads\/2025\/11\/Wholesale-Bulk-White-Dinnerware-With-Stylish-Color-Wavy-Edge-16.webp 1748w, https:\/\/www.lovinghomecollection.com\/wp-content\/uploads\/2025\/11\/Wholesale-Bulk-White-Dinnerware-With-Stylish-Color-Wavy-Edge-16-300x231.webp 300w, https:\/\/www.lovinghomecollection.com\/wp-content\/uploads\/2025\/11\/Wholesale-Bulk-White-Dinnerware-With-Stylish-Color-Wavy-Edge-16-768x591.webp 768w, https:\/\/www.lovinghomecollection.com\/wp-content\/uploads\/2025\/11\/Wholesale-Bulk-White-Dinnerware-With-Stylish-Color-Wavy-Edge-16-16x12.webp 16w, https:\/\/www.lovinghomecollection.com\/wp-content\/uploads\/2025\/11\/Wholesale-Bulk-White-Dinnerware-With-Stylish-Color-Wavy-Edge-16-1200x924.webp 1200w, https:\/\/www.lovinghomecollection.com\/wp-content\/uploads\/2025\/11\/Wholesale-Bulk-White-Dinnerware-With-Stylish-Color-Wavy-Edge-16-600x462.webp 600w\" sizes=\"(max-width: 1748px) 100vw, 1748px\" \/><\/figure>\n<\/div>\n\n\n\n<div class=\"wp-block-column is-layout-flow wp-block-column-is-layout-flow\">\n<figure class=\"wp-block-image size-full\"><img decoding=\"async\" width=\"1717\" height=\"1298\" src=\"https:\/\/www.lovinghomecollection.com\/wp-content\/uploads\/2025\/11\/Wholesale-Bulk-White-Dinnerware-With-Stylish-Color-Wavy-Edge-17.webp\" alt=\"Vaisselle blanche en gros avec bord ondul\u00e9 de couleur \u00e9l\u00e9gante-17\" class=\"wp-image-5606\" srcset=\"https:\/\/www.lovinghomecollection.com\/wp-content\/uploads\/2025\/11\/Wholesale-Bulk-White-Dinnerware-With-Stylish-Color-Wavy-Edge-17.webp 1717w, https:\/\/www.lovinghomecollection.com\/wp-content\/uploads\/2025\/11\/Wholesale-Bulk-White-Dinnerware-With-Stylish-Color-Wavy-Edge-17-300x227.webp 300w, https:\/\/www.lovinghomecollection.com\/wp-content\/uploads\/2025\/11\/Wholesale-Bulk-White-Dinnerware-With-Stylish-Color-Wavy-Edge-17-768x581.webp 768w, https:\/\/www.lovinghomecollection.com\/wp-content\/uploads\/2025\/11\/Wholesale-Bulk-White-Dinnerware-With-Stylish-Color-Wavy-Edge-17-16x12.webp 16w, https:\/\/www.lovinghomecollection.com\/wp-content\/uploads\/2025\/11\/Wholesale-Bulk-White-Dinnerware-With-Stylish-Color-Wavy-Edge-17-1200x907.webp 1200w, https:\/\/www.lovinghomecollection.com\/wp-content\/uploads\/2025\/11\/Wholesale-Bulk-White-Dinnerware-With-Stylish-Color-Wavy-Edge-17-600x454.webp 600w\" sizes=\"(max-width: 1717px) 100vw, 1717px\" \/><\/figure>\n<\/div>\n<\/div>\n\n\n\n<p><\/p>","protected":false},"excerpt":{"rendered":"<p>D\u00e9couvrez la vaisselle en porcelaine haut de gamme vendue en gros chez LovingHome. Notre service de table blanc Cloudrim se caract\u00e9rise par un vernis blanc pur et des bords ondul\u00e9s en forme de nuages, pour des lignes \u00e9pur\u00e9es et modernes.<\/p>\n<table style=\"border-collapse: collapse; width: 338.02pt;\" border=\"0\" width=\"338\" cellspacing=\"0\" cellpadding=\"0\">\n<tbody>\n<tr style=\"height: 18.00pt;\">\n<td class=\"et3\" style=\"height: 18.00pt; width: 124.50pt;\" width=\"124\" height=\"18\">Fabricant<\/td>\n<td class=\"et3\" style=\"width: 214.40pt;\" width=\"214\">Un foyer d'amour<\/td>\n<\/tr>\n<tr style=\"height: 18.00pt;\">\n<td class=\"et3\" style=\"height: 18.00pt; width: 124.50pt;\" width=\"124\" height=\"18\">Nom de la collection<\/td>\n<td class=\"et4\" style=\"width: 214.40pt;\" width=\"214\">Collection Cloudrim<\/td>\n<\/tr>\n<tr style=\"height: 18.00pt;\">\n<td class=\"et3\" style=\"height: 18.00pt; width: 124.50pt;\" width=\"124\" height=\"18\">Utilisation<\/td>\n<td class=\"et3\" style=\"width: 214.40pt;\" width=\"214\">Maison, Restaurant, H\u00f4tel<\/td>\n<\/tr>\n<tr style=\"height: 36.00pt;\">\n<td class=\"et3\" style=\"height: 36.00pt; width: 124.50pt;\" width=\"124\" height=\"36\">Type de vaisselle<\/td>\n<td class=\"et3\" style=\"width: 214.40pt;\" width=\"214\">Assiette, bol, th\u00e9i\u00e8re, cr\u00e9mier, sucrier, tasse et soucoupe, mug, porte-g\u00e2teau<\/td>\n<\/tr>\n<tr style=\"height: 18.00pt;\">\n<td class=\"et3\" style=\"height: 18.00pt; width: 124.50pt;\" width=\"124\" height=\"18\">Mat\u00e9riau<\/td>\n<td class=\"et3\" style=\"width: 214.40pt;\" width=\"214\">Porcelaine durable<\/td>\n<\/tr>\n<tr style=\"height: 18.00pt;\">\n<td class=\"et3\" style=\"height: 18.00pt; width: 124.50pt;\" width=\"124\" height=\"18\">Dimension<\/td>\n<td class=\"et3\" style=\"width: 214.40pt;\" width=\"214\">Comme l'indique la photo de d\u00e9tail<\/td>\n<\/tr>\n<tr style=\"height: 18.00pt;\">\n<td class=\"et3\" style=\"height: 18.00pt; width: 124.50pt;\" width=\"124\" height=\"18\">Unit\u00e9s de vente<\/td>\n<td class=\"et3\" style=\"width: 214.40pt;\" width=\"214\">Article unique<\/td>\n<\/tr>\n<tr style=\"height: 18.00pt;\">\n<td class=\"et3\" style=\"height: 18.00pt; width: 124.50pt;\" width=\"124\" height=\"18\">MOQ<\/td>\n<td class=\"et3\" style=\"width: 214.40pt;\" width=\"214\">1200\/pcs par article<\/td>\n<\/tr>\n<tr style=\"height: 18.00pt;\">\n<td class=\"et3\" style=\"height: 18.00pt; width: 124.50pt;\" width=\"124\" height=\"18\">Option personnalis\u00e9e<\/td>\n<td class=\"et3\" style=\"width: 214.40pt;\" width=\"214\">Couleur\/Taille\/Glaze\/Logo\/Emballage<\/td>\n<\/tr>\n<\/tbody>\n<\/table>","protected":false},"featured_media":5598,"comment_status":"closed","ping_status":"closed","template":"","meta":{"_acf_changed":false},"product_brand":[],"product_cat":[19,49],"product_tag":[37,25,27,26],"class_list":{"0":"post-5106","1":"product","2":"type-product","3":"status-publish","4":"has-post-thumbnail","6":"product_cat-dinnerware-wholesale","7":"product_cat-wholesale-white-tableware","8":"product_tag-bulk-cake-stands","9":"product_tag-wholesale-plates-and-bowls","10":"product_tag-wholesale-tea-cups-and-saucers","11":"product_tag-wholesale-teapots","13":"first","14":"instock","15":"shipping-taxable","16":"product-type-simple"},"acf":[],"_links":{"self":[{"href":"https:\/\/www.lovinghomecollection.com\/fr\/wp-json\/wp\/v2\/product\/5106","targetHints":{"allow":["GET"]}}],"collection":[{"href":"https:\/\/www.lovinghomecollection.com\/fr\/wp-json\/wp\/v2\/product"}],"about":[{"href":"https:\/\/www.lovinghomecollection.com\/fr\/wp-json\/wp\/v2\/types\/product"}],"replies":[{"embeddable":true,"href":"https:\/\/www.lovinghomecollection.com\/fr\/wp-json\/wp\/v2\/comments?post=5106"}],"wp:featuredmedia":[{"embeddable":true,"href":"https:\/\/www.lovinghomecollection.com\/fr\/wp-json\/wp\/v2\/media\/5598"}],"wp:attachment":[{"href":"https:\/\/www.lovinghomecollection.com\/fr\/wp-json\/wp\/v2\/media?parent=5106"}],"wp:term":[{"taxonomy":"product_brand","embeddable":true,"href":"https:\/\/www.lovinghomecollection.com\/fr\/wp-json\/wp\/v2\/product_brand?post=5106"},{"taxonomy":"product_cat","embeddable":true,"href":"https:\/\/www.lovinghomecollection.com\/fr\/wp-json\/wp\/v2\/product_cat?post=5106"},{"taxonomy":"product_tag","embeddable":true,"href":"https:\/\/www.lovinghomecollection.com\/fr\/wp-json\/wp\/v2\/product_tag?post=5106"}],"curies":[{"name":"wp","href":"https:\/\/api.w.org\/{rel}","templated":true}]}}