{"id":5095,"date":"2025-11-11T08:53:09","date_gmt":"2025-11-11T08:53:09","guid":{"rendered":"https:\/\/www.lovinghomecollection.com\/?post_type=product&#038;p=5095"},"modified":"2025-12-02T08:49:22","modified_gmt":"2025-12-02T08:49:22","slug":"dinnerware-gift-wholesale","status":"publish","type":"product","link":"https:\/\/www.lovinghomecollection.com\/fr\/produit\/dinnerware-gift-wholesale\/","title":{"rendered":"Vaisselle sur le th\u00e8me des bonbons, cadeau en gros, design cr\u00e9atif"},"content":{"rendered":"<div class=\"wp-block-columns is-layout-flex wp-container-core-columns-is-layout-9d6595d7 wp-block-columns-is-layout-flex\">\n<div class=\"wp-block-column is-layout-flow wp-block-column-is-layout-flow\" style=\"flex-basis:60%\">\n<h2 class=\"wp-block-heading\">Caract\u00e9ristiques du cadeau haut de gamme de vaisselle en gros :<\/h2>\n\n\n\n<ul class=\"wp-block-list\">\n<li><strong>Conception th\u00e9matique forte, accrocheuse :<\/strong> Notre ensemble de vaisselle \u00e0 offrir en gros s'inspire du th\u00e8me \u201c Candy Town \u201d (la ville des bonbons) et se caract\u00e9rise par des couleurs vives et satur\u00e9es, des motifs \u00e0 pois et \u00e0 rayures, ainsi que des anses en forme de bonbons, pour un design visuel tr\u00e8s percutant.<\/li>\n\n\n\n<li><strong>Gamme compl\u00e8te de produits, guichet unique :<\/strong> Cet ensemble de vaisselle sur le th\u00e8me des bonbons comprend un ensemble complet de produits comprenant des services \u00e0 th\u00e9, des assiettes, des bougeoirs, des bocaux de conservation et des assiettes \u00e0 \u00e9tages dans toutes les tailles pour vos clients.<\/li>\n\n\n\n<li><strong>Grande adaptabilit\u00e9, forte valeur commerciale :<\/strong> Notre ensemble de vaisselle en gros remplit une double fonction : il est \u00e0 la fois pratique et d\u00e9coratif. Il peut par exemple \u00eatre utilis\u00e9 comme service \u00e0 th\u00e9 ou vaisselle de table au quotidien, ou comme objet de d\u00e9coration pour accueillir des bougeoirs et cr\u00e9er une ambiance particuli\u00e8re. Il convient parfaitement aux restaurants \u00e0 th\u00e8me, aux chambres d'h\u00f4tes et aux boutiques de cadeaux, et contribue \u00e0 rehausser la valeur per\u00e7ue de l'espace.<\/li>\n\n\n\n<li><strong>Des d\u00e9tails artisanaux raffin\u00e9s, mettant en valeur la qualit\u00e9 :<\/strong> Cet ensemble de vaisselle vendu en gros est enti\u00e8rement recouvert d'un vernis c\u00e9ramique lisse, et les poign\u00e9es en forme de bonbons en trois dimensions ajoutent de la texture. L'ensemble de vaisselle Candy Town est encore plus raffin\u00e9 lorsqu'il est associ\u00e9 \u00e0 un plateau en bois et \u00e0 des p\u00e2tisseries.<\/li>\n<\/ul>\n<\/div>\n\n\n\n<div class=\"wp-block-column is-layout-flow wp-block-column-is-layout-flow\">\n<figure class=\"wp-block-image size-full\"><img decoding=\"async\" width=\"1200\" height=\"1200\" src=\"https:\/\/www.lovinghomecollection.com\/wp-content\/uploads\/2025\/11\/Candy-Themed-Dinnerware-Gift-Wholesale-Creatively-Designed-15.webp\" alt=\"Vaisselle sur le th\u00e8me des bonbons, cadeau en gros, design cr\u00e9atif - 15\" class=\"wp-image-5580\" srcset=\"https:\/\/www.lovinghomecollection.com\/wp-content\/uploads\/2025\/11\/Candy-Themed-Dinnerware-Gift-Wholesale-Creatively-Designed-15.webp 1200w, https:\/\/www.lovinghomecollection.com\/wp-content\/uploads\/2025\/11\/Candy-Themed-Dinnerware-Gift-Wholesale-Creatively-Designed-15-300x300.webp 300w, https:\/\/www.lovinghomecollection.com\/wp-content\/uploads\/2025\/11\/Candy-Themed-Dinnerware-Gift-Wholesale-Creatively-Designed-15-150x150.webp 150w, https:\/\/www.lovinghomecollection.com\/wp-content\/uploads\/2025\/11\/Candy-Themed-Dinnerware-Gift-Wholesale-Creatively-Designed-15-768x768.webp 768w, https:\/\/www.lovinghomecollection.com\/wp-content\/uploads\/2025\/11\/Candy-Themed-Dinnerware-Gift-Wholesale-Creatively-Designed-15-12x12.webp 12w, https:\/\/www.lovinghomecollection.com\/wp-content\/uploads\/2025\/11\/Candy-Themed-Dinnerware-Gift-Wholesale-Creatively-Designed-15-600x600.webp 600w, https:\/\/www.lovinghomecollection.com\/wp-content\/uploads\/2025\/11\/Candy-Themed-Dinnerware-Gift-Wholesale-Creatively-Designed-15-100x100.webp 100w\" sizes=\"(max-width: 1200px) 100vw, 1200px\" \/><\/figure>\n<\/div>\n<\/div>\n\n\n\n<h2 class=\"wp-block-heading has-text-align-center\">Pr\u00e9sentation des produits Candy Town Vaisselle Cadeaux Vente en gros<\/h2>\n\n\n\n<div class=\"wp-block-columns is-layout-flex wp-container-core-columns-is-layout-9d6595d7 wp-block-columns-is-layout-flex\">\n<div class=\"wp-block-column is-layout-flow wp-block-column-is-layout-flow\">\n<figure class=\"wp-block-image size-full\"><img decoding=\"async\" width=\"1200\" height=\"1366\" src=\"https:\/\/www.lovinghomecollection.com\/wp-content\/uploads\/2025\/11\/Candy-Themed-Dinnerware-Gift-Wholesale-Creatively-Designed.webp\" alt=\"Vaisselle sur le th\u00e8me des bonbons, cadeau en gros, design cr\u00e9atif\" class=\"wp-image-5589\" srcset=\"https:\/\/www.lovinghomecollection.com\/wp-content\/uploads\/2025\/11\/Candy-Themed-Dinnerware-Gift-Wholesale-Creatively-Designed.webp 1200w, https:\/\/www.lovinghomecollection.com\/wp-content\/uploads\/2025\/11\/Candy-Themed-Dinnerware-Gift-Wholesale-Creatively-Designed-264x300.webp 264w, https:\/\/www.lovinghomecollection.com\/wp-content\/uploads\/2025\/11\/Candy-Themed-Dinnerware-Gift-Wholesale-Creatively-Designed-768x874.webp 768w, https:\/\/www.lovinghomecollection.com\/wp-content\/uploads\/2025\/11\/Candy-Themed-Dinnerware-Gift-Wholesale-Creatively-Designed-11x12.webp 11w, https:\/\/www.lovinghomecollection.com\/wp-content\/uploads\/2025\/11\/Candy-Themed-Dinnerware-Gift-Wholesale-Creatively-Designed-600x683.webp 600w\" sizes=\"(max-width: 1200px) 100vw, 1200px\" \/><\/figure>\n<\/div>\n\n\n\n<div class=\"wp-block-column is-layout-flow wp-block-column-is-layout-flow\">\n<figure class=\"wp-block-image size-full\"><img decoding=\"async\" width=\"1200\" height=\"956\" src=\"https:\/\/www.lovinghomecollection.com\/wp-content\/uploads\/2025\/11\/Candy-Themed-Dinnerware-Gift-Wholesale-Creatively-Designed-14.webp\" alt=\"Cadeau de vaisselle sur le th\u00e8me des bonbons en gros, au design cr\u00e9atif - 14\" class=\"wp-image-5578\" srcset=\"https:\/\/www.lovinghomecollection.com\/wp-content\/uploads\/2025\/11\/Candy-Themed-Dinnerware-Gift-Wholesale-Creatively-Designed-14.webp 1200w, https:\/\/www.lovinghomecollection.com\/wp-content\/uploads\/2025\/11\/Candy-Themed-Dinnerware-Gift-Wholesale-Creatively-Designed-14-300x239.webp 300w, https:\/\/www.lovinghomecollection.com\/wp-content\/uploads\/2025\/11\/Candy-Themed-Dinnerware-Gift-Wholesale-Creatively-Designed-14-768x612.webp 768w, https:\/\/www.lovinghomecollection.com\/wp-content\/uploads\/2025\/11\/Candy-Themed-Dinnerware-Gift-Wholesale-Creatively-Designed-14-15x12.webp 15w, https:\/\/www.lovinghomecollection.com\/wp-content\/uploads\/2025\/11\/Candy-Themed-Dinnerware-Gift-Wholesale-Creatively-Designed-14-600x478.webp 600w\" sizes=\"(max-width: 1200px) 100vw, 1200px\" \/><\/figure>\n<\/div>\n<\/div>\n\n\n\n<p><\/p>","protected":false},"excerpt":{"rendered":"<p>Bienvenue pour acheter nos sets de vaisselle en gros. Notre set de vaisselle Candy Town combine des rayures rouges, jaunes et vertes vives, des pois et des poign\u00e9es en forme de bonbons pour cr\u00e9er un d\u00e9cor doux et fantaisiste.<\/p>\n<table style=\"border-collapse: collapse; width: 338.02pt;\" border=\"0\" width=\"338\" cellspacing=\"0\" cellpadding=\"0\">\n<tbody>\n<tr style=\"height: 18.00pt;\">\n<td class=\"et3\" style=\"height: 18.00pt; width: 124.50pt;\" width=\"124\" height=\"18\">Fabricant<\/td>\n<td class=\"et3\" style=\"width: 214.40pt;\" width=\"214\">Un foyer d'amour<\/td>\n<\/tr>\n<tr style=\"height: 18.00pt;\">\n<td class=\"et3\" style=\"height: 18.00pt; width: 124.50pt;\" width=\"124\" height=\"18\">Nom de la collection<\/td>\n<td class=\"et4\" style=\"width: 214.40pt;\" width=\"214\">Collection Candy Town<\/td>\n<\/tr>\n<tr style=\"height: 18.00pt;\">\n<td class=\"et3\" style=\"height: 18.00pt; width: 124.50pt;\" width=\"124\" height=\"18\">Utilisation<\/td>\n<td class=\"et3\" style=\"width: 214.40pt;\" width=\"214\">Maison, Restaurant, H\u00f4tel<\/td>\n<\/tr>\n<tr style=\"height: 36.00pt;\">\n<td class=\"et3\" style=\"height: 36.00pt; width: 124.50pt;\" width=\"124\" height=\"36\">Type de vaisselle<\/td>\n<td class=\"et3\" style=\"width: 214.40pt;\" width=\"214\">Assiette, bol, th\u00e9i\u00e8re, cr\u00e9mier, sucrier, tasse et soucoupe, mug<\/td>\n<\/tr>\n<tr style=\"height: 18.00pt;\">\n<td class=\"et3\" style=\"height: 18.00pt; width: 124.50pt;\" width=\"124\" height=\"18\">Mat\u00e9riau<\/td>\n<td class=\"et3\" style=\"width: 214.40pt;\" width=\"214\">Porcelaine durable<\/td>\n<\/tr>\n<tr style=\"height: 18.00pt;\">\n<td class=\"et3\" style=\"height: 18.00pt; width: 124.50pt;\" width=\"124\" height=\"18\">Dimension<\/td>\n<td class=\"et3\" style=\"width: 214.40pt;\" width=\"214\">Comme l'indique la photo de d\u00e9tail<\/td>\n<\/tr>\n<tr style=\"height: 18.00pt;\">\n<td class=\"et3\" style=\"height: 18.00pt; width: 124.50pt;\" width=\"124\" height=\"18\">Unit\u00e9s de vente<\/td>\n<td class=\"et3\" style=\"width: 214.40pt;\" width=\"214\">Article unique<\/td>\n<\/tr>\n<tr style=\"height: 18.00pt;\">\n<td class=\"et3\" style=\"height: 18.00pt; width: 124.50pt;\" width=\"124\" height=\"18\">MOQ<\/td>\n<td class=\"et3\" style=\"width: 214.40pt;\" width=\"214\">1200\/pcs par article<\/td>\n<\/tr>\n<tr style=\"height: 18.00pt;\">\n<td class=\"et3\" style=\"height: 18.00pt; width: 124.50pt;\" width=\"124\" height=\"18\">Option personnalis\u00e9e<\/td>\n<td class=\"et3\" style=\"width: 214.40pt;\" width=\"214\">Couleur\/Taille\/Glaze\/Logo\/Emballage<\/td>\n<\/tr>\n<\/tbody>\n<\/table>","protected":false},"featured_media":5096,"comment_status":"closed","ping_status":"closed","template":"","meta":{"_acf_changed":false},"product_brand":[],"product_cat":[19],"product_tag":[37,25,34,27,26],"class_list":{"0":"post-5095","1":"product","2":"type-product","3":"status-publish","4":"has-post-thumbnail","6":"product_cat-dinnerware-wholesale","7":"product_tag-bulk-cake-stands","8":"product_tag-wholesale-plates-and-bowls","9":"product_tag-olive-oil-dipping-bowls-wholesale","10":"product_tag-wholesale-tea-cups-and-saucers","11":"product_tag-wholesale-teapots","13":"first","14":"instock","15":"shipping-taxable","16":"product-type-simple"},"acf":[],"_links":{"self":[{"href":"https:\/\/www.lovinghomecollection.com\/fr\/wp-json\/wp\/v2\/product\/5095","targetHints":{"allow":["GET"]}}],"collection":[{"href":"https:\/\/www.lovinghomecollection.com\/fr\/wp-json\/wp\/v2\/product"}],"about":[{"href":"https:\/\/www.lovinghomecollection.com\/fr\/wp-json\/wp\/v2\/types\/product"}],"replies":[{"embeddable":true,"href":"https:\/\/www.lovinghomecollection.com\/fr\/wp-json\/wp\/v2\/comments?post=5095"}],"wp:featuredmedia":[{"embeddable":true,"href":"https:\/\/www.lovinghomecollection.com\/fr\/wp-json\/wp\/v2\/media\/5096"}],"wp:attachment":[{"href":"https:\/\/www.lovinghomecollection.com\/fr\/wp-json\/wp\/v2\/media?parent=5095"}],"wp:term":[{"taxonomy":"product_brand","embeddable":true,"href":"https:\/\/www.lovinghomecollection.com\/fr\/wp-json\/wp\/v2\/product_brand?post=5095"},{"taxonomy":"product_cat","embeddable":true,"href":"https:\/\/www.lovinghomecollection.com\/fr\/wp-json\/wp\/v2\/product_cat?post=5095"},{"taxonomy":"product_tag","embeddable":true,"href":"https:\/\/www.lovinghomecollection.com\/fr\/wp-json\/wp\/v2\/product_tag?post=5095"}],"curies":[{"name":"wp","href":"https:\/\/api.w.org\/{rel}","templated":true}]}}