{"id":5085,"date":"2025-11-11T08:39:40","date_gmt":"2025-11-11T08:39:40","guid":{"rendered":"https:\/\/www.lovinghomecollection.com\/?post_type=product&#038;p=5085"},"modified":"2025-12-02T08:49:15","modified_gmt":"2025-12-02T08:49:15","slug":"wholesale-white-dinnerware-set","status":"publish","type":"product","link":"https:\/\/www.lovinghomecollection.com\/fr\/produit\/wholesale-white-dinnerware-set\/","title":{"rendered":"Ensemble de vaisselle blanche en gros, fourniture de vaisselle en forme de fleur"},"content":{"rendered":"<div class=\"wp-block-columns is-layout-flex wp-container-core-columns-is-layout-9d6595d7 wp-block-columns-is-layout-flex\">\n<div class=\"wp-block-column is-layout-flow wp-block-column-is-layout-flow\" style=\"flex-basis:60%\">\n<h2 class=\"wp-block-heading\">Service de vaisselle blanc en gros de premi\u00e8re qualit\u00e9 Caract\u00e9ristiques :<\/h2>\n\n\n\n<ul class=\"wp-block-list\">\n<li><strong>Design gaufr\u00e9 \u00e9l\u00e9gant : <\/strong>Cette vaisselle blanche en gros pr\u00e9sente de magnifiques motifs gaufr\u00e9s autour du bord et sur la surface, ce qui lui conf\u00e8re une profondeur unique et une texture lisse et chaleureuse. L'\u00e9mail blanc pur compl\u00e8te mieux les couleurs des aliments et am\u00e9liore consid\u00e9rablement l'esth\u00e9tique de votre table.<\/li>\n\n\n\n<li><strong>Ensemble de s\u00e9lection complet : <\/strong>Notre s\u00e9rie d'ensembles de vaisselle en vrac comprend plus de 20 mod\u00e8les d'assiettes, de bols \u00e0 soupe, de tasses, de soucoupes, d'articles pour le th\u00e9 et de supports \u00e0 g\u00e2teaux dans une gamme compl\u00e8te de tailles. Nous proposons un syst\u00e8me d'achat unique pour garantir un style complet et des options de vaisselle rationalis\u00e9es.<\/li>\n\n\n\n<li><strong>Aptitude \u00e0 la polyvalence : <\/strong>Le style blanc minimaliste de ce service de vaisselle blanc en gros s'adapte sans effort \u00e0 toutes les situations, des d\u00eeners familiaux quotidiens aux pr\u00e9sentations de desserts dans les caf\u00e9s, en passant par les banquets d'h\u00f4tels plus formels, en continuant \u00e0 mettre l'accent sur l'aspect pratique et esth\u00e9tique, en fonction de vos besoins.<\/li>\n\n\n\n<li><strong>Mise en valeur de la texture des aliments : <\/strong>Le fond blanc pur et les formes exquises de ces sets de vaisselle en vrac font ressortir efficacement les couleurs vives des ingr\u00e9dients eux-m\u00eames, contribuant ainsi \u00e0 am\u00e9liorer l'attrait visuel des espaces commerciaux.<\/li>\n<\/ul>\n<\/div>\n\n\n\n<div class=\"wp-block-column is-layout-flow wp-block-column-is-layout-flow\">\n<figure class=\"wp-block-image size-full\"><img decoding=\"async\" width=\"1200\" height=\"1200\" src=\"https:\/\/www.lovinghomecollection.com\/wp-content\/uploads\/2025\/11\/Wholesale-White-Dinnerware-Set-Flower-Shape-Crockery-Supply-18.webp\" alt=\"Wholesale White Dinnerware Set, Flower Shape Crockery Supply-18 (vaisselle en forme de fleur)\" class=\"wp-image-5654\" srcset=\"https:\/\/www.lovinghomecollection.com\/wp-content\/uploads\/2025\/11\/Wholesale-White-Dinnerware-Set-Flower-Shape-Crockery-Supply-18.webp 1200w, https:\/\/www.lovinghomecollection.com\/wp-content\/uploads\/2025\/11\/Wholesale-White-Dinnerware-Set-Flower-Shape-Crockery-Supply-18-300x300.webp 300w, https:\/\/www.lovinghomecollection.com\/wp-content\/uploads\/2025\/11\/Wholesale-White-Dinnerware-Set-Flower-Shape-Crockery-Supply-18-150x150.webp 150w, https:\/\/www.lovinghomecollection.com\/wp-content\/uploads\/2025\/11\/Wholesale-White-Dinnerware-Set-Flower-Shape-Crockery-Supply-18-768x768.webp 768w, https:\/\/www.lovinghomecollection.com\/wp-content\/uploads\/2025\/11\/Wholesale-White-Dinnerware-Set-Flower-Shape-Crockery-Supply-18-12x12.webp 12w, https:\/\/www.lovinghomecollection.com\/wp-content\/uploads\/2025\/11\/Wholesale-White-Dinnerware-Set-Flower-Shape-Crockery-Supply-18-600x600.webp 600w, https:\/\/www.lovinghomecollection.com\/wp-content\/uploads\/2025\/11\/Wholesale-White-Dinnerware-Set-Flower-Shape-Crockery-Supply-18-100x100.webp 100w\" sizes=\"(max-width: 1200px) 100vw, 1200px\" \/><\/figure>\n<\/div>\n<\/div>\n\n\n\n<h2 class=\"wp-block-heading has-text-align-center\">Pr\u00e9sentation du produit Blanc Fleur Wholesale White Dinnerware Set<\/h2>\n\n\n\n<div class=\"wp-block-columns is-layout-flex wp-container-core-columns-is-layout-9d6595d7 wp-block-columns-is-layout-flex\">\n<div class=\"wp-block-column is-layout-flow wp-block-column-is-layout-flow\">\n<figure class=\"wp-block-image size-full\"><img decoding=\"async\" width=\"1721\" height=\"1240\" src=\"https:\/\/www.lovinghomecollection.com\/wp-content\/uploads\/2025\/11\/Wholesale-White-Dinnerware-Set-Flower-Shape-Crockery-Supply-13.webp\" alt=\"Wholesale White Dinnerware Set, Flower Shape Crockery Supply-13 (vaisselle en forme de fleur)\" class=\"wp-image-5651\" srcset=\"https:\/\/www.lovinghomecollection.com\/wp-content\/uploads\/2025\/11\/Wholesale-White-Dinnerware-Set-Flower-Shape-Crockery-Supply-13.webp 1721w, https:\/\/www.lovinghomecollection.com\/wp-content\/uploads\/2025\/11\/Wholesale-White-Dinnerware-Set-Flower-Shape-Crockery-Supply-13-300x216.webp 300w, https:\/\/www.lovinghomecollection.com\/wp-content\/uploads\/2025\/11\/Wholesale-White-Dinnerware-Set-Flower-Shape-Crockery-Supply-13-768x553.webp 768w, https:\/\/www.lovinghomecollection.com\/wp-content\/uploads\/2025\/11\/Wholesale-White-Dinnerware-Set-Flower-Shape-Crockery-Supply-13-18x12.webp 18w, https:\/\/www.lovinghomecollection.com\/wp-content\/uploads\/2025\/11\/Wholesale-White-Dinnerware-Set-Flower-Shape-Crockery-Supply-13-1200x865.webp 1200w, https:\/\/www.lovinghomecollection.com\/wp-content\/uploads\/2025\/11\/Wholesale-White-Dinnerware-Set-Flower-Shape-Crockery-Supply-13-600x432.webp 600w\" sizes=\"(max-width: 1721px) 100vw, 1721px\" \/><\/figure>\n<\/div>\n\n\n\n<div class=\"wp-block-column is-layout-flow wp-block-column-is-layout-flow\">\n<figure class=\"wp-block-image size-full\"><img decoding=\"async\" width=\"1717\" height=\"1240\" src=\"https:\/\/www.lovinghomecollection.com\/wp-content\/uploads\/2025\/11\/Wholesale-White-Dinnerware-Set-Flower-Shape-Crockery-Supply-14.webp\" alt=\"Wholesale White Dinnerware Set, Flower Shape Crockery Supply-14 (vaisselle en forme de fleur)\" class=\"wp-image-5652\" srcset=\"https:\/\/www.lovinghomecollection.com\/wp-content\/uploads\/2025\/11\/Wholesale-White-Dinnerware-Set-Flower-Shape-Crockery-Supply-14.webp 1717w, https:\/\/www.lovinghomecollection.com\/wp-content\/uploads\/2025\/11\/Wholesale-White-Dinnerware-Set-Flower-Shape-Crockery-Supply-14-300x217.webp 300w, https:\/\/www.lovinghomecollection.com\/wp-content\/uploads\/2025\/11\/Wholesale-White-Dinnerware-Set-Flower-Shape-Crockery-Supply-14-768x555.webp 768w, https:\/\/www.lovinghomecollection.com\/wp-content\/uploads\/2025\/11\/Wholesale-White-Dinnerware-Set-Flower-Shape-Crockery-Supply-14-18x12.webp 18w, https:\/\/www.lovinghomecollection.com\/wp-content\/uploads\/2025\/11\/Wholesale-White-Dinnerware-Set-Flower-Shape-Crockery-Supply-14-1200x867.webp 1200w, https:\/\/www.lovinghomecollection.com\/wp-content\/uploads\/2025\/11\/Wholesale-White-Dinnerware-Set-Flower-Shape-Crockery-Supply-14-600x433.webp 600w\" sizes=\"(max-width: 1717px) 100vw, 1717px\" \/><\/figure>\n<\/div>\n<\/div>\n\n\n\n<p><\/p>","protected":false},"excerpt":{"rendered":"<p>Bienvenue pour acheter en gros de la vaisselle blanche. Notre service de vaisselle Blanc Fleur pr\u00e9sente de magnifiques motifs gaufr\u00e9s avec un \u00e9mail blanc pur et lisse dans une gamme compl\u00e8te de cat\u00e9gories de vaisselle sophistiqu\u00e9e et simple.<\/p>\n<table style=\"border-collapse: collapse; width: 338.02pt;\" border=\"0\" width=\"338\" cellspacing=\"0\" cellpadding=\"0\">\n<tbody>\n<tr style=\"height: 18.00pt;\">\n<td class=\"et3\" style=\"height: 18.00pt; width: 124.50pt;\" width=\"124\" height=\"18\">Fabricant<\/td>\n<td class=\"et3\" style=\"width: 214.40pt;\" width=\"214\">Un foyer d'amour<\/td>\n<\/tr>\n<tr style=\"height: 18.00pt;\">\n<td class=\"et3\" style=\"height: 18.00pt; width: 124.50pt;\" width=\"124\" height=\"18\">Nom de la collection<\/td>\n<td class=\"et4\" style=\"width: 214.40pt;\" width=\"214\">Collection Blanc Fleur<\/td>\n<\/tr>\n<tr style=\"height: 18.00pt;\">\n<td class=\"et3\" style=\"height: 18.00pt; width: 124.50pt;\" width=\"124\" height=\"18\">Utilisation<\/td>\n<td class=\"et3\" style=\"width: 214.40pt;\" width=\"214\">Maison, Restaurant, H\u00f4tel<\/td>\n<\/tr>\n<tr style=\"height: 36.00pt;\">\n<td class=\"et3\" style=\"height: 36.00pt; width: 124.50pt;\" width=\"124\" height=\"36\">Type de vaisselle<\/td>\n<td class=\"et3\" style=\"width: 214.40pt;\" width=\"214\">Assiette, bol, th\u00e9i\u00e8re, cr\u00e9mier, sucrier, tasse et soucoupe, mug<\/td>\n<\/tr>\n<tr style=\"height: 18.00pt;\">\n<td class=\"et3\" style=\"height: 18.00pt; width: 124.50pt;\" width=\"124\" height=\"18\">Mat\u00e9riau<\/td>\n<td class=\"et3\" style=\"width: 214.40pt;\" width=\"214\">Porcelaine durable<\/td>\n<\/tr>\n<tr style=\"height: 18.00pt;\">\n<td class=\"et3\" style=\"height: 18.00pt; width: 124.50pt;\" width=\"124\" height=\"18\">Dimension<\/td>\n<td class=\"et3\" style=\"width: 214.40pt;\" width=\"214\">Comme l'indique la photo de d\u00e9tail<\/td>\n<\/tr>\n<tr style=\"height: 18.00pt;\">\n<td class=\"et3\" style=\"height: 18.00pt; width: 124.50pt;\" width=\"124\" height=\"18\">Unit\u00e9s de vente<\/td>\n<td class=\"et3\" style=\"width: 214.40pt;\" width=\"214\">Article unique<\/td>\n<\/tr>\n<tr style=\"height: 18.00pt;\">\n<td class=\"et3\" style=\"height: 18.00pt; width: 124.50pt;\" width=\"124\" height=\"18\">MOQ<\/td>\n<td class=\"et3\" style=\"width: 214.40pt;\" width=\"214\">1200\/pcs par article<\/td>\n<\/tr>\n<tr style=\"height: 18.00pt;\">\n<td class=\"et3\" style=\"height: 18.00pt; width: 124.50pt;\" width=\"124\" height=\"18\">Option personnalis\u00e9e<\/td>\n<td class=\"et3\" style=\"width: 214.40pt;\" width=\"214\">Couleur\/Taille\/Glaze\/Logo\/Emballage<\/td>\n<\/tr>\n<\/tbody>\n<\/table>","protected":false},"featured_media":5087,"comment_status":"closed","ping_status":"closed","template":"","meta":{"_acf_changed":false},"product_brand":[],"product_cat":[19,49],"product_tag":[37,36,25,39,27,26],"class_list":{"0":"post-5085","1":"product","2":"type-product","3":"status-publish","4":"has-post-thumbnail","6":"product_cat-dinnerware-wholesale","7":"product_cat-wholesale-white-tableware","8":"product_tag-bulk-cake-stands","9":"product_tag-wholesale-kettles","10":"product_tag-wholesale-plates-and-bowls","11":"product_tag-sugar-jars-wholesale","12":"product_tag-wholesale-tea-cups-and-saucers","13":"product_tag-wholesale-teapots","15":"first","16":"instock","17":"shipping-taxable","18":"product-type-simple"},"acf":[],"_links":{"self":[{"href":"https:\/\/www.lovinghomecollection.com\/fr\/wp-json\/wp\/v2\/product\/5085","targetHints":{"allow":["GET"]}}],"collection":[{"href":"https:\/\/www.lovinghomecollection.com\/fr\/wp-json\/wp\/v2\/product"}],"about":[{"href":"https:\/\/www.lovinghomecollection.com\/fr\/wp-json\/wp\/v2\/types\/product"}],"replies":[{"embeddable":true,"href":"https:\/\/www.lovinghomecollection.com\/fr\/wp-json\/wp\/v2\/comments?post=5085"}],"wp:featuredmedia":[{"embeddable":true,"href":"https:\/\/www.lovinghomecollection.com\/fr\/wp-json\/wp\/v2\/media\/5087"}],"wp:attachment":[{"href":"https:\/\/www.lovinghomecollection.com\/fr\/wp-json\/wp\/v2\/media?parent=5085"}],"wp:term":[{"taxonomy":"product_brand","embeddable":true,"href":"https:\/\/www.lovinghomecollection.com\/fr\/wp-json\/wp\/v2\/product_brand?post=5085"},{"taxonomy":"product_cat","embeddable":true,"href":"https:\/\/www.lovinghomecollection.com\/fr\/wp-json\/wp\/v2\/product_cat?post=5085"},{"taxonomy":"product_tag","embeddable":true,"href":"https:\/\/www.lovinghomecollection.com\/fr\/wp-json\/wp\/v2\/product_tag?post=5085"}],"curies":[{"name":"wp","href":"https:\/\/api.w.org\/{rel}","templated":true}]}}