{"id":5075,"date":"2025-11-11T08:17:19","date_gmt":"2025-11-11T08:17:19","guid":{"rendered":"https:\/\/www.lovinghomecollection.com\/?post_type=product&#038;p=5075"},"modified":"2025-12-02T08:49:06","modified_gmt":"2025-12-02T08:49:06","slug":"porcelain-dinnerware-wholesale","status":"publish","type":"product","link":"https:\/\/www.lovinghomecollection.com\/fr\/produit\/porcelain-dinnerware-wholesale\/","title":{"rendered":"Vaisselle en porcelaine en forme de feuille naturelle - Fourniture en gros"},"content":{"rendered":"<div class=\"wp-block-columns is-layout-flex wp-container-core-columns-is-layout-9d6595d7 wp-block-columns-is-layout-flex\">\n<div class=\"wp-block-column is-layout-flow wp-block-column-is-layout-flow\" style=\"flex-basis:60%\">\n<h2 class=\"wp-block-heading\">Vaisselle en porcelaine de qualit\u00e9 sup\u00e9rieure Caract\u00e9ristiques :<\/h2>\n\n\n\n<ul class=\"wp-block-list\">\n<li><strong>Esth\u00e9tique naturelle, design unique : <\/strong>Cet ensemble de vaisselle en porcelaine est model\u00e9 dans la forme de vraies feuilles, et un soin particulier est apport\u00e9 \u00e0 la cr\u00e9ation de textures de nervures de feuilles en relief, r\u00e9alistes, sur le pourtour et les bords irr\u00e9guliers. Chaque pi\u00e8ce est une v\u00e9ritable \u0153uvre d'art qui offre aux clients une nouvelle exp\u00e9rience visuelle et tactile.<\/li>\n\n\n\n<li><strong>Gamme compl\u00e8te, sc\u00e9narios vari\u00e9s : <\/strong>Notre gamme de produits de vaisselle en gros est compl\u00e8te, des assiettes de 28 cm aux supports \u00e0 g\u00e2teaux de 30 cm, en passant par les carafes \u00e0 eau de diff\u00e9rentes capacit\u00e9s et les bocaux de stockage avec couvercles en bambou, r\u00e9pondant aux besoins multifonctionnels des tables \u00e0 manger, des cuisines et des pr\u00e9sentoirs, et permettant aux clients commerciaux d'effectuer leurs achats en une seule fois.<\/li>\n\n\n\n<li><strong>Des gla\u00e7ages frais, des combinaisons flexibles : <\/strong>Notre vaisselle en porcelaine offre deux \u00e9maux classiques, le blanc et le vert, avec des tons frais et naturels. Les deux couleurs peuvent \u00eatre librement m\u00e9lang\u00e9es et assorties pour cr\u00e9er facilement des effets de pr\u00e9sentation riches et superpos\u00e9s, s'adaptant aux diff\u00e9rents styles d'espaces commerciaux.<\/li>\n\n\n\n<li><strong>Qualit\u00e9 des mat\u00e9riaux et de l'ex\u00e9cution : <\/strong>Cet ensemble de vaisselle en gros est compos\u00e9 d'un mat\u00e9riau c\u00e9ramique lourd et chaud et d'un couvercle en bambou et en bois naturel pour renforcer la sensation de produit artisanal et l'esth\u00e9tique naturelle. Le savoir-faire artisanal joue un r\u00f4le important dans la durabilit\u00e9 et le design, tout en montrant la qualit\u00e9 que la marque s'efforce d'atteindre.<\/li>\n<\/ul>\n<\/div>\n\n\n\n<div class=\"wp-block-column is-layout-flow wp-block-column-is-layout-flow\">\n<figure class=\"wp-block-image size-full\"><img decoding=\"async\" width=\"1200\" height=\"1200\" src=\"https:\/\/www.lovinghomecollection.com\/wp-content\/uploads\/2025\/11\/Natural-Leaf-Shape-Porcelain-Dinnerware-Wholesale-Supply-15.webp\" alt=\"Vaisselle en porcelaine en forme de feuille naturelle Wholesale Supply-15\" class=\"wp-image-5668\" srcset=\"https:\/\/www.lovinghomecollection.com\/wp-content\/uploads\/2025\/11\/Natural-Leaf-Shape-Porcelain-Dinnerware-Wholesale-Supply-15.webp 1200w, https:\/\/www.lovinghomecollection.com\/wp-content\/uploads\/2025\/11\/Natural-Leaf-Shape-Porcelain-Dinnerware-Wholesale-Supply-15-300x300.webp 300w, https:\/\/www.lovinghomecollection.com\/wp-content\/uploads\/2025\/11\/Natural-Leaf-Shape-Porcelain-Dinnerware-Wholesale-Supply-15-150x150.webp 150w, https:\/\/www.lovinghomecollection.com\/wp-content\/uploads\/2025\/11\/Natural-Leaf-Shape-Porcelain-Dinnerware-Wholesale-Supply-15-768x768.webp 768w, https:\/\/www.lovinghomecollection.com\/wp-content\/uploads\/2025\/11\/Natural-Leaf-Shape-Porcelain-Dinnerware-Wholesale-Supply-15-12x12.webp 12w, https:\/\/www.lovinghomecollection.com\/wp-content\/uploads\/2025\/11\/Natural-Leaf-Shape-Porcelain-Dinnerware-Wholesale-Supply-15-600x600.webp 600w, https:\/\/www.lovinghomecollection.com\/wp-content\/uploads\/2025\/11\/Natural-Leaf-Shape-Porcelain-Dinnerware-Wholesale-Supply-15-100x100.webp 100w\" sizes=\"(max-width: 1200px) 100vw, 1200px\" \/><\/figure>\n<\/div>\n<\/div>\n\n\n\n<h2 class=\"wp-block-heading has-text-align-center\">Pr\u00e9sentation des produits de la vaisselle en porcelaine avec impression de feuilles (Wholesale)<\/h2>\n\n\n\n<div class=\"wp-block-columns is-layout-flex wp-container-core-columns-is-layout-9d6595d7 wp-block-columns-is-layout-flex\">\n<div class=\"wp-block-column is-layout-flow wp-block-column-is-layout-flow\">\n<figure class=\"wp-block-image size-full\"><img decoding=\"async\" width=\"1754\" height=\"2480\" src=\"https:\/\/www.lovinghomecollection.com\/wp-content\/uploads\/2025\/11\/Natural-Leaf-Shape-Porcelain-Dinnerware-Wholesale-Supply-20.webp\" alt=\"Vaisselle en porcelaine en forme de feuille naturelle Wholesale Supply-20\" class=\"wp-image-5673\" srcset=\"https:\/\/www.lovinghomecollection.com\/wp-content\/uploads\/2025\/11\/Natural-Leaf-Shape-Porcelain-Dinnerware-Wholesale-Supply-20.webp 1754w, https:\/\/www.lovinghomecollection.com\/wp-content\/uploads\/2025\/11\/Natural-Leaf-Shape-Porcelain-Dinnerware-Wholesale-Supply-20-212x300.webp 212w, https:\/\/www.lovinghomecollection.com\/wp-content\/uploads\/2025\/11\/Natural-Leaf-Shape-Porcelain-Dinnerware-Wholesale-Supply-20-768x1086.webp 768w, https:\/\/www.lovinghomecollection.com\/wp-content\/uploads\/2025\/11\/Natural-Leaf-Shape-Porcelain-Dinnerware-Wholesale-Supply-20-8x12.webp 8w, https:\/\/www.lovinghomecollection.com\/wp-content\/uploads\/2025\/11\/Natural-Leaf-Shape-Porcelain-Dinnerware-Wholesale-Supply-20-1200x1697.webp 1200w, https:\/\/www.lovinghomecollection.com\/wp-content\/uploads\/2025\/11\/Natural-Leaf-Shape-Porcelain-Dinnerware-Wholesale-Supply-20-600x848.webp 600w\" sizes=\"(max-width: 1754px) 100vw, 1754px\" \/><\/figure>\n<\/div>\n\n\n\n<div class=\"wp-block-column is-layout-flow wp-block-column-is-layout-flow\">\n<figure class=\"wp-block-image size-full\"><img decoding=\"async\" width=\"1729\" height=\"1802\" src=\"https:\/\/www.lovinghomecollection.com\/wp-content\/uploads\/2025\/11\/Natural-Leaf-Shape-Porcelain-Dinnerware-Wholesale-Supply-21.webp\" alt=\"Vaisselle en porcelaine en forme de feuille naturelle Wholesale Supply-21\" class=\"wp-image-5674\" srcset=\"https:\/\/www.lovinghomecollection.com\/wp-content\/uploads\/2025\/11\/Natural-Leaf-Shape-Porcelain-Dinnerware-Wholesale-Supply-21.webp 1729w, https:\/\/www.lovinghomecollection.com\/wp-content\/uploads\/2025\/11\/Natural-Leaf-Shape-Porcelain-Dinnerware-Wholesale-Supply-21-288x300.webp 288w, https:\/\/www.lovinghomecollection.com\/wp-content\/uploads\/2025\/11\/Natural-Leaf-Shape-Porcelain-Dinnerware-Wholesale-Supply-21-768x800.webp 768w, https:\/\/www.lovinghomecollection.com\/wp-content\/uploads\/2025\/11\/Natural-Leaf-Shape-Porcelain-Dinnerware-Wholesale-Supply-21-12x12.webp 12w, https:\/\/www.lovinghomecollection.com\/wp-content\/uploads\/2025\/11\/Natural-Leaf-Shape-Porcelain-Dinnerware-Wholesale-Supply-21-1200x1251.webp 1200w, https:\/\/www.lovinghomecollection.com\/wp-content\/uploads\/2025\/11\/Natural-Leaf-Shape-Porcelain-Dinnerware-Wholesale-Supply-21-600x625.webp 600w\" sizes=\"(max-width: 1729px) 100vw, 1729px\" \/><\/figure>\n<\/div>\n<\/div>\n\n\n\n<p><\/p>","protected":false},"excerpt":{"rendered":"<p>Bienvenue sur le site d'achat en gros de vaisselle en porcelaine. Ce service de vaisselle \u201cLeaf Imprint Series\u201d s'inspire des feuilles naturelles, int\u00e9grant l'esth\u00e9tique \u00e9cologique dans la vie quotidienne gr\u00e2ce au relief r\u00e9aliste des nervures des feuilles et au design des bords en forme d'\u00e9ventail. Il est id\u00e9al pour les d\u00e9cors de table joliment rustiques qui adoptent un style naturel.<\/p>\n<table style=\"border-collapse: collapse; width: 338.02pt;\" border=\"0\" width=\"338\" cellspacing=\"0\" cellpadding=\"0\">\n<tbody>\n<tr style=\"height: 18.00pt;\">\n<td class=\"et3\" style=\"height: 18.00pt; width: 124.50pt;\" width=\"124\" height=\"18\">Fabricant<\/td>\n<td class=\"et3\" style=\"width: 214.40pt;\" width=\"214\">Un foyer d'amour<\/td>\n<\/tr>\n<tr style=\"height: 18.00pt;\">\n<td class=\"et3\" style=\"height: 18.00pt; width: 124.50pt;\" width=\"124\" height=\"18\">Nom de la collection<\/td>\n<td class=\"et4\" style=\"width: 214.40pt;\" width=\"214\">Collection Leaf Imprint<\/td>\n<\/tr>\n<tr style=\"height: 18.00pt;\">\n<td class=\"et3\" style=\"height: 18.00pt; width: 124.50pt;\" width=\"124\" height=\"18\">Utilisation<\/td>\n<td class=\"et3\" style=\"width: 214.40pt;\" width=\"214\">Maison, Restaurant, H\u00f4tel<\/td>\n<\/tr>\n<tr style=\"height: 36.00pt;\">\n<td class=\"et3\" style=\"height: 36.00pt; width: 124.50pt;\" width=\"124\" height=\"36\">Type de vaisselle<\/td>\n<td class=\"et3\" style=\"width: 214.40pt;\" width=\"214\">Assiette, bol, porte-g\u00e2teau, pichet, tasse, set de tapas, bo\u00eete de conserve<\/td>\n<\/tr>\n<tr style=\"height: 18.00pt;\">\n<td class=\"et3\" style=\"height: 18.00pt; width: 124.50pt;\" width=\"124\" height=\"18\">Mat\u00e9riau<\/td>\n<td class=\"et3\" style=\"width: 214.40pt;\" width=\"214\">Porcelaine durable<\/td>\n<\/tr>\n<tr style=\"height: 18.00pt;\">\n<td class=\"et3\" style=\"height: 18.00pt; width: 124.50pt;\" width=\"124\" height=\"18\">Dimension<\/td>\n<td class=\"et3\" style=\"width: 214.40pt;\" width=\"214\">Comme l'indique la photo de d\u00e9tail<\/td>\n<\/tr>\n<tr style=\"height: 18.00pt;\">\n<td class=\"et3\" style=\"height: 18.00pt; width: 124.50pt;\" width=\"124\" height=\"18\">Unit\u00e9s de vente<\/td>\n<td class=\"et3\" style=\"width: 214.40pt;\" width=\"214\">Article unique<\/td>\n<\/tr>\n<tr style=\"height: 18.00pt;\">\n<td class=\"et3\" style=\"height: 18.00pt; width: 124.50pt;\" width=\"124\" height=\"18\">MOQ<\/td>\n<td class=\"et3\" style=\"width: 214.40pt;\" width=\"214\">1200\/pcs par article<\/td>\n<\/tr>\n<tr style=\"height: 18.00pt;\">\n<td class=\"et3\" style=\"height: 18.00pt; width: 124.50pt;\" width=\"124\" height=\"18\">Option personnalis\u00e9e<\/td>\n<td class=\"et3\" style=\"width: 214.40pt;\" width=\"214\">Couleur\/Taille\/Glaze\/Logo\/Emballage<\/td>\n<\/tr>\n<\/tbody>\n<\/table>","protected":false},"featured_media":5675,"comment_status":"closed","ping_status":"closed","template":"","meta":{"_acf_changed":false},"product_brand":[],"product_cat":[19],"product_tag":[37,36,25,34,27],"class_list":{"0":"post-5075","1":"product","2":"type-product","3":"status-publish","4":"has-post-thumbnail","6":"product_cat-dinnerware-wholesale","7":"product_tag-bulk-cake-stands","8":"product_tag-wholesale-kettles","9":"product_tag-wholesale-plates-and-bowls","10":"product_tag-olive-oil-dipping-bowls-wholesale","11":"product_tag-wholesale-tea-cups-and-saucers","13":"first","14":"instock","15":"shipping-taxable","16":"product-type-simple"},"acf":[],"_links":{"self":[{"href":"https:\/\/www.lovinghomecollection.com\/fr\/wp-json\/wp\/v2\/product\/5075","targetHints":{"allow":["GET"]}}],"collection":[{"href":"https:\/\/www.lovinghomecollection.com\/fr\/wp-json\/wp\/v2\/product"}],"about":[{"href":"https:\/\/www.lovinghomecollection.com\/fr\/wp-json\/wp\/v2\/types\/product"}],"replies":[{"embeddable":true,"href":"https:\/\/www.lovinghomecollection.com\/fr\/wp-json\/wp\/v2\/comments?post=5075"}],"wp:featuredmedia":[{"embeddable":true,"href":"https:\/\/www.lovinghomecollection.com\/fr\/wp-json\/wp\/v2\/media\/5675"}],"wp:attachment":[{"href":"https:\/\/www.lovinghomecollection.com\/fr\/wp-json\/wp\/v2\/media?parent=5075"}],"wp:term":[{"taxonomy":"product_brand","embeddable":true,"href":"https:\/\/www.lovinghomecollection.com\/fr\/wp-json\/wp\/v2\/product_brand?post=5075"},{"taxonomy":"product_cat","embeddable":true,"href":"https:\/\/www.lovinghomecollection.com\/fr\/wp-json\/wp\/v2\/product_cat?post=5075"},{"taxonomy":"product_tag","embeddable":true,"href":"https:\/\/www.lovinghomecollection.com\/fr\/wp-json\/wp\/v2\/product_tag?post=5075"}],"curies":[{"name":"wp","href":"https:\/\/api.w.org\/{rel}","templated":true}]}}