{"id":5065,"date":"2025-11-11T07:51:02","date_gmt":"2025-11-11T07:51:02","guid":{"rendered":"https:\/\/www.lovinghomecollection.com\/?post_type=product&#038;p=5065"},"modified":"2025-11-27T06:32:15","modified_gmt":"2025-11-27T06:32:15","slug":"dinnerware-sets-wholesale","status":"publish","type":"product","link":"https:\/\/www.lovinghomecollection.com\/fr\/produit\/dinnerware-sets-wholesale\/","title":{"rendered":"Ensembles de vaisselle gaufr\u00e9e en gros avec motif pain d'\u00e9pice"},"content":{"rendered":"<div class=\"wp-block-columns is-layout-flex wp-container-core-columns-is-layout-9d6595d7 wp-block-columns-is-layout-flex\">\n<div class=\"wp-block-column is-layout-flow wp-block-column-is-layout-flow\" style=\"flex-basis:60%\">\n<h2 class=\"wp-block-heading\">Premium Dinnerware Sets Wholesale Caract\u00e9ristiques :<\/h2>\n\n\n\n<ul class=\"wp-block-list\">\n<li><strong>Th\u00e8me distinctif, ambiance festive : <\/strong>Notre vaisselle en c\u00e9ramique de gros utilise la maison en pain d'\u00e9pices universellement reconnue comme \u00e9l\u00e9ment central de la propri\u00e9t\u00e9 intellectuelle, avec des motifs gaufr\u00e9s et transf\u00e9r\u00e9s repr\u00e9sentant m\u00e9ticuleusement des \u00e9l\u00e9ments de No\u00ebl tels que des bonbons et des flocons de neige.<\/li>\n\n\n\n<li><strong>Gamme compl\u00e8te de produits, large couverture de sc\u00e8nes : <\/strong>Ce service de vaisselle en gros offre une gamme compl\u00e8te de produits, des assiettes de 23 cm et grandes assiettes de 36 cm aux supports \u00e0 g\u00e2teaux, pots de rangement, chandeliers et ornements, qui conviennent au dressage des tables, \u00e0 la d\u00e9coration int\u00e9rieure, aux cadeaux de No\u00ebl et \u00e0 d'autres sc\u00e9narios commerciaux.<\/li>\n\n\n\n<li><strong>Conception unifi\u00e9e, effet d'affichage exceptionnel : <\/strong>Notre s\u00e9rie de vaisselle en c\u00e9ramique de gros adh\u00e8re \u00e0 un langage de conception unifi\u00e9 de maison en pain d'\u00e9pices, ce qui facilite la combinaison et l'assortiment. Qu'il s'agisse de pr\u00e9sentoirs de vente au d\u00e9tail ou de d\u00e9cors de table pour les clients finaux, elle cr\u00e9e une forte unit\u00e9 visuelle.<\/li>\n\n\n\n<li><strong>Gaufrage Artisanat :<\/strong> Nos services de vaisselle en gros sont dot\u00e9s d'un design gaufr\u00e9 unique qui renforce non seulement la tridimensionnalit\u00e9 et le caract\u00e8re artisanal du produit, mais aussi sa durabilit\u00e9.<\/li>\n<\/ul>\n<\/div>\n\n\n\n<div class=\"wp-block-column is-layout-flow wp-block-column-is-layout-flow\">\n<figure class=\"wp-block-image size-full\"><img decoding=\"async\" width=\"1200\" height=\"1200\" src=\"https:\/\/www.lovinghomecollection.com\/wp-content\/uploads\/2025\/11\/Embossed-Dinnerware-Sets-Wholesale-With-Gingerbread-Design-12.webp\" alt=\"Service de vaisselle en relief Wholesale avec motif de pain d&#039;\u00e9pices-12\" class=\"wp-image-5593\" srcset=\"https:\/\/www.lovinghomecollection.com\/wp-content\/uploads\/2025\/11\/Embossed-Dinnerware-Sets-Wholesale-With-Gingerbread-Design-12.webp 1200w, https:\/\/www.lovinghomecollection.com\/wp-content\/uploads\/2025\/11\/Embossed-Dinnerware-Sets-Wholesale-With-Gingerbread-Design-12-300x300.webp 300w, https:\/\/www.lovinghomecollection.com\/wp-content\/uploads\/2025\/11\/Embossed-Dinnerware-Sets-Wholesale-With-Gingerbread-Design-12-150x150.webp 150w, https:\/\/www.lovinghomecollection.com\/wp-content\/uploads\/2025\/11\/Embossed-Dinnerware-Sets-Wholesale-With-Gingerbread-Design-12-768x768.webp 768w, https:\/\/www.lovinghomecollection.com\/wp-content\/uploads\/2025\/11\/Embossed-Dinnerware-Sets-Wholesale-With-Gingerbread-Design-12-12x12.webp 12w, https:\/\/www.lovinghomecollection.com\/wp-content\/uploads\/2025\/11\/Embossed-Dinnerware-Sets-Wholesale-With-Gingerbread-Design-12-600x600.webp 600w, https:\/\/www.lovinghomecollection.com\/wp-content\/uploads\/2025\/11\/Embossed-Dinnerware-Sets-Wholesale-With-Gingerbread-Design-12-100x100.webp 100w\" sizes=\"(max-width: 1200px) 100vw, 1200px\" \/><\/figure>\n<\/div>\n<\/div>\n\n\n\n<h2 class=\"wp-block-heading has-text-align-center\">Pr\u00e9sentation des produits de la vaisselle du village de pain d'\u00e9pices Wholesale<\/h2>\n\n\n\n<div class=\"wp-block-columns is-layout-flex wp-container-core-columns-is-layout-9d6595d7 wp-block-columns-is-layout-flex\">\n<div class=\"wp-block-column is-layout-flow wp-block-column-is-layout-flow\">\n<figure class=\"wp-block-image size-full\"><img decoding=\"async\" width=\"1754\" height=\"1274\" src=\"https:\/\/www.lovinghomecollection.com\/wp-content\/uploads\/2025\/11\/Embossed-Dinnerware-Sets-Wholesale-With-Gingerbread-Design-13.webp\" alt=\"Service de vaisselle en relief Wholesale avec motif de pain d&#039;\u00e9pices-13\" class=\"wp-image-5595\" srcset=\"https:\/\/www.lovinghomecollection.com\/wp-content\/uploads\/2025\/11\/Embossed-Dinnerware-Sets-Wholesale-With-Gingerbread-Design-13.webp 1754w, https:\/\/www.lovinghomecollection.com\/wp-content\/uploads\/2025\/11\/Embossed-Dinnerware-Sets-Wholesale-With-Gingerbread-Design-13-300x218.webp 300w, https:\/\/www.lovinghomecollection.com\/wp-content\/uploads\/2025\/11\/Embossed-Dinnerware-Sets-Wholesale-With-Gingerbread-Design-13-768x558.webp 768w, https:\/\/www.lovinghomecollection.com\/wp-content\/uploads\/2025\/11\/Embossed-Dinnerware-Sets-Wholesale-With-Gingerbread-Design-13-18x12.webp 18w, https:\/\/www.lovinghomecollection.com\/wp-content\/uploads\/2025\/11\/Embossed-Dinnerware-Sets-Wholesale-With-Gingerbread-Design-13-1200x872.webp 1200w, https:\/\/www.lovinghomecollection.com\/wp-content\/uploads\/2025\/11\/Embossed-Dinnerware-Sets-Wholesale-With-Gingerbread-Design-13-600x436.webp 600w\" sizes=\"(max-width: 1754px) 100vw, 1754px\" \/><\/figure>\n<\/div>\n\n\n\n<div class=\"wp-block-column is-layout-flow wp-block-column-is-layout-flow\">\n<figure class=\"wp-block-image size-full\"><img decoding=\"async\" width=\"1723\" height=\"1197\" src=\"https:\/\/www.lovinghomecollection.com\/wp-content\/uploads\/2025\/11\/Embossed-Dinnerware-Sets-Wholesale-With-Gingerbread-Design-14.webp\" alt=\"Service de vaisselle en relief Wholesale avec motif de pain d&#039;\u00e9pices-14\" class=\"wp-image-5596\" srcset=\"https:\/\/www.lovinghomecollection.com\/wp-content\/uploads\/2025\/11\/Embossed-Dinnerware-Sets-Wholesale-With-Gingerbread-Design-14.webp 1723w, https:\/\/www.lovinghomecollection.com\/wp-content\/uploads\/2025\/11\/Embossed-Dinnerware-Sets-Wholesale-With-Gingerbread-Design-14-300x208.webp 300w, https:\/\/www.lovinghomecollection.com\/wp-content\/uploads\/2025\/11\/Embossed-Dinnerware-Sets-Wholesale-With-Gingerbread-Design-14-768x534.webp 768w, https:\/\/www.lovinghomecollection.com\/wp-content\/uploads\/2025\/11\/Embossed-Dinnerware-Sets-Wholesale-With-Gingerbread-Design-14-18x12.webp 18w, https:\/\/www.lovinghomecollection.com\/wp-content\/uploads\/2025\/11\/Embossed-Dinnerware-Sets-Wholesale-With-Gingerbread-Design-14-1200x834.webp 1200w, https:\/\/www.lovinghomecollection.com\/wp-content\/uploads\/2025\/11\/Embossed-Dinnerware-Sets-Wholesale-With-Gingerbread-Design-14-600x417.webp 600w\" sizes=\"(max-width: 1723px) 100vw, 1723px\" \/><\/figure>\n<\/div>\n<\/div>\n\n\n\n<p><\/p>","protected":false},"excerpt":{"rendered":"<p>Bienvenue pour acheter des services de table en gros. Ce service de table pr\u00e9sente le motif classique de la maison en pain d'\u00e9pice, avec des motifs en relief et transf\u00e9r\u00e9s qui repr\u00e9sentent de mani\u00e8re vivante des \u00e9l\u00e9ments festifs tels que des portes, des fen\u00eatres et des bonbons, cr\u00e9ant ainsi une exp\u00e9rience culinaire de No\u00ebl riche, joyeuse et harmonieuse en un seul endroit.<\/p>\n<table style=\"border-collapse: collapse; width: 338.02pt;\" border=\"0\" width=\"338\" cellspacing=\"0\" cellpadding=\"0\">\n<tbody>\n<tr style=\"height: 18.00pt;\">\n<td class=\"et3\" style=\"height: 18.00pt; width: 124.50pt;\" width=\"124\" height=\"18\">Fabricant<\/td>\n<td class=\"et3\" style=\"width: 214.40pt;\" width=\"214\">Un foyer d'amour<\/td>\n<\/tr>\n<tr style=\"height: 18.00pt;\">\n<td class=\"et3\" style=\"height: 18.00pt; width: 124.50pt;\" width=\"124\" height=\"18\">Nom de la collection<\/td>\n<td class=\"et4\" style=\"width: 214.40pt;\" width=\"214\">Village en pain d'\u00e9pices<\/td>\n<\/tr>\n<tr style=\"height: 18.00pt;\">\n<td class=\"et3\" style=\"height: 18.00pt; width: 124.50pt;\" width=\"124\" height=\"18\">Utilisation<\/td>\n<td class=\"et3\" style=\"width: 214.40pt;\" width=\"214\">Maison, Restaurant, H\u00f4tel<\/td>\n<\/tr>\n<tr style=\"height: 36.00pt;\">\n<td class=\"et3\" style=\"height: 36.00pt; width: 124.50pt;\" width=\"124\" height=\"36\">Type de vaisselle<\/td>\n<td class=\"et3\" style=\"width: 214.40pt;\" width=\"214\">Assiette, ensemble \u00e0 tapas, pr\u00e9sentoir \u00e0 g\u00e2teaux, mug<\/td>\n<\/tr>\n<tr style=\"height: 18.00pt;\">\n<td class=\"et3\" style=\"height: 18.00pt; width: 124.50pt;\" width=\"124\" height=\"18\">Mat\u00e9riau<\/td>\n<td class=\"et3\" style=\"width: 214.40pt;\" width=\"214\">Porcelaine durable<\/td>\n<\/tr>\n<tr style=\"height: 18.00pt;\">\n<td class=\"et3\" style=\"height: 18.00pt; width: 124.50pt;\" width=\"124\" height=\"18\">Dimension<\/td>\n<td class=\"et3\" style=\"width: 214.40pt;\" width=\"214\">Comme l'indique la photo de d\u00e9tail<\/td>\n<\/tr>\n<tr style=\"height: 18.00pt;\">\n<td class=\"et3\" style=\"height: 18.00pt; width: 124.50pt;\" width=\"124\" height=\"18\">Unit\u00e9s de vente<\/td>\n<td class=\"et3\" style=\"width: 214.40pt;\" width=\"214\">Article unique<\/td>\n<\/tr>\n<tr style=\"height: 18.00pt;\">\n<td class=\"et3\" style=\"height: 18.00pt; width: 124.50pt;\" width=\"124\" height=\"18\">MOQ<\/td>\n<td class=\"et3\" style=\"width: 214.40pt;\" width=\"214\">1200\/pcs par article<\/td>\n<\/tr>\n<tr style=\"height: 18.00pt;\">\n<td class=\"et3\" style=\"height: 18.00pt; width: 124.50pt;\" width=\"124\" height=\"18\">Option personnalis\u00e9e<\/td>\n<td class=\"et3\" style=\"width: 214.40pt;\" width=\"214\">Couleur\/Taille\/Glaze\/Logo\/Emballage<\/td>\n<\/tr>\n<\/tbody>\n<\/table>","protected":false},"featured_media":5066,"comment_status":"closed","ping_status":"closed","template":"","meta":{"_acf_changed":false},"product_brand":[],"product_cat":[19,52],"product_tag":[37,34,27,26],"class_list":{"0":"post-5065","1":"product","2":"type-product","3":"status-publish","4":"has-post-thumbnail","6":"product_cat-dinnerware-wholesale","7":"product_cat-holiday-tableware-supplier","8":"product_tag-bulk-cake-stands","9":"product_tag-olive-oil-dipping-bowls-wholesale","10":"product_tag-wholesale-tea-cups-and-saucers","11":"product_tag-wholesale-teapots","13":"first","14":"instock","15":"shipping-taxable","16":"product-type-simple"},"acf":[],"_links":{"self":[{"href":"https:\/\/www.lovinghomecollection.com\/fr\/wp-json\/wp\/v2\/product\/5065","targetHints":{"allow":["GET"]}}],"collection":[{"href":"https:\/\/www.lovinghomecollection.com\/fr\/wp-json\/wp\/v2\/product"}],"about":[{"href":"https:\/\/www.lovinghomecollection.com\/fr\/wp-json\/wp\/v2\/types\/product"}],"replies":[{"embeddable":true,"href":"https:\/\/www.lovinghomecollection.com\/fr\/wp-json\/wp\/v2\/comments?post=5065"}],"wp:featuredmedia":[{"embeddable":true,"href":"https:\/\/www.lovinghomecollection.com\/fr\/wp-json\/wp\/v2\/media\/5066"}],"wp:attachment":[{"href":"https:\/\/www.lovinghomecollection.com\/fr\/wp-json\/wp\/v2\/media?parent=5065"}],"wp:term":[{"taxonomy":"product_brand","embeddable":true,"href":"https:\/\/www.lovinghomecollection.com\/fr\/wp-json\/wp\/v2\/product_brand?post=5065"},{"taxonomy":"product_cat","embeddable":true,"href":"https:\/\/www.lovinghomecollection.com\/fr\/wp-json\/wp\/v2\/product_cat?post=5065"},{"taxonomy":"product_tag","embeddable":true,"href":"https:\/\/www.lovinghomecollection.com\/fr\/wp-json\/wp\/v2\/product_tag?post=5065"}],"curies":[{"name":"wp","href":"https:\/\/api.w.org\/{rel}","templated":true}]}}