{"id":5056,"date":"2025-11-11T06:56:52","date_gmt":"2025-11-11T06:56:52","guid":{"rendered":"https:\/\/www.lovinghomecollection.com\/?post_type=product&#038;p=5056"},"modified":"2025-11-27T06:32:24","modified_gmt":"2025-11-27T06:32:24","slug":"wholesale-ceramic-crockery","status":"publish","type":"product","link":"https:\/\/www.lovinghomecollection.com\/fr\/produit\/wholesale-ceramic-crockery\/","title":{"rendered":"Ensemble de vaisselle en c\u00e9ramique aux teintes chaudes avec bords ondul\u00e9s, vendu en gros"},"content":{"rendered":"<div class=\"wp-block-columns is-layout-flex wp-container-core-columns-is-layout-9d6595d7 wp-block-columns-is-layout-flex\">\n<div class=\"wp-block-column is-layout-flow wp-block-column-is-layout-flow\" style=\"flex-basis:60%\">\n<h2 class=\"wp-block-heading\">Premium Wholesale Ceramic Crockery Sets Caract\u00e9ristiques :<\/h2>\n\n\n\n<ul class=\"wp-block-list\">\n<li><strong>Conception esth\u00e9tique naturelle : <\/strong>Les bords de cet ensemble de vaisselle en c\u00e9ramique ressemblent \u00e0 la forme incurv\u00e9e des p\u00e9tales d'une fleur. Les couleurs de l'\u00e9mail s'inspirent des tons de terre (gingembre, bruy\u00e8re, blanc cass\u00e9) et ajoutent naturellement \u00e0 l'aspect artistique de votre table, en particulier avec des tulipes ou des tables \u00e0 manger en bois.<\/li>\n\n\n\n<li><strong>Technique de vitrage unique : <\/strong>Nos services de table color\u00e9s England Terra utilisent un \u00e9mail r\u00e9actif, qui cr\u00e9e un d\u00e9licat d\u00e9grad\u00e9 de texture pour chaque pi\u00e8ce et donne \u00e0 la vaisselle de tous les jours un \u00e9l\u00e9ment chaud et lisse pour \u00e9viter un aspect r\u00e9p\u00e9titif tout en ajoutant une valeur artistique faite \u00e0 la main \u00e0 la vaisselle.<\/li>\n\n\n\n<li><strong>Des ensembles polyvalents pour tous les sc\u00e9narios :<\/strong> Notre vaisselle en c\u00e9ramique en gros comprend plus de 20 cat\u00e9gories individuelles, des assiettes de 22 cm aux assiettes ovales de 32 cm, en passant par les th\u00e9i\u00e8res et les pots \u00e0 lait pour les boissons, les plats principaux et les desserts, afin que les convives puissent b\u00e9n\u00e9ficier d'un service de table complet lors de votre commande en gros.<\/li>\n\n\n\n<li><strong>Cr\u00e9er une atmosph\u00e8re chaleureuse :<\/strong> Les tons chauds de l'\u00e9mail de ce service de table en gros compl\u00e8tent parfaitement les bougies, les fleurs et l'\u00e9clairage doux, ce qui le rend particuli\u00e8rement adapt\u00e9 aux espaces commerciaux qui requi\u00e8rent une certaine ambiance, tels que les maisons d'h\u00f4tes et les h\u00f4tels de charme.<\/li>\n<\/ul>\n<\/div>\n\n\n\n<div class=\"wp-block-column is-layout-flow wp-block-column-is-layout-flow\">\n<figure class=\"wp-block-image size-full\"><img decoding=\"async\" width=\"800\" height=\"800\" src=\"https:\/\/www.lovinghomecollection.com\/wp-content\/uploads\/2025\/11\/Warm-Hue-Wholesale-Ceramic-Crockery-Set-With-Wavy-Edges-2.webp\" alt=\"Ensemble de vaisselle en c\u00e9ramique aux teintes chaudes avec bords ondul\u00e9s - 2\" class=\"wp-image-5058\" srcset=\"https:\/\/www.lovinghomecollection.com\/wp-content\/uploads\/2025\/11\/Warm-Hue-Wholesale-Ceramic-Crockery-Set-With-Wavy-Edges-2.webp 800w, https:\/\/www.lovinghomecollection.com\/wp-content\/uploads\/2025\/11\/Warm-Hue-Wholesale-Ceramic-Crockery-Set-With-Wavy-Edges-2-300x300.webp 300w, https:\/\/www.lovinghomecollection.com\/wp-content\/uploads\/2025\/11\/Warm-Hue-Wholesale-Ceramic-Crockery-Set-With-Wavy-Edges-2-150x150.webp 150w, https:\/\/www.lovinghomecollection.com\/wp-content\/uploads\/2025\/11\/Warm-Hue-Wholesale-Ceramic-Crockery-Set-With-Wavy-Edges-2-768x768.webp 768w, https:\/\/www.lovinghomecollection.com\/wp-content\/uploads\/2025\/11\/Warm-Hue-Wholesale-Ceramic-Crockery-Set-With-Wavy-Edges-2-12x12.webp 12w, https:\/\/www.lovinghomecollection.com\/wp-content\/uploads\/2025\/11\/Warm-Hue-Wholesale-Ceramic-Crockery-Set-With-Wavy-Edges-2-600x600.webp 600w, https:\/\/www.lovinghomecollection.com\/wp-content\/uploads\/2025\/11\/Warm-Hue-Wholesale-Ceramic-Crockery-Set-With-Wavy-Edges-2-100x100.webp 100w\" sizes=\"(max-width: 800px) 100vw, 800px\" \/><\/figure>\n<\/div>\n<\/div>\n\n\n\n<h2 class=\"wp-block-heading has-text-align-center\">Pr\u00e9sentation des produits de la vaisselle en c\u00e9ramique England Terra Wholesale<\/h2>\n\n\n\n<div class=\"wp-block-columns is-layout-flex wp-container-core-columns-is-layout-9d6595d7 wp-block-columns-is-layout-flex\">\n<div class=\"wp-block-column is-layout-flow wp-block-column-is-layout-flow\">\n<figure class=\"wp-block-image size-full\"><img decoding=\"async\" width=\"1727\" height=\"1388\" src=\"https:\/\/www.lovinghomecollection.com\/wp-content\/uploads\/2025\/11\/Warm-Hue-Wholesale-Ceramic-Crockery-Set-With-Wavy-Edges-12.webp\" alt=\"Set de vaisselle en c\u00e9ramique Warm Hue Wholesale avec bords ondul\u00e9s-12\" class=\"wp-image-5645\" srcset=\"https:\/\/www.lovinghomecollection.com\/wp-content\/uploads\/2025\/11\/Warm-Hue-Wholesale-Ceramic-Crockery-Set-With-Wavy-Edges-12.webp 1727w, https:\/\/www.lovinghomecollection.com\/wp-content\/uploads\/2025\/11\/Warm-Hue-Wholesale-Ceramic-Crockery-Set-With-Wavy-Edges-12-300x241.webp 300w, https:\/\/www.lovinghomecollection.com\/wp-content\/uploads\/2025\/11\/Warm-Hue-Wholesale-Ceramic-Crockery-Set-With-Wavy-Edges-12-768x617.webp 768w, https:\/\/www.lovinghomecollection.com\/wp-content\/uploads\/2025\/11\/Warm-Hue-Wholesale-Ceramic-Crockery-Set-With-Wavy-Edges-12-15x12.webp 15w, https:\/\/www.lovinghomecollection.com\/wp-content\/uploads\/2025\/11\/Warm-Hue-Wholesale-Ceramic-Crockery-Set-With-Wavy-Edges-12-1200x964.webp 1200w, https:\/\/www.lovinghomecollection.com\/wp-content\/uploads\/2025\/11\/Warm-Hue-Wholesale-Ceramic-Crockery-Set-With-Wavy-Edges-12-600x482.webp 600w\" sizes=\"(max-width: 1727px) 100vw, 1727px\" \/><\/figure>\n<\/div>\n\n\n\n<div class=\"wp-block-column is-layout-flow wp-block-column-is-layout-flow\">\n<figure class=\"wp-block-image size-full\"><img decoding=\"async\" width=\"1729\" height=\"1047\" src=\"https:\/\/www.lovinghomecollection.com\/wp-content\/uploads\/2025\/11\/Warm-Hue-Wholesale-Ceramic-Crockery-Set-With-Wavy-Edges-13.webp\" alt=\"Set de vaisselle en c\u00e9ramique de couleur chaude avec bords ondul\u00e9s-13\" class=\"wp-image-5646\" srcset=\"https:\/\/www.lovinghomecollection.com\/wp-content\/uploads\/2025\/11\/Warm-Hue-Wholesale-Ceramic-Crockery-Set-With-Wavy-Edges-13.webp 1729w, https:\/\/www.lovinghomecollection.com\/wp-content\/uploads\/2025\/11\/Warm-Hue-Wholesale-Ceramic-Crockery-Set-With-Wavy-Edges-13-300x182.webp 300w, https:\/\/www.lovinghomecollection.com\/wp-content\/uploads\/2025\/11\/Warm-Hue-Wholesale-Ceramic-Crockery-Set-With-Wavy-Edges-13-768x465.webp 768w, https:\/\/www.lovinghomecollection.com\/wp-content\/uploads\/2025\/11\/Warm-Hue-Wholesale-Ceramic-Crockery-Set-With-Wavy-Edges-13-18x12.webp 18w, https:\/\/www.lovinghomecollection.com\/wp-content\/uploads\/2025\/11\/Warm-Hue-Wholesale-Ceramic-Crockery-Set-With-Wavy-Edges-13-1200x727.webp 1200w, https:\/\/www.lovinghomecollection.com\/wp-content\/uploads\/2025\/11\/Warm-Hue-Wholesale-Ceramic-Crockery-Set-With-Wavy-Edges-13-600x363.webp 600w\" sizes=\"(max-width: 1729px) 100vw, 1729px\" \/><\/figure>\n<\/div>\n<\/div>\n\n\n\n<p><\/p>","protected":false},"excerpt":{"rendered":"<p>Bienvenue sur le site d'achat en gros de vaisselle en c\u00e9ramique. Notre vaisselle England Terra se caract\u00e9rise par des bords doux et ondul\u00e9s et se d\u00e9cline dans des tons chauds tels que le jaune, le vert clair et le rose-orange.<\/p>\n<table style=\"border-collapse: collapse; width: 338.02pt;\" border=\"0\" width=\"338\" cellspacing=\"0\" cellpadding=\"0\">\n<tbody>\n<tr style=\"height: 18.00pt;\">\n<td class=\"et3\" style=\"height: 18.00pt; width: 124.50pt;\" width=\"124\" height=\"18\">Fabricant<\/td>\n<td class=\"et3\" style=\"width: 214.40pt;\" width=\"214\">Un foyer d'amour<\/td>\n<\/tr>\n<tr style=\"height: 18.00pt;\">\n<td class=\"et3\" style=\"height: 18.00pt; width: 124.50pt;\" width=\"124\" height=\"18\">Nom de la collection<\/td>\n<td class=\"et4\" style=\"width: 214.40pt;\" width=\"214\">Angleterre Terra<\/td>\n<\/tr>\n<tr style=\"height: 18.00pt;\">\n<td class=\"et3\" style=\"height: 18.00pt; width: 124.50pt;\" width=\"124\" height=\"18\">Utilisation<\/td>\n<td class=\"et3\" style=\"width: 214.40pt;\" width=\"214\">Maison, Restaurant, H\u00f4tel<\/td>\n<\/tr>\n<tr style=\"height: 36.00pt;\">\n<td class=\"et3\" style=\"height: 36.00pt; width: 124.50pt;\" width=\"124\" height=\"36\">Type de vaisselle<\/td>\n<td class=\"et3\" style=\"width: 214.40pt;\" width=\"214\">Assiette, bol, beurrier, th\u00e9i\u00e8re, cr\u00e9mier, sucrier, tasse et soucoupe, mug<\/td>\n<\/tr>\n<tr style=\"height: 18.00pt;\">\n<td class=\"et3\" style=\"height: 18.00pt; width: 124.50pt;\" width=\"124\" height=\"18\">Mat\u00e9riau<\/td>\n<td class=\"et3\" style=\"width: 214.40pt;\" width=\"214\">Porcelaine durable<\/td>\n<\/tr>\n<tr style=\"height: 18.00pt;\">\n<td class=\"et3\" style=\"height: 18.00pt; width: 124.50pt;\" width=\"124\" height=\"18\">Dimension<\/td>\n<td class=\"et3\" style=\"width: 214.40pt;\" width=\"214\">Comme l'indique la photo de d\u00e9tail<\/td>\n<\/tr>\n<tr style=\"height: 18.00pt;\">\n<td class=\"et3\" style=\"height: 18.00pt; width: 124.50pt;\" width=\"124\" height=\"18\">Unit\u00e9s de vente<\/td>\n<td class=\"et3\" style=\"width: 214.40pt;\" width=\"214\">Article unique<\/td>\n<\/tr>\n<tr style=\"height: 18.00pt;\">\n<td class=\"et3\" style=\"height: 18.00pt; width: 124.50pt;\" width=\"124\" height=\"18\">MOQ<\/td>\n<td class=\"et3\" style=\"width: 214.40pt;\" width=\"214\">1200\/pcs par article<\/td>\n<\/tr>\n<tr style=\"height: 18.00pt;\">\n<td class=\"et3\" style=\"height: 18.00pt; width: 124.50pt;\" width=\"124\" height=\"18\">Option personnalis\u00e9e<\/td>\n<td class=\"et3\" style=\"width: 214.40pt;\" width=\"214\">Couleur\/Taille\/Glaze\/Logo\/Emballage<\/td>\n<\/tr>\n<\/tbody>\n<\/table>","protected":false},"featured_media":5064,"comment_status":"closed","ping_status":"closed","template":"","meta":{"_acf_changed":false},"product_brand":[],"product_cat":[19],"product_tag":[25,39,27,26],"class_list":{"0":"post-5056","1":"product","2":"type-product","3":"status-publish","4":"has-post-thumbnail","6":"product_cat-dinnerware-wholesale","7":"product_tag-wholesale-plates-and-bowls","8":"product_tag-sugar-jars-wholesale","9":"product_tag-wholesale-tea-cups-and-saucers","10":"product_tag-wholesale-teapots","12":"first","13":"instock","14":"shipping-taxable","15":"product-type-simple"},"acf":[],"_links":{"self":[{"href":"https:\/\/www.lovinghomecollection.com\/fr\/wp-json\/wp\/v2\/product\/5056","targetHints":{"allow":["GET"]}}],"collection":[{"href":"https:\/\/www.lovinghomecollection.com\/fr\/wp-json\/wp\/v2\/product"}],"about":[{"href":"https:\/\/www.lovinghomecollection.com\/fr\/wp-json\/wp\/v2\/types\/product"}],"replies":[{"embeddable":true,"href":"https:\/\/www.lovinghomecollection.com\/fr\/wp-json\/wp\/v2\/comments?post=5056"}],"wp:featuredmedia":[{"embeddable":true,"href":"https:\/\/www.lovinghomecollection.com\/fr\/wp-json\/wp\/v2\/media\/5064"}],"wp:attachment":[{"href":"https:\/\/www.lovinghomecollection.com\/fr\/wp-json\/wp\/v2\/media?parent=5056"}],"wp:term":[{"taxonomy":"product_brand","embeddable":true,"href":"https:\/\/www.lovinghomecollection.com\/fr\/wp-json\/wp\/v2\/product_brand?post=5056"},{"taxonomy":"product_cat","embeddable":true,"href":"https:\/\/www.lovinghomecollection.com\/fr\/wp-json\/wp\/v2\/product_cat?post=5056"},{"taxonomy":"product_tag","embeddable":true,"href":"https:\/\/www.lovinghomecollection.com\/fr\/wp-json\/wp\/v2\/product_tag?post=5056"}],"curies":[{"name":"wp","href":"https:\/\/api.w.org\/{rel}","templated":true}]}}