{"id":5038,"date":"2025-11-05T06:54:02","date_gmt":"2025-11-05T06:54:02","guid":{"rendered":"https:\/\/www.lovinghomecollection.com\/?post_type=product&#038;p=5038"},"modified":"2025-11-20T08:06:59","modified_gmt":"2025-11-20T08:06:59","slug":"wholesale-serveware","status":"publish","type":"product","link":"https:\/\/www.lovinghomecollection.com\/fr\/produit\/wholesale-serveware\/","title":{"rendered":"Nouveau Design Wholesale Serveware, Christmas Plate Bowl Cup Set"},"content":{"rendered":"<div class=\"wp-block-columns is-layout-flex wp-container-core-columns-is-layout-9d6595d7 wp-block-columns-is-layout-flex\">\n<div class=\"wp-block-column is-layout-flow wp-block-column-is-layout-flow\" style=\"flex-basis:60%\">\n<h2 class=\"wp-block-heading\">Premium Wholesale Serveware Sets Caract\u00e9ristiques :<\/h2>\n\n\n\n<ul class=\"wp-block-list\">\n<li><strong>Th\u00e8me de vacances original :<\/strong> Ce service de gros incorpore des formes d\u00e9licates comme des arbres de No\u00ebl, des cloches et des fleurs, avec des rouges et des verts vifs intemporels, et des finitions mates qui cr\u00e9ent rapidement une atmosph\u00e8re de vacances chaleureuse, m\u00eame sur la table la plus \u00e9l\u00e9gamment habill\u00e9e.<\/li>\n\n\n\n<li><strong>Gamme compl\u00e8te de produits : <\/strong>Notre collection de vaisselle en c\u00e9ramique en gros comprend une offre compl\u00e8te d'assiettes, de bols, de plats, de tasses, de plateaux de cuisson, de flacons \u00e0 condiments et de lampes d'aromath\u00e9rapie, ainsi que tout autre besoin vari\u00e9 du moment, offrant un guichet unique pour les commandes en vrac.<\/li>\n\n\n\n<li><strong>Mat\u00e9riau sans plomb s\u00fbr :<\/strong> Notre collection d'articles de service en gros est compos\u00e9e d'articles \u00e9maill\u00e9s sans plomb certifi\u00e9s s\u00fbrs pour l'alimentation, durables et faciles \u00e0 entretenir, dont le design esth\u00e9tique assure \u00e9galement la protection de la sant\u00e9 et de la s\u00e9curit\u00e9 alimentaire.<\/li>\n\n\n\n<li><strong>Hautement adaptable \u00e0 divers sc\u00e9narios : <\/strong>Notre ensemble de vaisselle en c\u00e9ramique est polyvalent pour les repas de tous les jours, les banquets de f\u00eate et les cadeaux. La surface mate et les couleurs vives permettent \u00e0 la collection de s'adapter au style de d\u00e9coration, ajoutant de la valeur aux exp\u00e9riences commerciales et domestiques.<\/li>\n<\/ul>\n<\/div>\n\n\n\n<div class=\"wp-block-column is-layout-flow wp-block-column-is-layout-flow\">\n<figure class=\"wp-block-image size-full\"><img decoding=\"async\" width=\"800\" height=\"800\" src=\"https:\/\/www.lovinghomecollection.com\/wp-content\/uploads\/2025\/11\/New-Design-Wholesale-Serveware-Christmas-Plate-Bowl-Cup-Set-1.webp\" alt=\"Nouveau Design Wholesale Serveware, Christmas Plate Bowl Cup Set-1\" class=\"wp-image-5039\" srcset=\"https:\/\/www.lovinghomecollection.com\/wp-content\/uploads\/2025\/11\/New-Design-Wholesale-Serveware-Christmas-Plate-Bowl-Cup-Set-1.webp 800w, https:\/\/www.lovinghomecollection.com\/wp-content\/uploads\/2025\/11\/New-Design-Wholesale-Serveware-Christmas-Plate-Bowl-Cup-Set-1-300x300.webp 300w, https:\/\/www.lovinghomecollection.com\/wp-content\/uploads\/2025\/11\/New-Design-Wholesale-Serveware-Christmas-Plate-Bowl-Cup-Set-1-150x150.webp 150w, https:\/\/www.lovinghomecollection.com\/wp-content\/uploads\/2025\/11\/New-Design-Wholesale-Serveware-Christmas-Plate-Bowl-Cup-Set-1-768x768.webp 768w, https:\/\/www.lovinghomecollection.com\/wp-content\/uploads\/2025\/11\/New-Design-Wholesale-Serveware-Christmas-Plate-Bowl-Cup-Set-1-12x12.webp 12w, https:\/\/www.lovinghomecollection.com\/wp-content\/uploads\/2025\/11\/New-Design-Wholesale-Serveware-Christmas-Plate-Bowl-Cup-Set-1-600x600.webp 600w, https:\/\/www.lovinghomecollection.com\/wp-content\/uploads\/2025\/11\/New-Design-Wholesale-Serveware-Christmas-Plate-Bowl-Cup-Set-1-100x100.webp 100w\" sizes=\"(max-width: 800px) 100vw, 800px\" \/><\/figure>\n<\/div>\n<\/div>\n\n\n\n<h2 class=\"wp-block-heading has-text-align-center\">Pr\u00e9sentation des sets de service en gros de Earthen Cheer<\/h2>\n\n\n\n<div class=\"wp-block-columns is-layout-flex wp-container-core-columns-is-layout-9d6595d7 wp-block-columns-is-layout-flex\">\n<div class=\"wp-block-column is-layout-flow wp-block-column-is-layout-flow\">\n<figure class=\"wp-block-image size-full\"><img decoding=\"async\" width=\"1715\" height=\"2480\" src=\"https:\/\/www.lovinghomecollection.com\/wp-content\/uploads\/2025\/11\/New-Design-Wholesale-Serveware-Christmas-Plate-Bowl-Cup-Set-18.webp\" alt=\"Nouveau Design Wholesale Serveware, Christmas Plate Bowl Cup Set-18\" class=\"wp-image-5639\" srcset=\"https:\/\/www.lovinghomecollection.com\/wp-content\/uploads\/2025\/11\/New-Design-Wholesale-Serveware-Christmas-Plate-Bowl-Cup-Set-18.webp 1715w, https:\/\/www.lovinghomecollection.com\/wp-content\/uploads\/2025\/11\/New-Design-Wholesale-Serveware-Christmas-Plate-Bowl-Cup-Set-18-207x300.webp 207w, https:\/\/www.lovinghomecollection.com\/wp-content\/uploads\/2025\/11\/New-Design-Wholesale-Serveware-Christmas-Plate-Bowl-Cup-Set-18-768x1111.webp 768w, https:\/\/www.lovinghomecollection.com\/wp-content\/uploads\/2025\/11\/New-Design-Wholesale-Serveware-Christmas-Plate-Bowl-Cup-Set-18-8x12.webp 8w, https:\/\/www.lovinghomecollection.com\/wp-content\/uploads\/2025\/11\/New-Design-Wholesale-Serveware-Christmas-Plate-Bowl-Cup-Set-18-1200x1735.webp 1200w, https:\/\/www.lovinghomecollection.com\/wp-content\/uploads\/2025\/11\/New-Design-Wholesale-Serveware-Christmas-Plate-Bowl-Cup-Set-18-600x868.webp 600w\" sizes=\"(max-width: 1715px) 100vw, 1715px\" \/><\/figure>\n<\/div>\n\n\n\n<div class=\"wp-block-column is-layout-flow wp-block-column-is-layout-flow\">\n<figure class=\"wp-block-image size-full\"><img decoding=\"async\" width=\"1711\" height=\"1742\" src=\"https:\/\/www.lovinghomecollection.com\/wp-content\/uploads\/2025\/11\/New-Design-Wholesale-Serveware-Christmas-Plate-Bowl-Cup-Set-19.webp\" alt=\"Nouveau Design Wholesale Serveware, Christmas Plate Bowl Cup Set-19\" class=\"wp-image-5640\" srcset=\"https:\/\/www.lovinghomecollection.com\/wp-content\/uploads\/2025\/11\/New-Design-Wholesale-Serveware-Christmas-Plate-Bowl-Cup-Set-19.webp 1711w, https:\/\/www.lovinghomecollection.com\/wp-content\/uploads\/2025\/11\/New-Design-Wholesale-Serveware-Christmas-Plate-Bowl-Cup-Set-19-295x300.webp 295w, https:\/\/www.lovinghomecollection.com\/wp-content\/uploads\/2025\/11\/New-Design-Wholesale-Serveware-Christmas-Plate-Bowl-Cup-Set-19-768x782.webp 768w, https:\/\/www.lovinghomecollection.com\/wp-content\/uploads\/2025\/11\/New-Design-Wholesale-Serveware-Christmas-Plate-Bowl-Cup-Set-19-12x12.webp 12w, https:\/\/www.lovinghomecollection.com\/wp-content\/uploads\/2025\/11\/New-Design-Wholesale-Serveware-Christmas-Plate-Bowl-Cup-Set-19-1200x1222.webp 1200w, https:\/\/www.lovinghomecollection.com\/wp-content\/uploads\/2025\/11\/New-Design-Wholesale-Serveware-Christmas-Plate-Bowl-Cup-Set-19-600x611.webp 600w\" sizes=\"(max-width: 1711px) 100vw, 1711px\" \/><\/figure>\n<\/div>\n<\/div>","protected":false},"excerpt":{"rendered":"<p>D\u00e9couvrez la vaisselle en gros de qualit\u00e9 sup\u00e9rieure pour No\u00ebl. Notre ensemble de vaisselle en c\u00e9ramique Earthen Cheer sur le th\u00e8me des f\u00eates pr\u00e9sente des rouges et des verts \u00e9clatants, surmont\u00e9s de finitions mates, et est redessin\u00e9 avec des chandeliers, des lampes d'aromath\u00e9rapie et d'autres pi\u00e8ces assorties.<\/p>\n<table style=\"border-collapse: collapse; width: 338.02pt;\" border=\"0\" width=\"338\" cellspacing=\"0\" cellpadding=\"0\">\n<tbody>\n<tr style=\"height: 18.00pt;\">\n<td class=\"et3\" style=\"height: 18.00pt; width: 124.50pt;\" width=\"124\" height=\"18\">Fabricant<\/td>\n<td class=\"et3\" style=\"width: 214.40pt;\" width=\"214\">Un foyer d'amour<\/td>\n<\/tr>\n<tr style=\"height: 18.00pt;\">\n<td class=\"et3\" style=\"height: 18.00pt; width: 124.50pt;\" width=\"124\" height=\"18\">Nom de la collection<\/td>\n<td class=\"et4\" style=\"width: 214.40pt;\" width=\"214\">Joie terrestre<\/td>\n<\/tr>\n<tr style=\"height: 18.00pt;\">\n<td class=\"et3\" style=\"height: 18.00pt; width: 124.50pt;\" width=\"124\" height=\"18\">Utilisation<\/td>\n<td class=\"et3\" style=\"width: 214.40pt;\" width=\"214\">Maison, Restaurant, H\u00f4tel<\/td>\n<\/tr>\n<tr style=\"height: 36.00pt;\">\n<td class=\"et3\" style=\"height: 36.00pt; width: 124.50pt;\" width=\"124\" height=\"36\">Type de vaisselle<\/td>\n<td class=\"et3\" style=\"width: 214.40pt;\" width=\"214\">Assiette, bol, th\u00e9i\u00e8re, cr\u00e9mier, sucrier, tasse et soucoupe, mug, porte-g\u00e2teau<\/td>\n<\/tr>\n<tr style=\"height: 18.00pt;\">\n<td class=\"et3\" style=\"height: 18.00pt; width: 124.50pt;\" width=\"124\" height=\"18\">Mat\u00e9riau<\/td>\n<td class=\"et3\" style=\"width: 214.40pt;\" width=\"214\">Porcelaine durable<\/td>\n<\/tr>\n<tr style=\"height: 18.00pt;\">\n<td class=\"et3\" style=\"height: 18.00pt; width: 124.50pt;\" width=\"124\" height=\"18\">Dimension<\/td>\n<td class=\"et3\" style=\"width: 214.40pt;\" width=\"214\">Comme l'indique la photo de d\u00e9tail<\/td>\n<\/tr>\n<tr style=\"height: 18.00pt;\">\n<td class=\"et3\" style=\"height: 18.00pt; width: 124.50pt;\" width=\"124\" height=\"18\">Unit\u00e9s de vente<\/td>\n<td class=\"et3\" style=\"width: 214.40pt;\" width=\"214\">Article unique<\/td>\n<\/tr>\n<tr style=\"height: 18.00pt;\">\n<td class=\"et3\" style=\"height: 18.00pt; width: 124.50pt;\" width=\"124\" height=\"18\">MOQ<\/td>\n<td class=\"et3\" style=\"width: 214.40pt;\" width=\"214\">1200\/pcs par article<\/td>\n<\/tr>\n<tr style=\"height: 18.00pt;\">\n<td class=\"et3\" style=\"height: 18.00pt; width: 124.50pt;\" width=\"124\" height=\"18\">Option personnalis\u00e9e<\/td>\n<td class=\"et3\" style=\"width: 214.40pt;\" width=\"214\">Couleur\/Taille\/Glaze\/Logo\/Emballage<\/td>\n<\/tr>\n<\/tbody>\n<\/table>","protected":false},"featured_media":5636,"comment_status":"closed","ping_status":"closed","template":"","meta":{"_acf_changed":false},"product_brand":[],"product_cat":[19,52],"product_tag":[25,41,39,34,27,26],"class_list":{"0":"post-5038","1":"product","2":"type-product","3":"status-publish","4":"has-post-thumbnail","6":"product_cat-dinnerware-wholesale","7":"product_cat-holiday-tableware-supplier","8":"product_tag-wholesale-plates-and-bowls","9":"product_tag-salt-and-pepper-shakers-bulk","10":"product_tag-sugar-jars-wholesale","11":"product_tag-olive-oil-dipping-bowls-wholesale","12":"product_tag-wholesale-tea-cups-and-saucers","13":"product_tag-wholesale-teapots","15":"first","16":"instock","17":"shipping-taxable","18":"product-type-simple"},"acf":[],"_links":{"self":[{"href":"https:\/\/www.lovinghomecollection.com\/fr\/wp-json\/wp\/v2\/product\/5038","targetHints":{"allow":["GET"]}}],"collection":[{"href":"https:\/\/www.lovinghomecollection.com\/fr\/wp-json\/wp\/v2\/product"}],"about":[{"href":"https:\/\/www.lovinghomecollection.com\/fr\/wp-json\/wp\/v2\/types\/product"}],"replies":[{"embeddable":true,"href":"https:\/\/www.lovinghomecollection.com\/fr\/wp-json\/wp\/v2\/comments?post=5038"}],"wp:featuredmedia":[{"embeddable":true,"href":"https:\/\/www.lovinghomecollection.com\/fr\/wp-json\/wp\/v2\/media\/5636"}],"wp:attachment":[{"href":"https:\/\/www.lovinghomecollection.com\/fr\/wp-json\/wp\/v2\/media?parent=5038"}],"wp:term":[{"taxonomy":"product_brand","embeddable":true,"href":"https:\/\/www.lovinghomecollection.com\/fr\/wp-json\/wp\/v2\/product_brand?post=5038"},{"taxonomy":"product_cat","embeddable":true,"href":"https:\/\/www.lovinghomecollection.com\/fr\/wp-json\/wp\/v2\/product_cat?post=5038"},{"taxonomy":"product_tag","embeddable":true,"href":"https:\/\/www.lovinghomecollection.com\/fr\/wp-json\/wp\/v2\/product_tag?post=5038"}],"curies":[{"name":"wp","href":"https:\/\/api.w.org\/{rel}","templated":true}]}}