{"id":5028,"date":"2025-11-05T06:31:26","date_gmt":"2025-11-05T06:31:26","guid":{"rendered":"https:\/\/www.lovinghomecollection.com\/?post_type=product&#038;p=5028"},"modified":"2025-11-20T08:06:51","modified_gmt":"2025-11-20T08:06:51","slug":"bright-colored-dinner-sets-wholesale","status":"publish","type":"product","link":"https:\/\/www.lovinghomecollection.com\/fr\/produit\/bright-colored-dinner-sets-wholesale\/","title":{"rendered":"Service de table aux couleurs vives Wholesale Porcelain Crockery Sets"},"content":{"rendered":"<div class=\"wp-block-columns is-layout-flex wp-container-core-columns-is-layout-9d6595d7 wp-block-columns-is-layout-flex\">\n<div class=\"wp-block-column is-layout-flow wp-block-column-is-layout-flow\" style=\"flex-basis:60%\">\n<h2 class=\"wp-block-heading\">Ensemble de d\u00eeners de couleur vive de premi\u00e8re qualit\u00e9 Caract\u00e9ristiques de la vente en gros :<\/h2>\n\n\n\n<ul class=\"wp-block-list\">\n<li><strong>Conception esth\u00e9tique originale : <\/strong>Nos sets de table aux couleurs vives pr\u00e9sentent des motifs verticaux uniques et des bordures perl\u00e9es, cr\u00e9ant un effet de superposition et rehaussant sans effort l'aspect artistique des tables \u00e0 manger.<\/li>\n\n\n\n<li><strong>Options de couleurs vibrantes : <\/strong>Ces sets de vaisselle en porcelaine sont propos\u00e9s dans une vari\u00e9t\u00e9 de couleurs vives comme le vert clair, le rose, le rouge et le gris pour r\u00e9pondre aux exigences de style des diff\u00e9rentes occasions.<\/li>\n\n\n\n<li><strong>Mat\u00e9riaux s\u00fbrs sans plomb : <\/strong>Ces services de table aux couleurs vives sont fabriqu\u00e9s avec un \u00e9mail sans plomb qui r\u00e9pond aux exigences en mati\u00e8re de s\u00e9curit\u00e9 alimentaire. Ils sont durables, faciles \u00e0 nettoyer et s\u00fbrs \u00e0 utiliser.<\/li>\n\n\n\n<li><strong>Combinaisons compl\u00e8tes de jeux : <\/strong>Nos sets de vaisselle en porcelaine en gros comprennent une gamme compl\u00e8te de styles et de tailles, y compris des assiettes, des bols, des th\u00e9i\u00e8res, des tasses et des soucoupes. Les achats en gros sont disponibles pour fournir une solution unique pour tous vos besoins en mati\u00e8re de restauration.<\/li>\n<\/ul>\n<\/div>\n\n\n\n<div class=\"wp-block-column is-layout-flow wp-block-column-is-layout-flow\">\n<figure class=\"wp-block-image size-full\"><img decoding=\"async\" width=\"1200\" height=\"1200\" src=\"https:\/\/www.lovinghomecollection.com\/wp-content\/uploads\/2025\/11\/Bright-Colored-Dinner-Sets-Wholesale-Porcelain-Crockery-Sets-14.jpg\" alt=\"Service de table aux couleurs vives Wholesale Porcelain Crockery Sets-14\" class=\"wp-image-5660\" srcset=\"https:\/\/www.lovinghomecollection.com\/wp-content\/uploads\/2025\/11\/Bright-Colored-Dinner-Sets-Wholesale-Porcelain-Crockery-Sets-14.jpg 1200w, https:\/\/www.lovinghomecollection.com\/wp-content\/uploads\/2025\/11\/Bright-Colored-Dinner-Sets-Wholesale-Porcelain-Crockery-Sets-14-300x300.jpg 300w, https:\/\/www.lovinghomecollection.com\/wp-content\/uploads\/2025\/11\/Bright-Colored-Dinner-Sets-Wholesale-Porcelain-Crockery-Sets-14-150x150.jpg 150w, https:\/\/www.lovinghomecollection.com\/wp-content\/uploads\/2025\/11\/Bright-Colored-Dinner-Sets-Wholesale-Porcelain-Crockery-Sets-14-768x768.jpg 768w, https:\/\/www.lovinghomecollection.com\/wp-content\/uploads\/2025\/11\/Bright-Colored-Dinner-Sets-Wholesale-Porcelain-Crockery-Sets-14-12x12.jpg 12w, https:\/\/www.lovinghomecollection.com\/wp-content\/uploads\/2025\/11\/Bright-Colored-Dinner-Sets-Wholesale-Porcelain-Crockery-Sets-14-600x600.jpg 600w, https:\/\/www.lovinghomecollection.com\/wp-content\/uploads\/2025\/11\/Bright-Colored-Dinner-Sets-Wholesale-Porcelain-Crockery-Sets-14-100x100.jpg 100w\" sizes=\"(max-width: 1200px) 100vw, 1200px\" \/><\/figure>\n<\/div>\n<\/div>\n\n\n\n<h2 class=\"wp-block-heading has-text-align-center\">Pr\u00e9sentation du produit Bead Line Bright Colored Dinner Sets Wholesale<\/h2>\n\n\n\n<div class=\"wp-block-columns is-layout-flex wp-container-core-columns-is-layout-9d6595d7 wp-block-columns-is-layout-flex\">\n<div class=\"wp-block-column is-layout-flow wp-block-column-is-layout-flow\">\n<figure class=\"wp-block-image size-full\"><img decoding=\"async\" width=\"1804\" height=\"2008\" src=\"https:\/\/www.lovinghomecollection.com\/wp-content\/uploads\/2025\/11\/Bright-Colored-Dinner-Sets-Wholesale-Porcelain-Crockery-Sets-16.jpg\" alt=\"Service de table aux couleurs vives Wholesale Porcelain Crockery Sets-16\" class=\"wp-image-5662\" srcset=\"https:\/\/www.lovinghomecollection.com\/wp-content\/uploads\/2025\/11\/Bright-Colored-Dinner-Sets-Wholesale-Porcelain-Crockery-Sets-16.jpg 1804w, https:\/\/www.lovinghomecollection.com\/wp-content\/uploads\/2025\/11\/Bright-Colored-Dinner-Sets-Wholesale-Porcelain-Crockery-Sets-16-270x300.jpg 270w, https:\/\/www.lovinghomecollection.com\/wp-content\/uploads\/2025\/11\/Bright-Colored-Dinner-Sets-Wholesale-Porcelain-Crockery-Sets-16-768x855.jpg 768w, https:\/\/www.lovinghomecollection.com\/wp-content\/uploads\/2025\/11\/Bright-Colored-Dinner-Sets-Wholesale-Porcelain-Crockery-Sets-16-11x12.jpg 11w, https:\/\/www.lovinghomecollection.com\/wp-content\/uploads\/2025\/11\/Bright-Colored-Dinner-Sets-Wholesale-Porcelain-Crockery-Sets-16-1200x1336.jpg 1200w, https:\/\/www.lovinghomecollection.com\/wp-content\/uploads\/2025\/11\/Bright-Colored-Dinner-Sets-Wholesale-Porcelain-Crockery-Sets-16-600x668.jpg 600w\" sizes=\"(max-width: 1804px) 100vw, 1804px\" \/><\/figure>\n<\/div>\n\n\n\n<div class=\"wp-block-column is-layout-flow wp-block-column-is-layout-flow\">\n<figure class=\"wp-block-image size-full\"><img decoding=\"async\" width=\"1804\" height=\"1236\" src=\"https:\/\/www.lovinghomecollection.com\/wp-content\/uploads\/2025\/11\/Bright-Colored-Dinner-Sets-Wholesale-Porcelain-Crockery-Sets-15.jpg\" alt=\"Service de table aux couleurs vives Service de vaisselle en porcelaine en gros - 15\" class=\"wp-image-5661\" srcset=\"https:\/\/www.lovinghomecollection.com\/wp-content\/uploads\/2025\/11\/Bright-Colored-Dinner-Sets-Wholesale-Porcelain-Crockery-Sets-15.jpg 1804w, https:\/\/www.lovinghomecollection.com\/wp-content\/uploads\/2025\/11\/Bright-Colored-Dinner-Sets-Wholesale-Porcelain-Crockery-Sets-15-300x206.jpg 300w, https:\/\/www.lovinghomecollection.com\/wp-content\/uploads\/2025\/11\/Bright-Colored-Dinner-Sets-Wholesale-Porcelain-Crockery-Sets-15-768x526.jpg 768w, https:\/\/www.lovinghomecollection.com\/wp-content\/uploads\/2025\/11\/Bright-Colored-Dinner-Sets-Wholesale-Porcelain-Crockery-Sets-15-18x12.jpg 18w, https:\/\/www.lovinghomecollection.com\/wp-content\/uploads\/2025\/11\/Bright-Colored-Dinner-Sets-Wholesale-Porcelain-Crockery-Sets-15-1200x822.jpg 1200w, https:\/\/www.lovinghomecollection.com\/wp-content\/uploads\/2025\/11\/Bright-Colored-Dinner-Sets-Wholesale-Porcelain-Crockery-Sets-15-600x411.jpg 600w\" sizes=\"(max-width: 1804px) 100vw, 1804px\" \/><\/figure>\n<\/div>\n<\/div>","protected":false},"excerpt":{"rendered":"<p>D\u00e9couvrez les services de vaisselle aux couleurs vives de LovingHome. Nos sets de vaisselle en porcelaine de la collection Bead Line pr\u00e9sentent des rayures verticales frappantes et des bordures perl\u00e9es, offrant une vari\u00e9t\u00e9 de couleurs vibrantes. Fabriqu\u00e9s avec des mat\u00e9riaux s\u00fbrs et sans plomb, ils allient esth\u00e9tique et praticit\u00e9.<\/p>\n<table style=\"border-collapse: collapse; width: 338.02pt;\" border=\"0\" width=\"338\" cellspacing=\"0\" cellpadding=\"0\">\n<tbody>\n<tr style=\"height: 18.00pt;\">\n<td class=\"et3\" style=\"height: 18.00pt; width: 124.50pt;\" width=\"124\" height=\"18\">Fabricant<\/td>\n<td class=\"et3\" style=\"width: 214.40pt;\" width=\"214\">Un foyer d'amour<\/td>\n<\/tr>\n<tr style=\"height: 18.00pt;\">\n<td class=\"et3\" style=\"height: 18.00pt; width: 124.50pt;\" width=\"124\" height=\"18\">Nom de la collection<\/td>\n<td class=\"et4\" style=\"width: 214.40pt;\" width=\"214\">Ligne de perles<\/td>\n<\/tr>\n<tr style=\"height: 18.00pt;\">\n<td class=\"et3\" style=\"height: 18.00pt; width: 124.50pt;\" width=\"124\" height=\"18\">Utilisation<\/td>\n<td class=\"et3\" style=\"width: 214.40pt;\" width=\"214\">Maison, Restaurant, H\u00f4tel<\/td>\n<\/tr>\n<tr style=\"height: 36.00pt;\">\n<td class=\"et3\" style=\"height: 36.00pt; width: 124.50pt;\" width=\"124\" height=\"36\">Type de vaisselle<\/td>\n<td class=\"et3\" style=\"width: 214.40pt;\" width=\"214\">Assiette, bol, th\u00e9i\u00e8re, cr\u00e9mier, sucrier, tasse et soucoupe, mug, porte-g\u00e2teau<\/td>\n<\/tr>\n<tr style=\"height: 18.00pt;\">\n<td class=\"et3\" style=\"height: 18.00pt; width: 124.50pt;\" width=\"124\" height=\"18\">Mat\u00e9riau<\/td>\n<td class=\"et3\" style=\"width: 214.40pt;\" width=\"214\">Porcelaine durable<\/td>\n<\/tr>\n<tr style=\"height: 18.00pt;\">\n<td class=\"et3\" style=\"height: 18.00pt; width: 124.50pt;\" width=\"124\" height=\"18\">Dimension<\/td>\n<td class=\"et3\" style=\"width: 214.40pt;\" width=\"214\">Comme l'indique la photo de d\u00e9tail<\/td>\n<\/tr>\n<tr style=\"height: 18.00pt;\">\n<td class=\"et3\" style=\"height: 18.00pt; width: 124.50pt;\" width=\"124\" height=\"18\">Unit\u00e9s de vente<\/td>\n<td class=\"et3\" style=\"width: 214.40pt;\" width=\"214\">Article unique<\/td>\n<\/tr>\n<tr style=\"height: 18.00pt;\">\n<td class=\"et3\" style=\"height: 18.00pt; width: 124.50pt;\" width=\"124\" height=\"18\">MOQ<\/td>\n<td class=\"et3\" style=\"width: 214.40pt;\" width=\"214\">1200\/pcs par article<\/td>\n<\/tr>\n<tr style=\"height: 18.00pt;\">\n<td class=\"et3\" style=\"height: 18.00pt; width: 124.50pt;\" width=\"124\" height=\"18\">Option personnalis\u00e9e<\/td>\n<td class=\"et3\" style=\"width: 214.40pt;\" width=\"214\">Couleur\/Taille\/Glaze\/Logo\/Emballage<\/td>\n<\/tr>\n<\/tbody>\n<\/table>","protected":false},"featured_media":5655,"comment_status":"closed","ping_status":"closed","template":"","meta":{"_acf_changed":false},"product_brand":[],"product_cat":[19],"product_tag":[37,25,39,27,26],"class_list":{"0":"post-5028","1":"product","2":"type-product","3":"status-publish","4":"has-post-thumbnail","6":"product_cat-dinnerware-wholesale","7":"product_tag-bulk-cake-stands","8":"product_tag-wholesale-plates-and-bowls","9":"product_tag-sugar-jars-wholesale","10":"product_tag-wholesale-tea-cups-and-saucers","11":"product_tag-wholesale-teapots","13":"first","14":"instock","15":"shipping-taxable","16":"product-type-simple"},"acf":[],"_links":{"self":[{"href":"https:\/\/www.lovinghomecollection.com\/fr\/wp-json\/wp\/v2\/product\/5028","targetHints":{"allow":["GET"]}}],"collection":[{"href":"https:\/\/www.lovinghomecollection.com\/fr\/wp-json\/wp\/v2\/product"}],"about":[{"href":"https:\/\/www.lovinghomecollection.com\/fr\/wp-json\/wp\/v2\/types\/product"}],"replies":[{"embeddable":true,"href":"https:\/\/www.lovinghomecollection.com\/fr\/wp-json\/wp\/v2\/comments?post=5028"}],"wp:featuredmedia":[{"embeddable":true,"href":"https:\/\/www.lovinghomecollection.com\/fr\/wp-json\/wp\/v2\/media\/5655"}],"wp:attachment":[{"href":"https:\/\/www.lovinghomecollection.com\/fr\/wp-json\/wp\/v2\/media?parent=5028"}],"wp:term":[{"taxonomy":"product_brand","embeddable":true,"href":"https:\/\/www.lovinghomecollection.com\/fr\/wp-json\/wp\/v2\/product_brand?post=5028"},{"taxonomy":"product_cat","embeddable":true,"href":"https:\/\/www.lovinghomecollection.com\/fr\/wp-json\/wp\/v2\/product_cat?post=5028"},{"taxonomy":"product_tag","embeddable":true,"href":"https:\/\/www.lovinghomecollection.com\/fr\/wp-json\/wp\/v2\/product_tag?post=5028"}],"curies":[{"name":"wp","href":"https:\/\/api.w.org\/{rel}","templated":true}]}}