{"id":4841,"date":"2025-09-23T07:45:06","date_gmt":"2025-09-23T07:45:06","guid":{"rendered":"https:\/\/www.lovinghomecollection.com\/?post_type=product&#038;p=4841"},"modified":"2025-11-17T09:13:38","modified_gmt":"2025-11-17T09:13:38","slug":"color-dinner-set-wholesale","status":"publish","type":"product","link":"https:\/\/www.lovinghomecollection.com\/fr\/produit\/color-dinner-set-wholesale\/","title":{"rendered":"Color Dinner Set Wholesale With Chinese Opera Faces Patterns"},"content":{"rendered":"<div class=\"wp-block-columns is-layout-flex wp-container-core-columns-is-layout-9d6595d7 wp-block-columns-is-layout-flex\">\n<div class=\"wp-block-column is-layout-flow wp-block-column-is-layout-flow\" style=\"flex-basis:60%\">\n<h2 class=\"wp-block-heading\">Premium Color Dinner Set Wholesale Caract\u00e9ristiques :<\/h2>\n\n\n\n<ul class=\"wp-block-list\">\n<li><strong>Patrimoine culturel immat\u00e9riel de l'op\u00e9ra Maquillage du visage : <\/strong>Ce service de table en couleur s'inspire du maquillage classique de l'op\u00e9ra de P\u00e9kin, avec des couleurs et des motifs diff\u00e9rents correspondant \u00e0 des personnages sp\u00e9cifiques, ce qui conf\u00e8re \u00e0 la vaisselle une profonde narration culturelle.<\/li>\n\n\n\n<li><strong>Peint \u00e0 la main, artisanat et collection artistique : <\/strong>Cette vaisselle en porcelaine en vrac est fabriqu\u00e9e \u00e0 l'aide de techniques de dessin et de coloration \u00e0 la main qui permettent des applications d\u00e9licates de coups de pinceau avec des couleurs vibrantes, ce qui signifie que chaque pi\u00e8ce peut \u00eatre consid\u00e9r\u00e9e comme un objet de collection fonctionnel et artistique.<\/li>\n\n\n\n<li><strong>Mat\u00e9riau c\u00e9ramique renforc\u00e9 et performances pratiques : <\/strong>Notre service de table en couleur est cuit \u00e0 1280\u00b0C, ce qui donne une porcelaine de haute densit\u00e9 et une gla\u00e7ure r\u00e9sistante \u00e0 l'usure. Ils passent au four \u00e0 micro-ondes et au lave-vaisselle et r\u00e9pondent aux exigences de la cuisine moderne en mati\u00e8re d'efficacit\u00e9 et de durabilit\u00e9.<\/li>\n\n\n\n<li><strong>Ensemble complet et adaptabilit\u00e9 th\u00e9matique : <\/strong>Notre vaisselle en porcelaine en vrac comprend des assiettes rondes, des bols \u00e0 soupe, des plats \u00e0 condiments et bien plus encore. Tous les articles conservent un th\u00e8me d'op\u00e9ra unifi\u00e9, ce qui permet de cr\u00e9er facilement une exp\u00e9rience culturelle immersive lors d'un repas.<\/li>\n\n\n\n<li><strong>Vente en gros personnalis\u00e9e et soutien \u00e0 la promotion culturelle : <\/strong>Ce service de table de couleur en gros permet de graver le logo de l'entreprise, de personnaliser l'emballage des cadeaux et d'incorporer des informations sur le contexte culturel de l'op\u00e9ra dans le mat\u00e9riel de marketing, ce qui aide les clients \u00e0 cr\u00e9er une gamme de produits de propri\u00e9t\u00e9 intellectuelle culturelle diff\u00e9renci\u00e9e.<\/li>\n<\/ul>\n<\/div>\n\n\n\n<div class=\"wp-block-column is-layout-flow wp-block-column-is-layout-flow\">\n<figure class=\"wp-block-image size-full\"><img decoding=\"async\" width=\"1200\" height=\"1200\" src=\"https:\/\/www.lovinghomecollection.com\/wp-content\/uploads\/2025\/09\/Color-Dinner-Set-Wholesale-With-Chinese-Opera-Faces-Patterns-4.webp\" alt=\"Color Dinner Set Wholesale With Chinese Opera Faces Patterns-4\" class=\"wp-image-4845\" srcset=\"https:\/\/www.lovinghomecollection.com\/wp-content\/uploads\/2025\/09\/Color-Dinner-Set-Wholesale-With-Chinese-Opera-Faces-Patterns-4.webp 1200w, https:\/\/www.lovinghomecollection.com\/wp-content\/uploads\/2025\/09\/Color-Dinner-Set-Wholesale-With-Chinese-Opera-Faces-Patterns-4-300x300.webp 300w, https:\/\/www.lovinghomecollection.com\/wp-content\/uploads\/2025\/09\/Color-Dinner-Set-Wholesale-With-Chinese-Opera-Faces-Patterns-4-150x150.webp 150w, https:\/\/www.lovinghomecollection.com\/wp-content\/uploads\/2025\/09\/Color-Dinner-Set-Wholesale-With-Chinese-Opera-Faces-Patterns-4-768x768.webp 768w, https:\/\/www.lovinghomecollection.com\/wp-content\/uploads\/2025\/09\/Color-Dinner-Set-Wholesale-With-Chinese-Opera-Faces-Patterns-4-12x12.webp 12w, https:\/\/www.lovinghomecollection.com\/wp-content\/uploads\/2025\/09\/Color-Dinner-Set-Wholesale-With-Chinese-Opera-Faces-Patterns-4-600x600.webp 600w, https:\/\/www.lovinghomecollection.com\/wp-content\/uploads\/2025\/09\/Color-Dinner-Set-Wholesale-With-Chinese-Opera-Faces-Patterns-4-100x100.webp 100w\" sizes=\"(max-width: 1200px) 100vw, 1200px\" \/><\/figure>\n<\/div>\n<\/div>\n\n\n\n<h2 class=\"wp-block-heading has-text-align-center\">Pr\u00e9sentation des produits de l'ensemble de d\u00eeners couleur visages d'op\u00e9ra Wholesale<\/h2>\n\n\n\n<div class=\"wp-block-columns is-layout-flex wp-container-core-columns-is-layout-9d6595d7 wp-block-columns-is-layout-flex\">\n<div class=\"wp-block-column is-layout-flow wp-block-column-is-layout-flow\">\n<figure class=\"wp-block-image size-full\"><img decoding=\"async\" width=\"1754\" height=\"1240\" src=\"https:\/\/www.lovinghomecollection.com\/wp-content\/uploads\/2025\/09\/Color-Dinner-Set-Wholesale-With-Chinese-Opera-Faces-Patterns-9.webp\" alt=\"Color Dinner Set Wholesale With Chinese Opera Faces Patterns-9\" class=\"wp-image-4850\" srcset=\"https:\/\/www.lovinghomecollection.com\/wp-content\/uploads\/2025\/09\/Color-Dinner-Set-Wholesale-With-Chinese-Opera-Faces-Patterns-9.webp 1754w, https:\/\/www.lovinghomecollection.com\/wp-content\/uploads\/2025\/09\/Color-Dinner-Set-Wholesale-With-Chinese-Opera-Faces-Patterns-9-300x212.webp 300w, https:\/\/www.lovinghomecollection.com\/wp-content\/uploads\/2025\/09\/Color-Dinner-Set-Wholesale-With-Chinese-Opera-Faces-Patterns-9-768x543.webp 768w, https:\/\/www.lovinghomecollection.com\/wp-content\/uploads\/2025\/09\/Color-Dinner-Set-Wholesale-With-Chinese-Opera-Faces-Patterns-9-18x12.webp 18w, https:\/\/www.lovinghomecollection.com\/wp-content\/uploads\/2025\/09\/Color-Dinner-Set-Wholesale-With-Chinese-Opera-Faces-Patterns-9-1200x848.webp 1200w, https:\/\/www.lovinghomecollection.com\/wp-content\/uploads\/2025\/09\/Color-Dinner-Set-Wholesale-With-Chinese-Opera-Faces-Patterns-9-600x424.webp 600w\" sizes=\"(max-width: 1754px) 100vw, 1754px\" \/><\/figure>\n<\/div>\n\n\n\n<div class=\"wp-block-column is-layout-flow wp-block-column-is-layout-flow\">\n<figure class=\"wp-block-image size-full\"><img decoding=\"async\" width=\"1754\" height=\"1240\" src=\"https:\/\/www.lovinghomecollection.com\/wp-content\/uploads\/2025\/09\/Color-Dinner-Set-Wholesale-With-Chinese-Opera-Faces-Patterns-10.webp\" alt=\"Color Dinner Set Wholesale With Chinese Opera Faces Patterns-10\" class=\"wp-image-4851\" srcset=\"https:\/\/www.lovinghomecollection.com\/wp-content\/uploads\/2025\/09\/Color-Dinner-Set-Wholesale-With-Chinese-Opera-Faces-Patterns-10.webp 1754w, https:\/\/www.lovinghomecollection.com\/wp-content\/uploads\/2025\/09\/Color-Dinner-Set-Wholesale-With-Chinese-Opera-Faces-Patterns-10-300x212.webp 300w, https:\/\/www.lovinghomecollection.com\/wp-content\/uploads\/2025\/09\/Color-Dinner-Set-Wholesale-With-Chinese-Opera-Faces-Patterns-10-768x543.webp 768w, https:\/\/www.lovinghomecollection.com\/wp-content\/uploads\/2025\/09\/Color-Dinner-Set-Wholesale-With-Chinese-Opera-Faces-Patterns-10-18x12.webp 18w, https:\/\/www.lovinghomecollection.com\/wp-content\/uploads\/2025\/09\/Color-Dinner-Set-Wholesale-With-Chinese-Opera-Faces-Patterns-10-1200x848.webp 1200w, https:\/\/www.lovinghomecollection.com\/wp-content\/uploads\/2025\/09\/Color-Dinner-Set-Wholesale-With-Chinese-Opera-Faces-Patterns-10-600x424.webp 600w\" sizes=\"(max-width: 1754px) 100vw, 1754px\" \/><\/figure>\n<\/div>\n<\/div>","protected":false},"excerpt":{"rendered":"<p>Bienvenue pour acheter de la vaisselle en porcelaine en gros. Ce service de table en couleur combine magnifiquement les \u00e9l\u00e9ments traditionnels de maquillage du visage de l'op\u00e9ra chinois avec le design moderne de la vaisselle, ce qui pr\u00e9sentera le charme du style oriental.<\/p>\n<table style=\"border-collapse: collapse; width: 338.02pt;\" border=\"0\" width=\"338\" cellspacing=\"0\" cellpadding=\"0\">\n<tbody>\n<tr style=\"height: 18.00pt;\">\n<td class=\"et3\" style=\"height: 18.00pt; width: 124.50pt;\" width=\"124\" height=\"18\">Fabricant<\/td>\n<td class=\"et3\" style=\"width: 214.40pt;\" width=\"214\">Un foyer d'amour<\/td>\n<\/tr>\n<tr style=\"height: 18.00pt;\">\n<td class=\"et3\" style=\"height: 18.00pt; width: 124.50pt;\" width=\"124\" height=\"18\">Nom de la collection<\/td>\n<td class=\"et4\" style=\"width: 214.40pt;\" width=\"214\">Visages d'op\u00e9ra<\/td>\n<\/tr>\n<tr style=\"height: 18.00pt;\">\n<td class=\"et3\" style=\"height: 18.00pt; width: 124.50pt;\" width=\"124\" height=\"18\">Utilisation<\/td>\n<td class=\"et3\" style=\"width: 214.40pt;\" width=\"214\">Maison, Restaurant, H\u00f4tel<\/td>\n<\/tr>\n<tr style=\"height: 36.00pt;\">\n<td class=\"et3\" style=\"height: 36.00pt; width: 124.50pt;\" width=\"124\" height=\"36\">Type de vaisselle<\/td>\n<td class=\"et3\" style=\"width: 214.40pt;\" width=\"214\">Assiette, bol, th\u00e9i\u00e8re, cr\u00e9mier, sucrier, tasse et soucoupe, mug<\/td>\n<\/tr>\n<tr style=\"height: 18.00pt;\">\n<td class=\"et3\" style=\"height: 18.00pt; width: 124.50pt;\" width=\"124\" height=\"18\">Mat\u00e9riau<\/td>\n<td class=\"et3\" style=\"width: 214.40pt;\" width=\"214\">Porcelaine durable<\/td>\n<\/tr>\n<tr style=\"height: 18.00pt;\">\n<td class=\"et3\" style=\"height: 18.00pt; width: 124.50pt;\" width=\"124\" height=\"18\">Dimension<\/td>\n<td class=\"et3\" style=\"width: 214.40pt;\" width=\"214\">Comme l'indique la photo de d\u00e9tail<\/td>\n<\/tr>\n<tr style=\"height: 18.00pt;\">\n<td class=\"et3\" style=\"height: 18.00pt; width: 124.50pt;\" width=\"124\" height=\"18\">Unit\u00e9s de vente<\/td>\n<td class=\"et3\" style=\"width: 214.40pt;\" width=\"214\">Article unique<\/td>\n<\/tr>\n<tr style=\"height: 18.00pt;\">\n<td class=\"et3\" style=\"height: 18.00pt; width: 124.50pt;\" width=\"124\" height=\"18\">MOQ<\/td>\n<td class=\"et3\" style=\"width: 214.40pt;\" width=\"214\">1200\/pcs par article<\/td>\n<\/tr>\n<tr style=\"height: 18.00pt;\">\n<td class=\"et3\" style=\"height: 18.00pt; width: 124.50pt;\" width=\"124\" height=\"18\">Option personnalis\u00e9e<\/td>\n<td class=\"et3\" style=\"width: 214.40pt;\" width=\"214\">Couleur\/Taille\/Glaze\/Logo\/Emballage<\/td>\n<\/tr>\n<\/tbody>\n<\/table>","protected":false},"featured_media":4843,"comment_status":"closed","ping_status":"closed","template":"","meta":{"_acf_changed":false},"product_brand":[],"product_cat":[19],"product_tag":[25,39,27,26],"class_list":{"0":"post-4841","1":"product","2":"type-product","3":"status-publish","4":"has-post-thumbnail","6":"product_cat-dinnerware-wholesale","7":"product_tag-wholesale-plates-and-bowls","8":"product_tag-sugar-jars-wholesale","9":"product_tag-wholesale-tea-cups-and-saucers","10":"product_tag-wholesale-teapots","12":"first","13":"instock","14":"shipping-taxable","15":"product-type-simple"},"acf":[],"_links":{"self":[{"href":"https:\/\/www.lovinghomecollection.com\/fr\/wp-json\/wp\/v2\/product\/4841","targetHints":{"allow":["GET"]}}],"collection":[{"href":"https:\/\/www.lovinghomecollection.com\/fr\/wp-json\/wp\/v2\/product"}],"about":[{"href":"https:\/\/www.lovinghomecollection.com\/fr\/wp-json\/wp\/v2\/types\/product"}],"replies":[{"embeddable":true,"href":"https:\/\/www.lovinghomecollection.com\/fr\/wp-json\/wp\/v2\/comments?post=4841"}],"wp:featuredmedia":[{"embeddable":true,"href":"https:\/\/www.lovinghomecollection.com\/fr\/wp-json\/wp\/v2\/media\/4843"}],"wp:attachment":[{"href":"https:\/\/www.lovinghomecollection.com\/fr\/wp-json\/wp\/v2\/media?parent=4841"}],"wp:term":[{"taxonomy":"product_brand","embeddable":true,"href":"https:\/\/www.lovinghomecollection.com\/fr\/wp-json\/wp\/v2\/product_brand?post=4841"},{"taxonomy":"product_cat","embeddable":true,"href":"https:\/\/www.lovinghomecollection.com\/fr\/wp-json\/wp\/v2\/product_cat?post=4841"},{"taxonomy":"product_tag","embeddable":true,"href":"https:\/\/www.lovinghomecollection.com\/fr\/wp-json\/wp\/v2\/product_tag?post=4841"}],"curies":[{"name":"wp","href":"https:\/\/api.w.org\/{rel}","templated":true}]}}