{"id":4830,"date":"2025-09-23T07:07:14","date_gmt":"2025-09-23T07:07:14","guid":{"rendered":"https:\/\/www.lovinghomecollection.com\/?post_type=product&#038;p=4830"},"modified":"2026-01-30T09:21:00","modified_gmt":"2026-01-30T09:21:00","slug":"colorful-dinner-set-wholesale","status":"publish","type":"product","link":"https:\/\/www.lovinghomecollection.com\/fr\/produit\/colorful-dinner-set-wholesale\/","title":{"rendered":"Service de table color\u00e9 Wholesale, vaisselle \u00e0 fleurs peinte \u00e0 la main"},"content":{"rendered":"<div class=\"wp-block-columns is-layout-flex wp-container-core-columns-is-layout-9d6595d7 wp-block-columns-is-layout-flex\">\n<div class=\"wp-block-column is-layout-flow wp-block-column-is-layout-flow\" style=\"flex-basis:60%\">\n<h2 class=\"wp-block-heading\">Premium Colorful Dinner Set Wholesale Caract\u00e9ristiques :<\/h2>\n\n\n\n<ul class=\"wp-block-list\">\n<li><strong>Texture artistique de l'aquarelle peinte \u00e0 la main : <\/strong>Notre service de table color\u00e9 en gros est peint de mani\u00e8re artisanale avec des motifs floraux, cr\u00e9ant un effet de d\u00e9grad\u00e9 d'aquarelle naturel et vibrant, ce qui rend la vaisselle \u00e0 la fois pratique et de collection.<\/li>\n\n\n\n<li><strong>Coordination de l'ensemble du format : <\/strong>Notre vaisselle en vrac offre plus de 10 formes, y compris des assiettes plates, des bols \u00e0 soupe et des tasses \u00e0 th\u00e9, toutes avec une couleur et un motif uniformes, ce qui les rend faciles \u00e0 coordonner avec n'importe quelle table \u00e0 manger.<\/li>\n\n\n\n<li><strong>Porcelaine de haute qualit\u00e9 :<\/strong> Ce service de table color\u00e9 est fabriqu\u00e9 \u00e0 partir d'argile porcelaine renforc\u00e9e \u00e0 haute temp\u00e9rature, ce qui lui conf\u00e8re une texture fine et durable. Il passe au micro-ondes, au lave-vaisselle et au four, garantissant \u00e0 la fois l'attrait esth\u00e9tique et la durabilit\u00e9 au quotidien.<\/li>\n\n\n\n<li><strong>Coordination de th\u00e8mes de couleurs multiples : <\/strong>Notre vaisselle en vrac offre une vari\u00e9t\u00e9 de couleurs, chacune avec un motif floral coordonn\u00e9 pour r\u00e9pondre \u00e0 divers besoins de d\u00e9coration.<\/li>\n\n\n\n<li><strong>Solutions en gros et personnalis\u00e9es : <\/strong>Notre service de table color\u00e9 en gros prend en charge la personnalisation du logo et de l'emballage, ainsi que l'approvisionnement mixte, offrant ainsi des solutions d'approvisionnement flexibles, depuis les petits ensembles de cadeaux jusqu'\u00e0 l'approvisionnement des grands h\u00f4tels.<\/li>\n<\/ul>\n<\/div>\n\n\n\n<div class=\"wp-block-column is-layout-flow wp-block-column-is-layout-flow\">\n<figure class=\"wp-block-image size-full\"><img decoding=\"async\" width=\"1200\" height=\"1200\" src=\"https:\/\/www.lovinghomecollection.com\/wp-content\/uploads\/2025\/09\/Colorful-Dinner-Set-Wholesale-Hand-Painted-Flower-Tableware-7.webp\" alt=\"Service de table color\u00e9 Wholesale, vaisselle en fleurs peinte \u00e0 la main-7\" class=\"wp-image-4837\" srcset=\"https:\/\/www.lovinghomecollection.com\/wp-content\/uploads\/2025\/09\/Colorful-Dinner-Set-Wholesale-Hand-Painted-Flower-Tableware-7.webp 1200w, https:\/\/www.lovinghomecollection.com\/wp-content\/uploads\/2025\/09\/Colorful-Dinner-Set-Wholesale-Hand-Painted-Flower-Tableware-7-300x300.webp 300w, https:\/\/www.lovinghomecollection.com\/wp-content\/uploads\/2025\/09\/Colorful-Dinner-Set-Wholesale-Hand-Painted-Flower-Tableware-7-150x150.webp 150w, https:\/\/www.lovinghomecollection.com\/wp-content\/uploads\/2025\/09\/Colorful-Dinner-Set-Wholesale-Hand-Painted-Flower-Tableware-7-768x768.webp 768w, https:\/\/www.lovinghomecollection.com\/wp-content\/uploads\/2025\/09\/Colorful-Dinner-Set-Wholesale-Hand-Painted-Flower-Tableware-7-12x12.webp 12w, https:\/\/www.lovinghomecollection.com\/wp-content\/uploads\/2025\/09\/Colorful-Dinner-Set-Wholesale-Hand-Painted-Flower-Tableware-7-600x600.webp 600w, https:\/\/www.lovinghomecollection.com\/wp-content\/uploads\/2025\/09\/Colorful-Dinner-Set-Wholesale-Hand-Painted-Flower-Tableware-7-100x100.webp 100w\" sizes=\"(max-width: 1200px) 100vw, 1200px\" \/><\/figure>\n<\/div>\n<\/div>\n\n\n\n<h2 class=\"wp-block-heading has-text-align-center\">Pr\u00e9sentation du produit Aquarelle Garden Colorful Dinner Set Wholesale<\/h2>\n\n\n\n<div class=\"wp-block-columns is-layout-flex wp-container-core-columns-is-layout-9d6595d7 wp-block-columns-is-layout-flex\">\n<div class=\"wp-block-column is-layout-flow wp-block-column-is-layout-flow\">\n<figure class=\"wp-block-image size-full\"><img decoding=\"async\" width=\"1754\" height=\"1240\" src=\"https:\/\/www.lovinghomecollection.com\/wp-content\/uploads\/2025\/09\/Colorful-Dinner-Set-Wholesale-Hand-Painted-Flower-Tableware-8.webp\" alt=\"Service de table color\u00e9 Wholesale, vaisselle en fleurs peinte \u00e0 la main-8\" class=\"wp-image-4838\" srcset=\"https:\/\/www.lovinghomecollection.com\/wp-content\/uploads\/2025\/09\/Colorful-Dinner-Set-Wholesale-Hand-Painted-Flower-Tableware-8.webp 1754w, https:\/\/www.lovinghomecollection.com\/wp-content\/uploads\/2025\/09\/Colorful-Dinner-Set-Wholesale-Hand-Painted-Flower-Tableware-8-300x212.webp 300w, https:\/\/www.lovinghomecollection.com\/wp-content\/uploads\/2025\/09\/Colorful-Dinner-Set-Wholesale-Hand-Painted-Flower-Tableware-8-768x543.webp 768w, https:\/\/www.lovinghomecollection.com\/wp-content\/uploads\/2025\/09\/Colorful-Dinner-Set-Wholesale-Hand-Painted-Flower-Tableware-8-18x12.webp 18w, https:\/\/www.lovinghomecollection.com\/wp-content\/uploads\/2025\/09\/Colorful-Dinner-Set-Wholesale-Hand-Painted-Flower-Tableware-8-1200x848.webp 1200w, https:\/\/www.lovinghomecollection.com\/wp-content\/uploads\/2025\/09\/Colorful-Dinner-Set-Wholesale-Hand-Painted-Flower-Tableware-8-600x424.webp 600w\" sizes=\"(max-width: 1754px) 100vw, 1754px\" \/><\/figure>\n<\/div>\n\n\n\n<div class=\"wp-block-column is-layout-flow wp-block-column-is-layout-flow\">\n<figure class=\"wp-block-image size-full\"><img decoding=\"async\" width=\"1754\" height=\"1240\" src=\"https:\/\/www.lovinghomecollection.com\/wp-content\/uploads\/2025\/09\/Colorful-Dinner-Set-Wholesale-Hand-Painted-Flower-Tableware-9.webp\" alt=\"Service de table color\u00e9 en gros, vaisselle en fleurs peinte \u00e0 la main-9\" class=\"wp-image-4839\" srcset=\"https:\/\/www.lovinghomecollection.com\/wp-content\/uploads\/2025\/09\/Colorful-Dinner-Set-Wholesale-Hand-Painted-Flower-Tableware-9.webp 1754w, https:\/\/www.lovinghomecollection.com\/wp-content\/uploads\/2025\/09\/Colorful-Dinner-Set-Wholesale-Hand-Painted-Flower-Tableware-9-300x212.webp 300w, https:\/\/www.lovinghomecollection.com\/wp-content\/uploads\/2025\/09\/Colorful-Dinner-Set-Wholesale-Hand-Painted-Flower-Tableware-9-768x543.webp 768w, https:\/\/www.lovinghomecollection.com\/wp-content\/uploads\/2025\/09\/Colorful-Dinner-Set-Wholesale-Hand-Painted-Flower-Tableware-9-18x12.webp 18w, https:\/\/www.lovinghomecollection.com\/wp-content\/uploads\/2025\/09\/Colorful-Dinner-Set-Wholesale-Hand-Painted-Flower-Tableware-9-1200x848.webp 1200w, https:\/\/www.lovinghomecollection.com\/wp-content\/uploads\/2025\/09\/Colorful-Dinner-Set-Wholesale-Hand-Painted-Flower-Tableware-9-600x424.webp 600w\" sizes=\"(max-width: 1754px) 100vw, 1754px\" \/><\/figure>\n<\/div>\n<\/div>","protected":false},"excerpt":{"rendered":"<p>Bienvenue pour l'achat de vaisselle en gros. Notre service de vaisselle color\u00e9e en gros, avec de magnifiques motifs floraux peints \u00e0 la main, est unique et artistique. Nous proposons une grande vari\u00e9t\u00e9 de formes et de couleurs, des assiettes plates aux bols \u00e0 soupe individuels en passant par les mugs.<\/p>\n<table style=\"border-collapse: collapse; width: 338.02pt;\" border=\"0\" width=\"338\" cellspacing=\"0\" cellpadding=\"0\">\n<tbody>\n<tr style=\"height: 18.00pt;\">\n<td class=\"et3\" style=\"height: 18.00pt; width: 124.50pt;\" width=\"124\" height=\"18\">Fabricant<\/td>\n<td class=\"et3\" style=\"width: 214.40pt;\" width=\"214\">Un foyer d'amour<\/td>\n<\/tr>\n<tr style=\"height: 18.00pt;\">\n<td class=\"et3\" style=\"height: 18.00pt; width: 124.50pt;\" width=\"124\" height=\"18\">Nom de la collection<\/td>\n<td class=\"et4\" style=\"width: 214.40pt;\" width=\"214\">Jardin Aquarelle<\/td>\n<\/tr>\n<tr style=\"height: 18.00pt;\">\n<td class=\"et3\" style=\"height: 18.00pt; width: 124.50pt;\" width=\"124\" height=\"18\">Utilisation<\/td>\n<td class=\"et3\" style=\"width: 214.40pt;\" width=\"214\">Maison, Restaurant, H\u00f4tel<\/td>\n<\/tr>\n<tr style=\"height: 36.00pt;\">\n<td class=\"et3\" style=\"height: 36.00pt; width: 124.50pt;\" width=\"124\" height=\"36\">Type de vaisselle<\/td>\n<td class=\"et3\" style=\"width: 214.40pt;\" width=\"214\">Assiette, bol, support \u00e0 g\u00e2teaux, tasse et soucoupe, mug<\/td>\n<\/tr>\n<tr style=\"height: 18.00pt;\">\n<td class=\"et3\" style=\"height: 18.00pt; width: 124.50pt;\" width=\"124\" height=\"18\">Mat\u00e9riau<\/td>\n<td class=\"et3\" style=\"width: 214.40pt;\" width=\"214\">Porcelaine durable<\/td>\n<\/tr>\n<tr style=\"height: 18.00pt;\">\n<td class=\"et3\" style=\"height: 18.00pt; width: 124.50pt;\" width=\"124\" height=\"18\">Dimension<\/td>\n<td class=\"et3\" style=\"width: 214.40pt;\" width=\"214\">Comme l'indique la photo de d\u00e9tail<\/td>\n<\/tr>\n<tr style=\"height: 18.00pt;\">\n<td class=\"et3\" style=\"height: 18.00pt; width: 124.50pt;\" width=\"124\" height=\"18\">Unit\u00e9s de vente<\/td>\n<td class=\"et3\" style=\"width: 214.40pt;\" width=\"214\">Article unique<\/td>\n<\/tr>\n<tr style=\"height: 18.00pt;\">\n<td class=\"et3\" style=\"height: 18.00pt; width: 124.50pt;\" width=\"124\" height=\"18\">MOQ<\/td>\n<td class=\"et3\" style=\"width: 214.40pt;\" width=\"214\">1200\/pcs par article<\/td>\n<\/tr>\n<tr style=\"height: 18.00pt;\">\n<td class=\"et3\" style=\"height: 18.00pt; width: 124.50pt;\" width=\"124\" height=\"18\">Option personnalis\u00e9e<\/td>\n<td class=\"et3\" style=\"width: 214.40pt;\" width=\"214\">Couleur\/Taille\/Glaze\/Logo\/Emballage<\/td>\n<\/tr>\n<\/tbody>\n<\/table>","protected":false},"featured_media":4840,"comment_status":"closed","ping_status":"closed","template":"","meta":{"_acf_changed":false},"product_brand":[],"product_cat":[19,47],"product_tag":[37,25,27],"class_list":{"0":"post-4830","1":"product","2":"type-product","3":"status-publish","4":"has-post-thumbnail","6":"product_cat-dinnerware-wholesale","7":"product_cat-lightweight-dinnerware-supplier","8":"product_tag-bulk-cake-stands","9":"product_tag-wholesale-plates-and-bowls","10":"product_tag-wholesale-tea-cups-and-saucers","12":"first","13":"instock","14":"shipping-taxable","15":"product-type-simple"},"acf":[],"_links":{"self":[{"href":"https:\/\/www.lovinghomecollection.com\/fr\/wp-json\/wp\/v2\/product\/4830","targetHints":{"allow":["GET"]}}],"collection":[{"href":"https:\/\/www.lovinghomecollection.com\/fr\/wp-json\/wp\/v2\/product"}],"about":[{"href":"https:\/\/www.lovinghomecollection.com\/fr\/wp-json\/wp\/v2\/types\/product"}],"replies":[{"embeddable":true,"href":"https:\/\/www.lovinghomecollection.com\/fr\/wp-json\/wp\/v2\/comments?post=4830"}],"wp:featuredmedia":[{"embeddable":true,"href":"https:\/\/www.lovinghomecollection.com\/fr\/wp-json\/wp\/v2\/media\/4840"}],"wp:attachment":[{"href":"https:\/\/www.lovinghomecollection.com\/fr\/wp-json\/wp\/v2\/media?parent=4830"}],"wp:term":[{"taxonomy":"product_brand","embeddable":true,"href":"https:\/\/www.lovinghomecollection.com\/fr\/wp-json\/wp\/v2\/product_brand?post=4830"},{"taxonomy":"product_cat","embeddable":true,"href":"https:\/\/www.lovinghomecollection.com\/fr\/wp-json\/wp\/v2\/product_cat?post=4830"},{"taxonomy":"product_tag","embeddable":true,"href":"https:\/\/www.lovinghomecollection.com\/fr\/wp-json\/wp\/v2\/product_tag?post=4830"}],"curies":[{"name":"wp","href":"https:\/\/api.w.org\/{rel}","templated":true}]}}