{"id":4802,"date":"2025-09-18T07:51:11","date_gmt":"2025-09-18T07:51:11","guid":{"rendered":"https:\/\/www.lovinghomecollection.com\/?post_type=product&#038;p=4802"},"modified":"2025-11-11T09:13:14","modified_gmt":"2025-11-11T09:13:14","slug":"wholesale-porcelain-dinner-sets","status":"publish","type":"product","link":"https:\/\/www.lovinghomecollection.com\/fr\/produit\/wholesale-porcelain-dinner-sets\/","title":{"rendered":"Grossiste Service de table en porcelaine, vaisselle blanche et marron"},"content":{"rendered":"<div class=\"wp-block-columns is-layout-flex wp-container-core-columns-is-layout-9d6595d7 wp-block-columns-is-layout-flex\">\n<div class=\"wp-block-column is-layout-flow wp-block-column-is-layout-flow\" style=\"flex-basis:60%\">\n<h2 class=\"wp-block-heading\">Premium Wholesale Porcelain Dinner Sets Caract\u00e9ristiques :<\/h2>\n\n\n\n<ul class=\"wp-block-list\">\n<li><strong>Porcelaine de haute qualit\u00e9<\/strong> - Nos services de table en porcelaine sont fabriqu\u00e9s \u00e0 partir d'argile fine cuite \u00e0 haute temp\u00e9rature, ce qui leur conf\u00e8re une stabilit\u00e9 et une durabilit\u00e9 sup\u00e9rieures. Leur finition lisse et brillante leur conf\u00e8re une belle apparence et les rend faciles \u00e0 entretenir.<\/li>\n\n\n\n<li><strong>Combinaison de couleurs classique<\/strong> - Les couleurs blanches et brunes de ces sets de table en vrac sont discr\u00e8tes mais vibrantes, chaleureuses et esth\u00e9tiquement agr\u00e9ables. Ils s'int\u00e8grent parfaitement \u00e0 tous les d\u00e9cors de table et s'adaptent parfaitement \u00e0 tous les restaurants et \u00e0 tous les environnements domestiques.<\/li>\n\n\n\n<li><strong>Formes diverses<\/strong> - Nos sets de table en porcelaine contiennent des assiettes, des bols et des tasses de formes vari\u00e9es. La vari\u00e9t\u00e9 du design permet une personnalisation vari\u00e9e afin de convenir \u00e0 toutes les occasions de d\u00eener et \u00e0 la pr\u00e9sentation des plats.<\/li>\n\n\n\n<li><strong>Id\u00e9al pour les entreprises et les particuliers<\/strong> - Nos sets de table en vrac sont id\u00e9aux non seulement pour une utilisation familiale \u00e0 la maison, mais aussi pour les \u00e9tablissements commerciaux tels que les restaurants et les h\u00f4tels. \u00c9l\u00e9gants et durables, ils am\u00e9liorent l'exp\u00e9rience culinaire et font de chaque repas une occasion m\u00e9morable.<\/li>\n<\/ul>\n<\/div>\n\n\n\n<div class=\"wp-block-column is-layout-flow wp-block-column-is-layout-flow\">\n<figure class=\"wp-block-image size-full\"><img decoding=\"async\" width=\"750\" height=\"750\" src=\"https:\/\/www.lovinghomecollection.com\/wp-content\/uploads\/2025\/09\/Wholesale-Porcelain-Dinner-Sets-White-Brown-Crockery-2.webp\" alt=\"Grossiste Service de table en porcelaine, vaisselle blanche et marron-2\" class=\"wp-image-4804\" srcset=\"https:\/\/www.lovinghomecollection.com\/wp-content\/uploads\/2025\/09\/Wholesale-Porcelain-Dinner-Sets-White-Brown-Crockery-2.webp 750w, https:\/\/www.lovinghomecollection.com\/wp-content\/uploads\/2025\/09\/Wholesale-Porcelain-Dinner-Sets-White-Brown-Crockery-2-300x300.webp 300w, https:\/\/www.lovinghomecollection.com\/wp-content\/uploads\/2025\/09\/Wholesale-Porcelain-Dinner-Sets-White-Brown-Crockery-2-150x150.webp 150w, https:\/\/www.lovinghomecollection.com\/wp-content\/uploads\/2025\/09\/Wholesale-Porcelain-Dinner-Sets-White-Brown-Crockery-2-12x12.webp 12w, https:\/\/www.lovinghomecollection.com\/wp-content\/uploads\/2025\/09\/Wholesale-Porcelain-Dinner-Sets-White-Brown-Crockery-2-600x600.webp 600w, https:\/\/www.lovinghomecollection.com\/wp-content\/uploads\/2025\/09\/Wholesale-Porcelain-Dinner-Sets-White-Brown-Crockery-2-100x100.webp 100w\" sizes=\"(max-width: 750px) 100vw, 750px\" \/><\/figure>\n<\/div>\n<\/div>\n\n\n\n<h2 class=\"wp-block-heading has-text-align-center\">Pr\u00e9sentation des produits de l'art int\u00e9rieur - Service de table en porcelaine en gros<\/h2>\n\n\n\n<div class=\"wp-block-columns is-layout-flex wp-container-core-columns-is-layout-9d6595d7 wp-block-columns-is-layout-flex\">\n<div class=\"wp-block-column is-layout-flow wp-block-column-is-layout-flow\">\n<figure class=\"wp-block-image size-full\"><img decoding=\"async\" width=\"1160\" height=\"822\" src=\"https:\/\/www.lovinghomecollection.com\/wp-content\/uploads\/2025\/09\/Wholesale-Porcelain-Dinner-Sets-White-Brown-Crockery-8.webp\" alt=\"Grossiste Service de table en porcelaine, vaisselle blanche et marron-8\" class=\"wp-image-4810\" srcset=\"https:\/\/www.lovinghomecollection.com\/wp-content\/uploads\/2025\/09\/Wholesale-Porcelain-Dinner-Sets-White-Brown-Crockery-8.webp 1160w, https:\/\/www.lovinghomecollection.com\/wp-content\/uploads\/2025\/09\/Wholesale-Porcelain-Dinner-Sets-White-Brown-Crockery-8-300x213.webp 300w, https:\/\/www.lovinghomecollection.com\/wp-content\/uploads\/2025\/09\/Wholesale-Porcelain-Dinner-Sets-White-Brown-Crockery-8-768x544.webp 768w, https:\/\/www.lovinghomecollection.com\/wp-content\/uploads\/2025\/09\/Wholesale-Porcelain-Dinner-Sets-White-Brown-Crockery-8-18x12.webp 18w, https:\/\/www.lovinghomecollection.com\/wp-content\/uploads\/2025\/09\/Wholesale-Porcelain-Dinner-Sets-White-Brown-Crockery-8-600x425.webp 600w\" sizes=\"(max-width: 1160px) 100vw, 1160px\" \/><\/figure>\n<\/div>\n\n\n\n<div class=\"wp-block-column is-layout-flow wp-block-column-is-layout-flow\">\n<figure class=\"wp-block-image size-full\"><img decoding=\"async\" width=\"1156\" height=\"822\" src=\"https:\/\/www.lovinghomecollection.com\/wp-content\/uploads\/2025\/09\/Wholesale-Porcelain-Dinner-Sets-White-Brown-Crockery-7.webp\" alt=\"Grossiste Service de table en porcelaine, vaisselle blanche et marron-7\" class=\"wp-image-4809\" srcset=\"https:\/\/www.lovinghomecollection.com\/wp-content\/uploads\/2025\/09\/Wholesale-Porcelain-Dinner-Sets-White-Brown-Crockery-7.webp 1156w, https:\/\/www.lovinghomecollection.com\/wp-content\/uploads\/2025\/09\/Wholesale-Porcelain-Dinner-Sets-White-Brown-Crockery-7-300x213.webp 300w, https:\/\/www.lovinghomecollection.com\/wp-content\/uploads\/2025\/09\/Wholesale-Porcelain-Dinner-Sets-White-Brown-Crockery-7-768x546.webp 768w, https:\/\/www.lovinghomecollection.com\/wp-content\/uploads\/2025\/09\/Wholesale-Porcelain-Dinner-Sets-White-Brown-Crockery-7-18x12.webp 18w, https:\/\/www.lovinghomecollection.com\/wp-content\/uploads\/2025\/09\/Wholesale-Porcelain-Dinner-Sets-White-Brown-Crockery-7-600x427.webp 600w\" sizes=\"(max-width: 1156px) 100vw, 1156px\" \/><\/figure>\n<\/div>\n<\/div>","protected":false},"excerpt":{"rendered":"<p>Vous recherchez des services de table en porcelaine de qualit\u00e9 sup\u00e9rieure ? Nos sets de table en vrac classiques, blancs et bruns, offrent une vari\u00e9t\u00e9 de formes qui conviennent \u00e0 tous les \u00e9v\u00e9nements. Qu'il s'agisse d'une r\u00e9union de famille ou d'un banquet d'affaires, ils offrent une exp\u00e9rience gastronomique \u00e0 la fois \u00e9l\u00e9gante et pratique.<\/p>\n<table style=\"border-collapse: collapse; width: 338.02pt;\" border=\"0\" width=\"338\" cellspacing=\"0\" cellpadding=\"0\">\n<tbody>\n<tr style=\"height: 18.00pt;\">\n<td class=\"et3\" style=\"height: 18.00pt; width: 124.50pt;\" width=\"124\" height=\"18\">Fabricant<\/td>\n<td class=\"et3\" style=\"width: 214.40pt;\" width=\"214\">Un foyer d'amour<\/td>\n<\/tr>\n<tr style=\"height: 18.00pt;\">\n<td class=\"et3\" style=\"height: 18.00pt; width: 124.50pt;\" width=\"124\" height=\"18\">Nom de la collection<\/td>\n<td class=\"et4\" style=\"width: 214.40pt;\" width=\"214\">Art int\u00e9rieur<\/td>\n<\/tr>\n<tr style=\"height: 18.00pt;\">\n<td class=\"et3\" style=\"height: 18.00pt; width: 124.50pt;\" width=\"124\" height=\"18\">Utilisation<\/td>\n<td class=\"et3\" style=\"width: 214.40pt;\" width=\"214\">Maison, Restaurant, H\u00f4tel<\/td>\n<\/tr>\n<tr style=\"height: 36.00pt;\">\n<td class=\"et3\" style=\"height: 36.00pt; width: 124.50pt;\" width=\"124\" height=\"36\">Type de vaisselle<\/td>\n<td class=\"et3\" style=\"width: 214.40pt;\" width=\"214\">Assiette, bol, th\u00e9i\u00e8re, cr\u00e9mier, sucrier, tasse et soucoupe, mug<\/td>\n<\/tr>\n<tr style=\"height: 18.00pt;\">\n<td class=\"et3\" style=\"height: 18.00pt; width: 124.50pt;\" width=\"124\" height=\"18\">Mat\u00e9riau<\/td>\n<td class=\"et3\" style=\"width: 214.40pt;\" width=\"214\">Porcelaine durable<\/td>\n<\/tr>\n<tr style=\"height: 18.00pt;\">\n<td class=\"et3\" style=\"height: 18.00pt; width: 124.50pt;\" width=\"124\" height=\"18\">Dimension<\/td>\n<td class=\"et3\" style=\"width: 214.40pt;\" width=\"214\">Comme l'indique la photo de d\u00e9tail<\/td>\n<\/tr>\n<tr style=\"height: 18.00pt;\">\n<td class=\"et3\" style=\"height: 18.00pt; width: 124.50pt;\" width=\"124\" height=\"18\">Unit\u00e9s de vente<\/td>\n<td class=\"et3\" style=\"width: 214.40pt;\" width=\"214\">Article unique<\/td>\n<\/tr>\n<tr style=\"height: 18.00pt;\">\n<td class=\"et3\" style=\"height: 18.00pt; width: 124.50pt;\" width=\"124\" height=\"18\">MOQ<\/td>\n<td class=\"et3\" style=\"width: 214.40pt;\" width=\"214\">1200\/pcs par article<\/td>\n<\/tr>\n<tr style=\"height: 18.00pt;\">\n<td class=\"et3\" style=\"height: 18.00pt; width: 124.50pt;\" width=\"124\" height=\"18\">Option personnalis\u00e9e<\/td>\n<td class=\"et3\" style=\"width: 214.40pt;\" width=\"214\">Couleur\/Taille\/Glaze\/Logo\/Emballage<\/td>\n<\/tr>\n<\/tbody>\n<\/table>","protected":false},"featured_media":4811,"comment_status":"closed","ping_status":"closed","template":"","meta":{"_acf_changed":false},"product_brand":[],"product_cat":[19,49],"product_tag":[25,39,27,26],"class_list":{"0":"post-4802","1":"product","2":"type-product","3":"status-publish","4":"has-post-thumbnail","6":"product_cat-dinnerware-wholesale","7":"product_cat-wholesale-white-tableware","8":"product_tag-wholesale-plates-and-bowls","9":"product_tag-sugar-jars-wholesale","10":"product_tag-wholesale-tea-cups-and-saucers","11":"product_tag-wholesale-teapots","13":"first","14":"instock","15":"shipping-taxable","16":"product-type-simple"},"acf":[],"_links":{"self":[{"href":"https:\/\/www.lovinghomecollection.com\/fr\/wp-json\/wp\/v2\/product\/4802","targetHints":{"allow":["GET"]}}],"collection":[{"href":"https:\/\/www.lovinghomecollection.com\/fr\/wp-json\/wp\/v2\/product"}],"about":[{"href":"https:\/\/www.lovinghomecollection.com\/fr\/wp-json\/wp\/v2\/types\/product"}],"replies":[{"embeddable":true,"href":"https:\/\/www.lovinghomecollection.com\/fr\/wp-json\/wp\/v2\/comments?post=4802"}],"wp:featuredmedia":[{"embeddable":true,"href":"https:\/\/www.lovinghomecollection.com\/fr\/wp-json\/wp\/v2\/media\/4811"}],"wp:attachment":[{"href":"https:\/\/www.lovinghomecollection.com\/fr\/wp-json\/wp\/v2\/media?parent=4802"}],"wp:term":[{"taxonomy":"product_brand","embeddable":true,"href":"https:\/\/www.lovinghomecollection.com\/fr\/wp-json\/wp\/v2\/product_brand?post=4802"},{"taxonomy":"product_cat","embeddable":true,"href":"https:\/\/www.lovinghomecollection.com\/fr\/wp-json\/wp\/v2\/product_cat?post=4802"},{"taxonomy":"product_tag","embeddable":true,"href":"https:\/\/www.lovinghomecollection.com\/fr\/wp-json\/wp\/v2\/product_tag?post=4802"}],"curies":[{"name":"wp","href":"https:\/\/api.w.org\/{rel}","templated":true}]}}