{"id":4513,"date":"2025-08-05T10:24:02","date_gmt":"2025-08-05T10:24:02","guid":{"rendered":"https:\/\/www.lovinghomecollection.com\/?post_type=product&#038;p=4513"},"modified":"2025-11-05T06:53:45","modified_gmt":"2025-11-05T06:53:45","slug":"wholesale-dinner-service-sets","status":"publish","type":"product","link":"https:\/\/www.lovinghomecollection.com\/fr\/produit\/wholesale-dinner-service-sets\/","title":{"rendered":"Service de table en gros, vaisselle \u00e0 motifs de fruits en vrac"},"content":{"rendered":"<div class=\"wp-block-columns is-layout-flex wp-container-core-columns-is-layout-9d6595d7 wp-block-columns-is-layout-flex\">\n<div class=\"wp-block-column is-layout-flow wp-block-column-is-layout-flow\" style=\"flex-basis:60%\">\n<h2 class=\"wp-block-heading\">Ensembles de vaisselle haut de gamme pour le service de table Caract\u00e9ristiques :<\/h2>\n\n\n\n<ul class=\"wp-block-list\">\n<li><strong>Motifs de fruits frais : <\/strong>Nos services de table en gros se d\u00e9clinent en une vari\u00e9t\u00e9 de motifs adorables repr\u00e9sentant des fruits et la nature, dans des couleurs vives et des formes ludiques, cr\u00e9ant une atmosph\u00e8re d\u00e9tendue et agr\u00e9able \u00e0 table.<\/li>\n\n\n\n<li><strong>Esth\u00e9tique et durabilit\u00e9 : <\/strong>Cet ensemble de vaisselle en vrac est fabriqu\u00e9 en porcelaine durable, avec un vernis lisse qui r\u00e9siste aux taches et est facile \u00e0 nettoyer. Il est \u00e9galement r\u00e9sistant \u00e0 la chaleur et passe au micro-ondes et au lave-vaisselle.<\/li>\n\n\n\n<li><strong>Combinable pour diverses occasions : <\/strong>Nos services de table en gros comprennent une vari\u00e9t\u00e9 d'articles de vaisselle courants, notamment des assiettes plates, des assiettes creuses, des plats ovales, des saladiers et des tasses, afin de r\u00e9pondre \u00e0 divers besoins.<\/li>\n\n\n\n<li><strong>R\u00e9pondre aux divers besoins des marques et des march\u00e9s :<\/strong> Nous proposons des services OEM\/ODM pour les services de table en vrac, y compris la personnalisation du logo, la personnalisation des motifs et la personnalisation des emballages, afin d'aider nos clients \u00e0 cr\u00e9er leur propre vaisselle unique.<\/li>\n<\/ul>\n<\/div>\n\n\n\n<div class=\"wp-block-column is-layout-flow wp-block-column-is-layout-flow\">\n<figure class=\"wp-block-image size-full\"><img decoding=\"async\" width=\"1200\" height=\"1200\" src=\"https:\/\/www.lovinghomecollection.com\/wp-content\/uploads\/2025\/08\/Wholesale-Dinner-Service-Sets-Fruit-Pattern-Crockery-Bulk-3.webp\" alt=\"Services de table en gros, vaisselle \u00e0 motifs fruit\u00e9s en vrac-3\" class=\"wp-image-4544\" srcset=\"https:\/\/www.lovinghomecollection.com\/wp-content\/uploads\/2025\/08\/Wholesale-Dinner-Service-Sets-Fruit-Pattern-Crockery-Bulk-3.webp 1200w, https:\/\/www.lovinghomecollection.com\/wp-content\/uploads\/2025\/08\/Wholesale-Dinner-Service-Sets-Fruit-Pattern-Crockery-Bulk-3-300x300.webp 300w, https:\/\/www.lovinghomecollection.com\/wp-content\/uploads\/2025\/08\/Wholesale-Dinner-Service-Sets-Fruit-Pattern-Crockery-Bulk-3-150x150.webp 150w, https:\/\/www.lovinghomecollection.com\/wp-content\/uploads\/2025\/08\/Wholesale-Dinner-Service-Sets-Fruit-Pattern-Crockery-Bulk-3-768x768.webp 768w, https:\/\/www.lovinghomecollection.com\/wp-content\/uploads\/2025\/08\/Wholesale-Dinner-Service-Sets-Fruit-Pattern-Crockery-Bulk-3-12x12.webp 12w, https:\/\/www.lovinghomecollection.com\/wp-content\/uploads\/2025\/08\/Wholesale-Dinner-Service-Sets-Fruit-Pattern-Crockery-Bulk-3-600x600.webp 600w, https:\/\/www.lovinghomecollection.com\/wp-content\/uploads\/2025\/08\/Wholesale-Dinner-Service-Sets-Fruit-Pattern-Crockery-Bulk-3-100x100.webp 100w\" sizes=\"(max-width: 1200px) 100vw, 1200px\" \/><\/figure>\n<\/div>\n<\/div>\n\n\n\n<h2 class=\"wp-block-heading has-text-align-center\">Pr\u00e9sentation des produits Fruit Breeze Ensembles de vaisselle pour le d\u00eener en gros<\/h2>\n\n\n\n<div class=\"wp-block-columns is-layout-flex wp-container-core-columns-is-layout-9d6595d7 wp-block-columns-is-layout-flex\">\n<div class=\"wp-block-column is-layout-flow wp-block-column-is-layout-flow\">\n<figure class=\"wp-block-image size-full\"><img decoding=\"async\" width=\"2137\" height=\"2171\" src=\"https:\/\/www.lovinghomecollection.com\/wp-content\/uploads\/2025\/08\/Wholesale-Dinner-Service-Sets-Fruit-Pattern-Crockery-Bulk-9.webp\" alt=\"Services de table en gros, vaisselle \u00e0 motifs fruit\u00e9s en vrac-9\" class=\"wp-image-4550\" srcset=\"https:\/\/www.lovinghomecollection.com\/wp-content\/uploads\/2025\/08\/Wholesale-Dinner-Service-Sets-Fruit-Pattern-Crockery-Bulk-9.webp 2137w, https:\/\/www.lovinghomecollection.com\/wp-content\/uploads\/2025\/08\/Wholesale-Dinner-Service-Sets-Fruit-Pattern-Crockery-Bulk-9-295x300.webp 295w, https:\/\/www.lovinghomecollection.com\/wp-content\/uploads\/2025\/08\/Wholesale-Dinner-Service-Sets-Fruit-Pattern-Crockery-Bulk-9-768x780.webp 768w, https:\/\/www.lovinghomecollection.com\/wp-content\/uploads\/2025\/08\/Wholesale-Dinner-Service-Sets-Fruit-Pattern-Crockery-Bulk-9-12x12.webp 12w, https:\/\/www.lovinghomecollection.com\/wp-content\/uploads\/2025\/08\/Wholesale-Dinner-Service-Sets-Fruit-Pattern-Crockery-Bulk-9-1200x1219.webp 1200w, https:\/\/www.lovinghomecollection.com\/wp-content\/uploads\/2025\/08\/Wholesale-Dinner-Service-Sets-Fruit-Pattern-Crockery-Bulk-9-600x610.webp 600w\" sizes=\"(max-width: 2137px) 100vw, 2137px\" \/><\/figure>\n<\/div>\n\n\n\n<div class=\"wp-block-column is-layout-flow wp-block-column-is-layout-flow\">\n<figure class=\"wp-block-image size-full\"><img decoding=\"async\" width=\"2137\" height=\"1703\" src=\"https:\/\/www.lovinghomecollection.com\/wp-content\/uploads\/2025\/08\/Wholesale-Dinner-Service-Sets-Fruit-Pattern-Crockery-Bulk-10.webp\" alt=\"Services de table en gros, vaisselle \u00e0 motifs fruit\u00e9s, lot de 10\" class=\"wp-image-4551\" srcset=\"https:\/\/www.lovinghomecollection.com\/wp-content\/uploads\/2025\/08\/Wholesale-Dinner-Service-Sets-Fruit-Pattern-Crockery-Bulk-10.webp 2137w, https:\/\/www.lovinghomecollection.com\/wp-content\/uploads\/2025\/08\/Wholesale-Dinner-Service-Sets-Fruit-Pattern-Crockery-Bulk-10-300x239.webp 300w, https:\/\/www.lovinghomecollection.com\/wp-content\/uploads\/2025\/08\/Wholesale-Dinner-Service-Sets-Fruit-Pattern-Crockery-Bulk-10-768x612.webp 768w, https:\/\/www.lovinghomecollection.com\/wp-content\/uploads\/2025\/08\/Wholesale-Dinner-Service-Sets-Fruit-Pattern-Crockery-Bulk-10-15x12.webp 15w, https:\/\/www.lovinghomecollection.com\/wp-content\/uploads\/2025\/08\/Wholesale-Dinner-Service-Sets-Fruit-Pattern-Crockery-Bulk-10-1200x956.webp 1200w, https:\/\/www.lovinghomecollection.com\/wp-content\/uploads\/2025\/08\/Wholesale-Dinner-Service-Sets-Fruit-Pattern-Crockery-Bulk-10-600x478.webp 600w\" sizes=\"(max-width: 2137px) 100vw, 2137px\" \/><\/figure>\n<\/div>\n<\/div>","protected":false},"excerpt":{"rendered":"<p>Bienvenue pour l'achat en gros de services de table. Cet ensemble de vaisselle en porcelaine de style d\u00e9contract\u00e9 pr\u00e9sente des motifs fruit\u00e9s vifs et adorables, cr\u00e9ant une atmosph\u00e8re \u00e0 la fois dynamique et naturelle. Fabriqu\u00e9 \u00e0 partir de porcelaine de haute qualit\u00e9, cet ensemble se caract\u00e9rise par une texture raffin\u00e9e et une grande durabilit\u00e9.<\/p>\n<table style=\"border-collapse: collapse; width: 338.02pt;\" border=\"0\" width=\"338\" cellspacing=\"0\" cellpadding=\"0\">\n<tbody>\n<tr style=\"height: 18.00pt;\">\n<td class=\"et3\" style=\"height: 18.00pt; width: 124.50pt;\" width=\"124\" height=\"18\">Fabricant<\/td>\n<td class=\"et3\" style=\"width: 214.40pt;\" width=\"214\">Un foyer d'amour<\/td>\n<\/tr>\n<tr style=\"height: 18.00pt;\">\n<td class=\"et3\" style=\"height: 18.00pt; width: 124.50pt;\" width=\"124\" height=\"18\">Nom de la collection<\/td>\n<td class=\"et4\" style=\"width: 214.40pt;\" width=\"214\">Brise fruit\u00e9e<\/td>\n<\/tr>\n<tr style=\"height: 18.00pt;\">\n<td class=\"et3\" style=\"height: 18.00pt; width: 124.50pt;\" width=\"124\" height=\"18\">Utilisation<\/td>\n<td class=\"et3\" style=\"width: 214.40pt;\" width=\"214\">Maison, Restaurant, H\u00f4tel<\/td>\n<\/tr>\n<tr style=\"height: 36.00pt;\">\n<td class=\"et3\" style=\"height: 36.00pt; width: 124.50pt;\" width=\"124\" height=\"36\">Type de vaisselle<\/td>\n<td class=\"et3\" style=\"width: 214.40pt;\" width=\"214\">Assiette, bol, pr\u00e9sentoir \u00e0 g\u00e2teaux, tasse et soucoupe, mug,\u00a0<\/td>\n<\/tr>\n<tr style=\"height: 18.00pt;\">\n<td class=\"et3\" style=\"height: 18.00pt; width: 124.50pt;\" width=\"124\" height=\"18\">Mat\u00e9riau<\/td>\n<td class=\"et3\" style=\"width: 214.40pt;\" width=\"214\">Porcelaine durable<\/td>\n<\/tr>\n<tr style=\"height: 18.00pt;\">\n<td class=\"et3\" style=\"height: 18.00pt; width: 124.50pt;\" width=\"124\" height=\"18\">Dimension<\/td>\n<td class=\"et3\" style=\"width: 214.40pt;\" width=\"214\">Comme l'indique la photo de d\u00e9tail<\/td>\n<\/tr>\n<tr style=\"height: 18.00pt;\">\n<td class=\"et3\" style=\"height: 18.00pt; width: 124.50pt;\" width=\"124\" height=\"18\">Unit\u00e9s de vente<\/td>\n<td class=\"et3\" style=\"width: 214.40pt;\" width=\"214\">Article unique<\/td>\n<\/tr>\n<tr style=\"height: 18.00pt;\">\n<td class=\"et3\" style=\"height: 18.00pt; width: 124.50pt;\" width=\"124\" height=\"18\">MOQ<\/td>\n<td class=\"et3\" style=\"width: 214.40pt;\" width=\"214\">1200\/pcs par article<\/td>\n<\/tr>\n<tr style=\"height: 18.00pt;\">\n<td class=\"et3\" style=\"height: 18.00pt; width: 124.50pt;\" width=\"124\" height=\"18\">Option personnalis\u00e9e<\/td>\n<td class=\"et3\" style=\"width: 214.40pt;\" width=\"214\">Couleur\/Taille\/Glaze\/Logo\/Emballage<\/td>\n<\/tr>\n<\/tbody>\n<\/table>","protected":false},"featured_media":4552,"comment_status":"closed","ping_status":"closed","template":"","meta":{"_acf_changed":false},"product_brand":[],"product_cat":[19,47],"product_tag":[37,25,27],"class_list":{"0":"post-4513","1":"product","2":"type-product","3":"status-publish","4":"has-post-thumbnail","6":"product_cat-dinnerware-wholesale","7":"product_cat-lightweight-dinnerware-supplier","8":"product_tag-bulk-cake-stands","9":"product_tag-wholesale-plates-and-bowls","10":"product_tag-wholesale-tea-cups-and-saucers","12":"first","13":"instock","14":"shipping-taxable","15":"product-type-simple"},"acf":[],"_links":{"self":[{"href":"https:\/\/www.lovinghomecollection.com\/fr\/wp-json\/wp\/v2\/product\/4513","targetHints":{"allow":["GET"]}}],"collection":[{"href":"https:\/\/www.lovinghomecollection.com\/fr\/wp-json\/wp\/v2\/product"}],"about":[{"href":"https:\/\/www.lovinghomecollection.com\/fr\/wp-json\/wp\/v2\/types\/product"}],"replies":[{"embeddable":true,"href":"https:\/\/www.lovinghomecollection.com\/fr\/wp-json\/wp\/v2\/comments?post=4513"}],"wp:featuredmedia":[{"embeddable":true,"href":"https:\/\/www.lovinghomecollection.com\/fr\/wp-json\/wp\/v2\/media\/4552"}],"wp:attachment":[{"href":"https:\/\/www.lovinghomecollection.com\/fr\/wp-json\/wp\/v2\/media?parent=4513"}],"wp:term":[{"taxonomy":"product_brand","embeddable":true,"href":"https:\/\/www.lovinghomecollection.com\/fr\/wp-json\/wp\/v2\/product_brand?post=4513"},{"taxonomy":"product_cat","embeddable":true,"href":"https:\/\/www.lovinghomecollection.com\/fr\/wp-json\/wp\/v2\/product_cat?post=4513"},{"taxonomy":"product_tag","embeddable":true,"href":"https:\/\/www.lovinghomecollection.com\/fr\/wp-json\/wp\/v2\/product_tag?post=4513"}],"curies":[{"name":"wp","href":"https:\/\/api.w.org\/{rel}","templated":true}]}}