{"id":4500,"date":"2025-08-05T10:11:48","date_gmt":"2025-08-05T10:11:48","guid":{"rendered":"https:\/\/www.lovinghomecollection.com\/?post_type=product&#038;p=4500"},"modified":"2025-09-23T08:10:13","modified_gmt":"2025-09-23T08:10:13","slug":"wholesale-lightweight-dinnerware-sets","status":"publish","type":"product","link":"https:\/\/www.lovinghomecollection.com\/fr\/produit\/wholesale-lightweight-dinnerware-sets\/","title":{"rendered":"Vente en gros de vaisselle l\u00e9g\u00e8re, vaisselle en porcelaine"},"content":{"rendered":"<div class=\"wp-block-columns is-layout-flex wp-container-core-columns-is-layout-9d6595d7 wp-block-columns-is-layout-flex\">\n<div class=\"wp-block-column is-layout-flow wp-block-column-is-layout-flow\" style=\"flex-basis:60%\">\n<h2 class=\"wp-block-heading\">Ensembles de vaisselle l\u00e9gers haut de gamme pour la vente en gros Caract\u00e9ristiques :<\/h2>\n\n\n\n<ul class=\"wp-block-list\">\n<li><strong>Beau et pratique : <\/strong>Nos services de table l\u00e9gers vendus en gros pr\u00e9sentent un design esth\u00e9tique moderne et minimaliste, avec un \u00e9mail blanc classique et un rebord bleu fonc\u00e9, cr\u00e9ant un look \u00e9l\u00e9gant qui rehausse l'atmosph\u00e8re.<\/li>\n\n\n\n<li><strong>l\u00e9ger et r\u00e9sistant : <\/strong>Cet ensemble de vaisselle en porcelaine est plus r\u00e9sistant et plus l\u00e9ger que la porcelaine traditionnelle, id\u00e9al pour les repas quotidiens.<\/li>\n\n\n\n<li><strong>Divers articles pour une combinaison flexible :<\/strong> Nos services de table l\u00e9gers vendus en gros comprennent une vari\u00e9t\u00e9 de tailles et d'articles fonctionnels, notamment des assiettes plates, des assiettes creuses, des bols \u00e0 soupe, des saladiers et des tasses, qui peuvent \u00eatre combin\u00e9s librement en fonction des occasions ou des plats.<\/li>\n\n\n\n<li><strong>Approvisionnement complet en vaisselle : <\/strong>Nos ensembles de vaisselle en porcelaine en vrac prennent en charge les services OEM\/ODM, vous permettant de personnaliser votre logo, votre emballage ou vos combinaisons de couleurs afin de r\u00e9pondre \u00e0 vos besoins sp\u00e9cifiques, avec une livraison stable et ponctuelle garantie.<\/li>\n<\/ul>\n<\/div>\n\n\n\n<div class=\"wp-block-column is-layout-flow wp-block-column-is-layout-flow\">\n<figure class=\"wp-block-image size-full\"><img decoding=\"async\" width=\"1200\" height=\"1200\" src=\"https:\/\/www.lovinghomecollection.com\/wp-content\/uploads\/2025\/08\/Wholesale-Lightweight-Dinnerware-Sets-Porcelain-Crockery-5.webp\" alt=\"Ensembles de vaisselle l\u00e9gers en gros, vaisselle en porcelaine-5\" class=\"wp-image-4532\" srcset=\"https:\/\/www.lovinghomecollection.com\/wp-content\/uploads\/2025\/08\/Wholesale-Lightweight-Dinnerware-Sets-Porcelain-Crockery-5.webp 1200w, https:\/\/www.lovinghomecollection.com\/wp-content\/uploads\/2025\/08\/Wholesale-Lightweight-Dinnerware-Sets-Porcelain-Crockery-5-300x300.webp 300w, https:\/\/www.lovinghomecollection.com\/wp-content\/uploads\/2025\/08\/Wholesale-Lightweight-Dinnerware-Sets-Porcelain-Crockery-5-150x150.webp 150w, https:\/\/www.lovinghomecollection.com\/wp-content\/uploads\/2025\/08\/Wholesale-Lightweight-Dinnerware-Sets-Porcelain-Crockery-5-768x768.webp 768w, https:\/\/www.lovinghomecollection.com\/wp-content\/uploads\/2025\/08\/Wholesale-Lightweight-Dinnerware-Sets-Porcelain-Crockery-5-12x12.webp 12w, https:\/\/www.lovinghomecollection.com\/wp-content\/uploads\/2025\/08\/Wholesale-Lightweight-Dinnerware-Sets-Porcelain-Crockery-5-600x600.webp 600w, https:\/\/www.lovinghomecollection.com\/wp-content\/uploads\/2025\/08\/Wholesale-Lightweight-Dinnerware-Sets-Porcelain-Crockery-5-100x100.webp 100w\" sizes=\"(max-width: 1200px) 100vw, 1200px\" \/><\/figure>\n<\/div>\n<\/div>\n\n\n\n<h2 class=\"wp-block-heading has-text-align-center\">Pr\u00e9sentation des produits Bold Path : ensembles de vaisselle l\u00e9gers vendus en gros<\/h2>\n\n\n\n<div class=\"wp-block-columns is-layout-flex wp-container-core-columns-is-layout-9d6595d7 wp-block-columns-is-layout-flex\">\n<div class=\"wp-block-column is-layout-flow wp-block-column-is-layout-flow\">\n<figure class=\"wp-block-image size-full\"><img decoding=\"async\" width=\"2464\" height=\"3374\" src=\"https:\/\/www.lovinghomecollection.com\/wp-content\/uploads\/2025\/08\/Wholesale-Lightweight-Dinnerware-Sets-Porcelain-Crockery-11.webp\" alt=\"Ensembles de vaisselle l\u00e9gers en gros, vaisselle en porcelaine-11\" class=\"wp-image-4538\" srcset=\"https:\/\/www.lovinghomecollection.com\/wp-content\/uploads\/2025\/08\/Wholesale-Lightweight-Dinnerware-Sets-Porcelain-Crockery-11.webp 2464w, https:\/\/www.lovinghomecollection.com\/wp-content\/uploads\/2025\/08\/Wholesale-Lightweight-Dinnerware-Sets-Porcelain-Crockery-11-219x300.webp 219w, https:\/\/www.lovinghomecollection.com\/wp-content\/uploads\/2025\/08\/Wholesale-Lightweight-Dinnerware-Sets-Porcelain-Crockery-11-768x1052.webp 768w, https:\/\/www.lovinghomecollection.com\/wp-content\/uploads\/2025\/08\/Wholesale-Lightweight-Dinnerware-Sets-Porcelain-Crockery-11-9x12.webp 9w, https:\/\/www.lovinghomecollection.com\/wp-content\/uploads\/2025\/08\/Wholesale-Lightweight-Dinnerware-Sets-Porcelain-Crockery-11-1200x1643.webp 1200w, https:\/\/www.lovinghomecollection.com\/wp-content\/uploads\/2025\/08\/Wholesale-Lightweight-Dinnerware-Sets-Porcelain-Crockery-11-600x822.webp 600w\" sizes=\"(max-width: 2464px) 100vw, 2464px\" \/><\/figure>\n<\/div>\n\n\n\n<div class=\"wp-block-column is-layout-flow wp-block-column-is-layout-flow\">\n<figure class=\"wp-block-image size-full\"><img decoding=\"async\" width=\"2464\" height=\"1982\" src=\"https:\/\/www.lovinghomecollection.com\/wp-content\/uploads\/2025\/08\/Wholesale-Lightweight-Dinnerware-Sets-Porcelain-Crockery-12.webp\" alt=\"Ensembles de vaisselle l\u00e9gers en gros, vaisselle en porcelaine - 12\" class=\"wp-image-4539\" srcset=\"https:\/\/www.lovinghomecollection.com\/wp-content\/uploads\/2025\/08\/Wholesale-Lightweight-Dinnerware-Sets-Porcelain-Crockery-12.webp 2464w, https:\/\/www.lovinghomecollection.com\/wp-content\/uploads\/2025\/08\/Wholesale-Lightweight-Dinnerware-Sets-Porcelain-Crockery-12-300x241.webp 300w, https:\/\/www.lovinghomecollection.com\/wp-content\/uploads\/2025\/08\/Wholesale-Lightweight-Dinnerware-Sets-Porcelain-Crockery-12-768x618.webp 768w, https:\/\/www.lovinghomecollection.com\/wp-content\/uploads\/2025\/08\/Wholesale-Lightweight-Dinnerware-Sets-Porcelain-Crockery-12-15x12.webp 15w, https:\/\/www.lovinghomecollection.com\/wp-content\/uploads\/2025\/08\/Wholesale-Lightweight-Dinnerware-Sets-Porcelain-Crockery-12-1200x965.webp 1200w, https:\/\/www.lovinghomecollection.com\/wp-content\/uploads\/2025\/08\/Wholesale-Lightweight-Dinnerware-Sets-Porcelain-Crockery-12-600x483.webp 600w\" sizes=\"(max-width: 2464px) 100vw, 2464px\" \/><\/figure>\n\n\n\n<figure class=\"wp-block-image size-full\"><img decoding=\"async\" width=\"1200\" height=\"1200\" src=\"https:\/\/www.lovinghomecollection.com\/wp-content\/uploads\/2025\/08\/Wholesale-Lightweight-Dinnerware-Sets-Porcelain-Crockery-13.webp\" alt=\"Ensembles de vaisselle l\u00e9gers en gros, vaisselle en porcelaine-13\" class=\"wp-image-4540\" srcset=\"https:\/\/www.lovinghomecollection.com\/wp-content\/uploads\/2025\/08\/Wholesale-Lightweight-Dinnerware-Sets-Porcelain-Crockery-13.webp 1200w, https:\/\/www.lovinghomecollection.com\/wp-content\/uploads\/2025\/08\/Wholesale-Lightweight-Dinnerware-Sets-Porcelain-Crockery-13-300x300.webp 300w, https:\/\/www.lovinghomecollection.com\/wp-content\/uploads\/2025\/08\/Wholesale-Lightweight-Dinnerware-Sets-Porcelain-Crockery-13-150x150.webp 150w, https:\/\/www.lovinghomecollection.com\/wp-content\/uploads\/2025\/08\/Wholesale-Lightweight-Dinnerware-Sets-Porcelain-Crockery-13-768x768.webp 768w, https:\/\/www.lovinghomecollection.com\/wp-content\/uploads\/2025\/08\/Wholesale-Lightweight-Dinnerware-Sets-Porcelain-Crockery-13-12x12.webp 12w, https:\/\/www.lovinghomecollection.com\/wp-content\/uploads\/2025\/08\/Wholesale-Lightweight-Dinnerware-Sets-Porcelain-Crockery-13-600x600.webp 600w, https:\/\/www.lovinghomecollection.com\/wp-content\/uploads\/2025\/08\/Wholesale-Lightweight-Dinnerware-Sets-Porcelain-Crockery-13-100x100.webp 100w\" sizes=\"(max-width: 1200px) 100vw, 1200px\" \/><\/figure>\n<\/div>\n<\/div>\n\n\n\n<p><\/p>","protected":false},"excerpt":{"rendered":"<p>Bienvenue sur notre site d'achat en gros de vaisselle l\u00e9g\u00e8re. Notre service de vaisselle en porcelaine l\u00e9g\u00e8re en vrac pr\u00e9sente un design moderne minimaliste avec une gla\u00e7ure blanche brillante et un bord bleu fonc\u00e9, cr\u00e9ant un look \u00e9l\u00e9gant.<\/p>\n<table style=\"border-collapse: collapse; width: 338.02pt;\" border=\"0\" width=\"338\" cellspacing=\"0\" cellpadding=\"0\">\n<tbody>\n<tr style=\"height: 18.00pt;\">\n<td class=\"et3\" style=\"height: 18.00pt; width: 124.50pt;\" width=\"124\" height=\"18\">Fabricant<\/td>\n<td class=\"et3\" style=\"width: 214.40pt;\" width=\"214\">Un foyer d'amour<\/td>\n<\/tr>\n<tr style=\"height: 18.00pt;\">\n<td class=\"et3\" style=\"height: 18.00pt; width: 124.50pt;\" width=\"124\" height=\"18\">Nom de la collection<\/td>\n<td class=\"et3\" style=\"width: 214.40pt;\" width=\"214\">Trajectoire audacieuse Poids l\u00e9ger<\/td>\n<\/tr>\n<tr style=\"height: 18.00pt;\">\n<td class=\"et3\" style=\"height: 18.00pt; width: 124.50pt;\" width=\"124\" height=\"18\">Utilisation<\/td>\n<td class=\"et3\" style=\"width: 214.40pt;\" width=\"214\">Maison, Restaurant, H\u00f4tel<\/td>\n<\/tr>\n<tr style=\"height: 18.00pt;\">\n<td class=\"et3\" style=\"height: 18.00pt; width: 124.50pt;\" width=\"124\" height=\"18\">Type de vaisselle<\/td>\n<td class=\"et3\" style=\"width: 214.40pt;\" width=\"214\">Assiette, bol, plateau \u00e0 fromage, bo\u00eete, bouteille d'huile, th\u00e9i\u00e8re, cr\u00e9mier, sucrier, tasse et soucoupe, mug<\/td>\n<\/tr>\n<tr style=\"height: 18.00pt;\">\n<td class=\"et3\" style=\"height: 18.00pt; width: 124.50pt;\" width=\"124\" height=\"18\">Mat\u00e9riau<\/td>\n<td class=\"et3\" style=\"width: 214.40pt;\" width=\"214\">Porcelaine durable<\/td>\n<\/tr>\n<tr style=\"height: 18.00pt;\">\n<td class=\"et3\" style=\"height: 18.00pt; width: 124.50pt;\" width=\"124\" height=\"18\">Dimension<\/td>\n<td class=\"et3\" style=\"width: 214.40pt;\" width=\"214\">Comme l'indique la photo de d\u00e9tail<\/td>\n<\/tr>\n<tr style=\"height: 18.00pt;\">\n<td class=\"et3\" style=\"height: 18.00pt; width: 124.50pt;\" width=\"124\" height=\"18\">Unit\u00e9s de vente<\/td>\n<td class=\"et3\" style=\"width: 214.40pt;\" width=\"214\">Article unique<\/td>\n<\/tr>\n<tr style=\"height: 18.00pt;\">\n<td class=\"et3\" style=\"height: 18.00pt; width: 124.50pt;\" width=\"124\" height=\"18\">MOQ<\/td>\n<td class=\"et3\" style=\"width: 214.40pt;\" width=\"214\">1200\/pcs par article<\/td>\n<\/tr>\n<tr style=\"height: 18.00pt;\">\n<td class=\"et3\" style=\"height: 18.00pt; width: 124.50pt;\" width=\"124\" height=\"18\">Option personnalis\u00e9e<\/td>\n<td class=\"et3\" style=\"width: 214.40pt;\" width=\"214\">Couleur\/Taille\/Glaze\/Logo\/Emballage<\/td>\n<\/tr>\n<\/tbody>\n<\/table>","protected":false},"featured_media":4530,"comment_status":"closed","ping_status":"closed","template":"","meta":{"_acf_changed":false},"product_brand":[],"product_cat":[19,47],"product_tag":[35,40,25,39,34,27,26],"class_list":{"0":"post-4500","1":"product","2":"type-product","3":"status-publish","4":"has-post-thumbnail","6":"product_cat-dinnerware-wholesale","7":"product_cat-lightweight-dinnerware-supplier","8":"product_tag-wholesale-cheese-boards","9":"product_tag-oil-bottles-wholesale","10":"product_tag-wholesale-plates-and-bowls","11":"product_tag-sugar-jars-wholesale","12":"product_tag-olive-oil-dipping-bowls-wholesale","13":"product_tag-wholesale-tea-cups-and-saucers","14":"product_tag-wholesale-teapots","16":"first","17":"instock","18":"shipping-taxable","19":"product-type-simple"},"acf":[],"_links":{"self":[{"href":"https:\/\/www.lovinghomecollection.com\/fr\/wp-json\/wp\/v2\/product\/4500","targetHints":{"allow":["GET"]}}],"collection":[{"href":"https:\/\/www.lovinghomecollection.com\/fr\/wp-json\/wp\/v2\/product"}],"about":[{"href":"https:\/\/www.lovinghomecollection.com\/fr\/wp-json\/wp\/v2\/types\/product"}],"replies":[{"embeddable":true,"href":"https:\/\/www.lovinghomecollection.com\/fr\/wp-json\/wp\/v2\/comments?post=4500"}],"wp:featuredmedia":[{"embeddable":true,"href":"https:\/\/www.lovinghomecollection.com\/fr\/wp-json\/wp\/v2\/media\/4530"}],"wp:attachment":[{"href":"https:\/\/www.lovinghomecollection.com\/fr\/wp-json\/wp\/v2\/media?parent=4500"}],"wp:term":[{"taxonomy":"product_brand","embeddable":true,"href":"https:\/\/www.lovinghomecollection.com\/fr\/wp-json\/wp\/v2\/product_brand?post=4500"},{"taxonomy":"product_cat","embeddable":true,"href":"https:\/\/www.lovinghomecollection.com\/fr\/wp-json\/wp\/v2\/product_cat?post=4500"},{"taxonomy":"product_tag","embeddable":true,"href":"https:\/\/www.lovinghomecollection.com\/fr\/wp-json\/wp\/v2\/product_tag?post=4500"}],"curies":[{"name":"wp","href":"https:\/\/api.w.org\/{rel}","templated":true}]}}