{"id":3627,"date":"2025-05-20T04:08:36","date_gmt":"2025-05-20T04:08:36","guid":{"rendered":"https:\/\/www.lovinghomecollection.com\/?post_type=product&#038;p=3627"},"modified":"2025-11-19T10:02:05","modified_gmt":"2025-11-19T10:02:05","slug":"wholesale-rustic-dinnerware-sets","status":"publish","type":"product","link":"https:\/\/www.lovinghomecollection.com\/fr\/produit\/wholesale-rustic-dinnerware-sets\/","title":{"rendered":"Wholesale Rustic Dinnerware Sets With Christmas Patterns (vaisselle rustique avec motifs de No\u00ebl)"},"content":{"rendered":"<div class=\"wp-block-columns is-layout-flex wp-container-core-columns-is-layout-9d6595d7 wp-block-columns-is-layout-flex\">\n<div class=\"wp-block-column is-layout-flow wp-block-column-is-layout-flow\" style=\"flex-basis:60%\">\n<h2 class=\"wp-block-heading\">Premium Wholesale Rustic Dinnerware Sets Caract\u00e9ristiques :<\/h2>\n\n\n\n<ul class=\"wp-block-list\">\n<li><strong>Design de style rustique : <\/strong>Cette vaisselle rustique en gros a une forme rustique et naturelle, cr\u00e9ant une atmosph\u00e8re chaleureuse et confortable pour les repas de vacances, en accord avec la tendance actuelle de la maison \"rustique\".<\/li>\n\n\n\n<li><strong>D\u00e9coration classique de No\u00ebl :<\/strong> Cette vaisselle en c\u00e9ramique en vrac est assortie d'\u00e9l\u00e9ments traditionnels de No\u00ebl tels que du houx, des arbres de No\u00ebl et des couronnes. L'atmosph\u00e8re festive qui s'en d\u00e9gage est propice \u00e0 la vente pendant les f\u00eates de fin d'ann\u00e9e.<\/li>\n\n\n\n<li><strong>Fabrication en c\u00e9ramique de haute qualit\u00e9 : <\/strong>Notre vaisselle rustique en gros utilise une technologie de cuisson \u00e0 haute temp\u00e9rature, la surface est r\u00e9sistante et ne se raye pas facilement, elle convient \u00e0 une utilisation \u00e0 long terme dans les maisons et les lieux commerciaux.<\/li>\n\n\n\n<li><strong>Convient \u00e0 plusieurs canaux de vente : <\/strong>Notre vaisselle en c\u00e9ramique en vrac peut \u00eatre vendue en gros et personnalis\u00e9e. Elle convient aux supermarch\u00e9s, aux plates-formes de commerce \u00e9lectronique, aux marques de maison, aux lignes de produits de la saison de No\u00ebl, etc.<\/li>\n<\/ul>\n<\/div>\n\n\n\n<div class=\"wp-block-column is-layout-flow wp-block-column-is-layout-flow\">\n<figure class=\"wp-block-image size-full\"><img decoding=\"async\" width=\"1200\" height=\"1200\" src=\"https:\/\/www.lovinghomecollection.com\/wp-content\/uploads\/2025\/05\/Wholesale-Rustic-Dinnerware-Sets-With-Christmas-Patterns-5.webp\" alt=\"Wholesale Rustic Dinnerware Sets With Christmas Patterns-5 (vaisselle rustique avec motifs de No\u00ebl)\" class=\"wp-image-3904\" srcset=\"https:\/\/www.lovinghomecollection.com\/wp-content\/uploads\/2025\/05\/Wholesale-Rustic-Dinnerware-Sets-With-Christmas-Patterns-5.webp 1200w, https:\/\/www.lovinghomecollection.com\/wp-content\/uploads\/2025\/05\/Wholesale-Rustic-Dinnerware-Sets-With-Christmas-Patterns-5-300x300.webp 300w, https:\/\/www.lovinghomecollection.com\/wp-content\/uploads\/2025\/05\/Wholesale-Rustic-Dinnerware-Sets-With-Christmas-Patterns-5-150x150.webp 150w, https:\/\/www.lovinghomecollection.com\/wp-content\/uploads\/2025\/05\/Wholesale-Rustic-Dinnerware-Sets-With-Christmas-Patterns-5-768x768.webp 768w, https:\/\/www.lovinghomecollection.com\/wp-content\/uploads\/2025\/05\/Wholesale-Rustic-Dinnerware-Sets-With-Christmas-Patterns-5-12x12.webp 12w, https:\/\/www.lovinghomecollection.com\/wp-content\/uploads\/2025\/05\/Wholesale-Rustic-Dinnerware-Sets-With-Christmas-Patterns-5-600x600.webp 600w, https:\/\/www.lovinghomecollection.com\/wp-content\/uploads\/2025\/05\/Wholesale-Rustic-Dinnerware-Sets-With-Christmas-Patterns-5-100x100.webp 100w\" sizes=\"(max-width: 1200px) 100vw, 1200px\" \/><\/figure>\n<\/div>\n<\/div>\n\n\n\n<h2 class=\"wp-block-heading has-text-align-center\">Pr\u00e9sentation du produit Cadeau du P\u00e8re No\u00ebl Wholesale Rustic Dinnerware Sets<\/h2>\n\n\n\n<div class=\"wp-block-columns is-layout-flex wp-container-core-columns-is-layout-9d6595d7 wp-block-columns-is-layout-flex\">\n<div class=\"wp-block-column is-layout-flow wp-block-column-is-layout-flow\">\n<figure class=\"wp-block-image size-full\"><img decoding=\"async\" width=\"1673\" height=\"1658\" src=\"https:\/\/www.lovinghomecollection.com\/wp-content\/uploads\/2025\/05\/Wholesale-Rustic-Dinnerware-Sets-With-Christmas-Patterns-9.webp\" alt=\"Wholesale Rustic Dinnerware Sets With Christmas Patterns-9\" class=\"wp-image-3908\" srcset=\"https:\/\/www.lovinghomecollection.com\/wp-content\/uploads\/2025\/05\/Wholesale-Rustic-Dinnerware-Sets-With-Christmas-Patterns-9.webp 1673w, https:\/\/www.lovinghomecollection.com\/wp-content\/uploads\/2025\/05\/Wholesale-Rustic-Dinnerware-Sets-With-Christmas-Patterns-9-300x297.webp 300w, https:\/\/www.lovinghomecollection.com\/wp-content\/uploads\/2025\/05\/Wholesale-Rustic-Dinnerware-Sets-With-Christmas-Patterns-9-150x150.webp 150w, https:\/\/www.lovinghomecollection.com\/wp-content\/uploads\/2025\/05\/Wholesale-Rustic-Dinnerware-Sets-With-Christmas-Patterns-9-768x761.webp 768w, https:\/\/www.lovinghomecollection.com\/wp-content\/uploads\/2025\/05\/Wholesale-Rustic-Dinnerware-Sets-With-Christmas-Patterns-9-12x12.webp 12w, https:\/\/www.lovinghomecollection.com\/wp-content\/uploads\/2025\/05\/Wholesale-Rustic-Dinnerware-Sets-With-Christmas-Patterns-9-1200x1189.webp 1200w, https:\/\/www.lovinghomecollection.com\/wp-content\/uploads\/2025\/05\/Wholesale-Rustic-Dinnerware-Sets-With-Christmas-Patterns-9-600x595.webp 600w, https:\/\/www.lovinghomecollection.com\/wp-content\/uploads\/2025\/05\/Wholesale-Rustic-Dinnerware-Sets-With-Christmas-Patterns-9-100x100.webp 100w\" sizes=\"(max-width: 1673px) 100vw, 1673px\" \/><\/figure>\n<\/div>\n\n\n\n<div class=\"wp-block-column is-layout-flow wp-block-column-is-layout-flow\">\n<figure class=\"wp-block-image size-full\"><img decoding=\"async\" width=\"1673\" height=\"1403\" src=\"https:\/\/www.lovinghomecollection.com\/wp-content\/uploads\/2025\/05\/Wholesale-Rustic-Dinnerware-Sets-With-Christmas-Patterns-10.webp\" alt=\"Wholesale Rustic Dinnerware Sets With Christmas Patterns-10 (vaisselle rustique avec motifs de No\u00ebl)\" class=\"wp-image-3909\" srcset=\"https:\/\/www.lovinghomecollection.com\/wp-content\/uploads\/2025\/05\/Wholesale-Rustic-Dinnerware-Sets-With-Christmas-Patterns-10.webp 1673w, https:\/\/www.lovinghomecollection.com\/wp-content\/uploads\/2025\/05\/Wholesale-Rustic-Dinnerware-Sets-With-Christmas-Patterns-10-300x252.webp 300w, https:\/\/www.lovinghomecollection.com\/wp-content\/uploads\/2025\/05\/Wholesale-Rustic-Dinnerware-Sets-With-Christmas-Patterns-10-768x644.webp 768w, https:\/\/www.lovinghomecollection.com\/wp-content\/uploads\/2025\/05\/Wholesale-Rustic-Dinnerware-Sets-With-Christmas-Patterns-10-14x12.webp 14w, https:\/\/www.lovinghomecollection.com\/wp-content\/uploads\/2025\/05\/Wholesale-Rustic-Dinnerware-Sets-With-Christmas-Patterns-10-1200x1006.webp 1200w, https:\/\/www.lovinghomecollection.com\/wp-content\/uploads\/2025\/05\/Wholesale-Rustic-Dinnerware-Sets-With-Christmas-Patterns-10-600x503.webp 600w\" sizes=\"(max-width: 1673px) 100vw, 1673px\" \/><\/figure>\n<\/div>\n<\/div>\n\n\n\n<p><\/p>","protected":false},"excerpt":{"rendered":"<p>Bienvenue pour acheter de la vaisselle en c\u00e9ramique en gros. Notre vaisselle rustique en gros de style No\u00ebl combine des textures naturelles avec des motifs traditionnels de f\u00eates. Elle est chaleureuse et rustique, pleine d'une atmosph\u00e8re hivernale, et constitue un choix id\u00e9al pour les tables de No\u00ebl, les cadeaux de vacances et la vente en gros au d\u00e9tail.<\/p>\n<table width=\"338\">\n<tbody>\n<tr>\n<td width=\"124\">Fabricant<\/td>\n<td width=\"214\">Un foyer d'amour<\/td>\n<\/tr>\n<tr>\n<td width=\"124\">Nom de la collection<\/td>\n<td width=\"214\">Collection de cadeaux du P\u00e8re No\u00ebl<\/td>\n<\/tr>\n<tr>\n<td width=\"124\">Utilisation<\/td>\n<td width=\"214\">Maison, H\u00f4tel, Restaurant<\/td>\n<\/tr>\n<tr>\n<td width=\"124\">Type de vaisselle<\/td>\n<td width=\"214\">Tasse, tasse et soucoupe, assiette, bol, bol \u00e0 tremper<\/td>\n<\/tr>\n<tr>\n<td width=\"124\">Mat\u00e9riau<\/td>\n<td width=\"214\">Porcelaine durable<\/td>\n<\/tr>\n<tr>\n<td width=\"124\">Dimension<\/td>\n<td width=\"214\">Comme l'indique la photo de d\u00e9tail<\/td>\n<\/tr>\n<tr>\n<td width=\"124\">Unit\u00e9s de vente<\/td>\n<td width=\"214\">Article unique<\/td>\n<\/tr>\n<tr>\n<td width=\"124\">MOQ<\/td>\n<td width=\"214\">1200\/pcs par article<\/td>\n<\/tr>\n<tr>\n<td width=\"124\">Option personnalis\u00e9e<\/td>\n<td width=\"214\">Couleur\/Taille\/Glaze\/Logo\/Emballage<\/td>\n<\/tr>\n<\/tbody>\n<\/table>","protected":false},"featured_media":3900,"comment_status":"closed","ping_status":"closed","template":"","meta":{"_acf_changed":false},"product_brand":[],"product_cat":[19,52],"product_tag":[25,34,27],"class_list":{"0":"post-3627","1":"product","2":"type-product","3":"status-publish","4":"has-post-thumbnail","6":"product_cat-dinnerware-wholesale","7":"product_cat-holiday-tableware-supplier","8":"product_tag-wholesale-plates-and-bowls","9":"product_tag-olive-oil-dipping-bowls-wholesale","10":"product_tag-wholesale-tea-cups-and-saucers","12":"first","13":"instock","14":"shipping-taxable","15":"product-type-simple"},"acf":[],"_links":{"self":[{"href":"https:\/\/www.lovinghomecollection.com\/fr\/wp-json\/wp\/v2\/product\/3627","targetHints":{"allow":["GET"]}}],"collection":[{"href":"https:\/\/www.lovinghomecollection.com\/fr\/wp-json\/wp\/v2\/product"}],"about":[{"href":"https:\/\/www.lovinghomecollection.com\/fr\/wp-json\/wp\/v2\/types\/product"}],"replies":[{"embeddable":true,"href":"https:\/\/www.lovinghomecollection.com\/fr\/wp-json\/wp\/v2\/comments?post=3627"}],"wp:featuredmedia":[{"embeddable":true,"href":"https:\/\/www.lovinghomecollection.com\/fr\/wp-json\/wp\/v2\/media\/3900"}],"wp:attachment":[{"href":"https:\/\/www.lovinghomecollection.com\/fr\/wp-json\/wp\/v2\/media?parent=3627"}],"wp:term":[{"taxonomy":"product_brand","embeddable":true,"href":"https:\/\/www.lovinghomecollection.com\/fr\/wp-json\/wp\/v2\/product_brand?post=3627"},{"taxonomy":"product_cat","embeddable":true,"href":"https:\/\/www.lovinghomecollection.com\/fr\/wp-json\/wp\/v2\/product_cat?post=3627"},{"taxonomy":"product_tag","embeddable":true,"href":"https:\/\/www.lovinghomecollection.com\/fr\/wp-json\/wp\/v2\/product_tag?post=3627"}],"curies":[{"name":"wp","href":"https:\/\/api.w.org\/{rel}","templated":true}]}}