{"id":3605,"date":"2025-05-20T03:31:30","date_gmt":"2025-05-20T03:31:30","guid":{"rendered":"https:\/\/www.lovinghomecollection.com\/?post_type=product&#038;p=3605"},"modified":"2025-05-20T03:31:32","modified_gmt":"2025-05-20T03:31:32","slug":"dinnerware-sets-bulk","status":"publish","type":"product","link":"https:\/\/www.lovinghomecollection.com\/fr\/produit\/dinnerware-sets-bulk\/","title":{"rendered":"Cupid's Love Cute Dinnerware Sets Bulk Supply For Events"},"content":{"rendered":"<div class=\"wp-block-columns is-layout-flex wp-container-core-columns-is-layout-9d6595d7 wp-block-columns-is-layout-flex\">\n<div class=\"wp-block-column is-layout-flow wp-block-column-is-layout-flow\" style=\"flex-basis:60%\">\n<h2 class=\"wp-block-heading\">Ensemble de vaisselle de qualit\u00e9 sup\u00e9rieure Caract\u00e9ristiques en vrac :<\/h2>\n\n\n\n<ul class=\"wp-block-list\">\n<li><strong>Douceur des couleurs rouge et blanche :<\/strong> Ces services de vaisselle sont assortis au rouge et au blanc classiques, ce qui les rend visuellement frais. L'ornementation en forme de c\u0153ur les rend plus mignons et romantiques, et ils sont tr\u00e8s appr\u00e9ci\u00e9s des femmes et des couples.<\/li>\n\n\n\n<li><strong>Applicable \u00e0 de multiples activit\u00e9s sc\u00e9niques : <\/strong>Ces sets de table \u00e0 th\u00e8me romantique sont particuli\u00e8rement adapt\u00e9s \u00e0 la Saint-Valentin, aux banquets de mariage, aux f\u00eates \u00e0 th\u00e8me et \u00e0 d'autres activit\u00e9s de c\u00e9l\u00e9bration, afin d'am\u00e9liorer l'ambiance.<\/li>\n\n\n\n<li><strong>Mat\u00e9riau c\u00e9ramique de haute qualit\u00e9 : <\/strong>Nos services de vaisselle en vrac sont fabriqu\u00e9s en c\u00e9ramique cuite \u00e0 haute temp\u00e9rature, avec une surface lisse facile \u00e0 nettoyer, alliant beaut\u00e9 et praticit\u00e9.<\/li>\n\n\n\n<li><strong>Prise en charge de l'approvisionnement en vrac et de la personnalisation :<\/strong> Nous fournissons des services d'approvisionnement en gros pour les sets de table et pouvons personnaliser les motifs et l'emballage en fonction des exigences de l'\u00e9v\u00e9nement ou de la marque.<\/li>\n<\/ul>\n<\/div>\n\n\n\n<div class=\"wp-block-column is-layout-flow wp-block-column-is-layout-flow\">\n<figure class=\"wp-block-image size-full\"><img decoding=\"async\" width=\"1200\" height=\"1200\" src=\"https:\/\/www.lovinghomecollection.com\/wp-content\/uploads\/2025\/05\/Cupids-Love-Cute-Dinnerware-Sets-Bulk-Supply-For-Events-1.webp\" alt=\"Cupid&#039;s Love Vaisselle mignonne V\u00eatements en vrac pour \u00e9v\u00e9nements-1\" class=\"wp-image-3878\" srcset=\"https:\/\/www.lovinghomecollection.com\/wp-content\/uploads\/2025\/05\/Cupids-Love-Cute-Dinnerware-Sets-Bulk-Supply-For-Events-1.webp 1200w, https:\/\/www.lovinghomecollection.com\/wp-content\/uploads\/2025\/05\/Cupids-Love-Cute-Dinnerware-Sets-Bulk-Supply-For-Events-1-300x300.webp 300w, https:\/\/www.lovinghomecollection.com\/wp-content\/uploads\/2025\/05\/Cupids-Love-Cute-Dinnerware-Sets-Bulk-Supply-For-Events-1-150x150.webp 150w, https:\/\/www.lovinghomecollection.com\/wp-content\/uploads\/2025\/05\/Cupids-Love-Cute-Dinnerware-Sets-Bulk-Supply-For-Events-1-768x768.webp 768w, https:\/\/www.lovinghomecollection.com\/wp-content\/uploads\/2025\/05\/Cupids-Love-Cute-Dinnerware-Sets-Bulk-Supply-For-Events-1-12x12.webp 12w, https:\/\/www.lovinghomecollection.com\/wp-content\/uploads\/2025\/05\/Cupids-Love-Cute-Dinnerware-Sets-Bulk-Supply-For-Events-1-600x600.webp 600w, https:\/\/www.lovinghomecollection.com\/wp-content\/uploads\/2025\/05\/Cupids-Love-Cute-Dinnerware-Sets-Bulk-Supply-For-Events-1-100x100.webp 100w\" sizes=\"(max-width: 1200px) 100vw, 1200px\" \/><\/figure>\n<\/div>\n<\/div>\n\n\n\n<h2 class=\"wp-block-heading has-text-align-center\">Pr\u00e9sentation du produit Cupid's Love Dinnerware Sets Bulk<\/h2>\n\n\n\n<div class=\"wp-block-columns is-layout-flex wp-container-core-columns-is-layout-9d6595d7 wp-block-columns-is-layout-flex\">\n<div class=\"wp-block-column is-layout-flow wp-block-column-is-layout-flow\">\n<figure class=\"wp-block-image size-full\"><img decoding=\"async\" width=\"1673\" height=\"2640\" src=\"https:\/\/www.lovinghomecollection.com\/wp-content\/uploads\/2025\/05\/Cupids-Love-Cute-Dinnerware-Sets-Bulk-Supply-For-Events-9.webp\" alt=\"Cupid&#039;s Love - Ensemble de vaisselle mignonne Approvisionnement en vrac pour \u00e9v\u00e9nements-9\" class=\"wp-image-3886\" srcset=\"https:\/\/www.lovinghomecollection.com\/wp-content\/uploads\/2025\/05\/Cupids-Love-Cute-Dinnerware-Sets-Bulk-Supply-For-Events-9.webp 1673w, https:\/\/www.lovinghomecollection.com\/wp-content\/uploads\/2025\/05\/Cupids-Love-Cute-Dinnerware-Sets-Bulk-Supply-For-Events-9-190x300.webp 190w, https:\/\/www.lovinghomecollection.com\/wp-content\/uploads\/2025\/05\/Cupids-Love-Cute-Dinnerware-Sets-Bulk-Supply-For-Events-9-768x1212.webp 768w, https:\/\/www.lovinghomecollection.com\/wp-content\/uploads\/2025\/05\/Cupids-Love-Cute-Dinnerware-Sets-Bulk-Supply-For-Events-9-8x12.webp 8w, https:\/\/www.lovinghomecollection.com\/wp-content\/uploads\/2025\/05\/Cupids-Love-Cute-Dinnerware-Sets-Bulk-Supply-For-Events-9-1200x1894.webp 1200w, https:\/\/www.lovinghomecollection.com\/wp-content\/uploads\/2025\/05\/Cupids-Love-Cute-Dinnerware-Sets-Bulk-Supply-For-Events-9-600x947.webp 600w\" sizes=\"(max-width: 1673px) 100vw, 1673px\" \/><\/figure>\n<\/div>\n\n\n\n<div class=\"wp-block-column is-layout-flow wp-block-column-is-layout-flow\">\n<figure class=\"wp-block-image size-full\"><img decoding=\"async\" width=\"1673\" height=\"2070\" src=\"https:\/\/www.lovinghomecollection.com\/wp-content\/uploads\/2025\/05\/Cupids-Love-Cute-Dinnerware-Sets-Bulk-Supply-For-Events-10.webp\" alt=\"Cupid&#039;s Love Set de vaisselle mignon Bulk Supply For Events-10\" class=\"wp-image-3887\" srcset=\"https:\/\/www.lovinghomecollection.com\/wp-content\/uploads\/2025\/05\/Cupids-Love-Cute-Dinnerware-Sets-Bulk-Supply-For-Events-10.webp 1673w, https:\/\/www.lovinghomecollection.com\/wp-content\/uploads\/2025\/05\/Cupids-Love-Cute-Dinnerware-Sets-Bulk-Supply-For-Events-10-242x300.webp 242w, https:\/\/www.lovinghomecollection.com\/wp-content\/uploads\/2025\/05\/Cupids-Love-Cute-Dinnerware-Sets-Bulk-Supply-For-Events-10-768x950.webp 768w, https:\/\/www.lovinghomecollection.com\/wp-content\/uploads\/2025\/05\/Cupids-Love-Cute-Dinnerware-Sets-Bulk-Supply-For-Events-10-10x12.webp 10w, https:\/\/www.lovinghomecollection.com\/wp-content\/uploads\/2025\/05\/Cupids-Love-Cute-Dinnerware-Sets-Bulk-Supply-For-Events-10-1200x1485.webp 1200w, https:\/\/www.lovinghomecollection.com\/wp-content\/uploads\/2025\/05\/Cupids-Love-Cute-Dinnerware-Sets-Bulk-Supply-For-Events-10-600x742.webp 600w\" sizes=\"(max-width: 1673px) 100vw, 1673px\" \/><\/figure>\n<\/div>\n<\/div>\n\n\n\n<p><\/p>","protected":false},"excerpt":{"rendered":"<p>Nous vous invitons \u00e0 acheter des articles de vaisselle commerciale. Cette jolie vaisselle en vrac est d\u00e9cor\u00e9e de motifs d'amour rouges ludiques, doux et romantiques. Il convient parfaitement \u00e0 la pr\u00e9sentation et \u00e0 l'approvisionnement en vrac de la Saint-Valentin, des mariages, des f\u00eates d'anniversaire et d'autres \u00e9v\u00e9nements.<\/p>\n<table style=\"border-collapse: collapse; width: 338.02pt;\" border=\"0\" width=\"338\" cellspacing=\"0\" cellpadding=\"0\">\n<tbody>\n<tr style=\"height: 18.00pt;\">\n<td class=\"et3\" style=\"height: 18.00pt; width: 124.50pt;\" width=\"124\" height=\"18\">Fabricant<\/td>\n<td class=\"et3\" style=\"width: 214.40pt;\" width=\"214\">Un foyer d'amour<\/td>\n<\/tr>\n<tr style=\"height: 18.00pt;\">\n<td class=\"et3\" style=\"height: 18.00pt; width: 124.50pt;\" width=\"124\" height=\"18\">Nom de la collection<\/td>\n<td class=\"et4\" style=\"width: 214.40pt;\" width=\"214\">Collection Cupid's Love<\/td>\n<\/tr>\n<tr style=\"height: 18.00pt;\">\n<td class=\"et3\" style=\"height: 18.00pt; width: 124.50pt;\" width=\"124\" height=\"18\">Utilisation<\/td>\n<td class=\"et3\" style=\"width: 214.40pt;\" width=\"214\">Maison, Restaurant, H\u00f4tel<\/td>\n<\/tr>\n<tr style=\"height: 36.00pt;\">\n<td class=\"et3\" style=\"height: 36.00pt; width: 124.50pt;\" width=\"124\" height=\"36\">Type de vaisselle<\/td>\n<td class=\"et3\" style=\"width: 214.40pt;\" width=\"214\">Th\u00e9i\u00e8re, sucrier, cr\u00e9mier, tasse et soucoupe, tasse, assiette, bol, porte-g\u00e2teau<\/td>\n<\/tr>\n<tr style=\"height: 18.00pt;\">\n<td class=\"et3\" style=\"height: 18.00pt; width: 124.50pt;\" width=\"124\" height=\"18\">Mat\u00e9riau<\/td>\n<td class=\"et3\" style=\"width: 214.40pt;\" width=\"214\">Porcelaine durable<\/td>\n<\/tr>\n<tr style=\"height: 18.00pt;\">\n<td class=\"et3\" style=\"height: 18.00pt; width: 124.50pt;\" width=\"124\" height=\"18\">Dimension<\/td>\n<td class=\"et3\" style=\"width: 214.40pt;\" width=\"214\">Comme l'indique la photo de d\u00e9tail<\/td>\n<\/tr>\n<tr style=\"height: 18.00pt;\">\n<td class=\"et3\" style=\"height: 18.00pt; width: 124.50pt;\" width=\"124\" height=\"18\">Unit\u00e9s de vente<\/td>\n<td class=\"et3\" style=\"width: 214.40pt;\" width=\"214\">Article unique<\/td>\n<\/tr>\n<tr style=\"height: 18.00pt;\">\n<td class=\"et3\" style=\"height: 18.00pt; width: 124.50pt;\" width=\"124\" height=\"18\">MOQ<\/td>\n<td class=\"et3\" style=\"width: 214.40pt;\" width=\"214\">1200\/pcs par article<\/td>\n<\/tr>\n<tr style=\"height: 18.00pt;\">\n<td class=\"et3\" style=\"height: 18.00pt; width: 124.50pt;\" width=\"124\" height=\"18\">Option personnalis\u00e9e<\/td>\n<td class=\"et3\" style=\"width: 214.40pt;\" width=\"214\">Couleur\/Taille\/Glaze\/Logo\/Emballage<\/td>\n<\/tr>\n<\/tbody>\n<\/table>","protected":false},"featured_media":3885,"comment_status":"closed","ping_status":"closed","template":"","meta":{"_acf_changed":false},"product_brand":[],"product_cat":[19],"product_tag":[37,25,27,26],"class_list":{"0":"post-3605","1":"product","2":"type-product","3":"status-publish","4":"has-post-thumbnail","6":"product_cat-dinnerware-wholesale","7":"product_tag-bulk-cake-stands","8":"product_tag-wholesale-plates-and-bowls","9":"product_tag-wholesale-tea-cups-and-saucers","10":"product_tag-wholesale-teapots","12":"first","13":"instock","14":"shipping-taxable","15":"product-type-simple"},"acf":[],"_links":{"self":[{"href":"https:\/\/www.lovinghomecollection.com\/fr\/wp-json\/wp\/v2\/product\/3605","targetHints":{"allow":["GET"]}}],"collection":[{"href":"https:\/\/www.lovinghomecollection.com\/fr\/wp-json\/wp\/v2\/product"}],"about":[{"href":"https:\/\/www.lovinghomecollection.com\/fr\/wp-json\/wp\/v2\/types\/product"}],"replies":[{"embeddable":true,"href":"https:\/\/www.lovinghomecollection.com\/fr\/wp-json\/wp\/v2\/comments?post=3605"}],"wp:featuredmedia":[{"embeddable":true,"href":"https:\/\/www.lovinghomecollection.com\/fr\/wp-json\/wp\/v2\/media\/3885"}],"wp:attachment":[{"href":"https:\/\/www.lovinghomecollection.com\/fr\/wp-json\/wp\/v2\/media?parent=3605"}],"wp:term":[{"taxonomy":"product_brand","embeddable":true,"href":"https:\/\/www.lovinghomecollection.com\/fr\/wp-json\/wp\/v2\/product_brand?post=3605"},{"taxonomy":"product_cat","embeddable":true,"href":"https:\/\/www.lovinghomecollection.com\/fr\/wp-json\/wp\/v2\/product_cat?post=3605"},{"taxonomy":"product_tag","embeddable":true,"href":"https:\/\/www.lovinghomecollection.com\/fr\/wp-json\/wp\/v2\/product_tag?post=3605"}],"curies":[{"name":"wp","href":"https:\/\/api.w.org\/{rel}","templated":true}]}}