{"id":3560,"date":"2025-05-12T03:08:49","date_gmt":"2025-05-12T03:08:49","guid":{"rendered":"https:\/\/www.lovinghomecollection.com\/?post_type=product&#038;p=3560"},"modified":"2025-05-12T03:08:51","modified_gmt":"2025-05-12T03:08:51","slug":"ceramic-cookie-jars-wholesale","status":"publish","type":"product","link":"https:\/\/www.lovinghomecollection.com\/fr\/produit\/ceramic-cookie-jars-wholesale\/","title":{"rendered":"Pots \u00e0 biscuits en c\u00e9ramique Wholesale, Ceramic Canisters For Kitchen"},"content":{"rendered":"<div class=\"wp-block-columns is-layout-flex wp-container-core-columns-is-layout-9d6595d7 wp-block-columns-is-layout-flex\">\n<div class=\"wp-block-column is-layout-flow wp-block-column-is-layout-flow\" style=\"flex-basis:60%\">\n<h2 class=\"wp-block-heading\">Bocaux \u00e0 biscuits en c\u00e9ramique de qualit\u00e9 sup\u00e9rieure Caract\u00e9ristiques en gros :<\/h2>\n\n\n\n<ul class=\"wp-block-list\">\n<li><strong>D'\u00e9l\u00e9gants motifs floraux et fruit\u00e9s illuminent l'espace de la cuisine : <\/strong>Ces bo\u00eetes \u00e0 biscuits en c\u00e9ramique pr\u00e9sentent d'\u00e9l\u00e9gants motifs floraux et fruitiers qui conf\u00e8rent une atmosph\u00e8re fra\u00eeche et vivante \u00e0 la cuisine, tout en \u00e9tant tr\u00e8s fonctionnelles et d\u00e9coratives.<\/li>\n\n\n\n<li><strong>C\u00e9ramique cuite \u00e0 haute temp\u00e9rature, saine et durable :<\/strong> Nos bo\u00eetes de cuisine en gros sont fabriqu\u00e9es en c\u00e9ramique de haute qualit\u00e9 cuite \u00e0 haute temp\u00e9rature, avec une bonne \u00e9tanch\u00e9it\u00e9 et sans odeur, et peuvent stocker en toute s\u00e9curit\u00e9 des produits secs tels que des biscuits, du th\u00e9 et des bonbons.<\/li>\n\n\n\n<li><strong>Base blanche classique, styles polyvalents et vari\u00e9s : <\/strong>Ces bo\u00eetes \u00e0 biscuits en c\u00e9ramique sont fabriqu\u00e9es \u00e0 partir d'une base \u00e9maill\u00e9e blanche avec de beaux motifs. Elles sont simples et d'aspect frais et s'accordent facilement avec des d\u00e9corations de cuisine modernes, champ\u00eatres, r\u00e9tro et autres.<\/li>\n\n\n\n<li><strong>Plusieurs capacit\u00e9s sont disponibles pour r\u00e9pondre aux diff\u00e9rents besoins de stockage : <\/strong>Nous fournissons des bo\u00eetes de cuisine en gros avec une vari\u00e9t\u00e9 de sp\u00e9cifications et de tailles, qui peuvent \u00eatre utilis\u00e9es pour emballer divers types de produits secs, ou peuvent \u00eatre assorties en tant qu'ensemble, convenant \u00e0 l'usage domestique ou \u00e0 la vente en gros au d\u00e9tail.<\/li>\n<\/ul>\n<\/div>\n\n\n\n<div class=\"wp-block-column is-layout-flow wp-block-column-is-layout-flow\">\n<figure class=\"wp-block-image size-full\"><img decoding=\"async\" width=\"1200\" height=\"1200\" src=\"https:\/\/www.lovinghomecollection.com\/wp-content\/uploads\/2025\/05\/Ceramic-Cookie-Jars-Wholesale-Ceramic-Canisters-For-Kitchen-2.webp\" alt=\"Bocaux \u00e0 biscuits en c\u00e9ramique Wholesale, Bo\u00eetes en c\u00e9ramique pour la cuisine-2\" class=\"wp-image-3818\" srcset=\"https:\/\/www.lovinghomecollection.com\/wp-content\/uploads\/2025\/05\/Ceramic-Cookie-Jars-Wholesale-Ceramic-Canisters-For-Kitchen-2.webp 1200w, https:\/\/www.lovinghomecollection.com\/wp-content\/uploads\/2025\/05\/Ceramic-Cookie-Jars-Wholesale-Ceramic-Canisters-For-Kitchen-2-300x300.webp 300w, https:\/\/www.lovinghomecollection.com\/wp-content\/uploads\/2025\/05\/Ceramic-Cookie-Jars-Wholesale-Ceramic-Canisters-For-Kitchen-2-150x150.webp 150w, https:\/\/www.lovinghomecollection.com\/wp-content\/uploads\/2025\/05\/Ceramic-Cookie-Jars-Wholesale-Ceramic-Canisters-For-Kitchen-2-768x768.webp 768w, https:\/\/www.lovinghomecollection.com\/wp-content\/uploads\/2025\/05\/Ceramic-Cookie-Jars-Wholesale-Ceramic-Canisters-For-Kitchen-2-12x12.webp 12w, https:\/\/www.lovinghomecollection.com\/wp-content\/uploads\/2025\/05\/Ceramic-Cookie-Jars-Wholesale-Ceramic-Canisters-For-Kitchen-2-600x600.webp 600w, https:\/\/www.lovinghomecollection.com\/wp-content\/uploads\/2025\/05\/Ceramic-Cookie-Jars-Wholesale-Ceramic-Canisters-For-Kitchen-2-100x100.webp 100w\" sizes=\"(max-width: 1200px) 100vw, 1200px\" \/><\/figure>\n<\/div>\n<\/div>\n\n\n\n<h2 class=\"wp-block-heading has-text-align-center\">Pr\u00e9sentation des produits Jolly Jars Wholesale Ceramic Canisters<\/h2>\n\n\n\n<div class=\"wp-block-columns is-layout-flex wp-container-core-columns-is-layout-9d6595d7 wp-block-columns-is-layout-flex\">\n<div class=\"wp-block-column is-layout-flow wp-block-column-is-layout-flow\">\n<figure class=\"wp-block-image size-full\"><img decoding=\"async\" width=\"2383\" height=\"2723\" src=\"https:\/\/www.lovinghomecollection.com\/wp-content\/uploads\/2025\/05\/Ceramic-Cookie-Jars-Wholesale-Ceramic-Canisters-For-Kitchen-9.webp\" alt=\"Bocaux \u00e0 biscuits en c\u00e9ramique Wholesale, Ceramic Canisters For Kitchen-9\" class=\"wp-image-3825\" srcset=\"https:\/\/www.lovinghomecollection.com\/wp-content\/uploads\/2025\/05\/Ceramic-Cookie-Jars-Wholesale-Ceramic-Canisters-For-Kitchen-9.webp 2383w, https:\/\/www.lovinghomecollection.com\/wp-content\/uploads\/2025\/05\/Ceramic-Cookie-Jars-Wholesale-Ceramic-Canisters-For-Kitchen-9-263x300.webp 263w, https:\/\/www.lovinghomecollection.com\/wp-content\/uploads\/2025\/05\/Ceramic-Cookie-Jars-Wholesale-Ceramic-Canisters-For-Kitchen-9-768x878.webp 768w, https:\/\/www.lovinghomecollection.com\/wp-content\/uploads\/2025\/05\/Ceramic-Cookie-Jars-Wholesale-Ceramic-Canisters-For-Kitchen-9-11x12.webp 11w, https:\/\/www.lovinghomecollection.com\/wp-content\/uploads\/2025\/05\/Ceramic-Cookie-Jars-Wholesale-Ceramic-Canisters-For-Kitchen-9-1200x1371.webp 1200w, https:\/\/www.lovinghomecollection.com\/wp-content\/uploads\/2025\/05\/Ceramic-Cookie-Jars-Wholesale-Ceramic-Canisters-For-Kitchen-9-600x686.webp 600w\" sizes=\"(max-width: 2383px) 100vw, 2383px\" \/><\/figure>\n<\/div>\n\n\n\n<div class=\"wp-block-column is-layout-flow wp-block-column-is-layout-flow\">\n<figure class=\"wp-block-image size-full\"><img decoding=\"async\" width=\"2383\" height=\"2227\" src=\"https:\/\/www.lovinghomecollection.com\/wp-content\/uploads\/2025\/05\/Ceramic-Cookie-Jars-Wholesale-Ceramic-Canisters-For-Kitchen-10.webp\" alt=\"Bocaux \u00e0 biscuits en c\u00e9ramique Wholesale, Ceramic Canisters For Kitchen-10\" class=\"wp-image-3826\" srcset=\"https:\/\/www.lovinghomecollection.com\/wp-content\/uploads\/2025\/05\/Ceramic-Cookie-Jars-Wholesale-Ceramic-Canisters-For-Kitchen-10.webp 2383w, https:\/\/www.lovinghomecollection.com\/wp-content\/uploads\/2025\/05\/Ceramic-Cookie-Jars-Wholesale-Ceramic-Canisters-For-Kitchen-10-300x280.webp 300w, https:\/\/www.lovinghomecollection.com\/wp-content\/uploads\/2025\/05\/Ceramic-Cookie-Jars-Wholesale-Ceramic-Canisters-For-Kitchen-10-768x718.webp 768w, https:\/\/www.lovinghomecollection.com\/wp-content\/uploads\/2025\/05\/Ceramic-Cookie-Jars-Wholesale-Ceramic-Canisters-For-Kitchen-10-13x12.webp 13w, https:\/\/www.lovinghomecollection.com\/wp-content\/uploads\/2025\/05\/Ceramic-Cookie-Jars-Wholesale-Ceramic-Canisters-For-Kitchen-10-1200x1121.webp 1200w, https:\/\/www.lovinghomecollection.com\/wp-content\/uploads\/2025\/05\/Ceramic-Cookie-Jars-Wholesale-Ceramic-Canisters-For-Kitchen-10-600x561.webp 600w\" sizes=\"(max-width: 2383px) 100vw, 2383px\" \/><\/figure>\n<\/div>\n<\/div>\n\n\n\n<p><\/p>","protected":false},"excerpt":{"rendered":"<p>Bienvenue sur le site de vente en gros de bo\u00eetes \u00e0 biscuits pour la cuisine. Cette s\u00e9rie de bo\u00eetes \u00e0 biscuits en c\u00e9ramique est de forme \u00e9l\u00e9gante et convient au stockage de produits secs tels que les biscuits, les fruits secs et le th\u00e9. Elles sont non seulement pratiques, mais peuvent \u00e9galement \u00eatre utilis\u00e9es comme d\u00e9coration de cuisine.<\/p>\n<table style=\"border-collapse: collapse; width: 338.02pt;\" border=\"0\" width=\"338\" cellspacing=\"0\" cellpadding=\"0\">\n<tbody>\n<tr style=\"height: 18.00pt;\">\n<td class=\"et3\" style=\"height: 18.00pt; width: 124.50pt;\" width=\"124\" height=\"18\">Fabricant<\/td>\n<td class=\"et3\" style=\"width: 214.40pt;\" width=\"214\">Un foyer d'amour<\/td>\n<\/tr>\n<tr style=\"height: 18.00pt;\">\n<td class=\"et3\" style=\"height: 18.00pt; width: 124.50pt;\" width=\"124\" height=\"18\">Nom de la collection<\/td>\n<td class=\"et4\" style=\"width: 214.40pt;\" width=\"214\">Jolly Jars<\/td>\n<\/tr>\n<tr style=\"height: 18.00pt;\">\n<td class=\"et3\" style=\"height: 18.00pt; width: 124.50pt;\" width=\"124\" height=\"18\">Utilisation<\/td>\n<td class=\"et3\" style=\"width: 214.40pt;\" width=\"214\">Maison, Restaurant, H\u00f4tel<\/td>\n<\/tr>\n<tr style=\"height: 53.00pt;\">\n<td class=\"et3\" style=\"height: 53.00pt; width: 124.50pt;\" width=\"124\" height=\"53\">Type de vaisselle<\/td>\n<td class=\"et3\" style=\"width: 214.40pt;\" width=\"214\">Bo\u00eetes en c\u00e9ramique<\/td>\n<\/tr>\n<tr style=\"height: 18.00pt;\">\n<td class=\"et3\" style=\"height: 18.00pt; width: 124.50pt;\" width=\"124\" height=\"18\">Mat\u00e9riau<\/td>\n<td class=\"et3\" style=\"width: 214.40pt;\" width=\"214\">Porcelaine durable<\/td>\n<\/tr>\n<tr style=\"height: 18.00pt;\">\n<td class=\"et3\" style=\"height: 18.00pt; width: 124.50pt;\" width=\"124\" height=\"18\">Dimension<\/td>\n<td class=\"et3\" style=\"width: 214.40pt;\" width=\"214\">Comme l'indique la photo de d\u00e9tail<\/td>\n<\/tr>\n<tr style=\"height: 18.00pt;\">\n<td class=\"et3\" style=\"height: 18.00pt; width: 124.50pt;\" width=\"124\" height=\"18\">Unit\u00e9s de vente<\/td>\n<td class=\"et3\" style=\"width: 214.40pt;\" width=\"214\">Article unique<\/td>\n<\/tr>\n<tr style=\"height: 18.00pt;\">\n<td class=\"et3\" style=\"height: 18.00pt; width: 124.50pt;\" width=\"124\" height=\"18\">MOQ<\/td>\n<td class=\"et3\" style=\"width: 214.40pt;\" width=\"214\">1200\/pcs par article<\/td>\n<\/tr>\n<tr style=\"height: 18.00pt;\">\n<td class=\"et3\" style=\"height: 18.00pt; width: 124.50pt;\" width=\"124\" height=\"18\">Option personnalis\u00e9e<\/td>\n<td class=\"et3\" style=\"width: 214.40pt;\" width=\"214\">Couleur\/Taille\/Glaze\/Logo\/Emballage<\/td>\n<\/tr>\n<\/tbody>\n<\/table>","protected":false},"featured_media":3824,"comment_status":"closed","ping_status":"closed","template":"","meta":{"_acf_changed":false},"product_brand":[],"product_cat":[18],"product_tag":[39],"class_list":{"0":"post-3560","1":"product","2":"type-product","3":"status-publish","4":"has-post-thumbnail","6":"product_cat-ceramic-kitchenware-wholesale","7":"product_tag-sugar-jars-wholesale","9":"first","10":"instock","11":"shipping-taxable","12":"product-type-simple"},"acf":[],"_links":{"self":[{"href":"https:\/\/www.lovinghomecollection.com\/fr\/wp-json\/wp\/v2\/product\/3560","targetHints":{"allow":["GET"]}}],"collection":[{"href":"https:\/\/www.lovinghomecollection.com\/fr\/wp-json\/wp\/v2\/product"}],"about":[{"href":"https:\/\/www.lovinghomecollection.com\/fr\/wp-json\/wp\/v2\/types\/product"}],"replies":[{"embeddable":true,"href":"https:\/\/www.lovinghomecollection.com\/fr\/wp-json\/wp\/v2\/comments?post=3560"}],"wp:featuredmedia":[{"embeddable":true,"href":"https:\/\/www.lovinghomecollection.com\/fr\/wp-json\/wp\/v2\/media\/3824"}],"wp:attachment":[{"href":"https:\/\/www.lovinghomecollection.com\/fr\/wp-json\/wp\/v2\/media?parent=3560"}],"wp:term":[{"taxonomy":"product_brand","embeddable":true,"href":"https:\/\/www.lovinghomecollection.com\/fr\/wp-json\/wp\/v2\/product_brand?post=3560"},{"taxonomy":"product_cat","embeddable":true,"href":"https:\/\/www.lovinghomecollection.com\/fr\/wp-json\/wp\/v2\/product_cat?post=3560"},{"taxonomy":"product_tag","embeddable":true,"href":"https:\/\/www.lovinghomecollection.com\/fr\/wp-json\/wp\/v2\/product_tag?post=3560"}],"curies":[{"name":"wp","href":"https:\/\/api.w.org\/{rel}","templated":true}]}}