{"id":3548,"date":"2025-05-12T02:50:40","date_gmt":"2025-05-12T02:50:40","guid":{"rendered":"https:\/\/www.lovinghomecollection.com\/?post_type=product&#038;p=3548"},"modified":"2025-07-25T02:49:47","modified_gmt":"2025-07-25T02:49:47","slug":"commercial-dinnerware-wholesale","status":"publish","type":"product","link":"https:\/\/www.lovinghomecollection.com\/fr\/produit\/commercial-dinnerware-wholesale\/","title":{"rendered":"Vaisselle commerciale l\u00e9g\u00e8re Wholesale, Vaisselle blanche"},"content":{"rendered":"<div class=\"wp-block-columns is-layout-flex wp-container-core-columns-is-layout-9d6595d7 wp-block-columns-is-layout-flex\">\n<div class=\"wp-block-column is-layout-flow wp-block-column-is-layout-flow\" style=\"flex-basis:60%\">\n<h2 class=\"wp-block-heading\">Vaisselle commerciale de qualit\u00e9 sup\u00e9rieure Caract\u00e9ristiques en gros :<\/h2>\n\n\n\n<ul class=\"wp-block-list\">\n<li><strong>Fabriqu\u00e9 en c\u00e9ramique l\u00e9g\u00e8re pour am\u00e9liorer l'exp\u00e9rience de l'utilisateur : <\/strong>Cette vaisselle commerciale en gros est fabriqu\u00e9e en c\u00e9ramique l\u00e9g\u00e8re, qui est l\u00e9g\u00e8re au toucher, robuste et durable, et convient particuli\u00e8rement aux sc\u00e9narios d'utilisation fr\u00e9quente dans la restauration commerciale.<\/li>\n\n\n\n<li><strong>De riches combinaisons pour r\u00e9pondre aux besoins d'une table unique : <\/strong>Nos ensembles de vaisselle blanche en vrac comprennent des assiettes, des bols, des plateaux \u00e0 fromage, des bo\u00eetes de conservation, des pots \u00e0 huile, des tasses et des soucoupes, des th\u00e9i\u00e8res, des sucriers, etc. de diff\u00e9rentes tailles, qui peuvent non seulement r\u00e9pondre aux besoins des repas quotidiens, mais aussi convenir \u00e0 un ensemble complet d'\u00e9quipements pour les h\u00f4tels, les caf\u00e9s et les banquets.<\/li>\n\n\n\n<li><strong>Fond blanc classique avec des rayures noires, polyvalent et durable : <\/strong>Cette s\u00e9rie de vaisselle commerciale en gros utilise le blanc comme couleur principale, compl\u00e9t\u00e9 par d'exquises rayures noires, ce qui lui conf\u00e8re une beaut\u00e9 simple et moderne.<\/li>\n\n\n\n<li><strong>Plusieurs options de taille, permettant une adaptation et une personnalisation flexibles : <\/strong>Notre s\u00e9rie de vaisselle blanche en vrac offre une grande vari\u00e9t\u00e9 de sp\u00e9cifications et de combinaisons. Les utilisateurs peuvent librement les assortir et les combiner en fonction de diff\u00e9rents sc\u00e9narios d'utilisation, et nous proposons \u00e9galement des services de personnalisation en vrac.<\/li>\n<\/ul>\n<\/div>\n\n\n\n<div class=\"wp-block-column is-layout-flow wp-block-column-is-layout-flow\">\n<figure class=\"wp-block-image size-full\"><img decoding=\"async\" width=\"1200\" height=\"1200\" src=\"https:\/\/www.lovinghomecollection.com\/wp-content\/uploads\/2025\/05\/Light-Weight-Commercial-Dinnerware-Wholesale-White-Crockery-4.webp\" alt=\"Vaisselle commerciale l\u00e9g\u00e8re en gros, vaisselle blanche-4\" class=\"wp-image-3808\" srcset=\"https:\/\/www.lovinghomecollection.com\/wp-content\/uploads\/2025\/05\/Light-Weight-Commercial-Dinnerware-Wholesale-White-Crockery-4.webp 1200w, https:\/\/www.lovinghomecollection.com\/wp-content\/uploads\/2025\/05\/Light-Weight-Commercial-Dinnerware-Wholesale-White-Crockery-4-300x300.webp 300w, https:\/\/www.lovinghomecollection.com\/wp-content\/uploads\/2025\/05\/Light-Weight-Commercial-Dinnerware-Wholesale-White-Crockery-4-150x150.webp 150w, https:\/\/www.lovinghomecollection.com\/wp-content\/uploads\/2025\/05\/Light-Weight-Commercial-Dinnerware-Wholesale-White-Crockery-4-768x768.webp 768w, https:\/\/www.lovinghomecollection.com\/wp-content\/uploads\/2025\/05\/Light-Weight-Commercial-Dinnerware-Wholesale-White-Crockery-4-12x12.webp 12w, https:\/\/www.lovinghomecollection.com\/wp-content\/uploads\/2025\/05\/Light-Weight-Commercial-Dinnerware-Wholesale-White-Crockery-4-600x600.webp 600w, https:\/\/www.lovinghomecollection.com\/wp-content\/uploads\/2025\/05\/Light-Weight-Commercial-Dinnerware-Wholesale-White-Crockery-4-100x100.webp 100w\" sizes=\"(max-width: 1200px) 100vw, 1200px\" \/><\/figure>\n<\/div>\n<\/div>\n\n\n\n<h2 class=\"wp-block-heading has-text-align-center\">Pr\u00e9sentation du produit Bold Path Light Weight Commercial Dinnerware Wholesale<\/h2>\n\n\n\n<div class=\"wp-block-columns is-layout-flex wp-container-core-columns-is-layout-9d6595d7 wp-block-columns-is-layout-flex\">\n<div class=\"wp-block-column is-layout-flow wp-block-column-is-layout-flow\">\n<figure class=\"wp-block-image size-full\"><img decoding=\"async\" width=\"2383\" height=\"3247\" src=\"https:\/\/www.lovinghomecollection.com\/wp-content\/uploads\/2025\/05\/Light-Weight-Commercial-Dinnerware-Wholesale-White-Crockery-10.webp\" alt=\"Vaisselle commerciale l\u00e9g\u00e8re en gros, vaisselle blanche-10\" class=\"wp-image-3814\" srcset=\"https:\/\/www.lovinghomecollection.com\/wp-content\/uploads\/2025\/05\/Light-Weight-Commercial-Dinnerware-Wholesale-White-Crockery-10.webp 2383w, https:\/\/www.lovinghomecollection.com\/wp-content\/uploads\/2025\/05\/Light-Weight-Commercial-Dinnerware-Wholesale-White-Crockery-10-220x300.webp 220w, https:\/\/www.lovinghomecollection.com\/wp-content\/uploads\/2025\/05\/Light-Weight-Commercial-Dinnerware-Wholesale-White-Crockery-10-768x1046.webp 768w, https:\/\/www.lovinghomecollection.com\/wp-content\/uploads\/2025\/05\/Light-Weight-Commercial-Dinnerware-Wholesale-White-Crockery-10-9x12.webp 9w, https:\/\/www.lovinghomecollection.com\/wp-content\/uploads\/2025\/05\/Light-Weight-Commercial-Dinnerware-Wholesale-White-Crockery-10-1200x1635.webp 1200w, https:\/\/www.lovinghomecollection.com\/wp-content\/uploads\/2025\/05\/Light-Weight-Commercial-Dinnerware-Wholesale-White-Crockery-10-600x818.webp 600w\" sizes=\"(max-width: 2383px) 100vw, 2383px\" \/><\/figure>\n<\/div>\n\n\n\n<div class=\"wp-block-column is-layout-flow wp-block-column-is-layout-flow\">\n<figure class=\"wp-block-image size-full\"><img decoding=\"async\" width=\"2383\" height=\"2711\" src=\"https:\/\/www.lovinghomecollection.com\/wp-content\/uploads\/2025\/05\/Light-Weight-Commercial-Dinnerware-Wholesale-White-Crockery-11.webp\" alt=\"Vaisselle commerciale l\u00e9g\u00e8re en gros, vaisselle blanche-11\" class=\"wp-image-3815\" srcset=\"https:\/\/www.lovinghomecollection.com\/wp-content\/uploads\/2025\/05\/Light-Weight-Commercial-Dinnerware-Wholesale-White-Crockery-11.webp 2383w, https:\/\/www.lovinghomecollection.com\/wp-content\/uploads\/2025\/05\/Light-Weight-Commercial-Dinnerware-Wholesale-White-Crockery-11-264x300.webp 264w, https:\/\/www.lovinghomecollection.com\/wp-content\/uploads\/2025\/05\/Light-Weight-Commercial-Dinnerware-Wholesale-White-Crockery-11-768x874.webp 768w, https:\/\/www.lovinghomecollection.com\/wp-content\/uploads\/2025\/05\/Light-Weight-Commercial-Dinnerware-Wholesale-White-Crockery-11-11x12.webp 11w, https:\/\/www.lovinghomecollection.com\/wp-content\/uploads\/2025\/05\/Light-Weight-Commercial-Dinnerware-Wholesale-White-Crockery-11-1200x1365.webp 1200w, https:\/\/www.lovinghomecollection.com\/wp-content\/uploads\/2025\/05\/Light-Weight-Commercial-Dinnerware-Wholesale-White-Crockery-11-600x683.webp 600w\" sizes=\"(max-width: 2383px) 100vw, 2383px\" \/><\/figure>\n<\/div>\n<\/div>\n\n\n\n<p><\/p>","protected":false},"excerpt":{"rendered":"<p>Bienvenue sur le site d'achat en gros de vaisselle commerciale. Cette s\u00e9rie de vaisselle blanche l\u00e9g\u00e8re en vrac a une apparence simple et moderne et convient \u00e0 une utilisation fr\u00e9quente dans les lieux commerciaux. La gamme de produits est compl\u00e8te et couvre tous les types de vaisselle, des repas aux pauses th\u00e9, r\u00e9pondant aux besoins des h\u00f4tels, des restaurants, des caf\u00e9s et de la personnalisation.<\/p>\n<table style=\"border-collapse: collapse; width: 338.02pt;\" border=\"0\" width=\"338\" cellspacing=\"0\" cellpadding=\"0\">\n<tbody>\n<tr style=\"height: 18.00pt;\">\n<td class=\"et3\" style=\"height: 18.00pt; width: 124.50pt;\" width=\"124\" height=\"18\">Fabricant<\/td>\n<td class=\"et3\" style=\"width: 214.40pt;\" width=\"214\">Un foyer d'amour<\/td>\n<\/tr>\n<tr style=\"height: 18.00pt;\">\n<td class=\"et3\" style=\"height: 18.00pt; width: 124.50pt;\" width=\"124\" height=\"18\">Nom de la collection<\/td>\n<td class=\"et3\" style=\"width: 214.40pt;\" width=\"214\">Porcelaine l\u00e9g\u00e8re<\/td>\n<\/tr>\n<tr style=\"height: 18.00pt;\">\n<td class=\"et3\" style=\"height: 18.00pt; width: 124.50pt;\" width=\"124\" height=\"18\">Utilisation<\/td>\n<td class=\"et3\" style=\"width: 214.40pt;\" width=\"214\">Maison, Restaurant, H\u00f4tel<\/td>\n<\/tr>\n<tr style=\"height: 18.00pt;\">\n<td class=\"et3\" style=\"height: 18.00pt; width: 124.50pt;\" width=\"124\" height=\"18\">Type de vaisselle<\/td>\n<td class=\"et3\" style=\"width: 214.40pt;\" width=\"214\">Assiette, bol<\/td>\n<\/tr>\n<tr style=\"height: 18.00pt;\">\n<td class=\"et3\" style=\"height: 18.00pt; width: 124.50pt;\" width=\"124\" height=\"18\">Mat\u00e9riau<\/td>\n<td class=\"et3\" style=\"width: 214.40pt;\" width=\"214\">Porcelaine durable<\/td>\n<\/tr>\n<tr style=\"height: 18.00pt;\">\n<td class=\"et3\" style=\"height: 18.00pt; width: 124.50pt;\" width=\"124\" height=\"18\">Dimension<\/td>\n<td class=\"et3\" style=\"width: 214.40pt;\" width=\"214\">Comme l'indique la photo de d\u00e9tail<\/td>\n<\/tr>\n<tr style=\"height: 18.00pt;\">\n<td class=\"et3\" style=\"height: 18.00pt; width: 124.50pt;\" width=\"124\" height=\"18\">Unit\u00e9s de vente<\/td>\n<td class=\"et3\" style=\"width: 214.40pt;\" width=\"214\">Article unique<\/td>\n<\/tr>\n<tr style=\"height: 18.00pt;\">\n<td class=\"et3\" style=\"height: 18.00pt; width: 124.50pt;\" width=\"124\" height=\"18\">MOQ<\/td>\n<td class=\"et3\" style=\"width: 214.40pt;\" width=\"214\">1200\/pcs par article<\/td>\n<\/tr>\n<tr style=\"height: 18.00pt;\">\n<td class=\"et3\" style=\"height: 18.00pt; width: 124.50pt;\" width=\"124\" height=\"18\">Option personnalis\u00e9e<\/td>\n<td class=\"et3\" style=\"width: 214.40pt;\" width=\"214\">Couleur\/Taille\/Glaze\/Logo\/Emballage<\/td>\n<\/tr>\n<\/tbody>\n<\/table>","protected":false},"featured_media":3809,"comment_status":"closed","ping_status":"closed","template":"","meta":{"_acf_changed":false},"product_brand":[],"product_cat":[19,47],"product_tag":[35,40,25,39,34,27,26],"class_list":{"0":"post-3548","1":"product","2":"type-product","3":"status-publish","4":"has-post-thumbnail","6":"product_cat-dinnerware-wholesale","7":"product_cat-lightweight-dinnerware-supplier","8":"product_tag-wholesale-cheese-boards","9":"product_tag-oil-bottles-wholesale","10":"product_tag-wholesale-plates-and-bowls","11":"product_tag-sugar-jars-wholesale","12":"product_tag-olive-oil-dipping-bowls-wholesale","13":"product_tag-wholesale-tea-cups-and-saucers","14":"product_tag-wholesale-teapots","16":"first","17":"instock","18":"shipping-taxable","19":"product-type-simple"},"acf":[],"_links":{"self":[{"href":"https:\/\/www.lovinghomecollection.com\/fr\/wp-json\/wp\/v2\/product\/3548","targetHints":{"allow":["GET"]}}],"collection":[{"href":"https:\/\/www.lovinghomecollection.com\/fr\/wp-json\/wp\/v2\/product"}],"about":[{"href":"https:\/\/www.lovinghomecollection.com\/fr\/wp-json\/wp\/v2\/types\/product"}],"replies":[{"embeddable":true,"href":"https:\/\/www.lovinghomecollection.com\/fr\/wp-json\/wp\/v2\/comments?post=3548"}],"wp:featuredmedia":[{"embeddable":true,"href":"https:\/\/www.lovinghomecollection.com\/fr\/wp-json\/wp\/v2\/media\/3809"}],"wp:attachment":[{"href":"https:\/\/www.lovinghomecollection.com\/fr\/wp-json\/wp\/v2\/media?parent=3548"}],"wp:term":[{"taxonomy":"product_brand","embeddable":true,"href":"https:\/\/www.lovinghomecollection.com\/fr\/wp-json\/wp\/v2\/product_brand?post=3548"},{"taxonomy":"product_cat","embeddable":true,"href":"https:\/\/www.lovinghomecollection.com\/fr\/wp-json\/wp\/v2\/product_cat?post=3548"},{"taxonomy":"product_tag","embeddable":true,"href":"https:\/\/www.lovinghomecollection.com\/fr\/wp-json\/wp\/v2\/product_tag?post=3548"}],"curies":[{"name":"wp","href":"https:\/\/api.w.org\/{rel}","templated":true}]}}