{"id":3537,"date":"2025-05-12T07:36:23","date_gmt":"2025-05-12T07:36:23","guid":{"rendered":"https:\/\/www.lovinghomecollection.com\/?post_type=product&#038;p=3537"},"modified":"2025-06-05T03:43:22","modified_gmt":"2025-06-05T03:43:22","slug":"wholesale-ceramic-dinner-set","status":"publish","type":"product","link":"https:\/\/www.lovinghomecollection.com\/fr\/produit\/wholesale-ceramic-dinner-set\/","title":{"rendered":"Set de table en c\u00e9ramique couleur pastel, assiettes, bols et tasses en gros"},"content":{"rendered":"<div class=\"wp-block-columns is-layout-flex wp-container-core-columns-is-layout-9d6595d7 wp-block-columns-is-layout-flex\">\n<div class=\"wp-block-column is-layout-flow wp-block-column-is-layout-flow\" style=\"flex-basis:60%\">\n<h2 class=\"wp-block-heading\">Premium Wholesale Ceramic Dinner Set Caract\u00e9ristiques :<\/h2>\n\n\n\n<ul class=\"wp-block-list\">\n<li><strong>Les couleurs douces du macaron cr\u00e9ent une table \u00e0 manger bienfaisante : <\/strong>Ce service de table en c\u00e9ramique utilise des couleurs pastel fra\u00eeches et douces, telles que le rose clair, le vert menthe, le bleu ciel, etc., pour cr\u00e9er une atmosph\u00e8re chaleureuse et confortable, tr\u00e8s appr\u00e9ci\u00e9e des jeunes consommateurs.<\/li>\n\n\n\n<li><strong>Configuration compl\u00e8te pour r\u00e9pondre aux besoins quotidiens en mati\u00e8re de restauration : <\/strong>Notre vaisselle en vrac comprend de la vaisselle de base telle que des assiettes, des bols, des tasses, etc. de diff\u00e9rentes tailles, convenant au petit-d\u00e9jeuner, aux repas principaux, au th\u00e9 de l'apr\u00e8s-midi et \u00e0 d'autres sc\u00e8nes.<\/li>\n\n\n\n<li><strong>C\u00e9ramique cuite \u00e0 haute temp\u00e9rature, saine et durable : <\/strong>Notre service de table en c\u00e9ramique utilise des mat\u00e9riaux c\u00e9ramiques de haute qualit\u00e9, cuits \u00e0 haute temp\u00e9rature, ne contenant pas de substances nocives, robustes et durables, et n'absorbant pas facilement les odeurs. Il convient \u00e0 la maison et \u00e0 la restauration commerciale.<\/li>\n\n\n\n<li><strong>De multiples combinaisons de couleurs sont disponibles, et la personnalisation de l'ensemble est possible : <\/strong>Cette vaisselle en vrac pr\u00e9sente une grande vari\u00e9t\u00e9 de couleurs qui peuvent \u00eatre librement combin\u00e9es et assorties. Elle peut \u00e9galement faire l'objet de services de personnalisation OEM\/ODM, qui conviennent \u00e0 l'approvisionnement des marques, \u00e0 la cr\u00e9ation de coffrets-cadeaux et \u00e0 la vente en gros.<\/li>\n<\/ul>\n<\/div>\n\n\n\n<div class=\"wp-block-column is-layout-flow wp-block-column-is-layout-flow\">\n<figure class=\"wp-block-image size-full\"><img decoding=\"async\" width=\"1200\" height=\"1200\" src=\"https:\/\/www.lovinghomecollection.com\/wp-content\/uploads\/2025\/05\/Pastel-Color-Wholesale-Ceramic-Dinner-Set-Plates-Bowls-Cups-2.webp\" alt=\"Set de table en c\u00e9ramique de couleur pastel, assiettes, bols et tasses - 2\" class=\"wp-image-3841\" srcset=\"https:\/\/www.lovinghomecollection.com\/wp-content\/uploads\/2025\/05\/Pastel-Color-Wholesale-Ceramic-Dinner-Set-Plates-Bowls-Cups-2.webp 1200w, https:\/\/www.lovinghomecollection.com\/wp-content\/uploads\/2025\/05\/Pastel-Color-Wholesale-Ceramic-Dinner-Set-Plates-Bowls-Cups-2-300x300.webp 300w, https:\/\/www.lovinghomecollection.com\/wp-content\/uploads\/2025\/05\/Pastel-Color-Wholesale-Ceramic-Dinner-Set-Plates-Bowls-Cups-2-150x150.webp 150w, https:\/\/www.lovinghomecollection.com\/wp-content\/uploads\/2025\/05\/Pastel-Color-Wholesale-Ceramic-Dinner-Set-Plates-Bowls-Cups-2-768x768.webp 768w, https:\/\/www.lovinghomecollection.com\/wp-content\/uploads\/2025\/05\/Pastel-Color-Wholesale-Ceramic-Dinner-Set-Plates-Bowls-Cups-2-12x12.webp 12w, https:\/\/www.lovinghomecollection.com\/wp-content\/uploads\/2025\/05\/Pastel-Color-Wholesale-Ceramic-Dinner-Set-Plates-Bowls-Cups-2-600x600.webp 600w, https:\/\/www.lovinghomecollection.com\/wp-content\/uploads\/2025\/05\/Pastel-Color-Wholesale-Ceramic-Dinner-Set-Plates-Bowls-Cups-2-100x100.webp 100w\" sizes=\"(max-width: 1200px) 100vw, 1200px\" \/><\/figure>\n<\/div>\n<\/div>\n\n\n\n<h2 class=\"wp-block-heading has-text-align-center\">Pr\u00e9sentation du produit Luna Pastel Wholesale Ceramic Dinner Set<\/h2>\n\n\n\n<div class=\"wp-block-columns is-layout-flex wp-container-core-columns-is-layout-9d6595d7 wp-block-columns-is-layout-flex\">\n<div class=\"wp-block-column is-layout-flow wp-block-column-is-layout-flow\">\n<figure class=\"wp-block-image size-full\"><img decoding=\"async\" width=\"2406\" height=\"2482\" src=\"https:\/\/www.lovinghomecollection.com\/wp-content\/uploads\/2025\/05\/Pastel-Color-Wholesale-Ceramic-Dinner-Set-Plates-Bowls-Cups-9.webp\" alt=\"Set de table en c\u00e9ramique de couleur pastel, assiettes, bols et tasses-9\" class=\"wp-image-3848\" srcset=\"https:\/\/www.lovinghomecollection.com\/wp-content\/uploads\/2025\/05\/Pastel-Color-Wholesale-Ceramic-Dinner-Set-Plates-Bowls-Cups-9.webp 2406w, https:\/\/www.lovinghomecollection.com\/wp-content\/uploads\/2025\/05\/Pastel-Color-Wholesale-Ceramic-Dinner-Set-Plates-Bowls-Cups-9-291x300.webp 291w, https:\/\/www.lovinghomecollection.com\/wp-content\/uploads\/2025\/05\/Pastel-Color-Wholesale-Ceramic-Dinner-Set-Plates-Bowls-Cups-9-768x792.webp 768w, https:\/\/www.lovinghomecollection.com\/wp-content\/uploads\/2025\/05\/Pastel-Color-Wholesale-Ceramic-Dinner-Set-Plates-Bowls-Cups-9-12x12.webp 12w, https:\/\/www.lovinghomecollection.com\/wp-content\/uploads\/2025\/05\/Pastel-Color-Wholesale-Ceramic-Dinner-Set-Plates-Bowls-Cups-9-1200x1238.webp 1200w, https:\/\/www.lovinghomecollection.com\/wp-content\/uploads\/2025\/05\/Pastel-Color-Wholesale-Ceramic-Dinner-Set-Plates-Bowls-Cups-9-600x619.webp 600w\" sizes=\"(max-width: 2406px) 100vw, 2406px\" \/><\/figure>\n<\/div>\n\n\n\n<div class=\"wp-block-column is-layout-flow wp-block-column-is-layout-flow\">\n<figure class=\"wp-block-image size-full\"><img decoding=\"async\" width=\"2406\" height=\"2098\" src=\"https:\/\/www.lovinghomecollection.com\/wp-content\/uploads\/2025\/05\/Pastel-Color-Wholesale-Ceramic-Dinner-Set-Plates-Bowls-Cups-10.webp\" alt=\"Set de table en c\u00e9ramique de couleur pastel, assiettes, bols et tasses-10\" class=\"wp-image-3849\" srcset=\"https:\/\/www.lovinghomecollection.com\/wp-content\/uploads\/2025\/05\/Pastel-Color-Wholesale-Ceramic-Dinner-Set-Plates-Bowls-Cups-10.webp 2406w, https:\/\/www.lovinghomecollection.com\/wp-content\/uploads\/2025\/05\/Pastel-Color-Wholesale-Ceramic-Dinner-Set-Plates-Bowls-Cups-10-300x262.webp 300w, https:\/\/www.lovinghomecollection.com\/wp-content\/uploads\/2025\/05\/Pastel-Color-Wholesale-Ceramic-Dinner-Set-Plates-Bowls-Cups-10-768x670.webp 768w, https:\/\/www.lovinghomecollection.com\/wp-content\/uploads\/2025\/05\/Pastel-Color-Wholesale-Ceramic-Dinner-Set-Plates-Bowls-Cups-10-14x12.webp 14w, https:\/\/www.lovinghomecollection.com\/wp-content\/uploads\/2025\/05\/Pastel-Color-Wholesale-Ceramic-Dinner-Set-Plates-Bowls-Cups-10-1200x1046.webp 1200w, https:\/\/www.lovinghomecollection.com\/wp-content\/uploads\/2025\/05\/Pastel-Color-Wholesale-Ceramic-Dinner-Set-Plates-Bowls-Cups-10-600x523.webp 600w\" sizes=\"(max-width: 2406px) 100vw, 2406px\" \/><\/figure>\n<\/div>\n<\/div>\n\n\n\n<p><\/p>","protected":false},"excerpt":{"rendered":"<p>Bienvenue dans l'achat de vaisselle en gros. Cette s\u00e9rie de vaisselle en gros de couleur Morandi comprend une vari\u00e9t\u00e9 de bols, d'assiettes et d'ustensiles. Elle est disponible en trois couleurs \u00e9l\u00e9gantes : beige, vert clair et rose. Elle allie un design moderne \u00e0 la beaut\u00e9 et \u00e0 la praticit\u00e9. Elle est fabriqu\u00e9e en c\u00e9ramique de haute qualit\u00e9, robuste et durable. Il convient aux repas familiaux quotidiens et aux banquets et rehausse le style g\u00e9n\u00e9ral de la table \u00e0 manger.<\/p>\n<table style=\"border-collapse: collapse; width: 338.02pt;\" border=\"0\" width=\"338\" cellspacing=\"0\" cellpadding=\"0\">\n<tbody>\n<tr style=\"height: 18.00pt;\">\n<td class=\"et3\" style=\"height: 18.00pt; width: 124.50pt;\" width=\"124\" height=\"18\">Fabricant<\/td>\n<td class=\"et3\" style=\"width: 214.40pt;\" width=\"214\">Un foyer d'amour<\/td>\n<\/tr>\n<tr style=\"height: 18.00pt;\">\n<td class=\"et3\" style=\"height: 18.00pt; width: 124.50pt;\" width=\"124\" height=\"18\">Nom de la collection<\/td>\n<td class=\"et4\" style=\"width: 214.40pt;\" width=\"214\">Luna Pastel<\/td>\n<\/tr>\n<tr style=\"height: 18.00pt;\">\n<td class=\"et3\" style=\"height: 18.00pt; width: 124.50pt;\" width=\"124\" height=\"18\">Utilisation<\/td>\n<td class=\"et3\" style=\"width: 214.40pt;\" width=\"214\">Maison, Restaurant, H\u00f4tel<\/td>\n<\/tr>\n<tr style=\"height: 106.00pt;\">\n<td class=\"et3\" style=\"height: 106.00pt; width: 124.50pt;\" width=\"124\" height=\"106\">Type de vaisselle<\/td>\n<td class=\"et3\" style=\"width: 214.40pt;\" width=\"214\">Th\u00e9i\u00e8re, sucrier, cr\u00e9mier, tasse et soucoupe, tasse, assiette, bol, bocal, beurrier, plateau \u00e0 fromage, bouteille d'huile, plat \u00e0 olives, service \u00e0 tapas, outil, support, support \u00e0 g\u00e2teau, coquetier.<\/td>\n<\/tr>\n<tr style=\"height: 18.00pt;\">\n<td class=\"et3\" style=\"height: 18.00pt; width: 124.50pt;\" width=\"124\" height=\"18\">Mat\u00e9riau<\/td>\n<td class=\"et3\" style=\"width: 214.40pt;\" width=\"214\">Porcelaine durable<\/td>\n<\/tr>\n<tr style=\"height: 18.00pt;\">\n<td class=\"et3\" style=\"height: 18.00pt; width: 124.50pt;\" width=\"124\" height=\"18\">Dimension<\/td>\n<td class=\"et3\" style=\"width: 214.40pt;\" width=\"214\">Comme l'indique la photo de d\u00e9tail<\/td>\n<\/tr>\n<tr style=\"height: 18.00pt;\">\n<td class=\"et3\" style=\"height: 18.00pt; width: 124.50pt;\" width=\"124\" height=\"18\">Unit\u00e9s de vente<\/td>\n<td class=\"et3\" style=\"width: 214.40pt;\" width=\"214\">Article unique<\/td>\n<\/tr>\n<tr style=\"height: 18.00pt;\">\n<td class=\"et3\" style=\"height: 18.00pt; width: 124.50pt;\" width=\"124\" height=\"18\">MOQ<\/td>\n<td class=\"et3\" style=\"width: 214.40pt;\" width=\"214\">1200\/pcs par article<\/td>\n<\/tr>\n<tr style=\"height: 18.00pt;\">\n<td class=\"et3\" style=\"height: 18.00pt; width: 124.50pt;\" width=\"124\" height=\"18\">Option personnalis\u00e9e<\/td>\n<td class=\"et3\" style=\"width: 214.40pt;\" width=\"214\">Couleur\/Taille\/Glaze\/Logo\/Emballage<\/td>\n<\/tr>\n<\/tbody>\n<\/table>","protected":false},"featured_media":3845,"comment_status":"closed","ping_status":"closed","template":"","meta":{"_acf_changed":false},"product_brand":[],"product_cat":[19],"product_tag":[40,25,41,39,27,26],"class_list":{"0":"post-3537","1":"product","2":"type-product","3":"status-publish","4":"has-post-thumbnail","6":"product_cat-dinnerware-wholesale","7":"product_tag-oil-bottles-wholesale","8":"product_tag-wholesale-plates-and-bowls","9":"product_tag-salt-and-pepper-shakers-bulk","10":"product_tag-sugar-jars-wholesale","11":"product_tag-wholesale-tea-cups-and-saucers","12":"product_tag-wholesale-teapots","14":"first","15":"instock","16":"shipping-taxable","17":"product-type-simple"},"acf":[],"_links":{"self":[{"href":"https:\/\/www.lovinghomecollection.com\/fr\/wp-json\/wp\/v2\/product\/3537","targetHints":{"allow":["GET"]}}],"collection":[{"href":"https:\/\/www.lovinghomecollection.com\/fr\/wp-json\/wp\/v2\/product"}],"about":[{"href":"https:\/\/www.lovinghomecollection.com\/fr\/wp-json\/wp\/v2\/types\/product"}],"replies":[{"embeddable":true,"href":"https:\/\/www.lovinghomecollection.com\/fr\/wp-json\/wp\/v2\/comments?post=3537"}],"wp:featuredmedia":[{"embeddable":true,"href":"https:\/\/www.lovinghomecollection.com\/fr\/wp-json\/wp\/v2\/media\/3845"}],"wp:attachment":[{"href":"https:\/\/www.lovinghomecollection.com\/fr\/wp-json\/wp\/v2\/media?parent=3537"}],"wp:term":[{"taxonomy":"product_brand","embeddable":true,"href":"https:\/\/www.lovinghomecollection.com\/fr\/wp-json\/wp\/v2\/product_brand?post=3537"},{"taxonomy":"product_cat","embeddable":true,"href":"https:\/\/www.lovinghomecollection.com\/fr\/wp-json\/wp\/v2\/product_cat?post=3537"},{"taxonomy":"product_tag","embeddable":true,"href":"https:\/\/www.lovinghomecollection.com\/fr\/wp-json\/wp\/v2\/product_tag?post=3537"}],"curies":[{"name":"wp","href":"https:\/\/api.w.org\/{rel}","templated":true}]}}