{"id":3526,"date":"2025-05-09T07:03:22","date_gmt":"2025-05-09T07:03:22","guid":{"rendered":"https:\/\/www.lovinghomecollection.com\/?post_type=product&#038;p=3526"},"modified":"2025-05-09T07:03:24","modified_gmt":"2025-05-09T07:03:24","slug":"bulk-catering-crockery","status":"publish","type":"product","link":"https:\/\/www.lovinghomecollection.com\/fr\/produit\/bulk-catering-crockery\/","title":{"rendered":"Vaisselle de traiteur en vrac orange, Set de table en c\u00e9ramique en gros"},"content":{"rendered":"<div class=\"wp-block-columns is-layout-flex wp-container-core-columns-is-layout-9d6595d7 wp-block-columns-is-layout-flex\">\n<div class=\"wp-block-column is-layout-flow wp-block-column-is-layout-flow\" style=\"flex-basis:60%\">\n<h2 class=\"wp-block-heading\">Vaisselle de traiteur en vrac de premi\u00e8re qualit\u00e9 Caract\u00e9ristiques :<\/h2>\n\n\n\n<ul class=\"wp-block-list\">\n<li><strong>Le design orange vif attire l'attention : <\/strong>Notre service de table en c\u00e9ramique orange vif insuffle de la vitalit\u00e9 \u00e0 l'espace repas et am\u00e9liore l'atmosph\u00e8re de la table. Il convient aux lieux de restauration commerciale ou \u00e0 la d\u00e9coration int\u00e9rieure.<\/li>\n\n\n\n<li><strong>Ensemble complet, fonction compl\u00e8te :<\/strong> Nos sets de vaisselle en vrac pour la restauration comprennent la vaisselle, les verres, les photophores et les vases, qui r\u00e9pondent aux besoins de la table \u00e0 manger et de l'agencement de l'espace en un seul endroit.<\/li>\n\n\n\n<li><strong>Plusieurs styles peuvent \u00eatre combin\u00e9s \u00e0 volont\u00e9 : <\/strong>Ce service de table en c\u00e9ramique de gros pr\u00e9sente une vari\u00e9t\u00e9 de sp\u00e9cifications et de formes de vaisselle \u00e0 choisir, convenant \u00e0 diff\u00e9rents styles et sc\u00e8nes, et am\u00e9liorant la flexibilit\u00e9 de l'assortiment des produits.<\/li>\n\n\n\n<li><strong>Approvisionnement en vrac, soutien \u00e0 la personnalisation : <\/strong>Notre vaisselle de restauration en vrac est adapt\u00e9e \u00e0 la restauration \u00e0 grande \u00e9chelle, \u00e0 l'approvisionnement des h\u00f4tels et aux clients de marque en gros, et permet une personnalisation des motifs, des couleurs et de l'emballage.<\/li>\n<\/ul>\n<\/div>\n\n\n\n<div class=\"wp-block-column is-layout-flow wp-block-column-is-layout-flow\">\n<figure class=\"wp-block-image size-full\"><img decoding=\"async\" width=\"1200\" height=\"1200\" src=\"https:\/\/www.lovinghomecollection.com\/wp-content\/uploads\/2025\/05\/Orange-Bulk-Catering-Crockery-Wholesale-Ceramic-Dinner-Set-6.webp\" alt=\"Vaisselle de traiteur en vrac orange, Set de table en c\u00e9ramique en gros-6\" class=\"wp-image-3771\" srcset=\"https:\/\/www.lovinghomecollection.com\/wp-content\/uploads\/2025\/05\/Orange-Bulk-Catering-Crockery-Wholesale-Ceramic-Dinner-Set-6.webp 1200w, https:\/\/www.lovinghomecollection.com\/wp-content\/uploads\/2025\/05\/Orange-Bulk-Catering-Crockery-Wholesale-Ceramic-Dinner-Set-6-300x300.webp 300w, https:\/\/www.lovinghomecollection.com\/wp-content\/uploads\/2025\/05\/Orange-Bulk-Catering-Crockery-Wholesale-Ceramic-Dinner-Set-6-150x150.webp 150w, https:\/\/www.lovinghomecollection.com\/wp-content\/uploads\/2025\/05\/Orange-Bulk-Catering-Crockery-Wholesale-Ceramic-Dinner-Set-6-768x768.webp 768w, https:\/\/www.lovinghomecollection.com\/wp-content\/uploads\/2025\/05\/Orange-Bulk-Catering-Crockery-Wholesale-Ceramic-Dinner-Set-6-12x12.webp 12w, https:\/\/www.lovinghomecollection.com\/wp-content\/uploads\/2025\/05\/Orange-Bulk-Catering-Crockery-Wholesale-Ceramic-Dinner-Set-6-600x600.webp 600w, https:\/\/www.lovinghomecollection.com\/wp-content\/uploads\/2025\/05\/Orange-Bulk-Catering-Crockery-Wholesale-Ceramic-Dinner-Set-6-100x100.webp 100w\" sizes=\"(max-width: 1200px) 100vw, 1200px\" \/><\/figure>\n<\/div>\n<\/div>\n\n\n\n<h2 class=\"wp-block-heading has-text-align-center\">Pr\u00e9sentation du produit Terrain Scape Bulk Catering Crockery<\/h2>\n\n\n\n<div class=\"wp-block-columns is-layout-flex wp-container-core-columns-is-layout-9d6595d7 wp-block-columns-is-layout-flex\">\n<div class=\"wp-block-column is-layout-flow wp-block-column-is-layout-flow\">\n<figure class=\"wp-block-image size-full\"><img decoding=\"async\" width=\"2383\" height=\"2751\" src=\"https:\/\/www.lovinghomecollection.com\/wp-content\/uploads\/2025\/05\/Orange-Bulk-Catering-Crockery-Wholesale-Ceramic-Dinner-Set-9.webp\" alt=\"Vaisselle de traiteur en vrac orange, Set de table en c\u00e9ramique en gros-9\" class=\"wp-image-3774\" srcset=\"https:\/\/www.lovinghomecollection.com\/wp-content\/uploads\/2025\/05\/Orange-Bulk-Catering-Crockery-Wholesale-Ceramic-Dinner-Set-9.webp 2383w, https:\/\/www.lovinghomecollection.com\/wp-content\/uploads\/2025\/05\/Orange-Bulk-Catering-Crockery-Wholesale-Ceramic-Dinner-Set-9-260x300.webp 260w, https:\/\/www.lovinghomecollection.com\/wp-content\/uploads\/2025\/05\/Orange-Bulk-Catering-Crockery-Wholesale-Ceramic-Dinner-Set-9-768x887.webp 768w, https:\/\/www.lovinghomecollection.com\/wp-content\/uploads\/2025\/05\/Orange-Bulk-Catering-Crockery-Wholesale-Ceramic-Dinner-Set-9-10x12.webp 10w, https:\/\/www.lovinghomecollection.com\/wp-content\/uploads\/2025\/05\/Orange-Bulk-Catering-Crockery-Wholesale-Ceramic-Dinner-Set-9-1200x1385.webp 1200w, https:\/\/www.lovinghomecollection.com\/wp-content\/uploads\/2025\/05\/Orange-Bulk-Catering-Crockery-Wholesale-Ceramic-Dinner-Set-9-600x693.webp 600w\" sizes=\"(max-width: 2383px) 100vw, 2383px\" \/><\/figure>\n<\/div>\n\n\n\n<div class=\"wp-block-column is-layout-flow wp-block-column-is-layout-flow\">\n<figure class=\"wp-block-image size-full\"><img decoding=\"async\" width=\"2383\" height=\"3535\" src=\"https:\/\/www.lovinghomecollection.com\/wp-content\/uploads\/2025\/05\/Orange-Bulk-Catering-Crockery-Wholesale-Ceramic-Dinner-Set-10.webp\" alt=\"Vaisselle de traiteur en vrac orange, Set de table en c\u00e9ramique en gros-10\" class=\"wp-image-3775\" srcset=\"https:\/\/www.lovinghomecollection.com\/wp-content\/uploads\/2025\/05\/Orange-Bulk-Catering-Crockery-Wholesale-Ceramic-Dinner-Set-10.webp 2383w, https:\/\/www.lovinghomecollection.com\/wp-content\/uploads\/2025\/05\/Orange-Bulk-Catering-Crockery-Wholesale-Ceramic-Dinner-Set-10-202x300.webp 202w, https:\/\/www.lovinghomecollection.com\/wp-content\/uploads\/2025\/05\/Orange-Bulk-Catering-Crockery-Wholesale-Ceramic-Dinner-Set-10-768x1139.webp 768w, https:\/\/www.lovinghomecollection.com\/wp-content\/uploads\/2025\/05\/Orange-Bulk-Catering-Crockery-Wholesale-Ceramic-Dinner-Set-10-8x12.webp 8w, https:\/\/www.lovinghomecollection.com\/wp-content\/uploads\/2025\/05\/Orange-Bulk-Catering-Crockery-Wholesale-Ceramic-Dinner-Set-10-1200x1780.webp 1200w, https:\/\/www.lovinghomecollection.com\/wp-content\/uploads\/2025\/05\/Orange-Bulk-Catering-Crockery-Wholesale-Ceramic-Dinner-Set-10-600x890.webp 600w\" sizes=\"(max-width: 2383px) 100vw, 2383px\" \/><\/figure>\n<\/div>\n<\/div>","protected":false},"excerpt":{"rendered":"<p>Bienvenue sur le site d'achat en gros de vaisselle en c\u00e9ramique. Cette vaisselle orange en gros adopte des tons chauds et vibrants, couvrant une vari\u00e9t\u00e9 de produits tels que la vaisselle, les tasses, les photophores et les vases, avec des formes vari\u00e9es, convenant \u00e0 la restauration commerciale, \u00e0 l'ameublement de la maison et \u00e0 la personnalisation de la marque en gros.<\/p>\n<table width=\"338\">\n<tbody>\n<tr>\n<td width=\"124\">Fabricant<\/td>\n<td width=\"214\">Un foyer d'amour<\/td>\n<\/tr>\n<tr>\n<td width=\"124\">Nom de la collection<\/td>\n<td width=\"214\">Paysage de terrain<\/td>\n<\/tr>\n<tr>\n<td width=\"124\">Utilisation<\/td>\n<td width=\"214\">Maison, Restaurant, H\u00f4tel<\/td>\n<\/tr>\n<tr>\n<td width=\"124\">Type de vaisselle<\/td>\n<td width=\"214\">Th\u00e9i\u00e8re, sucrier, cr\u00e9mier, tasse et soucoupe, tasse, assiette, bol, bocal, service \u00e0 tapas, support \u00e0 g\u00e2teaux, bouteille d'huile, sel et poivre, beurrier, porte-outils<\/td>\n<\/tr>\n<tr>\n<td width=\"124\">Mat\u00e9riau<\/td>\n<td width=\"214\">Porcelaine durable<\/td>\n<\/tr>\n<tr>\n<td width=\"124\">Dimension<\/td>\n<td width=\"214\">Comme l'indique la photo de d\u00e9tail<\/td>\n<\/tr>\n<tr>\n<td width=\"124\">Unit\u00e9s de vente<\/td>\n<td width=\"214\">Article unique<\/td>\n<\/tr>\n<tr>\n<td width=\"124\">MOQ<\/td>\n<td width=\"214\">1200\/pcs par article<\/td>\n<\/tr>\n<tr>\n<td width=\"124\">Option personnalis\u00e9e<\/td>\n<td width=\"214\">Couleur\/Taille\/Glaze\/Logo\/Emballage<\/td>\n<\/tr>\n<\/tbody>\n<\/table>","protected":false},"featured_media":3767,"comment_status":"closed","ping_status":"closed","template":"","meta":{"_acf_changed":false},"product_brand":[],"product_cat":[19],"product_tag":[36,25,39,27,26],"class_list":{"0":"post-3526","1":"product","2":"type-product","3":"status-publish","4":"has-post-thumbnail","6":"product_cat-dinnerware-wholesale","7":"product_tag-wholesale-kettles","8":"product_tag-wholesale-plates-and-bowls","9":"product_tag-sugar-jars-wholesale","10":"product_tag-wholesale-tea-cups-and-saucers","11":"product_tag-wholesale-teapots","13":"first","14":"instock","15":"shipping-taxable","16":"product-type-simple"},"acf":[],"_links":{"self":[{"href":"https:\/\/www.lovinghomecollection.com\/fr\/wp-json\/wp\/v2\/product\/3526","targetHints":{"allow":["GET"]}}],"collection":[{"href":"https:\/\/www.lovinghomecollection.com\/fr\/wp-json\/wp\/v2\/product"}],"about":[{"href":"https:\/\/www.lovinghomecollection.com\/fr\/wp-json\/wp\/v2\/types\/product"}],"replies":[{"embeddable":true,"href":"https:\/\/www.lovinghomecollection.com\/fr\/wp-json\/wp\/v2\/comments?post=3526"}],"wp:featuredmedia":[{"embeddable":true,"href":"https:\/\/www.lovinghomecollection.com\/fr\/wp-json\/wp\/v2\/media\/3767"}],"wp:attachment":[{"href":"https:\/\/www.lovinghomecollection.com\/fr\/wp-json\/wp\/v2\/media?parent=3526"}],"wp:term":[{"taxonomy":"product_brand","embeddable":true,"href":"https:\/\/www.lovinghomecollection.com\/fr\/wp-json\/wp\/v2\/product_brand?post=3526"},{"taxonomy":"product_cat","embeddable":true,"href":"https:\/\/www.lovinghomecollection.com\/fr\/wp-json\/wp\/v2\/product_cat?post=3526"},{"taxonomy":"product_tag","embeddable":true,"href":"https:\/\/www.lovinghomecollection.com\/fr\/wp-json\/wp\/v2\/product_tag?post=3526"}],"curies":[{"name":"wp","href":"https:\/\/api.w.org\/{rel}","templated":true}]}}