{"id":3475,"date":"2025-05-06T08:15:44","date_gmt":"2025-05-06T08:15:44","guid":{"rendered":"https:\/\/www.lovinghomecollection.com\/?post_type=product&#038;p=3475"},"modified":"2025-05-06T08:32:32","modified_gmt":"2025-05-06T08:32:32","slug":"white-dinner-plates-in-bulk","status":"publish","type":"product","link":"https:\/\/www.lovinghomecollection.com\/fr\/produit\/white-dinner-plates-in-bulk\/","title":{"rendered":"Assiettes \u00e0 d\u00eener noires et blanches en vrac, assiettes de service traiteur"},"content":{"rendered":"<div class=\"wp-block-columns is-layout-flex wp-container-core-columns-is-layout-9d6595d7 wp-block-columns-is-layout-flex\">\n<div class=\"wp-block-column is-layout-flow wp-block-column-is-layout-flow\" style=\"flex-basis:60%\">\n<h2 class=\"wp-block-heading\">Assiettes \u00e0 d\u00eener noires et blanches de qualit\u00e9 sup\u00e9rieure en vrac Caract\u00e9ristiques :<\/h2>\n\n\n\n<ul class=\"wp-block-list\">\n<li><strong>Les couleurs classiques noir et blanc sont assorties, le style est polyvalent et peu exigeant : <\/strong>Ces assiettes \u00e0 d\u00eener noires et blanches en vrac ont un design simple et \u00e9l\u00e9gant. Elles conviennent \u00e0 diff\u00e9rents styles de d\u00e9coration de restaurant, de banquet ou de maison et am\u00e9liorent l'atmosph\u00e8re g\u00e9n\u00e9rale du repas.<\/li>\n\n\n\n<li><strong>Mat\u00e9riau c\u00e9ramique de haute qualit\u00e9, robuste et durable : <\/strong>Nos assiettes de service de restauration en gros sont fabriqu\u00e9es en c\u00e9ramique cuite \u00e0 haute temp\u00e9rature, r\u00e9sistante aux rayures et \u00e0 la chaleur, adapt\u00e9e \u00e0 une utilisation \u00e0 haute fr\u00e9quence et r\u00e9pondant aux exigences de durabilit\u00e9 \u00e9lev\u00e9es de l'industrie de la restauration.<\/li>\n\n\n\n<li><strong>Convient aux services de restauration multi-sc\u00e9narios :<\/strong> Nos assiettes noires et blanches en vrac sont con\u00e7ues pour \u00eatre \u00e0 la fois pratiques et esth\u00e9tiques. Elles conviennent pour servir des plats principaux, des plateaux ou des desserts, et sont id\u00e9ales pour les h\u00f4tels et les lieux de restauration.<\/li>\n\n\n\n<li><strong>Soutien au commerce de gros et aux services personnalis\u00e9s : <\/strong>Nous fournissons un approvisionnement \u00e0 grande \u00e9chelle pour les assiettes de service de restauration en gros, nous prenons en charge la personnalisation de la taille, de la couleur et du LOGO, et nous r\u00e9pondons aux divers besoins des propri\u00e9taires de marques et des projets d'approvisionnement \u00e0 grande \u00e9chelle.<\/li>\n<\/ul>\n<\/div>\n\n\n\n<div class=\"wp-block-column is-layout-flow wp-block-column-is-layout-flow\">\n<figure class=\"wp-block-image size-full\"><img decoding=\"async\" width=\"1200\" height=\"1200\" src=\"https:\/\/www.lovinghomecollection.com\/wp-content\/uploads\/2025\/05\/Black-White-Dinner-Plates-In-Bulk-Catering-Serving-Plates-4.webp\" alt=\"Assiettes \u00e0 d\u00eener noires et blanches en vrac, assiettes de service traiteur-4\" class=\"wp-image-3479\" srcset=\"https:\/\/www.lovinghomecollection.com\/wp-content\/uploads\/2025\/05\/Black-White-Dinner-Plates-In-Bulk-Catering-Serving-Plates-4.webp 1200w, https:\/\/www.lovinghomecollection.com\/wp-content\/uploads\/2025\/05\/Black-White-Dinner-Plates-In-Bulk-Catering-Serving-Plates-4-300x300.webp 300w, https:\/\/www.lovinghomecollection.com\/wp-content\/uploads\/2025\/05\/Black-White-Dinner-Plates-In-Bulk-Catering-Serving-Plates-4-150x150.webp 150w, https:\/\/www.lovinghomecollection.com\/wp-content\/uploads\/2025\/05\/Black-White-Dinner-Plates-In-Bulk-Catering-Serving-Plates-4-768x768.webp 768w, https:\/\/www.lovinghomecollection.com\/wp-content\/uploads\/2025\/05\/Black-White-Dinner-Plates-In-Bulk-Catering-Serving-Plates-4-12x12.webp 12w, https:\/\/www.lovinghomecollection.com\/wp-content\/uploads\/2025\/05\/Black-White-Dinner-Plates-In-Bulk-Catering-Serving-Plates-4-600x600.webp 600w, https:\/\/www.lovinghomecollection.com\/wp-content\/uploads\/2025\/05\/Black-White-Dinner-Plates-In-Bulk-Catering-Serving-Plates-4-100x100.webp 100w\" sizes=\"(max-width: 1200px) 100vw, 1200px\" \/><\/figure>\n<\/div>\n<\/div>\n\n\n\n<h2 class=\"wp-block-heading has-text-align-center\">Pr\u00e9sentation des produits <mark style=\"background-color:rgba(0, 0, 0, 0)\" class=\"has-inline-color has-vivid-red-color\"><a href=\"https:\/\/www.lovinghomecollection.com\/fr\/produit\/bulk-plates-and-bowls\/\">Ardoise sauvage<\/a><\/mark> Set de vaisselle en gros<\/h2>\n\n\n\n<div class=\"wp-block-columns is-layout-flex wp-container-core-columns-is-layout-9d6595d7 wp-block-columns-is-layout-flex\">\n<div class=\"wp-block-column is-layout-flow wp-block-column-is-layout-flow\">\n<figure class=\"wp-block-image size-full\"><a href=\"https:\/\/www.lovinghomecollection.com\/fr\/produit\/bulk-plates-and-bowls\/\"><img decoding=\"async\" width=\"1200\" height=\"1200\" src=\"https:\/\/www.lovinghomecollection.com\/wp-content\/uploads\/2024\/10\/Matte-Black-White-Bulk-Plates-And-Bowls-Teapots-and-Cups-1.webp\" alt=\"Assiettes et bols, th\u00e9i\u00e8res et tasses en vrac noir et blanc mat (1)\" class=\"wp-image-1584\" srcset=\"https:\/\/www.lovinghomecollection.com\/wp-content\/uploads\/2024\/10\/Matte-Black-White-Bulk-Plates-And-Bowls-Teapots-and-Cups-1.webp 1200w, https:\/\/www.lovinghomecollection.com\/wp-content\/uploads\/2024\/10\/Matte-Black-White-Bulk-Plates-And-Bowls-Teapots-and-Cups-1-300x300.webp 300w, https:\/\/www.lovinghomecollection.com\/wp-content\/uploads\/2024\/10\/Matte-Black-White-Bulk-Plates-And-Bowls-Teapots-and-Cups-1-150x150.webp 150w, https:\/\/www.lovinghomecollection.com\/wp-content\/uploads\/2024\/10\/Matte-Black-White-Bulk-Plates-And-Bowls-Teapots-and-Cups-1-768x768.webp 768w, https:\/\/www.lovinghomecollection.com\/wp-content\/uploads\/2024\/10\/Matte-Black-White-Bulk-Plates-And-Bowls-Teapots-and-Cups-1-12x12.webp 12w, https:\/\/www.lovinghomecollection.com\/wp-content\/uploads\/2024\/10\/Matte-Black-White-Bulk-Plates-And-Bowls-Teapots-and-Cups-1-600x600.webp 600w, https:\/\/www.lovinghomecollection.com\/wp-content\/uploads\/2024\/10\/Matte-Black-White-Bulk-Plates-And-Bowls-Teapots-and-Cups-1-100x100.webp 100w\" sizes=\"(max-width: 1200px) 100vw, 1200px\" \/><\/a><\/figure>\n<\/div>\n\n\n\n<div class=\"wp-block-column is-layout-flow wp-block-column-is-layout-flow\">\n<figure class=\"wp-block-image size-full\"><a href=\"https:\/\/www.lovinghomecollection.com\/fr\/produit\/bulk-plates-and-bowls\/\"><img decoding=\"async\" width=\"1200\" height=\"1200\" src=\"https:\/\/www.lovinghomecollection.com\/wp-content\/uploads\/2024\/10\/Matte-Black-White-Bulk-Plates-And-Bowls-Teapots-and-Cups-6.webp\" alt=\"Assiettes et bols, th\u00e9i\u00e8res et tasses en vrac noir et blanc mat (6)\" class=\"wp-image-1589\" srcset=\"https:\/\/www.lovinghomecollection.com\/wp-content\/uploads\/2024\/10\/Matte-Black-White-Bulk-Plates-And-Bowls-Teapots-and-Cups-6.webp 1200w, https:\/\/www.lovinghomecollection.com\/wp-content\/uploads\/2024\/10\/Matte-Black-White-Bulk-Plates-And-Bowls-Teapots-and-Cups-6-300x300.webp 300w, https:\/\/www.lovinghomecollection.com\/wp-content\/uploads\/2024\/10\/Matte-Black-White-Bulk-Plates-And-Bowls-Teapots-and-Cups-6-150x150.webp 150w, https:\/\/www.lovinghomecollection.com\/wp-content\/uploads\/2024\/10\/Matte-Black-White-Bulk-Plates-And-Bowls-Teapots-and-Cups-6-768x768.webp 768w, https:\/\/www.lovinghomecollection.com\/wp-content\/uploads\/2024\/10\/Matte-Black-White-Bulk-Plates-And-Bowls-Teapots-and-Cups-6-12x12.webp 12w, https:\/\/www.lovinghomecollection.com\/wp-content\/uploads\/2024\/10\/Matte-Black-White-Bulk-Plates-And-Bowls-Teapots-and-Cups-6-600x600.webp 600w, https:\/\/www.lovinghomecollection.com\/wp-content\/uploads\/2024\/10\/Matte-Black-White-Bulk-Plates-And-Bowls-Teapots-and-Cups-6-100x100.webp 100w\" sizes=\"(max-width: 1200px) 100vw, 1200px\" \/><\/a><\/figure>\n<\/div>\n<\/div>\n\n\n\n<p><\/p>","protected":false},"excerpt":{"rendered":"<p>Bienvenue sur le site d'achat en gros d'assiettes de service pour la restauration. Nos assiettes noires et blanches en vrac sont simples et \u00e9l\u00e9gantes et conviennent \u00e0 toutes sortes de sc\u00e9narios de restauration, tels que les h\u00f4tels, les buffets, les banquets et les r\u00e9unions de famille. Nous fournissons un approvisionnement \u00e0 grande \u00e9chelle et des services personnalis\u00e9s pour r\u00e9pondre aux besoins des professionnels de la restauration.<\/p>\n<table style=\"border-collapse: collapse; width: 338.02pt;\" border=\"0\" width=\"338\" cellspacing=\"0\" cellpadding=\"0\">\n<tbody>\n<tr style=\"height: 18.00pt;\">\n<td class=\"et3\" style=\"height: 18.00pt; width: 124.50pt;\" width=\"124\" height=\"18\">Fabricant<\/td>\n<td class=\"et3\" style=\"width: 214.40pt;\" width=\"214\">Un foyer d'amour<\/td>\n<\/tr>\n<tr style=\"height: 18.00pt;\">\n<td class=\"et3\" style=\"height: 18.00pt; width: 124.50pt;\" width=\"124\" height=\"18\">Nom de la collection<\/td>\n<td class=\"et3\" style=\"width: 214.40pt;\" width=\"214\">Ardoise sauvage<\/td>\n<\/tr>\n<tr style=\"height: 18.00pt;\">\n<td class=\"et3\" style=\"height: 18.00pt; width: 124.50pt;\" width=\"124\" height=\"18\">Type de produit<\/td>\n<td class=\"et4\" style=\"width: 214.40pt;\" width=\"214\">Plaques en c\u00e9ramique<\/td>\n<\/tr>\n<tr style=\"height: 18.00pt;\">\n<td class=\"et3\" style=\"height: 18.00pt; width: 124.50pt;\" width=\"124\" height=\"18\">Mat\u00e9riau<\/td>\n<td class=\"et3\" style=\"width: 214.40pt;\" width=\"214\">Porcelaine durable<\/td>\n<\/tr>\n<tr style=\"height: 18.00pt;\">\n<td class=\"et3\" style=\"height: 18.00pt; width: 124.50pt;\" width=\"124\" height=\"18\">Dimension<\/td>\n<td class=\"et3\" style=\"width: 214.40pt;\" width=\"214\">Comme l'indique la photo de d\u00e9tail<\/td>\n<\/tr>\n<tr style=\"height: 18.00pt;\">\n<td class=\"et3\" style=\"height: 18.00pt; width: 124.50pt;\" width=\"124\" height=\"18\">Unit\u00e9s de vente<\/td>\n<td class=\"et3\" style=\"width: 214.40pt;\" width=\"214\">Article unique<\/td>\n<\/tr>\n<tr style=\"height: 18.00pt;\">\n<td class=\"et3\" style=\"height: 18.00pt; width: 124.50pt;\" width=\"124\" height=\"18\">MOQ<\/td>\n<td class=\"et3\" style=\"width: 214.40pt;\" width=\"214\">1200\/pcs par article<\/td>\n<\/tr>\n<tr style=\"height: 18.00pt;\">\n<td class=\"et3\" style=\"height: 18.00pt; width: 124.50pt;\" width=\"124\" height=\"18\">Option personnalis\u00e9e<\/td>\n<td class=\"et3\" style=\"width: 214.40pt;\" width=\"214\">Couleur\/Taille\/Glaze\/Logo\/Emballage<\/td>\n<\/tr>\n<\/tbody>\n<\/table>","protected":false},"featured_media":3478,"comment_status":"closed","ping_status":"closed","template":"","meta":{"_acf_changed":false},"product_brand":[],"product_cat":[42],"product_tag":[],"class_list":{"0":"post-3475","1":"product","2":"type-product","3":"status-publish","4":"has-post-thumbnail","6":"product_cat-ceramic-plates-wholesale","8":"first","9":"instock","10":"shipping-taxable","11":"product-type-simple"},"acf":[],"_links":{"self":[{"href":"https:\/\/www.lovinghomecollection.com\/fr\/wp-json\/wp\/v2\/product\/3475","targetHints":{"allow":["GET"]}}],"collection":[{"href":"https:\/\/www.lovinghomecollection.com\/fr\/wp-json\/wp\/v2\/product"}],"about":[{"href":"https:\/\/www.lovinghomecollection.com\/fr\/wp-json\/wp\/v2\/types\/product"}],"replies":[{"embeddable":true,"href":"https:\/\/www.lovinghomecollection.com\/fr\/wp-json\/wp\/v2\/comments?post=3475"}],"wp:featuredmedia":[{"embeddable":true,"href":"https:\/\/www.lovinghomecollection.com\/fr\/wp-json\/wp\/v2\/media\/3478"}],"wp:attachment":[{"href":"https:\/\/www.lovinghomecollection.com\/fr\/wp-json\/wp\/v2\/media?parent=3475"}],"wp:term":[{"taxonomy":"product_brand","embeddable":true,"href":"https:\/\/www.lovinghomecollection.com\/fr\/wp-json\/wp\/v2\/product_brand?post=3475"},{"taxonomy":"product_cat","embeddable":true,"href":"https:\/\/www.lovinghomecollection.com\/fr\/wp-json\/wp\/v2\/product_cat?post=3475"},{"taxonomy":"product_tag","embeddable":true,"href":"https:\/\/www.lovinghomecollection.com\/fr\/wp-json\/wp\/v2\/product_tag?post=3475"}],"curies":[{"name":"wp","href":"https:\/\/api.w.org\/{rel}","templated":true}]}}