{"id":2134,"date":"2024-12-09T07:10:57","date_gmt":"2024-12-09T07:10:57","guid":{"rendered":"https:\/\/www.lovinghomecollection.com\/?post_type=product&#038;p=2134"},"modified":"2024-12-09T07:11:00","modified_gmt":"2024-12-09T07:11:00","slug":"bulk-china-dinnerware","status":"publish","type":"product","link":"https:\/\/www.lovinghomecollection.com\/fr\/produit\/bulk-china-dinnerware\/","title":{"rendered":"Lemon Shape Bulk China Dinnerware, Wholesale Plates and Bowls (assiettes et bols en gros)"},"content":{"rendered":"<div class=\"wp-block-columns is-layout-flex wp-container-core-columns-is-layout-9d6595d7 wp-block-columns-is-layout-flex\">\n<div class=\"wp-block-column is-layout-flow wp-block-column-is-layout-flow\" style=\"flex-basis:60%\">\n<h2 class=\"wp-block-heading\">Caract\u00e9ristiques de la vaisselle chinoise haut de gamme en vrac :<\/h2>\n\n\n\n<ul class=\"wp-block-list\">\n<li><strong>Design unique en forme de citron : <\/strong>Cette s\u00e9rie de vaisselle en porcelaine se caract\u00e9rise par une forme originale en citron aux bords lisses et aux d\u00e9tails r\u00e9alistes, qui apporte une touche de fra\u00eecheur et de naturel \u00e0 la table et attire l'attention.<\/li>\n\n\n\n<li><strong>Options riches et polyvalentes : <\/strong>Des assiettes et bols de diff\u00e9rentes tailles sont disponibles en gros pour pr\u00e9senter des salades, des desserts, des soupes et des plats principaux. Ils peuvent \u00eatre utilis\u00e9s pour une large gamme d'occasions, des repas quotidiens aux banquets \u00e0 th\u00e8me.<\/li>\n\n\n\n<li><strong>C\u00e9ramiques chinoises de haute qualit\u00e9 : <\/strong>Notre vaisselle en porcelaine vendue en gros est fabriqu\u00e9e \u00e0 partir de c\u00e9ramique de haute qualit\u00e9, offrant une durabilit\u00e9 et une r\u00e9sistance aux rayures exceptionnelles, tout en s'adaptant parfaitement aux \u00e9quipements modernes de votre cuisine, tels que le micro-ondes ou le lave-vaisselle.<\/li>\n\n\n\n<li><strong>Achats en gros et services personnalis\u00e9s : <\/strong>Nos assiettes et bols en gros sont con\u00e7us pour les clients commerciaux, disponibles en vrac et peuvent \u00eatre personnalis\u00e9s avec des couleurs, des d\u00e9tails ou des logos de marque selon les besoins, ce qui en fait un choix id\u00e9al pour le secteur de la restauration et le march\u00e9 de d\u00e9tail.<\/li>\n<\/ul>\n<\/div>\n\n\n\n<div class=\"wp-block-column is-layout-flow wp-block-column-is-layout-flow\">\n<figure class=\"wp-block-image size-full\"><img decoding=\"async\" width=\"1200\" height=\"1200\" src=\"https:\/\/www.lovinghomecollection.com\/wp-content\/uploads\/2024\/11\/Lemon-Shape-Bulk-China-Dinnerware-Wholesale-Plates-and-Bowls-6.webp\" alt=\"Lemon Shape Bulk China Dinnerware, Grossiste Assiettes et Bols-6\" class=\"wp-image-2478\" srcset=\"https:\/\/www.lovinghomecollection.com\/wp-content\/uploads\/2024\/11\/Lemon-Shape-Bulk-China-Dinnerware-Wholesale-Plates-and-Bowls-6.webp 1200w, https:\/\/www.lovinghomecollection.com\/wp-content\/uploads\/2024\/11\/Lemon-Shape-Bulk-China-Dinnerware-Wholesale-Plates-and-Bowls-6-300x300.webp 300w, https:\/\/www.lovinghomecollection.com\/wp-content\/uploads\/2024\/11\/Lemon-Shape-Bulk-China-Dinnerware-Wholesale-Plates-and-Bowls-6-150x150.webp 150w, https:\/\/www.lovinghomecollection.com\/wp-content\/uploads\/2024\/11\/Lemon-Shape-Bulk-China-Dinnerware-Wholesale-Plates-and-Bowls-6-768x768.webp 768w, https:\/\/www.lovinghomecollection.com\/wp-content\/uploads\/2024\/11\/Lemon-Shape-Bulk-China-Dinnerware-Wholesale-Plates-and-Bowls-6-12x12.webp 12w, https:\/\/www.lovinghomecollection.com\/wp-content\/uploads\/2024\/11\/Lemon-Shape-Bulk-China-Dinnerware-Wholesale-Plates-and-Bowls-6-600x600.webp 600w, https:\/\/www.lovinghomecollection.com\/wp-content\/uploads\/2024\/11\/Lemon-Shape-Bulk-China-Dinnerware-Wholesale-Plates-and-Bowls-6-100x100.webp 100w\" sizes=\"(max-width: 1200px) 100vw, 1200px\" \/><\/figure>\n<\/div>\n<\/div>\n\n\n\n<h2 class=\"wp-block-heading has-text-align-center\">Pr\u00e9sentation du produit Lemon Orchard Bulk China Dinnerware<\/h2>\n\n\n\n<div class=\"wp-block-columns is-layout-flex wp-container-core-columns-is-layout-9d6595d7 wp-block-columns-is-layout-flex\">\n<div class=\"wp-block-column is-layout-flow wp-block-column-is-layout-flow\">\n<figure class=\"wp-block-image size-full\"><img decoding=\"async\" width=\"1750\" height=\"2269\" src=\"https:\/\/www.lovinghomecollection.com\/wp-content\/uploads\/2024\/11\/Lemon-Shape-Bulk-China-Dinnerware-Wholesale-Plates-and-Bowls-12.webp\" alt=\"Vaisselle chinoise en forme de citron, assiettes et bols en gros - 12\" class=\"wp-image-2484\" srcset=\"https:\/\/www.lovinghomecollection.com\/wp-content\/uploads\/2024\/11\/Lemon-Shape-Bulk-China-Dinnerware-Wholesale-Plates-and-Bowls-12.webp 1750w, https:\/\/www.lovinghomecollection.com\/wp-content\/uploads\/2024\/11\/Lemon-Shape-Bulk-China-Dinnerware-Wholesale-Plates-and-Bowls-12-231x300.webp 231w, https:\/\/www.lovinghomecollection.com\/wp-content\/uploads\/2024\/11\/Lemon-Shape-Bulk-China-Dinnerware-Wholesale-Plates-and-Bowls-12-768x996.webp 768w, https:\/\/www.lovinghomecollection.com\/wp-content\/uploads\/2024\/11\/Lemon-Shape-Bulk-China-Dinnerware-Wholesale-Plates-and-Bowls-12-9x12.webp 9w, https:\/\/www.lovinghomecollection.com\/wp-content\/uploads\/2024\/11\/Lemon-Shape-Bulk-China-Dinnerware-Wholesale-Plates-and-Bowls-12-1200x1556.webp 1200w, https:\/\/www.lovinghomecollection.com\/wp-content\/uploads\/2024\/11\/Lemon-Shape-Bulk-China-Dinnerware-Wholesale-Plates-and-Bowls-12-600x778.webp 600w\" sizes=\"(max-width: 1750px) 100vw, 1750px\" \/><\/figure>\n<\/div>\n\n\n\n<div class=\"wp-block-column is-layout-flow wp-block-column-is-layout-flow\">\n<figure class=\"wp-block-image size-full\"><img decoding=\"async\" width=\"1750\" height=\"1188\" src=\"https:\/\/www.lovinghomecollection.com\/wp-content\/uploads\/2024\/11\/Lemon-Shape-Bulk-China-Dinnerware-Wholesale-Plates-and-Bowls-13.webp\" alt=\"Vaisselle chinoise en forme de citron, assiettes et bols en gros - 13\" class=\"wp-image-2485\" srcset=\"https:\/\/www.lovinghomecollection.com\/wp-content\/uploads\/2024\/11\/Lemon-Shape-Bulk-China-Dinnerware-Wholesale-Plates-and-Bowls-13.webp 1750w, https:\/\/www.lovinghomecollection.com\/wp-content\/uploads\/2024\/11\/Lemon-Shape-Bulk-China-Dinnerware-Wholesale-Plates-and-Bowls-13-300x204.webp 300w, https:\/\/www.lovinghomecollection.com\/wp-content\/uploads\/2024\/11\/Lemon-Shape-Bulk-China-Dinnerware-Wholesale-Plates-and-Bowls-13-768x521.webp 768w, https:\/\/www.lovinghomecollection.com\/wp-content\/uploads\/2024\/11\/Lemon-Shape-Bulk-China-Dinnerware-Wholesale-Plates-and-Bowls-13-18x12.webp 18w, https:\/\/www.lovinghomecollection.com\/wp-content\/uploads\/2024\/11\/Lemon-Shape-Bulk-China-Dinnerware-Wholesale-Plates-and-Bowls-13-1200x815.webp 1200w, https:\/\/www.lovinghomecollection.com\/wp-content\/uploads\/2024\/11\/Lemon-Shape-Bulk-China-Dinnerware-Wholesale-Plates-and-Bowls-13-600x407.webp 600w\" sizes=\"(max-width: 1750px) 100vw, 1750px\" \/><\/figure>\n<\/div>\n<\/div>\n\n\n\n<p><\/p>","protected":false},"excerpt":{"rendered":"<p>Bienvenue sur le site d'achat d'assiettes et de bols en gros. Cette vaisselle en porcelaine en vrac en forme de citron ajoute une touche de fra\u00eecheur \u00e0 la table gr\u00e2ce \u00e0 sa forme unique et \u00e0 son utilisation multifonctionnelle, adapt\u00e9e \u00e0 un usage quotidien et \u00e0 un usage lors de banquets. Fabriqu\u00e9e \u00e0 partir de mat\u00e9riaux de haute qualit\u00e9, supportant l'approvisionnement en vrac et les services personnalis\u00e9s, c'est le meilleur choix pour l'approvisionnement commercial.<\/p>\n<table style=\"border-collapse: collapse; width: 338.02pt;\" border=\"0\" width=\"338\" cellspacing=\"0\" cellpadding=\"0\">\n<tbody>\n<tr style=\"height: 18.00pt;\">\n<td class=\"et3\" style=\"height: 18.00pt; width: 124.50pt;\" width=\"124\" height=\"18\">Fabricant<\/td>\n<td class=\"et3\" style=\"width: 214.40pt;\" width=\"214\">Un foyer d'amour<\/td>\n<\/tr>\n<tr style=\"height: 18.00pt;\">\n<td class=\"et3\" style=\"height: 18.00pt; width: 124.50pt;\" width=\"124\" height=\"18\">Nom de la collection<\/td>\n<td class=\"et4\" style=\"width: 214.40pt;\" width=\"214\">Verger de citronniers<\/td>\n<\/tr>\n<tr style=\"height: 18.00pt;\">\n<td class=\"et3\" style=\"height: 18.00pt; width: 124.50pt;\" width=\"124\" height=\"18\">Utilisation<\/td>\n<td class=\"et3\" style=\"width: 214.40pt;\" width=\"214\">Maison, Restaurant, H\u00f4tel<\/td>\n<\/tr>\n<tr style=\"height: 71.00pt;\">\n<td class=\"et3\" style=\"height: 71.00pt; width: 124.50pt;\" width=\"124\" height=\"71\">Type de vaisselle<\/td>\n<td class=\"et3\" style=\"width: 214.40pt;\" width=\"214\">Th\u00e9i\u00e8re, sucrier, pot \u00e0 lait, tasse et soucoupe, mug, assiette, bol, set \u00e0 tapas, cuill\u00e8re \u00e0 th\u00e9, pot de conservation<\/td>\n<\/tr>\n<tr style=\"height: 18.00pt;\">\n<td class=\"et3\" style=\"height: 18.00pt; width: 124.50pt;\" width=\"124\" height=\"18\">Mat\u00e9riau<\/td>\n<td class=\"et3\" style=\"width: 214.40pt;\" width=\"214\">Porcelaine durable<\/td>\n<\/tr>\n<tr style=\"height: 18.00pt;\">\n<td class=\"et3\" style=\"height: 18.00pt; width: 124.50pt;\" width=\"124\" height=\"18\">Dimension<\/td>\n<td class=\"et3\" style=\"width: 214.40pt;\" width=\"214\">Comme l'indique la photo de d\u00e9tail<\/td>\n<\/tr>\n<tr style=\"height: 18.00pt;\">\n<td class=\"et3\" style=\"height: 18.00pt; width: 124.50pt;\" width=\"124\" height=\"18\">Unit\u00e9s de vente<\/td>\n<td class=\"et3\" style=\"width: 214.40pt;\" width=\"214\">Article unique<\/td>\n<\/tr>\n<tr style=\"height: 18.00pt;\">\n<td class=\"et3\" style=\"height: 18.00pt; width: 124.50pt;\" width=\"124\" height=\"18\">MOQ<\/td>\n<td class=\"et3\" style=\"width: 214.40pt;\" width=\"214\">1200\/pcs par article<\/td>\n<\/tr>\n<tr style=\"height: 18.00pt;\">\n<td class=\"et3\" style=\"height: 18.00pt; width: 124.50pt;\" width=\"124\" height=\"18\">Option personnalis\u00e9e<\/td>\n<td class=\"et3\" style=\"width: 214.40pt;\" width=\"214\">Couleur\/Taille\/Glaze\/Logo\/Emballage<\/td>\n<\/tr>\n<\/tbody>\n<\/table>","protected":false},"featured_media":2473,"comment_status":"closed","ping_status":"closed","template":"","meta":{"_acf_changed":false},"product_brand":[],"product_cat":[19],"product_tag":[25,39,34,27,26],"class_list":{"0":"post-2134","1":"product","2":"type-product","3":"status-publish","4":"has-post-thumbnail","6":"product_cat-dinnerware-wholesale","7":"product_tag-wholesale-plates-and-bowls","8":"product_tag-sugar-jars-wholesale","9":"product_tag-olive-oil-dipping-bowls-wholesale","10":"product_tag-wholesale-tea-cups-and-saucers","11":"product_tag-wholesale-teapots","13":"first","14":"instock","15":"shipping-taxable","16":"product-type-simple"},"acf":[],"_links":{"self":[{"href":"https:\/\/www.lovinghomecollection.com\/fr\/wp-json\/wp\/v2\/product\/2134","targetHints":{"allow":["GET"]}}],"collection":[{"href":"https:\/\/www.lovinghomecollection.com\/fr\/wp-json\/wp\/v2\/product"}],"about":[{"href":"https:\/\/www.lovinghomecollection.com\/fr\/wp-json\/wp\/v2\/types\/product"}],"replies":[{"embeddable":true,"href":"https:\/\/www.lovinghomecollection.com\/fr\/wp-json\/wp\/v2\/comments?post=2134"}],"wp:featuredmedia":[{"embeddable":true,"href":"https:\/\/www.lovinghomecollection.com\/fr\/wp-json\/wp\/v2\/media\/2473"}],"wp:attachment":[{"href":"https:\/\/www.lovinghomecollection.com\/fr\/wp-json\/wp\/v2\/media?parent=2134"}],"wp:term":[{"taxonomy":"product_brand","embeddable":true,"href":"https:\/\/www.lovinghomecollection.com\/fr\/wp-json\/wp\/v2\/product_brand?post=2134"},{"taxonomy":"product_cat","embeddable":true,"href":"https:\/\/www.lovinghomecollection.com\/fr\/wp-json\/wp\/v2\/product_cat?post=2134"},{"taxonomy":"product_tag","embeddable":true,"href":"https:\/\/www.lovinghomecollection.com\/fr\/wp-json\/wp\/v2\/product_tag?post=2134"}],"curies":[{"name":"wp","href":"https:\/\/api.w.org\/{rel}","templated":true}]}}