{"id":1557,"date":"2024-10-07T08:47:14","date_gmt":"2024-10-07T08:47:14","guid":{"rendered":"https:\/\/www.lovinghomecollection.com\/?post_type=product&#038;p=1557"},"modified":"2024-10-26T03:02:10","modified_gmt":"2024-10-26T03:02:10","slug":"wholesale-dishware","status":"publish","type":"product","link":"https:\/\/www.lovinghomecollection.com\/fr\/produit\/wholesale-dishware\/","title":{"rendered":"Vaisselle en gros en forme de coquillage, assiettes et bols en c\u00e9ramique en vrac"},"content":{"rendered":"<div class=\"wp-block-columns is-layout-flex wp-container-core-columns-is-layout-9d6595d7 wp-block-columns-is-layout-flex\">\n<div class=\"wp-block-column is-layout-flow wp-block-column-is-layout-flow\" style=\"flex-basis:60%\">\n<h2 class=\"wp-block-heading\">Vaisselle en gros de premi\u00e8re qualit\u00e9 :<\/h2>\n\n\n\n<ul class=\"wp-block-list\">\n<li><strong>Inspir\u00e9 par les coquillages et la conque : <\/strong>Les formes de cette s\u00e9rie de vaisselle en gros sont toutes con\u00e7ues avec des \u00e9l\u00e9ments marins tels que des coquillages et des conques, donnant \u00e0 la table une impression de naturel et de fra\u00eecheur et apportant un plaisir visuel unique.<\/li>\n\n\n\n<li><strong>Plusieurs options de couleurs pour s'adapter \u00e0 diff\u00e9rents styles : <\/strong>L'ensemble d'assiettes et de bols en c\u00e9ramique offre une grande vari\u00e9t\u00e9 de couleurs, et les utilisateurs peuvent les assortir librement en fonction de la d\u00e9coration de leur table ou de leurs pr\u00e9f\u00e9rences personnelles pour cr\u00e9er une atmosph\u00e8re de repas color\u00e9e.<\/li>\n\n\n\n<li><strong>Durable et s\u00fbr : <\/strong>Notre s\u00e9rie de vaisselle marine en gros est fabriqu\u00e9e en c\u00e9ramique de haute qualit\u00e9, qui est robuste et durable, r\u00e9sistante \u00e0 la chaleur et aux rayures, adapt\u00e9e \u00e0 l'usage quotidien, garantissant que la vaisselle reste belle dans le cadre d'une utilisation \u00e0 long terme.<\/li>\n\n\n\n<li><strong>Fonctionnalit\u00e9 et beaut\u00e9 : <\/strong>Les assiettes et bols en c\u00e9ramique en forme de coquillages et de conques ne sont pas seulement beaux et uniques, ils ont aussi une fonction pratique. Ils conviennent pour contenir une grande vari\u00e9t\u00e9 d'aliments et sont id\u00e9aux pour les banquets familiaux et les repas quotidiens.<\/li>\n<\/ul>\n<\/div>\n\n\n\n<div class=\"wp-block-column is-layout-flow wp-block-column-is-layout-flow\">\n<figure class=\"wp-block-image size-full\"><img decoding=\"async\" width=\"1200\" height=\"1200\" src=\"https:\/\/www.lovinghomecollection.com\/wp-content\/uploads\/2024\/10\/Shell-Shape-Wholesale-Dishware-Ceramic-Plates-And-Bowls-Bulk-7.webp\" alt=\"Vaisselle en gros en forme de coquillage, assiettes et bols en c\u00e9ramique en vrac (7)\" class=\"wp-image-1564\" srcset=\"https:\/\/www.lovinghomecollection.com\/wp-content\/uploads\/2024\/10\/Shell-Shape-Wholesale-Dishware-Ceramic-Plates-And-Bowls-Bulk-7.webp 1200w, https:\/\/www.lovinghomecollection.com\/wp-content\/uploads\/2024\/10\/Shell-Shape-Wholesale-Dishware-Ceramic-Plates-And-Bowls-Bulk-7-300x300.webp 300w, https:\/\/www.lovinghomecollection.com\/wp-content\/uploads\/2024\/10\/Shell-Shape-Wholesale-Dishware-Ceramic-Plates-And-Bowls-Bulk-7-150x150.webp 150w, https:\/\/www.lovinghomecollection.com\/wp-content\/uploads\/2024\/10\/Shell-Shape-Wholesale-Dishware-Ceramic-Plates-And-Bowls-Bulk-7-768x768.webp 768w, https:\/\/www.lovinghomecollection.com\/wp-content\/uploads\/2024\/10\/Shell-Shape-Wholesale-Dishware-Ceramic-Plates-And-Bowls-Bulk-7-12x12.webp 12w, https:\/\/www.lovinghomecollection.com\/wp-content\/uploads\/2024\/10\/Shell-Shape-Wholesale-Dishware-Ceramic-Plates-And-Bowls-Bulk-7-600x600.webp 600w, https:\/\/www.lovinghomecollection.com\/wp-content\/uploads\/2024\/10\/Shell-Shape-Wholesale-Dishware-Ceramic-Plates-And-Bowls-Bulk-7-100x100.webp 100w\" sizes=\"(max-width: 1200px) 100vw, 1200px\" \/><\/figure>\n<\/div>\n<\/div>\n\n\n\n<h2 class=\"wp-block-heading has-text-align-center\">Pr\u00e9sentation des produits de la collection de vaisselle en gros Sea Friends<\/h2>\n\n\n\n<div class=\"wp-block-columns is-layout-flex wp-container-core-columns-is-layout-9d6595d7 wp-block-columns-is-layout-flex\">\n<div class=\"wp-block-column is-layout-flow wp-block-column-is-layout-flow\">\n<figure class=\"wp-block-image size-full\"><img decoding=\"async\" width=\"3916\" height=\"4082\" src=\"https:\/\/www.lovinghomecollection.com\/wp-content\/uploads\/2024\/10\/Shell-Shape-Wholesale-Dishware-Ceramic-Plates-And-Bowls-Bulk-14.webp\" alt=\"Vaisselle en gros en forme de coquillage, assiettes et bols en c\u00e9ramique en vrac-14\" class=\"wp-image-1570\" srcset=\"https:\/\/www.lovinghomecollection.com\/wp-content\/uploads\/2024\/10\/Shell-Shape-Wholesale-Dishware-Ceramic-Plates-And-Bowls-Bulk-14.webp 3916w, https:\/\/www.lovinghomecollection.com\/wp-content\/uploads\/2024\/10\/Shell-Shape-Wholesale-Dishware-Ceramic-Plates-And-Bowls-Bulk-14-288x300.webp 288w, https:\/\/www.lovinghomecollection.com\/wp-content\/uploads\/2024\/10\/Shell-Shape-Wholesale-Dishware-Ceramic-Plates-And-Bowls-Bulk-14-768x801.webp 768w, https:\/\/www.lovinghomecollection.com\/wp-content\/uploads\/2024\/10\/Shell-Shape-Wholesale-Dishware-Ceramic-Plates-And-Bowls-Bulk-14-12x12.webp 12w, https:\/\/www.lovinghomecollection.com\/wp-content\/uploads\/2024\/10\/Shell-Shape-Wholesale-Dishware-Ceramic-Plates-And-Bowls-Bulk-14-1200x1251.webp 1200w, https:\/\/www.lovinghomecollection.com\/wp-content\/uploads\/2024\/10\/Shell-Shape-Wholesale-Dishware-Ceramic-Plates-And-Bowls-Bulk-14-600x625.webp 600w\" sizes=\"(max-width: 3916px) 100vw, 3916px\" \/><\/figure>\n<\/div>\n\n\n\n<div class=\"wp-block-column is-layout-flow wp-block-column-is-layout-flow\">\n<figure class=\"wp-block-image size-full\"><img decoding=\"async\" width=\"3916\" height=\"4082\" src=\"https:\/\/www.lovinghomecollection.com\/wp-content\/uploads\/2024\/10\/Shell-Shape-Wholesale-Dishware-Ceramic-Plates-And-Bowls-Bulk-13.webp\" alt=\"Vaisselle en gros en forme de coquillage, assiettes et bols en c\u00e9ramique en vrac (13)\" class=\"wp-image-1569\" srcset=\"https:\/\/www.lovinghomecollection.com\/wp-content\/uploads\/2024\/10\/Shell-Shape-Wholesale-Dishware-Ceramic-Plates-And-Bowls-Bulk-13.webp 3916w, https:\/\/www.lovinghomecollection.com\/wp-content\/uploads\/2024\/10\/Shell-Shape-Wholesale-Dishware-Ceramic-Plates-And-Bowls-Bulk-13-288x300.webp 288w, https:\/\/www.lovinghomecollection.com\/wp-content\/uploads\/2024\/10\/Shell-Shape-Wholesale-Dishware-Ceramic-Plates-And-Bowls-Bulk-13-768x801.webp 768w, https:\/\/www.lovinghomecollection.com\/wp-content\/uploads\/2024\/10\/Shell-Shape-Wholesale-Dishware-Ceramic-Plates-And-Bowls-Bulk-13-12x12.webp 12w, https:\/\/www.lovinghomecollection.com\/wp-content\/uploads\/2024\/10\/Shell-Shape-Wholesale-Dishware-Ceramic-Plates-And-Bowls-Bulk-13-1200x1251.webp 1200w, https:\/\/www.lovinghomecollection.com\/wp-content\/uploads\/2024\/10\/Shell-Shape-Wholesale-Dishware-Ceramic-Plates-And-Bowls-Bulk-13-600x625.webp 600w\" sizes=\"(max-width: 3916px) 100vw, 3916px\" \/><\/figure>\n<\/div>\n<\/div>\n\n\n\n<p><\/p>","protected":false},"excerpt":{"rendered":"<p>Nous vous invitons \u00e0 acheter des assiettes et des bols en c\u00e9ramique en gros. Cette s\u00e9rie de vaisselle en gros de style marin est inspir\u00e9e par les coquillages et les conques, avec des formes uniques et une atmosph\u00e8re naturelle. Une vari\u00e9t\u00e9 d'options de couleurs ajoute une touche personnelle \u00e0 la table, tandis que le mat\u00e9riau c\u00e9ramique de haute qualit\u00e9 assure la durabilit\u00e9 et la s\u00e9curit\u00e9, ce qui le rend appropri\u00e9 pour les repas de tous les jours et les occasions sp\u00e9ciales.<\/p>\n<table style=\"border-collapse: collapse; width: 338.02pt;\" border=\"0\" width=\"338\" cellspacing=\"0\" cellpadding=\"0\">\n<tbody>\n<tr style=\"height: 18.00pt;\">\n<td class=\"et3\" style=\"height: 18.00pt; width: 124.50pt;\" width=\"124\" height=\"18\">Fabricant<\/td>\n<td class=\"et3\" style=\"width: 214.40pt;\" width=\"214\">Un foyer d'amour<\/td>\n<\/tr>\n<tr style=\"height: 18.00pt;\">\n<td class=\"et3\" style=\"height: 18.00pt; width: 124.50pt;\" width=\"124\" height=\"18\">Nom de la collection<\/td>\n<td class=\"et4\" style=\"width: 214.40pt;\" width=\"214\">Amis de la mer<\/td>\n<\/tr>\n<tr style=\"height: 18.00pt;\">\n<td class=\"et3\" style=\"height: 18.00pt; width: 124.50pt;\" width=\"124\" height=\"18\">Utilisation<\/td>\n<td class=\"et3\" style=\"width: 214.40pt;\" width=\"214\">Maison, Restaurant, H\u00f4tel<\/td>\n<\/tr>\n<tr style=\"height: 18.00pt;\">\n<td class=\"et3\" style=\"height: 18.00pt; width: 124.50pt;\" width=\"124\" height=\"18\">Type de vaisselle<\/td>\n<td class=\"et3\" style=\"width: 214.40pt;\" width=\"214\">Bol, assiette<\/td>\n<\/tr>\n<tr style=\"height: 18.00pt;\">\n<td class=\"et3\" style=\"height: 18.00pt; width: 124.50pt;\" width=\"124\" height=\"18\">Mat\u00e9riau<\/td>\n<td class=\"et3\" style=\"width: 214.40pt;\" width=\"214\">Porcelaine durable<\/td>\n<\/tr>\n<tr style=\"height: 18.00pt;\">\n<td class=\"et3\" style=\"height: 18.00pt; width: 124.50pt;\" width=\"124\" height=\"18\">Dimension<\/td>\n<td class=\"et3\" style=\"width: 214.40pt;\" width=\"214\">Comme l'indique la photo de d\u00e9tail<\/td>\n<\/tr>\n<tr style=\"height: 18.00pt;\">\n<td class=\"et3\" style=\"height: 18.00pt; width: 124.50pt;\" width=\"124\" height=\"18\">Unit\u00e9s de vente<\/td>\n<td class=\"et3\" style=\"width: 214.40pt;\" width=\"214\">Article unique<\/td>\n<\/tr>\n<tr style=\"height: 18.00pt;\">\n<td class=\"et3\" style=\"height: 18.00pt; width: 124.50pt;\" width=\"124\" height=\"18\">MOQ<\/td>\n<td class=\"et3\" style=\"width: 214.40pt;\" width=\"214\">1200\/pcs par article<\/td>\n<\/tr>\n<tr style=\"height: 18.00pt;\">\n<td class=\"et3\" style=\"height: 18.00pt; width: 124.50pt;\" width=\"124\" height=\"18\">Option personnalis\u00e9e<\/td>\n<td class=\"et3\" style=\"width: 214.40pt;\" width=\"214\">Couleur\/Taille\/Glaze\/Logo\/Emballage<\/td>\n<\/tr>\n<\/tbody>\n<\/table>","protected":false},"featured_media":1558,"comment_status":"closed","ping_status":"closed","template":"","meta":{"_acf_changed":false},"product_brand":[],"product_cat":[19],"product_tag":[25,34],"class_list":{"0":"post-1557","1":"product","2":"type-product","3":"status-publish","4":"has-post-thumbnail","6":"product_cat-dinnerware-wholesale","7":"product_tag-wholesale-plates-and-bowls","8":"product_tag-olive-oil-dipping-bowls-wholesale","10":"first","11":"instock","12":"shipping-taxable","13":"product-type-simple"},"acf":[],"_links":{"self":[{"href":"https:\/\/www.lovinghomecollection.com\/fr\/wp-json\/wp\/v2\/product\/1557","targetHints":{"allow":["GET"]}}],"collection":[{"href":"https:\/\/www.lovinghomecollection.com\/fr\/wp-json\/wp\/v2\/product"}],"about":[{"href":"https:\/\/www.lovinghomecollection.com\/fr\/wp-json\/wp\/v2\/types\/product"}],"replies":[{"embeddable":true,"href":"https:\/\/www.lovinghomecollection.com\/fr\/wp-json\/wp\/v2\/comments?post=1557"}],"wp:featuredmedia":[{"embeddable":true,"href":"https:\/\/www.lovinghomecollection.com\/fr\/wp-json\/wp\/v2\/media\/1558"}],"wp:attachment":[{"href":"https:\/\/www.lovinghomecollection.com\/fr\/wp-json\/wp\/v2\/media?parent=1557"}],"wp:term":[{"taxonomy":"product_brand","embeddable":true,"href":"https:\/\/www.lovinghomecollection.com\/fr\/wp-json\/wp\/v2\/product_brand?post=1557"},{"taxonomy":"product_cat","embeddable":true,"href":"https:\/\/www.lovinghomecollection.com\/fr\/wp-json\/wp\/v2\/product_cat?post=1557"},{"taxonomy":"product_tag","embeddable":true,"href":"https:\/\/www.lovinghomecollection.com\/fr\/wp-json\/wp\/v2\/product_tag?post=1557"}],"curies":[{"name":"wp","href":"https:\/\/api.w.org\/{rel}","templated":true}]}}