{"id":6558,"date":"2026-02-26T02:15:07","date_gmt":"2026-02-26T02:15:07","guid":{"rendered":"https:\/\/www.lovinghomecollection.com\/?post_type=product&#038;p=6558"},"modified":"2026-02-26T02:28:59","modified_gmt":"2026-02-26T02:28:59","slug":"wholesale-teapots-cups","status":"publish","type":"product","link":"https:\/\/www.lovinghomecollection.com\/es\/producto\/wholesale-teapots-cups\/","title":{"rendered":"Teteras y tazas al por mayor de primera calidad con dise\u00f1o de lazo rojo y rosa"},"content":{"rendered":"<div class=\"wp-block-columns is-layout-flex wp-container-core-columns-is-layout-9d6595d7 wp-block-columns-is-layout-flex\">\n<div class=\"wp-block-column is-layout-flow wp-block-column-is-layout-flow\" style=\"flex-basis:60%\">\n<h2 class=\"wp-block-heading\">Teteras y tazas al por mayor de primera calidad Caracter\u00edsticas:<\/h2>\n\n\n\n<ul class=\"wp-block-list\">\n<li><strong>Exquisito dise\u00f1o en 3D:<\/strong> Nuestras teteras y tazas al por mayor est\u00e1n decoradas con dise\u00f1os de lazos en 3D, de l\u00edneas suaves y textura delicada. Las opciones de color rojo\/rosa crean un efecto visual dulce y encantador, por lo que resultan muy decorativas.<\/li>\n\n\n\n<li><strong>M\u00faltiples tama\u00f1os y opciones pr\u00e1cticas: <\/strong>Nuestros juegos de t\u00e9 de cer\u00e1mica al por mayor ofrecen una tetera de 850 cc adecuada para compartir en familia, una taza de 350 cc para beber a diario y tazas de caf\u00e9 de 120 cc\/250 cc para espresso o infusiones, que satisfacen diversas necesidades de preparaci\u00f3n y bebida.<\/li>\n\n\n\n<li><strong>Material cer\u00e1mico de primera calidad: <\/strong>Nuestras teteras y tazas al por mayor est\u00e1n fabricadas con materias primas cer\u00e1micas de alta calidad, lo que da como resultado una textura dura y duradera, un esmalte suave y delicado que no se mancha f\u00e1cilmente y una buena resistencia al calor, por lo que son aptas para microondas y lavavajillas.<\/li>\n\n\n\n<li><strong>Est\u00e9tica de mesa de alta gama: <\/strong>Nuestros juegos de t\u00e9 de cer\u00e1mica al por mayor presentan un exclusivo elemento de lazo combinado con un fondo blanco cl\u00e1sico, creando un estilo fresco y elegante. No solo son adecuados para el uso dom\u00e9stico diario, sino tambi\u00e9n perfectos para la presentaci\u00f3n del t\u00e9 de la tarde en cafeter\u00edas y tiendas de postres, realzando el estilo general.<\/li>\n<\/ul>\n<\/div>\n\n\n\n<div class=\"wp-block-column is-layout-flow wp-block-column-is-layout-flow\">\n<figure class=\"wp-block-image size-full\"><img decoding=\"async\" width=\"1200\" height=\"1200\" src=\"https:\/\/www.lovinghomecollection.com\/wp-content\/uploads\/2026\/02\/Premium-Wholesale-Teapots-Cups-With-Red-Pink-Bow-Design-4.webp\" alt=\"Teteras y tazas al por mayor de primera calidad con dise\u00f1o de lazo rojo y rosa-4\" class=\"wp-image-6562\" srcset=\"https:\/\/www.lovinghomecollection.com\/wp-content\/uploads\/2026\/02\/Premium-Wholesale-Teapots-Cups-With-Red-Pink-Bow-Design-4.webp 1200w, https:\/\/www.lovinghomecollection.com\/wp-content\/uploads\/2026\/02\/Premium-Wholesale-Teapots-Cups-With-Red-Pink-Bow-Design-4-300x300.webp 300w, https:\/\/www.lovinghomecollection.com\/wp-content\/uploads\/2026\/02\/Premium-Wholesale-Teapots-Cups-With-Red-Pink-Bow-Design-4-150x150.webp 150w, https:\/\/www.lovinghomecollection.com\/wp-content\/uploads\/2026\/02\/Premium-Wholesale-Teapots-Cups-With-Red-Pink-Bow-Design-4-768x768.webp 768w, https:\/\/www.lovinghomecollection.com\/wp-content\/uploads\/2026\/02\/Premium-Wholesale-Teapots-Cups-With-Red-Pink-Bow-Design-4-12x12.webp 12w, https:\/\/www.lovinghomecollection.com\/wp-content\/uploads\/2026\/02\/Premium-Wholesale-Teapots-Cups-With-Red-Pink-Bow-Design-4-600x600.webp 600w, https:\/\/www.lovinghomecollection.com\/wp-content\/uploads\/2026\/02\/Premium-Wholesale-Teapots-Cups-With-Red-Pink-Bow-Design-4-100x100.webp 100w\" sizes=\"(max-width: 1200px) 100vw, 1200px\" \/><\/figure>\n<\/div>\n<\/div>\n\n\n\n<h2 class=\"wp-block-heading has-text-align-center\">Exposici\u00f3n de productos de <mark style=\"background-color:rgba(0, 0, 0, 0)\" class=\"has-inline-color has-vivid-red-color\"><a href=\"https:\/\/www.lovinghomecollection.com\/es\/producto\/wedding-tableware-in-bulk\/\">Cinta de Gracia<\/a><\/mark> Vajilla a granel<\/h2>\n\n\n\n<div class=\"wp-block-columns is-layout-flex wp-container-core-columns-is-layout-9d6595d7 wp-block-columns-is-layout-flex\">\n<div class=\"wp-block-column is-layout-flow wp-block-column-is-layout-flow\">\n<figure class=\"wp-block-image size-full\"><a href=\"https:\/\/www.lovinghomecollection.com\/es\/producto\/wedding-tableware-in-bulk\/\"><img decoding=\"async\" width=\"1200\" height=\"1200\" src=\"https:\/\/www.lovinghomecollection.com\/wp-content\/uploads\/2025\/01\/Wedding-Tableware-In-Bulk-Bow-Decorated-Wholesale-Crockery-Sets-2.webp\" alt=\"Vajilla de Boda al por Mayor, Vajilla Decorada con Lazo-2\" class=\"wp-image-2777\" srcset=\"https:\/\/www.lovinghomecollection.com\/wp-content\/uploads\/2025\/01\/Wedding-Tableware-In-Bulk-Bow-Decorated-Wholesale-Crockery-Sets-2.webp 1200w, https:\/\/www.lovinghomecollection.com\/wp-content\/uploads\/2025\/01\/Wedding-Tableware-In-Bulk-Bow-Decorated-Wholesale-Crockery-Sets-2-300x300.webp 300w, https:\/\/www.lovinghomecollection.com\/wp-content\/uploads\/2025\/01\/Wedding-Tableware-In-Bulk-Bow-Decorated-Wholesale-Crockery-Sets-2-150x150.webp 150w, https:\/\/www.lovinghomecollection.com\/wp-content\/uploads\/2025\/01\/Wedding-Tableware-In-Bulk-Bow-Decorated-Wholesale-Crockery-Sets-2-768x768.webp 768w, https:\/\/www.lovinghomecollection.com\/wp-content\/uploads\/2025\/01\/Wedding-Tableware-In-Bulk-Bow-Decorated-Wholesale-Crockery-Sets-2-12x12.webp 12w, https:\/\/www.lovinghomecollection.com\/wp-content\/uploads\/2025\/01\/Wedding-Tableware-In-Bulk-Bow-Decorated-Wholesale-Crockery-Sets-2-600x600.webp 600w, https:\/\/www.lovinghomecollection.com\/wp-content\/uploads\/2025\/01\/Wedding-Tableware-In-Bulk-Bow-Decorated-Wholesale-Crockery-Sets-2-100x100.webp 100w\" sizes=\"(max-width: 1200px) 100vw, 1200px\" \/><\/a><\/figure>\n<\/div>\n\n\n\n<div class=\"wp-block-column is-layout-flow wp-block-column-is-layout-flow\">\n<figure class=\"wp-block-image size-full\"><a href=\"https:\/\/www.lovinghomecollection.com\/es\/producto\/wedding-tableware-in-bulk\/\"><img decoding=\"async\" width=\"1200\" height=\"1200\" src=\"https:\/\/www.lovinghomecollection.com\/wp-content\/uploads\/2025\/01\/Wedding-Tableware-In-Bulk-Bow-Decorated-Wholesale-Crockery-Sets-10.webp\" alt=\"Vajilla de Boda al Por Mayor, Vajilla Decorada con Lazo-10\" class=\"wp-image-2785\" srcset=\"https:\/\/www.lovinghomecollection.com\/wp-content\/uploads\/2025\/01\/Wedding-Tableware-In-Bulk-Bow-Decorated-Wholesale-Crockery-Sets-10.webp 1200w, https:\/\/www.lovinghomecollection.com\/wp-content\/uploads\/2025\/01\/Wedding-Tableware-In-Bulk-Bow-Decorated-Wholesale-Crockery-Sets-10-300x300.webp 300w, https:\/\/www.lovinghomecollection.com\/wp-content\/uploads\/2025\/01\/Wedding-Tableware-In-Bulk-Bow-Decorated-Wholesale-Crockery-Sets-10-150x150.webp 150w, https:\/\/www.lovinghomecollection.com\/wp-content\/uploads\/2025\/01\/Wedding-Tableware-In-Bulk-Bow-Decorated-Wholesale-Crockery-Sets-10-768x768.webp 768w, https:\/\/www.lovinghomecollection.com\/wp-content\/uploads\/2025\/01\/Wedding-Tableware-In-Bulk-Bow-Decorated-Wholesale-Crockery-Sets-10-12x12.webp 12w, https:\/\/www.lovinghomecollection.com\/wp-content\/uploads\/2025\/01\/Wedding-Tableware-In-Bulk-Bow-Decorated-Wholesale-Crockery-Sets-10-600x600.webp 600w, https:\/\/www.lovinghomecollection.com\/wp-content\/uploads\/2025\/01\/Wedding-Tableware-In-Bulk-Bow-Decorated-Wholesale-Crockery-Sets-10-100x100.webp 100w\" sizes=\"(max-width: 1200px) 100vw, 1200px\" \/><\/a><\/figure>\n<\/div>\n<\/div>\n\n\n\n<p><\/p>","protected":false},"excerpt":{"rendered":"<p>Bienvenido a comprar teteras y tazas al por mayor. Nuestros juegos de t\u00e9 de cer\u00e1mica de alta calidad presentan una base blanca cl\u00e1sica con delicados motivos de lazos en 3D en la tapa y el asa, disponibles en rojo y rosa rom\u00e1nticos.<\/p>\n<table style=\"border-collapse: collapse; width: 338.02pt;\" border=\"0\" width=\"338\" cellspacing=\"0\" cellpadding=\"0\">\n<tbody>\n<tr style=\"height: 18.00pt;\">\n<td class=\"et3\" style=\"height: 18.00pt; width: 124.50pt;\" width=\"124\" height=\"18\">Fabricante<\/td>\n<td class=\"et3\" style=\"width: 214.40pt;\" width=\"214\">Un hogar lleno de amor<\/td>\n<\/tr>\n<tr style=\"height: 18.00pt;\">\n<td class=\"et3\" style=\"height: 18.00pt; width: 124.50pt;\" width=\"124\" height=\"18\">Nombre de la colecci\u00f3n<\/td>\n<td class=\"et3\" style=\"width: 214.40pt;\" width=\"214\">Colecci\u00f3n Ribbon Grace<\/td>\n<\/tr>\n<tr style=\"height: 18.00pt;\">\n<td class=\"et3\" style=\"height: 18.00pt; width: 124.50pt;\" width=\"124\" height=\"18\">Tipo de producto<\/td>\n<td class=\"et4\" style=\"width: 214.40pt;\" width=\"214\">Tetera, Taza y Plato de Cer\u00e1mica, Taza<\/td>\n<\/tr>\n<tr style=\"height: 18.00pt;\">\n<td class=\"et3\" style=\"height: 18.00pt; width: 124.50pt;\" width=\"124\" height=\"18\">Material<\/td>\n<td class=\"et3\" style=\"width: 214.40pt;\" width=\"214\">Porcelana resistente<\/td>\n<\/tr>\n<tr style=\"height: 18.00pt;\">\n<td class=\"et3\" style=\"height: 18.00pt; width: 124.50pt;\" width=\"124\" height=\"18\">Dimensi\u00f3n<\/td>\n<td class=\"et3\" style=\"width: 214.40pt;\" width=\"214\">Como imagen detallada<\/td>\n<\/tr>\n<tr style=\"height: 18.00pt;\">\n<td class=\"et3\" style=\"height: 18.00pt; width: 124.50pt;\" width=\"124\" height=\"18\">Unidades de venta<\/td>\n<td class=\"et3\" style=\"width: 214.40pt;\" width=\"214\">Art\u00edculo \u00fanico<\/td>\n<\/tr>\n<tr style=\"height: 18.00pt;\">\n<td class=\"et3\" style=\"height: 18.00pt; width: 124.50pt;\" width=\"124\" height=\"18\">MOQ<\/td>\n<td class=\"et3\" style=\"width: 214.40pt;\" width=\"214\">1200 unid. por art\u00edculo<\/td>\n<\/tr>\n<tr style=\"height: 18.00pt;\">\n<td class=\"et3\" style=\"height: 18.00pt; width: 124.50pt;\" width=\"124\" height=\"18\">Opci\u00f3n personalizada<\/td>\n<td class=\"et3\" style=\"width: 214.40pt;\" width=\"214\">Color\/Tama\u00f1o\/Glaseado\/Logotipo\/Embalaje<\/td>\n<\/tr>\n<\/tbody>\n<\/table>","protected":false},"featured_media":6560,"comment_status":"closed","ping_status":"closed","template":"","meta":{"_acf_changed":false},"product_brand":[],"product_cat":[44],"product_tag":[],"class_list":{"0":"post-6558","1":"product","2":"type-product","3":"status-publish","4":"has-post-thumbnail","6":"product_cat-wholesale-tea-sets","8":"first","9":"instock","10":"shipping-taxable","11":"product-type-simple"},"acf":[],"_links":{"self":[{"href":"https:\/\/www.lovinghomecollection.com\/es\/wp-json\/wp\/v2\/product\/6558","targetHints":{"allow":["GET"]}}],"collection":[{"href":"https:\/\/www.lovinghomecollection.com\/es\/wp-json\/wp\/v2\/product"}],"about":[{"href":"https:\/\/www.lovinghomecollection.com\/es\/wp-json\/wp\/v2\/types\/product"}],"replies":[{"embeddable":true,"href":"https:\/\/www.lovinghomecollection.com\/es\/wp-json\/wp\/v2\/comments?post=6558"}],"wp:featuredmedia":[{"embeddable":true,"href":"https:\/\/www.lovinghomecollection.com\/es\/wp-json\/wp\/v2\/media\/6560"}],"wp:attachment":[{"href":"https:\/\/www.lovinghomecollection.com\/es\/wp-json\/wp\/v2\/media?parent=6558"}],"wp:term":[{"taxonomy":"product_brand","embeddable":true,"href":"https:\/\/www.lovinghomecollection.com\/es\/wp-json\/wp\/v2\/product_brand?post=6558"},{"taxonomy":"product_cat","embeddable":true,"href":"https:\/\/www.lovinghomecollection.com\/es\/wp-json\/wp\/v2\/product_cat?post=6558"},{"taxonomy":"product_tag","embeddable":true,"href":"https:\/\/www.lovinghomecollection.com\/es\/wp-json\/wp\/v2\/product_tag?post=6558"}],"curies":[{"name":"wp","href":"https:\/\/api.w.org\/{rel}","templated":true}]}}