{"id":6275,"date":"2026-01-14T01:54:06","date_gmt":"2026-01-14T01:54:06","guid":{"rendered":"https:\/\/www.lovinghomecollection.com\/?post_type=product&#038;p=6275"},"modified":"2026-01-14T02:12:13","modified_gmt":"2026-01-14T02:12:13","slug":"tropical-dinnerware-wholesale","status":"publish","type":"product","link":"https:\/\/www.lovinghomecollection.com\/es\/producto\/tropical-dinnerware-wholesale\/","title":{"rendered":"Vajilla Tropical al por mayor con tema de pi\u00f1as verdes"},"content":{"rendered":"<div class=\"wp-block-columns is-layout-flex wp-container-core-columns-is-layout-9d6595d7 wp-block-columns-is-layout-flex\">\n<div class=\"wp-block-column is-layout-flow wp-block-column-is-layout-flow\" style=\"flex-basis:60%\">\n<h2 class=\"wp-block-heading\">Premium Tropical Vajilla al por mayor Caracter\u00edsticas:<\/h2>\n\n\n\n<ul class=\"wp-block-list\">\n<li><strong>Dise\u00f1o tem\u00e1tico de pi\u00f1as verdes:<\/strong> Inspirada en elementos naturales del bosque, esta vajilla tropical al por mayor combina motivos de pi\u00f1as con esmalte verde para crear una est\u00e9tica visual \u00fanica y realzar el ambiente del comedor.<\/li>\n\n\n\n<li><strong>Material resistente a altas temperaturas: <\/strong>Nuestra vajilla de porcelana a granel est\u00e1 fabricada con cer\u00e1mica cocida a alta temperatura, que posee una excelente resistencia al calor y durabilidad, apta para microondas, lavavajillas y otras aplicaciones.<\/li>\n\n\n\n<li><strong>Personalizaci\u00f3n de f\u00e1brica disponible: <\/strong>Nuestra vajilla tropical al por mayor puede personalizar las especificaciones, los patrones e incluso los logotipos de acuerdo con las necesidades del cliente al por mayor, cumpliendo los requisitos de la marca o de posicionamiento \u00fanico en el mercado.<\/li>\n\n\n\n<li><strong>Adecuado para m\u00faltiples escenarios:<\/strong> Esta vajilla de porcelana a granel es adecuada para el uso dom\u00e9stico diario, as\u00ed como para compras al por mayor en entornos comerciales como restaurantes, hoteles y cafeter\u00edas.<\/li>\n<\/ul>\n<\/div>\n\n\n\n<div class=\"wp-block-column is-layout-flow wp-block-column-is-layout-flow\">\n<figure class=\"wp-block-image size-full\"><img decoding=\"async\" width=\"1200\" height=\"1200\" src=\"https:\/\/www.lovinghomecollection.com\/wp-content\/uploads\/2026\/01\/Tropical-Dinnerware-Wholesale-With-Green-Pinecone-Theme-2.webp\" alt=\"Vajilla Tropical al por mayor con pi\u00f1a verde Tema-2\" class=\"wp-image-6277\" srcset=\"https:\/\/www.lovinghomecollection.com\/wp-content\/uploads\/2026\/01\/Tropical-Dinnerware-Wholesale-With-Green-Pinecone-Theme-2.webp 1200w, https:\/\/www.lovinghomecollection.com\/wp-content\/uploads\/2026\/01\/Tropical-Dinnerware-Wholesale-With-Green-Pinecone-Theme-2-300x300.webp 300w, https:\/\/www.lovinghomecollection.com\/wp-content\/uploads\/2026\/01\/Tropical-Dinnerware-Wholesale-With-Green-Pinecone-Theme-2-150x150.webp 150w, https:\/\/www.lovinghomecollection.com\/wp-content\/uploads\/2026\/01\/Tropical-Dinnerware-Wholesale-With-Green-Pinecone-Theme-2-768x768.webp 768w, https:\/\/www.lovinghomecollection.com\/wp-content\/uploads\/2026\/01\/Tropical-Dinnerware-Wholesale-With-Green-Pinecone-Theme-2-12x12.webp 12w, https:\/\/www.lovinghomecollection.com\/wp-content\/uploads\/2026\/01\/Tropical-Dinnerware-Wholesale-With-Green-Pinecone-Theme-2-600x600.webp 600w, https:\/\/www.lovinghomecollection.com\/wp-content\/uploads\/2026\/01\/Tropical-Dinnerware-Wholesale-With-Green-Pinecone-Theme-2-100x100.webp 100w\" sizes=\"(max-width: 1200px) 100vw, 1200px\" \/><\/figure>\n<\/div>\n<\/div>\n\n\n\n<h2 class=\"wp-block-heading has-text-align-center\">Expositor de Productos de Vajilla Tropical Pine Cone al por Mayor<\/h2>\n\n\n\n<div class=\"wp-block-columns is-layout-flex wp-container-core-columns-is-layout-9d6595d7 wp-block-columns-is-layout-flex\">\n<div class=\"wp-block-column is-layout-flow wp-block-column-is-layout-flow\">\n<figure class=\"wp-block-image size-full\"><img decoding=\"async\" width=\"1721\" height=\"1502\" src=\"https:\/\/www.lovinghomecollection.com\/wp-content\/uploads\/2026\/01\/Tropical-Dinnerware-Wholesale-With-Green-Pinecone-Theme-11.webp\" alt=\"Vajilla Tropical al por mayor con pi\u00f1a verde Tema-11\" class=\"wp-image-6286\" srcset=\"https:\/\/www.lovinghomecollection.com\/wp-content\/uploads\/2026\/01\/Tropical-Dinnerware-Wholesale-With-Green-Pinecone-Theme-11.webp 1721w, https:\/\/www.lovinghomecollection.com\/wp-content\/uploads\/2026\/01\/Tropical-Dinnerware-Wholesale-With-Green-Pinecone-Theme-11-300x262.webp 300w, https:\/\/www.lovinghomecollection.com\/wp-content\/uploads\/2026\/01\/Tropical-Dinnerware-Wholesale-With-Green-Pinecone-Theme-11-768x670.webp 768w, https:\/\/www.lovinghomecollection.com\/wp-content\/uploads\/2026\/01\/Tropical-Dinnerware-Wholesale-With-Green-Pinecone-Theme-11-14x12.webp 14w, https:\/\/www.lovinghomecollection.com\/wp-content\/uploads\/2026\/01\/Tropical-Dinnerware-Wholesale-With-Green-Pinecone-Theme-11-1200x1047.webp 1200w, https:\/\/www.lovinghomecollection.com\/wp-content\/uploads\/2026\/01\/Tropical-Dinnerware-Wholesale-With-Green-Pinecone-Theme-11-600x524.webp 600w\" sizes=\"(max-width: 1721px) 100vw, 1721px\" \/><\/figure>\n<\/div>\n\n\n\n<div class=\"wp-block-column is-layout-flow wp-block-column-is-layout-flow\">\n<figure class=\"wp-block-image size-full\"><img decoding=\"async\" width=\"1729\" height=\"1616\" src=\"https:\/\/www.lovinghomecollection.com\/wp-content\/uploads\/2026\/01\/Tropical-Dinnerware-Wholesale-With-Green-Pinecone-Theme-12.webp\" alt=\"Vajilla Tropical al por mayor con pi\u00f1a verde Tema-12\" class=\"wp-image-6287\" srcset=\"https:\/\/www.lovinghomecollection.com\/wp-content\/uploads\/2026\/01\/Tropical-Dinnerware-Wholesale-With-Green-Pinecone-Theme-12.webp 1729w, https:\/\/www.lovinghomecollection.com\/wp-content\/uploads\/2026\/01\/Tropical-Dinnerware-Wholesale-With-Green-Pinecone-Theme-12-300x280.webp 300w, https:\/\/www.lovinghomecollection.com\/wp-content\/uploads\/2026\/01\/Tropical-Dinnerware-Wholesale-With-Green-Pinecone-Theme-12-768x718.webp 768w, https:\/\/www.lovinghomecollection.com\/wp-content\/uploads\/2026\/01\/Tropical-Dinnerware-Wholesale-With-Green-Pinecone-Theme-12-13x12.webp 13w, https:\/\/www.lovinghomecollection.com\/wp-content\/uploads\/2026\/01\/Tropical-Dinnerware-Wholesale-With-Green-Pinecone-Theme-12-1200x1122.webp 1200w, https:\/\/www.lovinghomecollection.com\/wp-content\/uploads\/2026\/01\/Tropical-Dinnerware-Wholesale-With-Green-Pinecone-Theme-12-600x561.webp 600w\" sizes=\"(max-width: 1729px) 100vw, 1729px\" \/><\/figure>\n<\/div>\n<\/div>\n\n\n\n<p><\/p>","protected":false},"excerpt":{"rendered":"<p>Bienvenido a comprar vajilla de porcelana al por mayor. Esta vajilla al por mayor tropical verde con tem\u00e1tica de pi\u00f1as se inspira en los bosques naturales, con un esquema de color tranquilo y elegante y se puede personalizar al por mayor. Es una soluci\u00f3n de mesa verde ideal para hogares, restaurantes u hoteles.<\/p>\n<table style=\"border-collapse: collapse; width: 338.02pt;\" border=\"0\" width=\"338\" cellspacing=\"0\" cellpadding=\"0\">\n<tbody>\n<tr style=\"height: 18.00pt;\">\n<td class=\"et3\" style=\"height: 18.00pt; width: 124.50pt;\" width=\"124\" height=\"18\">Fabricante<\/td>\n<td class=\"et3\" style=\"width: 214.40pt;\" width=\"214\">Un hogar lleno de amor<\/td>\n<\/tr>\n<tr style=\"height: 18.00pt;\">\n<td class=\"et3\" style=\"height: 18.00pt; width: 124.50pt;\" width=\"124\" height=\"18\">Nombre de la colecci\u00f3n<\/td>\n<td class=\"et4\" style=\"width: 214.40pt;\" width=\"214\">Colecci\u00f3n Pine Cone<\/td>\n<\/tr>\n<tr style=\"height: 18.00pt;\">\n<td class=\"et3\" style=\"height: 18.00pt; width: 124.50pt;\" width=\"124\" height=\"18\">Utilizaci\u00f3n<\/td>\n<td class=\"et3\" style=\"width: 214.40pt;\" width=\"214\">Hogar, Restaurante, Hotel<\/td>\n<\/tr>\n<tr style=\"height: 36.00pt;\">\n<td class=\"et3\" style=\"height: 36.00pt; width: 124.50pt;\" width=\"124\" height=\"36\">Tipo de vajilla<\/td>\n<td class=\"et3\" style=\"width: 214.40pt;\" width=\"214\">Plato, cuenco, taza, juego de tapas, mantequera, soporte para tartas, bote<\/td>\n<\/tr>\n<tr style=\"height: 18.00pt;\">\n<td class=\"et3\" style=\"height: 18.00pt; width: 124.50pt;\" width=\"124\" height=\"18\">Material<\/td>\n<td class=\"et3\" style=\"width: 214.40pt;\" width=\"214\">Porcelana resistente<\/td>\n<\/tr>\n<tr style=\"height: 18.00pt;\">\n<td class=\"et3\" style=\"height: 18.00pt; width: 124.50pt;\" width=\"124\" height=\"18\">Dimensi\u00f3n<\/td>\n<td class=\"et3\" style=\"width: 214.40pt;\" width=\"214\">Como imagen detallada<\/td>\n<\/tr>\n<tr style=\"height: 18.00pt;\">\n<td class=\"et3\" style=\"height: 18.00pt; width: 124.50pt;\" width=\"124\" height=\"18\">Unidades de venta<\/td>\n<td class=\"et3\" style=\"width: 214.40pt;\" width=\"214\">Art\u00edculo \u00fanico<\/td>\n<\/tr>\n<tr style=\"height: 18.00pt;\">\n<td class=\"et3\" style=\"height: 18.00pt; width: 124.50pt;\" width=\"124\" height=\"18\">MOQ<\/td>\n<td class=\"et3\" style=\"width: 214.40pt;\" width=\"214\">1200 unid. por art\u00edculo<\/td>\n<\/tr>\n<tr style=\"height: 18.00pt;\">\n<td class=\"et3\" style=\"height: 18.00pt; width: 124.50pt;\" width=\"124\" height=\"18\">Opci\u00f3n personalizada<\/td>\n<td class=\"et3\" style=\"width: 214.40pt;\" width=\"214\">Color\/Tama\u00f1o\/Glaseado\/Logotipo\/Embalaje<\/td>\n<\/tr>\n<\/tbody>\n<\/table>","protected":false},"featured_media":6280,"comment_status":"closed","ping_status":"closed","template":"","meta":{"_acf_changed":false},"product_brand":[],"product_cat":[19],"product_tag":[37,25,34,27,48],"class_list":{"0":"post-6275","1":"product","2":"type-product","3":"status-publish","4":"has-post-thumbnail","6":"product_cat-dinnerware-wholesale","7":"product_tag-bulk-cake-stands","8":"product_tag-wholesale-plates-and-bowls","9":"product_tag-olive-oil-dipping-bowls-wholesale","10":"product_tag-wholesale-tea-cups-and-saucers","11":"product_tag-whats-new","13":"first","14":"instock","15":"shipping-taxable","16":"product-type-simple"},"acf":[],"_links":{"self":[{"href":"https:\/\/www.lovinghomecollection.com\/es\/wp-json\/wp\/v2\/product\/6275","targetHints":{"allow":["GET"]}}],"collection":[{"href":"https:\/\/www.lovinghomecollection.com\/es\/wp-json\/wp\/v2\/product"}],"about":[{"href":"https:\/\/www.lovinghomecollection.com\/es\/wp-json\/wp\/v2\/types\/product"}],"replies":[{"embeddable":true,"href":"https:\/\/www.lovinghomecollection.com\/es\/wp-json\/wp\/v2\/comments?post=6275"}],"wp:featuredmedia":[{"embeddable":true,"href":"https:\/\/www.lovinghomecollection.com\/es\/wp-json\/wp\/v2\/media\/6280"}],"wp:attachment":[{"href":"https:\/\/www.lovinghomecollection.com\/es\/wp-json\/wp\/v2\/media?parent=6275"}],"wp:term":[{"taxonomy":"product_brand","embeddable":true,"href":"https:\/\/www.lovinghomecollection.com\/es\/wp-json\/wp\/v2\/product_brand?post=6275"},{"taxonomy":"product_cat","embeddable":true,"href":"https:\/\/www.lovinghomecollection.com\/es\/wp-json\/wp\/v2\/product_cat?post=6275"},{"taxonomy":"product_tag","embeddable":true,"href":"https:\/\/www.lovinghomecollection.com\/es\/wp-json\/wp\/v2\/product_tag?post=6275"}],"curies":[{"name":"wp","href":"https:\/\/api.w.org\/{rel}","templated":true}]}}