{"id":6262,"date":"2026-01-14T01:20:38","date_gmt":"2026-01-14T01:20:38","guid":{"rendered":"https:\/\/www.lovinghomecollection.com\/?post_type=product&#038;p=6262"},"modified":"2026-01-14T01:53:51","modified_gmt":"2026-01-14T01:53:51","slug":"cream-color-dinner-sets-wholesale","status":"publish","type":"product","link":"https:\/\/www.lovinghomecollection.com\/es\/producto\/cream-color-dinner-sets-wholesale\/","title":{"rendered":"Vajillas Tulip\u00e1n Color Crema Al Por Mayor Con M\u00faltiples Tama\u00f1os"},"content":{"rendered":"<div class=\"wp-block-columns is-layout-flex wp-container-core-columns-is-layout-9d6595d7 wp-block-columns-is-layout-flex\">\n<div class=\"wp-block-column is-layout-flow wp-block-column-is-layout-flow\" style=\"flex-basis:60%\">\n<h2 class=\"wp-block-heading\">Premium Color Crema Vajillas al por mayor Caracter\u00edsticas:<\/h2>\n\n\n\n<ul class=\"wp-block-list\">\n<li><strong>Color crema de primera calidad, vers\u00e1til y con estilo:<\/strong> El tono natural y suave de nuestras vajillas de color crema al por mayor es compatible con dise\u00f1os de mesas modernos, minimalistas, escandinavos y de hotel, lo que contribuye a la experiencia gastron\u00f3mica en general.<\/li>\n\n\n\n<li><strong>Exquisita artesan\u00eda en relieve, calidad reflejada en los detalles:<\/strong> Los bordes y las formas de esta vajilla a granel tienen un dise\u00f1o floral en relieve, que crea un aspecto \u00fanico y elegante, adem\u00e1s de proporcionar una mayor funcionalidad.<\/li>\n\n\n\n<li><strong>Tama\u00f1os y juegos personalizados disponibles:<\/strong> Nuestras vajillas de color crema al por mayor se pueden personalizar con platos, cuencos, tazas y m\u00e1s, en varios tama\u00f1os y combinaciones para adaptarse a las diferentes necesidades de compra de los muchos tipos de mercados y clientes.<\/li>\n\n\n\n<li><strong>Cocci\u00f3n a alta temperatura, duradera y robusta:<\/strong> Nuestros juegos de vajilla a granel se fabrican utilizando t\u00e9cnicas de porcelana cocida a alta temperatura para producir un esmalte s\u00faper suave y delicado que ser\u00e1 resistente a los ara\u00f1azos y duradero.<\/li>\n<\/ul>\n<\/div>\n\n\n\n<div class=\"wp-block-column is-layout-flow wp-block-column-is-layout-flow\">\n<figure class=\"wp-block-image size-full\"><img decoding=\"async\" width=\"800\" height=\"800\" src=\"https:\/\/www.lovinghomecollection.com\/wp-content\/uploads\/2026\/01\/Tulip-Cream-Color-Dinner-Sets-Wholesale-With-Multiple-Sizes-1.webp\" alt=\"Tulip\u00e1n Color Crema Vajilla Al Por Mayor Con M\u00faltiples Tama\u00f1os-1\" class=\"wp-image-6263\" srcset=\"https:\/\/www.lovinghomecollection.com\/wp-content\/uploads\/2026\/01\/Tulip-Cream-Color-Dinner-Sets-Wholesale-With-Multiple-Sizes-1.webp 800w, https:\/\/www.lovinghomecollection.com\/wp-content\/uploads\/2026\/01\/Tulip-Cream-Color-Dinner-Sets-Wholesale-With-Multiple-Sizes-1-300x300.webp 300w, https:\/\/www.lovinghomecollection.com\/wp-content\/uploads\/2026\/01\/Tulip-Cream-Color-Dinner-Sets-Wholesale-With-Multiple-Sizes-1-150x150.webp 150w, https:\/\/www.lovinghomecollection.com\/wp-content\/uploads\/2026\/01\/Tulip-Cream-Color-Dinner-Sets-Wholesale-With-Multiple-Sizes-1-768x768.webp 768w, https:\/\/www.lovinghomecollection.com\/wp-content\/uploads\/2026\/01\/Tulip-Cream-Color-Dinner-Sets-Wholesale-With-Multiple-Sizes-1-12x12.webp 12w, https:\/\/www.lovinghomecollection.com\/wp-content\/uploads\/2026\/01\/Tulip-Cream-Color-Dinner-Sets-Wholesale-With-Multiple-Sizes-1-600x600.webp 600w, https:\/\/www.lovinghomecollection.com\/wp-content\/uploads\/2026\/01\/Tulip-Cream-Color-Dinner-Sets-Wholesale-With-Multiple-Sizes-1-100x100.webp 100w\" sizes=\"(max-width: 800px) 100vw, 800px\" \/><\/figure>\n<\/div>\n<\/div>\n\n\n\n<h2 class=\"wp-block-heading has-text-align-center\">Mostrar productos de Tulip Grace Vajilla de color crema al por mayor<\/h2>\n\n\n\n<div class=\"wp-block-columns is-layout-flex wp-container-core-columns-is-layout-9d6595d7 wp-block-columns-is-layout-flex\">\n<div class=\"wp-block-column is-layout-flow wp-block-column-is-layout-flow\">\n<figure class=\"wp-block-image size-full\"><img decoding=\"async\" width=\"1730\" height=\"1394\" src=\"https:\/\/www.lovinghomecollection.com\/wp-content\/uploads\/2026\/01\/Tulip-Cream-Color-Dinner-Sets-Wholesale-With-Multiple-Sizes-11.webp\" alt=\"Tulip\u00e1n Color Crema Vajilla Al Por Mayor Con M\u00faltiples Tama\u00f1os-11\" class=\"wp-image-6273\" srcset=\"https:\/\/www.lovinghomecollection.com\/wp-content\/uploads\/2026\/01\/Tulip-Cream-Color-Dinner-Sets-Wholesale-With-Multiple-Sizes-11.webp 1730w, https:\/\/www.lovinghomecollection.com\/wp-content\/uploads\/2026\/01\/Tulip-Cream-Color-Dinner-Sets-Wholesale-With-Multiple-Sizes-11-300x242.webp 300w, https:\/\/www.lovinghomecollection.com\/wp-content\/uploads\/2026\/01\/Tulip-Cream-Color-Dinner-Sets-Wholesale-With-Multiple-Sizes-11-768x619.webp 768w, https:\/\/www.lovinghomecollection.com\/wp-content\/uploads\/2026\/01\/Tulip-Cream-Color-Dinner-Sets-Wholesale-With-Multiple-Sizes-11-15x12.webp 15w, https:\/\/www.lovinghomecollection.com\/wp-content\/uploads\/2026\/01\/Tulip-Cream-Color-Dinner-Sets-Wholesale-With-Multiple-Sizes-11-1200x967.webp 1200w, https:\/\/www.lovinghomecollection.com\/wp-content\/uploads\/2026\/01\/Tulip-Cream-Color-Dinner-Sets-Wholesale-With-Multiple-Sizes-11-600x483.webp 600w\" sizes=\"(max-width: 1730px) 100vw, 1730px\" \/><\/figure>\n<\/div>\n\n\n\n<div class=\"wp-block-column is-layout-flow wp-block-column-is-layout-flow\">\n<figure class=\"wp-block-image size-full\"><img decoding=\"async\" width=\"1677\" height=\"1143\" src=\"https:\/\/www.lovinghomecollection.com\/wp-content\/uploads\/2026\/01\/Tulip-Cream-Color-Dinner-Sets-Wholesale-With-Multiple-Sizes-12.webp\" alt=\"Tulip\u00e1n Color Crema Vajilla Al Por Mayor Con M\u00faltiples Tama\u00f1os-12\" class=\"wp-image-6274\" srcset=\"https:\/\/www.lovinghomecollection.com\/wp-content\/uploads\/2026\/01\/Tulip-Cream-Color-Dinner-Sets-Wholesale-With-Multiple-Sizes-12.webp 1677w, https:\/\/www.lovinghomecollection.com\/wp-content\/uploads\/2026\/01\/Tulip-Cream-Color-Dinner-Sets-Wholesale-With-Multiple-Sizes-12-300x204.webp 300w, https:\/\/www.lovinghomecollection.com\/wp-content\/uploads\/2026\/01\/Tulip-Cream-Color-Dinner-Sets-Wholesale-With-Multiple-Sizes-12-768x523.webp 768w, https:\/\/www.lovinghomecollection.com\/wp-content\/uploads\/2026\/01\/Tulip-Cream-Color-Dinner-Sets-Wholesale-With-Multiple-Sizes-12-18x12.webp 18w, https:\/\/www.lovinghomecollection.com\/wp-content\/uploads\/2026\/01\/Tulip-Cream-Color-Dinner-Sets-Wholesale-With-Multiple-Sizes-12-1200x818.webp 1200w, https:\/\/www.lovinghomecollection.com\/wp-content\/uploads\/2026\/01\/Tulip-Cream-Color-Dinner-Sets-Wholesale-With-Multiple-Sizes-12-600x409.webp 600w\" sizes=\"(max-width: 1677px) 100vw, 1677px\" \/><\/figure>\n<\/div>\n<\/div>\n\n\n\n<p><\/p>","protected":false},"excerpt":{"rendered":"<p>Bienvenido a comprar vajillas al por mayor. Nuestros juegos de vajilla de color crema al por mayor cuentan con un exquisito dise\u00f1o floral en relieve, que exuda elegancia y sofisticaci\u00f3n. Disponemos de m\u00faltiples tama\u00f1os y combinaciones personalizadas, que combinan est\u00e9tica y practicidad.<\/p>\n<table style=\"border-collapse: collapse; width: 338.02pt;\" border=\"0\" width=\"338\" cellspacing=\"0\" cellpadding=\"0\">\n<tbody>\n<tr style=\"height: 18.00pt;\">\n<td class=\"et3\" style=\"height: 18.00pt; width: 124.50pt;\" width=\"124\" height=\"18\">Fabricante<\/td>\n<td class=\"et3\" style=\"width: 214.40pt;\" width=\"214\">Un hogar lleno de amor<\/td>\n<\/tr>\n<tr style=\"height: 18.00pt;\">\n<td class=\"et3\" style=\"height: 18.00pt; width: 124.50pt;\" width=\"124\" height=\"18\">Nombre de la colecci\u00f3n<\/td>\n<td class=\"et4\" style=\"width: 214.40pt;\" width=\"214\">Colecci\u00f3n Tulip Grace<\/td>\n<\/tr>\n<tr style=\"height: 18.00pt;\">\n<td class=\"et3\" style=\"height: 18.00pt; width: 124.50pt;\" width=\"124\" height=\"18\">Utilizaci\u00f3n<\/td>\n<td class=\"et3\" style=\"width: 214.40pt;\" width=\"214\">Hogar, Restaurante, Hotel<\/td>\n<\/tr>\n<tr style=\"height: 36.00pt;\">\n<td class=\"et3\" style=\"height: 36.00pt; width: 124.50pt;\" width=\"124\" height=\"36\">Tipo de vajilla<\/td>\n<td class=\"et3\" style=\"width: 214.40pt;\" width=\"214\">Plato, Cuenco, Tetera, Taza y Plato, Cremera, Taza, Azucarero, Soporte para tartas<\/td>\n<\/tr>\n<tr style=\"height: 18.00pt;\">\n<td class=\"et3\" style=\"height: 18.00pt; width: 124.50pt;\" width=\"124\" height=\"18\">Material<\/td>\n<td class=\"et3\" style=\"width: 214.40pt;\" width=\"214\">Porcelana resistente<\/td>\n<\/tr>\n<tr style=\"height: 18.00pt;\">\n<td class=\"et3\" style=\"height: 18.00pt; width: 124.50pt;\" width=\"124\" height=\"18\">Dimensi\u00f3n<\/td>\n<td class=\"et3\" style=\"width: 214.40pt;\" width=\"214\">Como imagen detallada<\/td>\n<\/tr>\n<tr style=\"height: 18.00pt;\">\n<td class=\"et3\" style=\"height: 18.00pt; width: 124.50pt;\" width=\"124\" height=\"18\">Unidades de venta<\/td>\n<td class=\"et3\" style=\"width: 214.40pt;\" width=\"214\">Art\u00edculo \u00fanico<\/td>\n<\/tr>\n<tr style=\"height: 18.00pt;\">\n<td class=\"et3\" style=\"height: 18.00pt; width: 124.50pt;\" width=\"124\" height=\"18\">MOQ<\/td>\n<td class=\"et3\" style=\"width: 214.40pt;\" width=\"214\">1200 unid. por art\u00edculo<\/td>\n<\/tr>\n<tr style=\"height: 18.00pt;\">\n<td class=\"et3\" style=\"height: 18.00pt; width: 124.50pt;\" width=\"124\" height=\"18\">Opci\u00f3n personalizada<\/td>\n<td class=\"et3\" style=\"width: 214.40pt;\" width=\"214\">Color\/Tama\u00f1o\/Glaseado\/Logotipo\/Embalaje<\/td>\n<\/tr>\n<\/tbody>\n<\/table>","protected":false},"featured_media":6265,"comment_status":"closed","ping_status":"closed","template":"","meta":{"_acf_changed":false},"product_brand":[],"product_cat":[19],"product_tag":[37,36,25,39,27,26,48],"class_list":{"0":"post-6262","1":"product","2":"type-product","3":"status-publish","4":"has-post-thumbnail","6":"product_cat-dinnerware-wholesale","7":"product_tag-bulk-cake-stands","8":"product_tag-wholesale-kettles","9":"product_tag-wholesale-plates-and-bowls","10":"product_tag-sugar-jars-wholesale","11":"product_tag-wholesale-tea-cups-and-saucers","12":"product_tag-wholesale-teapots","13":"product_tag-whats-new","15":"first","16":"instock","17":"shipping-taxable","18":"product-type-simple"},"acf":[],"_links":{"self":[{"href":"https:\/\/www.lovinghomecollection.com\/es\/wp-json\/wp\/v2\/product\/6262","targetHints":{"allow":["GET"]}}],"collection":[{"href":"https:\/\/www.lovinghomecollection.com\/es\/wp-json\/wp\/v2\/product"}],"about":[{"href":"https:\/\/www.lovinghomecollection.com\/es\/wp-json\/wp\/v2\/types\/product"}],"replies":[{"embeddable":true,"href":"https:\/\/www.lovinghomecollection.com\/es\/wp-json\/wp\/v2\/comments?post=6262"}],"wp:featuredmedia":[{"embeddable":true,"href":"https:\/\/www.lovinghomecollection.com\/es\/wp-json\/wp\/v2\/media\/6265"}],"wp:attachment":[{"href":"https:\/\/www.lovinghomecollection.com\/es\/wp-json\/wp\/v2\/media?parent=6262"}],"wp:term":[{"taxonomy":"product_brand","embeddable":true,"href":"https:\/\/www.lovinghomecollection.com\/es\/wp-json\/wp\/v2\/product_brand?post=6262"},{"taxonomy":"product_cat","embeddable":true,"href":"https:\/\/www.lovinghomecollection.com\/es\/wp-json\/wp\/v2\/product_cat?post=6262"},{"taxonomy":"product_tag","embeddable":true,"href":"https:\/\/www.lovinghomecollection.com\/es\/wp-json\/wp\/v2\/product_tag?post=6262"}],"curies":[{"name":"wp","href":"https:\/\/api.w.org\/{rel}","templated":true}]}}