{"id":6218,"date":"2026-01-04T08:39:20","date_gmt":"2026-01-04T08:39:20","guid":{"rendered":"https:\/\/www.lovinghomecollection.com\/?post_type=product&#038;p=6218"},"modified":"2026-01-04T08:50:56","modified_gmt":"2026-01-04T08:50:56","slug":"wholesale-restaurant-crockery","status":"publish","type":"product","link":"https:\/\/www.lovinghomecollection.com\/es\/producto\/wholesale-restaurant-crockery\/","title":{"rendered":"Mayorista Vajilla de Restaurante, Vajilla en Relieve Blanco"},"content":{"rendered":"<div class=\"wp-block-columns is-layout-flex wp-container-core-columns-is-layout-9d6595d7 wp-block-columns-is-layout-flex\">\n<div class=\"wp-block-column is-layout-flow wp-block-column-is-layout-flow\" style=\"flex-basis:60%\">\n<h2 class=\"wp-block-heading\">Vajilla de restaurante al por mayor de primera calidad Caracter\u00edsticas:<\/h2>\n\n\n\n<ul class=\"wp-block-list\">\n<li><strong>Dise\u00f1o exquisito: <\/strong>Este juego de vajilla de restaurante al por mayor combina el relieve cl\u00e1sico con elementos naturales (como tulipanes, bayas y enredaderas), combinados con bordes dorados ondulados y detalles de cuentas, lo que da como resultado un dise\u00f1o rico y estratificado que realza f\u00e1cilmente la experiencia y el ambiente de la cena.<\/li>\n\n\n\n<li><strong>Artesan\u00eda refinada: <\/strong>Nuestro blanco al por mayor serveware se hace a mano de la mejor cer\u00e1mica fina, y utiliza s\u00f3lo las t\u00e9cnicas tradicionales de tallado a mano para crear perfectamente dise\u00f1ado patrones tridimensionales con un esmalte liso uniforme, con todos nuestros adornos de oro firmemente unidos lo que permite la artesan\u00eda de alta calidad.<\/li>\n\n\n\n<li><strong>Duradero y pr\u00e1ctico: <\/strong>Nuestra vajilla de restaurante al por mayor est\u00e1 fabricada en Porcelana de Alta Densidad, que es duradera y resistente al desgaste y las manchas. Es apta para Lavavajillas y Microondas y cumple con la exigente frecuencia de uso como Restaurante Dom\u00e9stico y Comercial.<\/li>\n\n\n\n<li><strong>Aplicaciones vers\u00e1tiles: <\/strong>Nuestra vajilla blanca al por mayor contiene platos de cena, juegos de t\u00e9, jarras de leche, etc., todo en un dise\u00f1o uniforme y f\u00e1cil de mezclar perfecto para Hoteles Boutique, Restaurantes Brunch, Banquetes de Boda o su Hogar. Al comprar al por mayor usted puede tomar ventaja de los ahorros de costes asociados con el uso del mismo producto al por mayor en muchos escenarios restaurante diferentes.<\/li>\n<\/ul>\n<\/div>\n\n\n\n<div class=\"wp-block-column is-layout-flow wp-block-column-is-layout-flow\">\n<figure class=\"wp-block-image size-full\"><img decoding=\"async\" width=\"1200\" height=\"1200\" src=\"https:\/\/www.lovinghomecollection.com\/wp-content\/uploads\/2026\/01\/Wholesale-Restaurant-Crockery-Embossed-White-Serveware-8.webp\" alt=\"Mayorista Vajilla Restaurante, Vajilla en Relieve Blanco-8\" class=\"wp-image-6226\" srcset=\"https:\/\/www.lovinghomecollection.com\/wp-content\/uploads\/2026\/01\/Wholesale-Restaurant-Crockery-Embossed-White-Serveware-8.webp 1200w, https:\/\/www.lovinghomecollection.com\/wp-content\/uploads\/2026\/01\/Wholesale-Restaurant-Crockery-Embossed-White-Serveware-8-300x300.webp 300w, https:\/\/www.lovinghomecollection.com\/wp-content\/uploads\/2026\/01\/Wholesale-Restaurant-Crockery-Embossed-White-Serveware-8-150x150.webp 150w, https:\/\/www.lovinghomecollection.com\/wp-content\/uploads\/2026\/01\/Wholesale-Restaurant-Crockery-Embossed-White-Serveware-8-768x768.webp 768w, https:\/\/www.lovinghomecollection.com\/wp-content\/uploads\/2026\/01\/Wholesale-Restaurant-Crockery-Embossed-White-Serveware-8-12x12.webp 12w, https:\/\/www.lovinghomecollection.com\/wp-content\/uploads\/2026\/01\/Wholesale-Restaurant-Crockery-Embossed-White-Serveware-8-600x600.webp 600w, https:\/\/www.lovinghomecollection.com\/wp-content\/uploads\/2026\/01\/Wholesale-Restaurant-Crockery-Embossed-White-Serveware-8-100x100.webp 100w\" sizes=\"(max-width: 1200px) 100vw, 1200px\" \/><\/figure>\n<\/div>\n<\/div>\n\n\n\n<h2 class=\"wp-block-heading has-text-align-center\">Exposici\u00f3n de productos de Vajilla de restaurante al por mayor Tulip Grace<\/h2>\n\n\n\n<div class=\"wp-block-columns is-layout-flex wp-container-core-columns-is-layout-9d6595d7 wp-block-columns-is-layout-flex\">\n<div class=\"wp-block-column is-layout-flow wp-block-column-is-layout-flow\">\n<figure class=\"wp-block-image size-full\"><img decoding=\"async\" width=\"1721\" height=\"1304\" src=\"https:\/\/www.lovinghomecollection.com\/wp-content\/uploads\/2026\/01\/Wholesale-Restaurant-Crockery-Embossed-White-Serveware-12.webp\" alt=\"Vajilla de Restaurante al por mayor, Vajilla Blanca en Relieve-12\" class=\"wp-image-6230\" srcset=\"https:\/\/www.lovinghomecollection.com\/wp-content\/uploads\/2026\/01\/Wholesale-Restaurant-Crockery-Embossed-White-Serveware-12.webp 1721w, https:\/\/www.lovinghomecollection.com\/wp-content\/uploads\/2026\/01\/Wholesale-Restaurant-Crockery-Embossed-White-Serveware-12-300x227.webp 300w, https:\/\/www.lovinghomecollection.com\/wp-content\/uploads\/2026\/01\/Wholesale-Restaurant-Crockery-Embossed-White-Serveware-12-768x582.webp 768w, https:\/\/www.lovinghomecollection.com\/wp-content\/uploads\/2026\/01\/Wholesale-Restaurant-Crockery-Embossed-White-Serveware-12-16x12.webp 16w, https:\/\/www.lovinghomecollection.com\/wp-content\/uploads\/2026\/01\/Wholesale-Restaurant-Crockery-Embossed-White-Serveware-12-1200x909.webp 1200w, https:\/\/www.lovinghomecollection.com\/wp-content\/uploads\/2026\/01\/Wholesale-Restaurant-Crockery-Embossed-White-Serveware-12-600x455.webp 600w\" sizes=\"(max-width: 1721px) 100vw, 1721px\" \/><\/figure>\n<\/div>\n\n\n\n<div class=\"wp-block-column is-layout-flow wp-block-column-is-layout-flow\">\n<figure class=\"wp-block-image size-full\"><img decoding=\"async\" width=\"1754\" height=\"1155\" src=\"https:\/\/www.lovinghomecollection.com\/wp-content\/uploads\/2026\/01\/Wholesale-Restaurant-Crockery-Embossed-White-Serveware-13.webp\" alt=\"Vajilla de Restaurante al por mayor, Vajilla Blanca en Relieve-13\" class=\"wp-image-6231\" srcset=\"https:\/\/www.lovinghomecollection.com\/wp-content\/uploads\/2026\/01\/Wholesale-Restaurant-Crockery-Embossed-White-Serveware-13.webp 1754w, https:\/\/www.lovinghomecollection.com\/wp-content\/uploads\/2026\/01\/Wholesale-Restaurant-Crockery-Embossed-White-Serveware-13-300x198.webp 300w, https:\/\/www.lovinghomecollection.com\/wp-content\/uploads\/2026\/01\/Wholesale-Restaurant-Crockery-Embossed-White-Serveware-13-768x506.webp 768w, https:\/\/www.lovinghomecollection.com\/wp-content\/uploads\/2026\/01\/Wholesale-Restaurant-Crockery-Embossed-White-Serveware-13-18x12.webp 18w, https:\/\/www.lovinghomecollection.com\/wp-content\/uploads\/2026\/01\/Wholesale-Restaurant-Crockery-Embossed-White-Serveware-13-1200x790.webp 1200w, https:\/\/www.lovinghomecollection.com\/wp-content\/uploads\/2026\/01\/Wholesale-Restaurant-Crockery-Embossed-White-Serveware-13-600x395.webp 600w\" sizes=\"(max-width: 1754px) 100vw, 1754px\" \/><\/figure>\n<\/div>\n<\/div>\n\n\n\n<p><\/p>","protected":false},"excerpt":{"rendered":"<p>Bienvenido a comprar vajilla de restaurante al por mayor. Nuestra vajilla blanca al por mayor cuenta con artesan\u00eda europea vintage en relieve, adornada con cuentas tridimensionales, vides y motivos florales y frutales, creando un estilo general elegante y rom\u00e1ntico.<\/p>\n<table style=\"border-collapse: collapse; width: 338.02pt;\" border=\"0\" width=\"338\" cellspacing=\"0\" cellpadding=\"0\">\n<tbody>\n<tr style=\"height: 18.00pt;\">\n<td class=\"et3\" style=\"height: 18.00pt; width: 124.50pt;\" width=\"124\" height=\"18\">Fabricante<\/td>\n<td class=\"et3\" style=\"width: 214.40pt;\" width=\"214\">Un hogar lleno de amor<\/td>\n<\/tr>\n<tr style=\"height: 18.00pt;\">\n<td class=\"et3\" style=\"height: 18.00pt; width: 124.50pt;\" width=\"124\" height=\"18\">Nombre de la colecci\u00f3n<\/td>\n<td class=\"et4\" style=\"width: 214.40pt;\" width=\"214\">Colecci\u00f3n Tulip Grace<\/td>\n<\/tr>\n<tr style=\"height: 18.00pt;\">\n<td class=\"et3\" style=\"height: 18.00pt; width: 124.50pt;\" width=\"124\" height=\"18\">Utilizaci\u00f3n<\/td>\n<td class=\"et3\" style=\"width: 214.40pt;\" width=\"214\">Hogar, Restaurante, Hotel<\/td>\n<\/tr>\n<tr style=\"height: 36.00pt;\">\n<td class=\"et3\" style=\"height: 36.00pt; width: 124.50pt;\" width=\"124\" height=\"36\">Tipo de vajilla<\/td>\n<td class=\"et3\" style=\"width: 214.40pt;\" width=\"214\">Plato, Bol, Taza y Plato, Taza, Soporte para tartas, Jarra, Juego de Tapa, Azucarero<\/td>\n<\/tr>\n<tr style=\"height: 18.00pt;\">\n<td class=\"et3\" style=\"height: 18.00pt; width: 124.50pt;\" width=\"124\" height=\"18\">Material<\/td>\n<td class=\"et3\" style=\"width: 214.40pt;\" width=\"214\">Porcelana resistente<\/td>\n<\/tr>\n<tr style=\"height: 18.00pt;\">\n<td class=\"et3\" style=\"height: 18.00pt; width: 124.50pt;\" width=\"124\" height=\"18\">Dimensi\u00f3n<\/td>\n<td class=\"et3\" style=\"width: 214.40pt;\" width=\"214\">Como imagen detallada<\/td>\n<\/tr>\n<tr style=\"height: 18.00pt;\">\n<td class=\"et3\" style=\"height: 18.00pt; width: 124.50pt;\" width=\"124\" height=\"18\">Unidades de venta<\/td>\n<td class=\"et3\" style=\"width: 214.40pt;\" width=\"214\">Art\u00edculo \u00fanico<\/td>\n<\/tr>\n<tr style=\"height: 18.00pt;\">\n<td class=\"et3\" style=\"height: 18.00pt; width: 124.50pt;\" width=\"124\" height=\"18\">MOQ<\/td>\n<td class=\"et3\" style=\"width: 214.40pt;\" width=\"214\">1200 unid. por art\u00edculo<\/td>\n<\/tr>\n<tr style=\"height: 18.00pt;\">\n<td class=\"et3\" style=\"height: 18.00pt; width: 124.50pt;\" width=\"124\" height=\"18\">Opci\u00f3n personalizada<\/td>\n<td class=\"et3\" style=\"width: 214.40pt;\" width=\"214\">Color\/Tama\u00f1o\/Glaseado\/Logotipo\/Embalaje<\/td>\n<\/tr>\n<\/tbody>\n<\/table>","protected":false},"featured_media":6222,"comment_status":"closed","ping_status":"closed","template":"","meta":{"_acf_changed":false},"product_brand":[],"product_cat":[19,49],"product_tag":[37,36,25,39,27,48],"class_list":{"0":"post-6218","1":"product","2":"type-product","3":"status-publish","4":"has-post-thumbnail","6":"product_cat-dinnerware-wholesale","7":"product_cat-wholesale-white-tableware","8":"product_tag-bulk-cake-stands","9":"product_tag-wholesale-kettles","10":"product_tag-wholesale-plates-and-bowls","11":"product_tag-sugar-jars-wholesale","12":"product_tag-wholesale-tea-cups-and-saucers","13":"product_tag-whats-new","15":"first","16":"instock","17":"shipping-taxable","18":"product-type-simple"},"acf":[],"_links":{"self":[{"href":"https:\/\/www.lovinghomecollection.com\/es\/wp-json\/wp\/v2\/product\/6218","targetHints":{"allow":["GET"]}}],"collection":[{"href":"https:\/\/www.lovinghomecollection.com\/es\/wp-json\/wp\/v2\/product"}],"about":[{"href":"https:\/\/www.lovinghomecollection.com\/es\/wp-json\/wp\/v2\/types\/product"}],"replies":[{"embeddable":true,"href":"https:\/\/www.lovinghomecollection.com\/es\/wp-json\/wp\/v2\/comments?post=6218"}],"wp:featuredmedia":[{"embeddable":true,"href":"https:\/\/www.lovinghomecollection.com\/es\/wp-json\/wp\/v2\/media\/6222"}],"wp:attachment":[{"href":"https:\/\/www.lovinghomecollection.com\/es\/wp-json\/wp\/v2\/media?parent=6218"}],"wp:term":[{"taxonomy":"product_brand","embeddable":true,"href":"https:\/\/www.lovinghomecollection.com\/es\/wp-json\/wp\/v2\/product_brand?post=6218"},{"taxonomy":"product_cat","embeddable":true,"href":"https:\/\/www.lovinghomecollection.com\/es\/wp-json\/wp\/v2\/product_cat?post=6218"},{"taxonomy":"product_tag","embeddable":true,"href":"https:\/\/www.lovinghomecollection.com\/es\/wp-json\/wp\/v2\/product_tag?post=6218"}],"curies":[{"name":"wp","href":"https:\/\/api.w.org\/{rel}","templated":true}]}}