{"id":6206,"date":"2026-01-04T08:20:31","date_gmt":"2026-01-04T08:20:31","guid":{"rendered":"https:\/\/www.lovinghomecollection.com\/?post_type=product&#038;p=6206"},"modified":"2026-02-11T09:53:25","modified_gmt":"2026-02-11T09:53:25","slug":"ceramic-crockery-wholesale","status":"publish","type":"product","link":"https:\/\/www.lovinghomecollection.com\/es\/producto\/ceramic-crockery-wholesale\/","title":{"rendered":"Palmera Tropical Vajilla de Cer\u00e1mica al por mayor para restaurante"},"content":{"rendered":"<div class=\"wp-block-columns is-layout-flex wp-container-core-columns-is-layout-9d6595d7 wp-block-columns-is-layout-flex\">\n<div class=\"wp-block-column is-layout-flow wp-block-column-is-layout-flow\" style=\"flex-basis:60%\">\n<h2 class=\"wp-block-heading\">Vajilla de Cer\u00e1mica Premium al por mayor Caracter\u00edsticas:<\/h2>\n\n\n\n<ul class=\"wp-block-list\">\n<li><strong>Dise\u00f1o \u00fanico:<\/strong> Nuestra vajilla de cer\u00e1mica al por mayor tiene un dise\u00f1o \u00fanico con un motivo de palmera tropical pintado a mano y un dise\u00f1o geom\u00e9trico cl\u00e1sico; los colores frescos y naturales de la vajilla crean un estilo atractivo y cohesivo que realza el aspecto y el ambiente de la mesa de comedor.<\/li>\n\n\n\n<li><strong>Excelente artesan\u00eda: <\/strong>Nuestras vajillas de porcelana al por mayor tienen un esmaltado de alta calidad que proporciona un acabado liso y uniforme. Los dise\u00f1os impresos son duraderos y claramente visibles, mientras que los bordes decorados y los detalles en relieve resaltan la calidad de nuestra mano de obra.<\/li>\n\n\n\n<li><strong>Calidad fiable: <\/strong>Este juego de vajilla de cer\u00e1mica al por mayor est\u00e1 fabricado en porcelana resistente y tiene una forma consistente, por lo que es ideal para el uso diario o en un restaurante. Los dise\u00f1os son resistentes al desgaste y la mayor\u00eda de los art\u00edculos son apilables para facilitar su almacenamiento.<\/li>\n\n\n\n<li><strong>Ventajas de la venta al por mayor<\/strong>: Nuestra vajilla de porcelana a granel ofrece una amplia variedad de productos, admite pedidos mixtos y es muy rentable. Su estilo homog\u00e9neo facilita a restaurantes, hoteles o minoristas la compra y exposici\u00f3n uniformes de los productos, reduciendo los costes de emparejamiento.<\/li>\n<\/ul>\n<\/div>\n\n\n\n<div class=\"wp-block-column is-layout-flow wp-block-column-is-layout-flow\">\n<figure class=\"wp-block-image size-full\"><img decoding=\"async\" width=\"1200\" height=\"1200\" src=\"https:\/\/www.lovinghomecollection.com\/wp-content\/uploads\/2026\/01\/Tropical-Palm-Tree-Ceramic-Crockery-Wholesale-for-Restaurant-4.webp\" alt=\"Palmera Tropical Vajilla de Cer\u00e1mica al por mayor para Restaurante-4\" class=\"wp-image-6210\" srcset=\"https:\/\/www.lovinghomecollection.com\/wp-content\/uploads\/2026\/01\/Tropical-Palm-Tree-Ceramic-Crockery-Wholesale-for-Restaurant-4.webp 1200w, https:\/\/www.lovinghomecollection.com\/wp-content\/uploads\/2026\/01\/Tropical-Palm-Tree-Ceramic-Crockery-Wholesale-for-Restaurant-4-300x300.webp 300w, https:\/\/www.lovinghomecollection.com\/wp-content\/uploads\/2026\/01\/Tropical-Palm-Tree-Ceramic-Crockery-Wholesale-for-Restaurant-4-150x150.webp 150w, https:\/\/www.lovinghomecollection.com\/wp-content\/uploads\/2026\/01\/Tropical-Palm-Tree-Ceramic-Crockery-Wholesale-for-Restaurant-4-768x768.webp 768w, https:\/\/www.lovinghomecollection.com\/wp-content\/uploads\/2026\/01\/Tropical-Palm-Tree-Ceramic-Crockery-Wholesale-for-Restaurant-4-12x12.webp 12w, https:\/\/www.lovinghomecollection.com\/wp-content\/uploads\/2026\/01\/Tropical-Palm-Tree-Ceramic-Crockery-Wholesale-for-Restaurant-4-600x600.webp 600w, https:\/\/www.lovinghomecollection.com\/wp-content\/uploads\/2026\/01\/Tropical-Palm-Tree-Ceramic-Crockery-Wholesale-for-Restaurant-4-100x100.webp 100w\" sizes=\"(max-width: 1200px) 100vw, 1200px\" \/><\/figure>\n<\/div>\n<\/div>\n\n\n\n<h2 class=\"wp-block-heading has-text-align-center\">Exposici\u00f3n de productos de Vajilla de cer\u00e1mica al por mayor Under The Palm<\/h2>\n\n\n\n<div class=\"wp-block-columns is-layout-flex wp-container-core-columns-is-layout-9d6595d7 wp-block-columns-is-layout-flex\">\n<div class=\"wp-block-column is-layout-flow wp-block-column-is-layout-flow\">\n<figure class=\"wp-block-image size-full\"><img decoding=\"async\" width=\"1723\" height=\"1436\" src=\"https:\/\/www.lovinghomecollection.com\/wp-content\/uploads\/2026\/01\/Tropical-Palm-Tree-Ceramic-Crockery-Wholesale-for-Restaurant-10.webp\" alt=\"Palmera Tropical Vajilla de Cer\u00e1mica al por mayor para Restaurante-10\" class=\"wp-image-6216\" srcset=\"https:\/\/www.lovinghomecollection.com\/wp-content\/uploads\/2026\/01\/Tropical-Palm-Tree-Ceramic-Crockery-Wholesale-for-Restaurant-10.webp 1723w, https:\/\/www.lovinghomecollection.com\/wp-content\/uploads\/2026\/01\/Tropical-Palm-Tree-Ceramic-Crockery-Wholesale-for-Restaurant-10-300x250.webp 300w, https:\/\/www.lovinghomecollection.com\/wp-content\/uploads\/2026\/01\/Tropical-Palm-Tree-Ceramic-Crockery-Wholesale-for-Restaurant-10-768x640.webp 768w, https:\/\/www.lovinghomecollection.com\/wp-content\/uploads\/2026\/01\/Tropical-Palm-Tree-Ceramic-Crockery-Wholesale-for-Restaurant-10-14x12.webp 14w, https:\/\/www.lovinghomecollection.com\/wp-content\/uploads\/2026\/01\/Tropical-Palm-Tree-Ceramic-Crockery-Wholesale-for-Restaurant-10-1200x1000.webp 1200w, https:\/\/www.lovinghomecollection.com\/wp-content\/uploads\/2026\/01\/Tropical-Palm-Tree-Ceramic-Crockery-Wholesale-for-Restaurant-10-600x500.webp 600w\" sizes=\"(max-width: 1723px) 100vw, 1723px\" \/><\/figure>\n<\/div>\n\n\n\n<div class=\"wp-block-column is-layout-flow wp-block-column-is-layout-flow\">\n<figure class=\"wp-block-image size-full\"><img decoding=\"async\" width=\"1754\" height=\"990\" src=\"https:\/\/www.lovinghomecollection.com\/wp-content\/uploads\/2026\/01\/Tropical-Palm-Tree-Ceramic-Crockery-Wholesale-for-Restaurant-11.webp\" alt=\"Palmera Tropical Vajilla de Cer\u00e1mica al por mayor para Restaurante-11\" class=\"wp-image-6217\" srcset=\"https:\/\/www.lovinghomecollection.com\/wp-content\/uploads\/2026\/01\/Tropical-Palm-Tree-Ceramic-Crockery-Wholesale-for-Restaurant-11.webp 1754w, https:\/\/www.lovinghomecollection.com\/wp-content\/uploads\/2026\/01\/Tropical-Palm-Tree-Ceramic-Crockery-Wholesale-for-Restaurant-11-300x169.webp 300w, https:\/\/www.lovinghomecollection.com\/wp-content\/uploads\/2026\/01\/Tropical-Palm-Tree-Ceramic-Crockery-Wholesale-for-Restaurant-11-768x433.webp 768w, https:\/\/www.lovinghomecollection.com\/wp-content\/uploads\/2026\/01\/Tropical-Palm-Tree-Ceramic-Crockery-Wholesale-for-Restaurant-11-18x10.webp 18w, https:\/\/www.lovinghomecollection.com\/wp-content\/uploads\/2026\/01\/Tropical-Palm-Tree-Ceramic-Crockery-Wholesale-for-Restaurant-11-1200x677.webp 1200w, https:\/\/www.lovinghomecollection.com\/wp-content\/uploads\/2026\/01\/Tropical-Palm-Tree-Ceramic-Crockery-Wholesale-for-Restaurant-11-600x339.webp 600w\" sizes=\"(max-width: 1754px) 100vw, 1754px\" \/><\/figure>\n<\/div>\n<\/div>\n\n\n\n<p><\/p>","protected":false},"excerpt":{"rendered":"<p>Bienvenido a comprar vajilla de porcelana al por mayor. Esta vajilla de cer\u00e1mica de palmeras tropicales al por mayor cuenta con un dise\u00f1o que utiliza una combinaci\u00f3n de t\u00e9cnicas pintadas a mano e impresas para crear un estilo \u00fanico de una experiencia de estilo resort fresco y natural.<\/p>\n<table style=\"border-collapse: collapse; width: 338.02pt;\" border=\"0\" width=\"338\" cellspacing=\"0\" cellpadding=\"0\">\n<tbody>\n<tr style=\"height: 18.00pt;\">\n<td class=\"et3\" style=\"height: 18.00pt; width: 124.50pt;\" width=\"124\" height=\"18\">Fabricante<\/td>\n<td class=\"et3\" style=\"width: 214.40pt;\" width=\"214\">Un hogar lleno de amor<\/td>\n<\/tr>\n<tr style=\"height: 18.00pt;\">\n<td class=\"et3\" style=\"height: 18.00pt; width: 124.50pt;\" width=\"124\" height=\"18\">Nombre de la colecci\u00f3n<\/td>\n<td class=\"et4\" style=\"width: 214.40pt;\" width=\"214\">Colecci\u00f3n Under The Palm<\/td>\n<\/tr>\n<tr style=\"height: 18.00pt;\">\n<td class=\"et3\" style=\"height: 18.00pt; width: 124.50pt;\" width=\"124\" height=\"18\">Utilizaci\u00f3n<\/td>\n<td class=\"et3\" style=\"width: 214.40pt;\" width=\"214\">Hogar, Restaurante, Hotel<\/td>\n<\/tr>\n<tr style=\"height: 36.00pt;\">\n<td class=\"et3\" style=\"height: 36.00pt; width: 124.50pt;\" width=\"124\" height=\"36\">Tipo de vajilla<\/td>\n<td class=\"et3\" style=\"width: 214.40pt;\" width=\"214\">Plato, Cuenco, Tetera, Taza y Platillo, Taza, Azucarero<\/td>\n<\/tr>\n<tr style=\"height: 18.00pt;\">\n<td class=\"et3\" style=\"height: 18.00pt; width: 124.50pt;\" width=\"124\" height=\"18\">Material<\/td>\n<td class=\"et3\" style=\"width: 214.40pt;\" width=\"214\">Porcelana resistente<\/td>\n<\/tr>\n<tr style=\"height: 18.00pt;\">\n<td class=\"et3\" style=\"height: 18.00pt; width: 124.50pt;\" width=\"124\" height=\"18\">Dimensi\u00f3n<\/td>\n<td class=\"et3\" style=\"width: 214.40pt;\" width=\"214\">Como imagen detallada<\/td>\n<\/tr>\n<tr style=\"height: 18.00pt;\">\n<td class=\"et3\" style=\"height: 18.00pt; width: 124.50pt;\" width=\"124\" height=\"18\">Unidades de venta<\/td>\n<td class=\"et3\" style=\"width: 214.40pt;\" width=\"214\">Art\u00edculo \u00fanico<\/td>\n<\/tr>\n<tr style=\"height: 18.00pt;\">\n<td class=\"et3\" style=\"height: 18.00pt; width: 124.50pt;\" width=\"124\" height=\"18\">MOQ<\/td>\n<td class=\"et3\" style=\"width: 214.40pt;\" width=\"214\">1200 unid. por art\u00edculo<\/td>\n<\/tr>\n<tr style=\"height: 18.00pt;\">\n<td class=\"et3\" style=\"height: 18.00pt; width: 124.50pt;\" width=\"124\" height=\"18\">Opci\u00f3n personalizada<\/td>\n<td class=\"et3\" style=\"width: 214.40pt;\" width=\"214\">Color\/Tama\u00f1o\/Glaseado\/Logotipo\/Embalaje<\/td>\n<\/tr>\n<\/tbody>\n<\/table>","protected":false},"featured_media":6208,"comment_status":"closed","ping_status":"closed","template":"","meta":{"_acf_changed":false},"product_brand":[],"product_cat":[19],"product_tag":[36,25,39,27,26],"class_list":{"0":"post-6206","1":"product","2":"type-product","3":"status-publish","4":"has-post-thumbnail","6":"product_cat-dinnerware-wholesale","7":"product_tag-wholesale-kettles","8":"product_tag-wholesale-plates-and-bowls","9":"product_tag-sugar-jars-wholesale","10":"product_tag-wholesale-tea-cups-and-saucers","11":"product_tag-wholesale-teapots","13":"first","14":"instock","15":"shipping-taxable","16":"product-type-simple"},"acf":[],"_links":{"self":[{"href":"https:\/\/www.lovinghomecollection.com\/es\/wp-json\/wp\/v2\/product\/6206","targetHints":{"allow":["GET"]}}],"collection":[{"href":"https:\/\/www.lovinghomecollection.com\/es\/wp-json\/wp\/v2\/product"}],"about":[{"href":"https:\/\/www.lovinghomecollection.com\/es\/wp-json\/wp\/v2\/types\/product"}],"replies":[{"embeddable":true,"href":"https:\/\/www.lovinghomecollection.com\/es\/wp-json\/wp\/v2\/comments?post=6206"}],"wp:featuredmedia":[{"embeddable":true,"href":"https:\/\/www.lovinghomecollection.com\/es\/wp-json\/wp\/v2\/media\/6208"}],"wp:attachment":[{"href":"https:\/\/www.lovinghomecollection.com\/es\/wp-json\/wp\/v2\/media?parent=6206"}],"wp:term":[{"taxonomy":"product_brand","embeddable":true,"href":"https:\/\/www.lovinghomecollection.com\/es\/wp-json\/wp\/v2\/product_brand?post=6206"},{"taxonomy":"product_cat","embeddable":true,"href":"https:\/\/www.lovinghomecollection.com\/es\/wp-json\/wp\/v2\/product_cat?post=6206"},{"taxonomy":"product_tag","embeddable":true,"href":"https:\/\/www.lovinghomecollection.com\/es\/wp-json\/wp\/v2\/product_tag?post=6206"}],"curies":[{"name":"wp","href":"https:\/\/api.w.org\/{rel}","templated":true}]}}