{"id":6193,"date":"2025-12-30T06:58:41","date_gmt":"2025-12-30T06:58:41","guid":{"rendered":"https:\/\/www.lovinghomecollection.com\/?post_type=product&#038;p=6193"},"modified":"2025-12-30T07:09:25","modified_gmt":"2025-12-30T07:09:25","slug":"wholesale-bud-vases","status":"publish","type":"product","link":"https:\/\/www.lovinghomecollection.com\/es\/producto\/wholesale-bud-vases\/","title":{"rendered":"Flacores blancos al por mayor, flacores peque\u00f1os con forma de fruta a granel"},"content":{"rendered":"<div class=\"wp-block-columns is-layout-flex wp-container-core-columns-is-layout-9d6595d7 wp-block-columns-is-layout-flex\">\n<div class=\"wp-block-column is-layout-flow wp-block-column-is-layout-flow\" style=\"flex-basis:60%\">\n<h2 class=\"wp-block-heading\">Premium Bud Vases al por mayor Caracter\u00edsticas:<\/h2>\n\n\n\n<ul class=\"wp-block-list\">\n<li><strong>Dise\u00f1o \u00fanico en forma de fruta: <\/strong>Estos jarrones de capullos al por mayor siguen el modelo de frutas realistas (como granadas, pi\u00f1as y pl\u00e1tanos), interpretadas a trav\u00e9s de un lenguaje de dise\u00f1o moderno, que posee tanto belleza art\u00edstica como car\u00e1cter distintivo. Son piezas decorativas muy divertidas y visualmente atractivas.<\/li>\n\n\n\n<li><strong>Dise\u00f1o minimalista, estilo vers\u00e1til: <\/strong>Las formas sencillas y elegantes de estos jarrones de cer\u00e1mica mate al por mayor pueden combinarse f\u00e1cilmente con muchos estilos diferentes de dise\u00f1o de interiores, como el n\u00f3rdico, el moderno, el wabi-sabi, el pastoral (Country Living), que pueden a\u00f1adirse al estilo de dise\u00f1o general del espacio.<\/li>\n\n\n\n<li><strong>Material cer\u00e1mico de alta calidad, textura excepcional:<\/strong> Nuestros jarrones de capullos al por mayor est\u00e1n hechos de cer\u00e1mica de calidad, y tienen tanto una superficie blanca mate como una superficie blanca brillante, lo que les da un tacto suave y un aspecto bonito, adem\u00e1s de que algunas piezas tienen un color refrescante. Nuestros floreros al por mayor son duraderos y f\u00e1ciles de limpiar.<\/li>\n\n\n\n<li><strong>Ambiente fuerte, mejora la vitalidad del espacio: <\/strong>Nuestros jarrones de cer\u00e1mica mate al por mayor son intr\u00ednsecamente decorativos. Tanto si se utilizan para arreglos florales, velas o simplemente como piezas independientes, crean un ambiente c\u00e1lido, natural y vibrante, lo que los convierte en una opci\u00f3n ideal para la decoraci\u00f3n de espacios comerciales y minoristas.<\/li>\n<\/ul>\n<\/div>\n\n\n\n<div class=\"wp-block-column is-layout-flow wp-block-column-is-layout-flow\" style=\"flex-basis:40%\">\n<figure class=\"wp-block-image size-full\"><img decoding=\"async\" width=\"1200\" height=\"1200\" src=\"https:\/\/www.lovinghomecollection.com\/wp-content\/uploads\/2025\/12\/White-Wholesale-Bud-Vases-Small-Fruit-Shape-Vase-In-Bulk-5.webp\" alt=\"Floreros Blancos Al Por Mayor, Florero En Forma De Fruta Peque\u00f1a Al Por Mayor-5\" class=\"wp-image-6198\" srcset=\"https:\/\/www.lovinghomecollection.com\/wp-content\/uploads\/2025\/12\/White-Wholesale-Bud-Vases-Small-Fruit-Shape-Vase-In-Bulk-5.webp 1200w, https:\/\/www.lovinghomecollection.com\/wp-content\/uploads\/2025\/12\/White-Wholesale-Bud-Vases-Small-Fruit-Shape-Vase-In-Bulk-5-300x300.webp 300w, https:\/\/www.lovinghomecollection.com\/wp-content\/uploads\/2025\/12\/White-Wholesale-Bud-Vases-Small-Fruit-Shape-Vase-In-Bulk-5-150x150.webp 150w, https:\/\/www.lovinghomecollection.com\/wp-content\/uploads\/2025\/12\/White-Wholesale-Bud-Vases-Small-Fruit-Shape-Vase-In-Bulk-5-768x768.webp 768w, https:\/\/www.lovinghomecollection.com\/wp-content\/uploads\/2025\/12\/White-Wholesale-Bud-Vases-Small-Fruit-Shape-Vase-In-Bulk-5-12x12.webp 12w, https:\/\/www.lovinghomecollection.com\/wp-content\/uploads\/2025\/12\/White-Wholesale-Bud-Vases-Small-Fruit-Shape-Vase-In-Bulk-5-600x600.webp 600w, https:\/\/www.lovinghomecollection.com\/wp-content\/uploads\/2025\/12\/White-Wholesale-Bud-Vases-Small-Fruit-Shape-Vase-In-Bulk-5-100x100.webp 100w\" sizes=\"(max-width: 1200px) 100vw, 1200px\" \/><\/figure>\n<\/div>\n<\/div>\n\n\n\n<h2 class=\"wp-block-heading has-text-align-center\">Exposici\u00f3n de productos de Jarrones de capullos al por mayor<\/h2>\n\n\n\n<figure class=\"wp-block-image size-full\"><img decoding=\"async\" width=\"1754\" height=\"1761\" src=\"https:\/\/www.lovinghomecollection.com\/wp-content\/uploads\/2025\/12\/White-Wholesale-Bud-Vases-Small-Fruit-Shape-Vase-In-Bulk-7.webp\" alt=\"Floreros de Capullos Blancos al por mayor, Florero Peque\u00f1o con Forma de Fruta al por mayor-7\" class=\"wp-image-6200\" srcset=\"https:\/\/www.lovinghomecollection.com\/wp-content\/uploads\/2025\/12\/White-Wholesale-Bud-Vases-Small-Fruit-Shape-Vase-In-Bulk-7.webp 1754w, https:\/\/www.lovinghomecollection.com\/wp-content\/uploads\/2025\/12\/White-Wholesale-Bud-Vases-Small-Fruit-Shape-Vase-In-Bulk-7-300x300.webp 300w, https:\/\/www.lovinghomecollection.com\/wp-content\/uploads\/2025\/12\/White-Wholesale-Bud-Vases-Small-Fruit-Shape-Vase-In-Bulk-7-150x150.webp 150w, https:\/\/www.lovinghomecollection.com\/wp-content\/uploads\/2025\/12\/White-Wholesale-Bud-Vases-Small-Fruit-Shape-Vase-In-Bulk-7-768x771.webp 768w, https:\/\/www.lovinghomecollection.com\/wp-content\/uploads\/2025\/12\/White-Wholesale-Bud-Vases-Small-Fruit-Shape-Vase-In-Bulk-7-12x12.webp 12w, https:\/\/www.lovinghomecollection.com\/wp-content\/uploads\/2025\/12\/White-Wholesale-Bud-Vases-Small-Fruit-Shape-Vase-In-Bulk-7-1200x1205.webp 1200w, https:\/\/www.lovinghomecollection.com\/wp-content\/uploads\/2025\/12\/White-Wholesale-Bud-Vases-Small-Fruit-Shape-Vase-In-Bulk-7-600x602.webp 600w, https:\/\/www.lovinghomecollection.com\/wp-content\/uploads\/2025\/12\/White-Wholesale-Bud-Vases-Small-Fruit-Shape-Vase-In-Bulk-7-100x100.webp 100w\" sizes=\"(max-width: 1754px) 100vw, 1754px\" \/><\/figure>","protected":false},"excerpt":{"rendered":"<p>Bienvenido a la compra al por mayor de jarrones para capullos. Nuestra colecci\u00f3n de jarrones de cer\u00e1mica mate al por mayor est\u00e1 inspirada en frutas realistas, con una amplia gama de formas creativas, incluidas las de fresas, granadas y pl\u00e1tanos.<\/p>\n<table style=\"border-collapse: collapse; width: 338.02pt;\" border=\"0\" width=\"338\" cellspacing=\"0\" cellpadding=\"0\">\n<tbody>\n<tr style=\"height: 18.00pt;\">\n<td class=\"et3\" style=\"height: 18.00pt; width: 124.50pt;\" width=\"124\" height=\"18\">Fabricante<\/td>\n<td class=\"et3\" style=\"width: 214.40pt;\" width=\"214\">Un hogar lleno de amor<\/td>\n<\/tr>\n<tr style=\"height: 18.00pt;\">\n<td class=\"et3\" style=\"height: 18.00pt; width: 124.50pt;\" width=\"124\" height=\"18\">Tipo de producto<\/td>\n<td class=\"et4\" style=\"width: 214.40pt;\" width=\"214\">Jarrones de cer\u00e1mica<\/td>\n<\/tr>\n<tr style=\"height: 18.00pt;\">\n<td class=\"et3\" style=\"height: 18.00pt; width: 124.50pt;\" width=\"124\" height=\"18\">Material<\/td>\n<td class=\"et3\" style=\"width: 214.40pt;\" width=\"214\">Porcelana resistente<\/td>\n<\/tr>\n<tr style=\"height: 18.00pt;\">\n<td class=\"et3\" style=\"height: 18.00pt; width: 124.50pt;\" width=\"124\" height=\"18\">Dimensi\u00f3n<\/td>\n<td class=\"et3\" style=\"width: 214.40pt;\" width=\"214\">Como imagen detallada<\/td>\n<\/tr>\n<tr style=\"height: 18.00pt;\">\n<td class=\"et3\" style=\"height: 18.00pt; width: 124.50pt;\" width=\"124\" height=\"18\">Unidades de venta<\/td>\n<td class=\"et3\" style=\"width: 214.40pt;\" width=\"214\">Art\u00edculo \u00fanico<\/td>\n<\/tr>\n<tr style=\"height: 18.00pt;\">\n<td class=\"et3\" style=\"height: 18.00pt; width: 124.50pt;\" width=\"124\" height=\"18\">MOQ<\/td>\n<td class=\"et3\" style=\"width: 214.40pt;\" width=\"214\">1200 unid. por art\u00edculo<\/td>\n<\/tr>\n<tr style=\"height: 18.00pt;\">\n<td class=\"et3\" style=\"height: 18.00pt; width: 124.50pt;\" width=\"124\" height=\"18\">Opci\u00f3n personalizada<\/td>\n<td class=\"et3\" style=\"width: 214.40pt;\" width=\"214\">Color\/Tama\u00f1o\/Glaseado\/Logotipo\/Embalaje<\/td>\n<\/tr>\n<\/tbody>\n<\/table>","protected":false},"featured_media":6194,"comment_status":"closed","ping_status":"closed","template":"","meta":{"_acf_changed":false},"product_brand":[],"product_cat":[21,50],"product_tag":[],"class_list":{"0":"post-6193","1":"product","2":"type-product","3":"status-publish","4":"has-post-thumbnail","6":"product_cat-ceramic-vases-bulk","7":"product_cat-wholesale-vases-and-pots","9":"first","10":"instock","11":"shipping-taxable","12":"product-type-simple"},"acf":[],"_links":{"self":[{"href":"https:\/\/www.lovinghomecollection.com\/es\/wp-json\/wp\/v2\/product\/6193","targetHints":{"allow":["GET"]}}],"collection":[{"href":"https:\/\/www.lovinghomecollection.com\/es\/wp-json\/wp\/v2\/product"}],"about":[{"href":"https:\/\/www.lovinghomecollection.com\/es\/wp-json\/wp\/v2\/types\/product"}],"replies":[{"embeddable":true,"href":"https:\/\/www.lovinghomecollection.com\/es\/wp-json\/wp\/v2\/comments?post=6193"}],"wp:featuredmedia":[{"embeddable":true,"href":"https:\/\/www.lovinghomecollection.com\/es\/wp-json\/wp\/v2\/media\/6194"}],"wp:attachment":[{"href":"https:\/\/www.lovinghomecollection.com\/es\/wp-json\/wp\/v2\/media?parent=6193"}],"wp:term":[{"taxonomy":"product_brand","embeddable":true,"href":"https:\/\/www.lovinghomecollection.com\/es\/wp-json\/wp\/v2\/product_brand?post=6193"},{"taxonomy":"product_cat","embeddable":true,"href":"https:\/\/www.lovinghomecollection.com\/es\/wp-json\/wp\/v2\/product_cat?post=6193"},{"taxonomy":"product_tag","embeddable":true,"href":"https:\/\/www.lovinghomecollection.com\/es\/wp-json\/wp\/v2\/product_tag?post=6193"}],"curies":[{"name":"wp","href":"https:\/\/api.w.org\/{rel}","templated":true}]}}