{"id":6182,"date":"2025-12-30T06:39:14","date_gmt":"2025-12-30T06:39:14","guid":{"rendered":"https:\/\/www.lovinghomecollection.com\/?post_type=product&#038;p=6182"},"modified":"2026-02-11T09:53:18","modified_gmt":"2026-02-11T09:53:18","slug":"crockery-set-wholesale","status":"publish","type":"product","link":"https:\/\/www.lovinghomecollection.com\/es\/producto\/crockery-set-wholesale\/","title":{"rendered":"Juego de vajilla floral al por mayor con motivos de mariposas realistas"},"content":{"rendered":"<div class=\"wp-block-columns is-layout-flex wp-container-core-columns-is-layout-9d6595d7 wp-block-columns-is-layout-flex\">\n<div class=\"wp-block-column is-layout-flow wp-block-column-is-layout-flow\" style=\"flex-basis:60%\">\n<h2 class=\"wp-block-heading\">Vajilla Premium al por mayor Caracter\u00edsticas:<\/h2>\n\n\n\n<ul class=\"wp-block-list\">\n<li><strong>Motivos florales, realistas y vibrantes:<\/strong> Esta vajilla al por mayor utiliza finas t\u00e9cnicas de pintura a mano, con colores brillantes y distintas capas en los motivos florales y de mariposas, infundiendo a su mesa de comedor una atm\u00f3sfera art\u00edstica natural.<\/li>\n\n\n\n<li><strong>Gama completa de productos, amplia aplicaci\u00f3n: <\/strong>Nuestra serie de vajillas florales al por mayor incluye una rica variedad de art\u00edculos, como platos de cena, juegos de t\u00e9, cuencos y soportes para tartas, que satisfacen las necesidades de compra en un solo lugar para diversas ocasiones, como cenas formales, pausas para el t\u00e9 y mesas de postres.<\/li>\n\n\n\n<li><strong>Exquisito dise\u00f1o de detalles, textura realzada: <\/strong>Nuestro juego de vajilla al por mayor presenta bordes ondulados, rayas verticales y texturas en relieve, complementados con mangos de cuchara dorados y otros adornos, mostrando un estilo elegante en cada detalle.<\/li>\n\n\n\n<li><strong>Creaci\u00f3n de una atm\u00f3sfera c\u00e1lida, gran atractivo expositivo:<\/strong> Estas vajillas florales al por mayor utilizan una base de color blanco roto muy integrado y tonos c\u00e1lidos de madera, creando f\u00e1cilmente una presentaci\u00f3n visual c\u00e1lida y relajante cuando se combinan con vegetaci\u00f3n y frutas, estimulando el deseo de compra.<\/li>\n<\/ul>\n<\/div>\n\n\n\n<div class=\"wp-block-column is-layout-flow wp-block-column-is-layout-flow\">\n<figure class=\"wp-block-image size-full\"><img decoding=\"async\" width=\"1200\" height=\"1200\" src=\"https:\/\/www.lovinghomecollection.com\/wp-content\/uploads\/2025\/12\/Floral-Crockery-Set-Wholesale-With-Lifelike-Butterfly-Motifs-4.webp\" alt=\"Vajilla Floral al por mayor con motivos de mariposas-4\" class=\"wp-image-6186\" srcset=\"https:\/\/www.lovinghomecollection.com\/wp-content\/uploads\/2025\/12\/Floral-Crockery-Set-Wholesale-With-Lifelike-Butterfly-Motifs-4.webp 1200w, https:\/\/www.lovinghomecollection.com\/wp-content\/uploads\/2025\/12\/Floral-Crockery-Set-Wholesale-With-Lifelike-Butterfly-Motifs-4-300x300.webp 300w, https:\/\/www.lovinghomecollection.com\/wp-content\/uploads\/2025\/12\/Floral-Crockery-Set-Wholesale-With-Lifelike-Butterfly-Motifs-4-150x150.webp 150w, https:\/\/www.lovinghomecollection.com\/wp-content\/uploads\/2025\/12\/Floral-Crockery-Set-Wholesale-With-Lifelike-Butterfly-Motifs-4-768x768.webp 768w, https:\/\/www.lovinghomecollection.com\/wp-content\/uploads\/2025\/12\/Floral-Crockery-Set-Wholesale-With-Lifelike-Butterfly-Motifs-4-12x12.webp 12w, https:\/\/www.lovinghomecollection.com\/wp-content\/uploads\/2025\/12\/Floral-Crockery-Set-Wholesale-With-Lifelike-Butterfly-Motifs-4-600x600.webp 600w, https:\/\/www.lovinghomecollection.com\/wp-content\/uploads\/2025\/12\/Floral-Crockery-Set-Wholesale-With-Lifelike-Butterfly-Motifs-4-100x100.webp 100w\" sizes=\"(max-width: 1200px) 100vw, 1200px\" \/><\/figure>\n<\/div>\n<\/div>\n\n\n\n<h2 class=\"wp-block-heading has-text-align-center\">Mostrar productos de Juego de vajilla de jard\u00edn ingl\u00e9s al por mayor<\/h2>\n\n\n\n<div class=\"wp-block-columns is-layout-flex wp-container-core-columns-is-layout-9d6595d7 wp-block-columns-is-layout-flex\">\n<div class=\"wp-block-column is-layout-flow wp-block-column-is-layout-flow\">\n<figure class=\"wp-block-image size-full\"><img decoding=\"async\" width=\"1685\" height=\"1065\" src=\"https:\/\/www.lovinghomecollection.com\/wp-content\/uploads\/2025\/12\/Floral-Crockery-Set-Wholesale-With-Lifelike-Butterfly-Motifs-9.webp\" alt=\"Juego de Vajilla Floral al por Mayor con Motivos de Mariposas 9\" class=\"wp-image-6189\" srcset=\"https:\/\/www.lovinghomecollection.com\/wp-content\/uploads\/2025\/12\/Floral-Crockery-Set-Wholesale-With-Lifelike-Butterfly-Motifs-9.webp 1685w, https:\/\/www.lovinghomecollection.com\/wp-content\/uploads\/2025\/12\/Floral-Crockery-Set-Wholesale-With-Lifelike-Butterfly-Motifs-9-300x190.webp 300w, https:\/\/www.lovinghomecollection.com\/wp-content\/uploads\/2025\/12\/Floral-Crockery-Set-Wholesale-With-Lifelike-Butterfly-Motifs-9-768x485.webp 768w, https:\/\/www.lovinghomecollection.com\/wp-content\/uploads\/2025\/12\/Floral-Crockery-Set-Wholesale-With-Lifelike-Butterfly-Motifs-9-18x12.webp 18w, https:\/\/www.lovinghomecollection.com\/wp-content\/uploads\/2025\/12\/Floral-Crockery-Set-Wholesale-With-Lifelike-Butterfly-Motifs-9-1200x758.webp 1200w, https:\/\/www.lovinghomecollection.com\/wp-content\/uploads\/2025\/12\/Floral-Crockery-Set-Wholesale-With-Lifelike-Butterfly-Motifs-9-600x379.webp 600w\" sizes=\"(max-width: 1685px) 100vw, 1685px\" \/><\/figure>\n<\/div>\n\n\n\n<div class=\"wp-block-column is-layout-flow wp-block-column-is-layout-flow\">\n<figure class=\"wp-block-image size-full\"><img decoding=\"async\" width=\"1724\" height=\"1240\" src=\"https:\/\/www.lovinghomecollection.com\/wp-content\/uploads\/2025\/12\/Floral-Crockery-Set-Wholesale-With-Lifelike-Butterfly-Motifs-10.webp\" alt=\"Vajilla Floral al por mayor con motivos de mariposas-10\" class=\"wp-image-6188\" srcset=\"https:\/\/www.lovinghomecollection.com\/wp-content\/uploads\/2025\/12\/Floral-Crockery-Set-Wholesale-With-Lifelike-Butterfly-Motifs-10.webp 1724w, https:\/\/www.lovinghomecollection.com\/wp-content\/uploads\/2025\/12\/Floral-Crockery-Set-Wholesale-With-Lifelike-Butterfly-Motifs-10-300x216.webp 300w, https:\/\/www.lovinghomecollection.com\/wp-content\/uploads\/2025\/12\/Floral-Crockery-Set-Wholesale-With-Lifelike-Butterfly-Motifs-10-768x552.webp 768w, https:\/\/www.lovinghomecollection.com\/wp-content\/uploads\/2025\/12\/Floral-Crockery-Set-Wholesale-With-Lifelike-Butterfly-Motifs-10-18x12.webp 18w, https:\/\/www.lovinghomecollection.com\/wp-content\/uploads\/2025\/12\/Floral-Crockery-Set-Wholesale-With-Lifelike-Butterfly-Motifs-10-1200x863.webp 1200w, https:\/\/www.lovinghomecollection.com\/wp-content\/uploads\/2025\/12\/Floral-Crockery-Set-Wholesale-With-Lifelike-Butterfly-Motifs-10-600x432.webp 600w\" sizes=\"(max-width: 1724px) 100vw, 1724px\" \/><\/figure>\n<\/div>\n<\/div>\n\n\n\n<p><\/p>","protected":false},"excerpt":{"rendered":"<p>Bienvenido a comprar nuestra vajilla al por mayor. Nuestra serie de vajilla floral al por mayor cuenta con exquisitos motivos florales pintados a mano, adornados con motivos de mariposas realistas, que cubren una gama completa de vajilla, incluyendo cuencos, platos, tazas, teteras y soportes para pasteles.<\/p>\n<table style=\"border-collapse: collapse; width: 338.02pt;\" border=\"0\" width=\"338\" cellspacing=\"0\" cellpadding=\"0\">\n<tbody>\n<tr style=\"height: 18.00pt;\">\n<td class=\"et3\" style=\"height: 18.00pt; width: 124.50pt;\" width=\"124\" height=\"18\">Fabricante<\/td>\n<td class=\"et3\" style=\"width: 214.40pt;\" width=\"214\">Un hogar lleno de amor<\/td>\n<\/tr>\n<tr style=\"height: 18.00pt;\">\n<td class=\"et3\" style=\"height: 18.00pt; width: 124.50pt;\" width=\"124\" height=\"18\">Nombre de la colecci\u00f3n<\/td>\n<td class=\"et4\" style=\"width: 214.40pt;\" width=\"214\">Colecci\u00f3n Jard\u00edn Ingl\u00e9s<\/td>\n<\/tr>\n<tr style=\"height: 18.00pt;\">\n<td class=\"et3\" style=\"height: 18.00pt; width: 124.50pt;\" width=\"124\" height=\"18\">Utilizaci\u00f3n<\/td>\n<td class=\"et3\" style=\"width: 214.40pt;\" width=\"214\">Hogar, Restaurante, Hotel<\/td>\n<\/tr>\n<tr style=\"height: 36.00pt;\">\n<td class=\"et3\" style=\"height: 36.00pt; width: 124.50pt;\" width=\"124\" height=\"36\">Tipo de vajilla<\/td>\n<td class=\"et3\" style=\"width: 214.40pt;\" width=\"214\">Plato, cuenco, tetera, taza y platillo, taza grande, bandeja para pasteles, azucarero, mantequera.<\/td>\n<\/tr>\n<tr style=\"height: 18.00pt;\">\n<td class=\"et3\" style=\"height: 18.00pt; width: 124.50pt;\" width=\"124\" height=\"18\">Material<\/td>\n<td class=\"et3\" style=\"width: 214.40pt;\" width=\"214\">Porcelana resistente<\/td>\n<\/tr>\n<tr style=\"height: 18.00pt;\">\n<td class=\"et3\" style=\"height: 18.00pt; width: 124.50pt;\" width=\"124\" height=\"18\">Dimensi\u00f3n<\/td>\n<td class=\"et3\" style=\"width: 214.40pt;\" width=\"214\">Como imagen detallada<\/td>\n<\/tr>\n<tr style=\"height: 18.00pt;\">\n<td class=\"et3\" style=\"height: 18.00pt; width: 124.50pt;\" width=\"124\" height=\"18\">Unidades de venta<\/td>\n<td class=\"et3\" style=\"width: 214.40pt;\" width=\"214\">Art\u00edculo \u00fanico<\/td>\n<\/tr>\n<tr style=\"height: 18.00pt;\">\n<td class=\"et3\" style=\"height: 18.00pt; width: 124.50pt;\" width=\"124\" height=\"18\">MOQ<\/td>\n<td class=\"et3\" style=\"width: 214.40pt;\" width=\"214\">1200 unid. por art\u00edculo<\/td>\n<\/tr>\n<tr style=\"height: 18.00pt;\">\n<td class=\"et3\" style=\"height: 18.00pt; width: 124.50pt;\" width=\"124\" height=\"18\">Opci\u00f3n personalizada<\/td>\n<td class=\"et3\" style=\"width: 214.40pt;\" width=\"214\">Color\/Tama\u00f1o\/Glaseado\/Logotipo\/Embalaje<\/td>\n<\/tr>\n<\/tbody>\n<\/table>","protected":false},"featured_media":6190,"comment_status":"closed","ping_status":"closed","template":"","meta":{"_acf_changed":false},"product_brand":[],"product_cat":[19],"product_tag":[37,36,25,39,27,26],"class_list":{"0":"post-6182","1":"product","2":"type-product","3":"status-publish","4":"has-post-thumbnail","6":"product_cat-dinnerware-wholesale","7":"product_tag-bulk-cake-stands","8":"product_tag-wholesale-kettles","9":"product_tag-wholesale-plates-and-bowls","10":"product_tag-sugar-jars-wholesale","11":"product_tag-wholesale-tea-cups-and-saucers","12":"product_tag-wholesale-teapots","14":"first","15":"instock","16":"shipping-taxable","17":"product-type-simple"},"acf":[],"_links":{"self":[{"href":"https:\/\/www.lovinghomecollection.com\/es\/wp-json\/wp\/v2\/product\/6182","targetHints":{"allow":["GET"]}}],"collection":[{"href":"https:\/\/www.lovinghomecollection.com\/es\/wp-json\/wp\/v2\/product"}],"about":[{"href":"https:\/\/www.lovinghomecollection.com\/es\/wp-json\/wp\/v2\/types\/product"}],"replies":[{"embeddable":true,"href":"https:\/\/www.lovinghomecollection.com\/es\/wp-json\/wp\/v2\/comments?post=6182"}],"wp:featuredmedia":[{"embeddable":true,"href":"https:\/\/www.lovinghomecollection.com\/es\/wp-json\/wp\/v2\/media\/6190"}],"wp:attachment":[{"href":"https:\/\/www.lovinghomecollection.com\/es\/wp-json\/wp\/v2\/media?parent=6182"}],"wp:term":[{"taxonomy":"product_brand","embeddable":true,"href":"https:\/\/www.lovinghomecollection.com\/es\/wp-json\/wp\/v2\/product_brand?post=6182"},{"taxonomy":"product_cat","embeddable":true,"href":"https:\/\/www.lovinghomecollection.com\/es\/wp-json\/wp\/v2\/product_cat?post=6182"},{"taxonomy":"product_tag","embeddable":true,"href":"https:\/\/www.lovinghomecollection.com\/es\/wp-json\/wp\/v2\/product_tag?post=6182"}],"curies":[{"name":"wp","href":"https:\/\/api.w.org\/{rel}","templated":true}]}}