{"id":6171,"date":"2025-12-30T06:24:28","date_gmt":"2025-12-30T06:24:28","guid":{"rendered":"https:\/\/www.lovinghomecollection.com\/?post_type=product&#038;p=6171"},"modified":"2026-02-05T09:40:12","modified_gmt":"2026-02-05T09:40:12","slug":"hotel-dinnerware-wholesale","status":"publish","type":"product","link":"https:\/\/www.lovinghomecollection.com\/es\/producto\/hotel-dinnerware-wholesale\/","title":{"rendered":"Vajilla de hotel azul oscuro con esmalte reactivo, suministro al por mayor"},"content":{"rendered":"<div class=\"wp-block-columns is-layout-flex wp-container-core-columns-is-layout-9d6595d7 wp-block-columns-is-layout-flex\">\n<div class=\"wp-block-column is-layout-flow wp-block-column-is-layout-flow\" style=\"flex-basis:60%\">\n<h2 class=\"wp-block-heading\">Vajilla de Hotel Premium al por mayor Caracter\u00edsticas:<\/h2>\n\n\n\n<ul class=\"wp-block-list\">\n<li><strong>Proceso \u00fanico de esmaltado reactivo: <\/strong>Esta vajilla de hotel al por mayor utiliza tecnolog\u00eda de esmalte reactivo para producir combinaciones \u00fanicas de color y textura que crean una obra de arte individual para cada pieza producida.<\/li>\n\n\n\n<li><strong>Set completo para la compra \u00fanica: <\/strong>Nuestra serie de vajillas de porcelana al por mayor presenta una l\u00ednea completa de piezas de vajilla, desde platos llanos hasta teteras y bandejas de horno, en tama\u00f1os de 12 cm a 27 cm, lo que facilita la compra de toda la colecci\u00f3n de una sola vez.<\/li>\n\n\n\n<li><strong>El exquisito dise\u00f1o realza el ambiente: <\/strong>Nuestras vajillas de hotel al por mayor se inspiran en formas naturales, como las olas y los p\u00e9talos, combinando el uso de colores tranquilos, como el azul claro y el gris, que crean un ambiente c\u00e1lido y acogedor en la mesa del comedor.<\/li>\n\n\n\n<li><strong>Material cer\u00e1mico de alta calidad: <\/strong>Nuestra vajilla de porcelana al por mayor est\u00e1 fabricada con materias primas cer\u00e1micas de gran calidad y grosor, con una superficie duradera y un acabado artesanal, que proporciona durabilidad junto con un toque sencillo y elegante al producto.<\/li>\n<\/ul>\n<\/div>\n\n\n\n<div class=\"wp-block-column is-layout-flow wp-block-column-is-layout-flow\">\n<figure class=\"wp-block-image size-full\"><img decoding=\"async\" width=\"1200\" height=\"1200\" src=\"https:\/\/www.lovinghomecollection.com\/wp-content\/uploads\/2025\/12\/Reactive-Glaze-Deep-Blue-Hotel-Dinnerware-Wholesale-Supply-7.webp\" alt=\"Reactive Glaze Deep Blue Vajilla de Hotel Suministro al por mayor-7\" class=\"wp-image-6178\" srcset=\"https:\/\/www.lovinghomecollection.com\/wp-content\/uploads\/2025\/12\/Reactive-Glaze-Deep-Blue-Hotel-Dinnerware-Wholesale-Supply-7.webp 1200w, https:\/\/www.lovinghomecollection.com\/wp-content\/uploads\/2025\/12\/Reactive-Glaze-Deep-Blue-Hotel-Dinnerware-Wholesale-Supply-7-300x300.webp 300w, https:\/\/www.lovinghomecollection.com\/wp-content\/uploads\/2025\/12\/Reactive-Glaze-Deep-Blue-Hotel-Dinnerware-Wholesale-Supply-7-150x150.webp 150w, https:\/\/www.lovinghomecollection.com\/wp-content\/uploads\/2025\/12\/Reactive-Glaze-Deep-Blue-Hotel-Dinnerware-Wholesale-Supply-7-768x768.webp 768w, https:\/\/www.lovinghomecollection.com\/wp-content\/uploads\/2025\/12\/Reactive-Glaze-Deep-Blue-Hotel-Dinnerware-Wholesale-Supply-7-12x12.webp 12w, https:\/\/www.lovinghomecollection.com\/wp-content\/uploads\/2025\/12\/Reactive-Glaze-Deep-Blue-Hotel-Dinnerware-Wholesale-Supply-7-600x600.webp 600w, https:\/\/www.lovinghomecollection.com\/wp-content\/uploads\/2025\/12\/Reactive-Glaze-Deep-Blue-Hotel-Dinnerware-Wholesale-Supply-7-100x100.webp 100w\" sizes=\"(max-width: 1200px) 100vw, 1200px\" \/><\/figure>\n<\/div>\n<\/div>\n\n\n\n<h2 class=\"wp-block-heading has-text-align-center\">Presentaci\u00f3n de la Vajilla de Hotel Lily-Pad al por mayor<\/h2>\n\n\n\n<div class=\"wp-block-columns is-layout-flex wp-container-core-columns-is-layout-9d6595d7 wp-block-columns-is-layout-flex\">\n<div class=\"wp-block-column is-layout-flow wp-block-column-is-layout-flow\">\n<figure class=\"wp-block-image size-full\"><img decoding=\"async\" width=\"1721\" height=\"1418\" src=\"https:\/\/www.lovinghomecollection.com\/wp-content\/uploads\/2025\/12\/Reactive-Glaze-Deep-Blue-Hotel-Dinnerware-Wholesale-Supply-9.webp\" alt=\"Reactive Glaze Deep Blue Vajilla de Hotel Suministro al por mayor-9\" class=\"wp-image-6180\" srcset=\"https:\/\/www.lovinghomecollection.com\/wp-content\/uploads\/2025\/12\/Reactive-Glaze-Deep-Blue-Hotel-Dinnerware-Wholesale-Supply-9.webp 1721w, https:\/\/www.lovinghomecollection.com\/wp-content\/uploads\/2025\/12\/Reactive-Glaze-Deep-Blue-Hotel-Dinnerware-Wholesale-Supply-9-300x247.webp 300w, https:\/\/www.lovinghomecollection.com\/wp-content\/uploads\/2025\/12\/Reactive-Glaze-Deep-Blue-Hotel-Dinnerware-Wholesale-Supply-9-768x633.webp 768w, https:\/\/www.lovinghomecollection.com\/wp-content\/uploads\/2025\/12\/Reactive-Glaze-Deep-Blue-Hotel-Dinnerware-Wholesale-Supply-9-15x12.webp 15w, https:\/\/www.lovinghomecollection.com\/wp-content\/uploads\/2025\/12\/Reactive-Glaze-Deep-Blue-Hotel-Dinnerware-Wholesale-Supply-9-1200x989.webp 1200w, https:\/\/www.lovinghomecollection.com\/wp-content\/uploads\/2025\/12\/Reactive-Glaze-Deep-Blue-Hotel-Dinnerware-Wholesale-Supply-9-600x494.webp 600w\" sizes=\"(max-width: 1721px) 100vw, 1721px\" \/><\/figure>\n<\/div>\n\n\n\n<div class=\"wp-block-column is-layout-flow wp-block-column-is-layout-flow\">\n<figure class=\"wp-block-image size-full\"><img decoding=\"async\" width=\"1683\" height=\"1191\" src=\"https:\/\/www.lovinghomecollection.com\/wp-content\/uploads\/2025\/12\/Reactive-Glaze-Deep-Blue-Hotel-Dinnerware-Wholesale-Supply-10.webp\" alt=\"Reactive Glaze Deep Blue Vajilla de Hotel Suministro al por mayor-10\" class=\"wp-image-6181\" srcset=\"https:\/\/www.lovinghomecollection.com\/wp-content\/uploads\/2025\/12\/Reactive-Glaze-Deep-Blue-Hotel-Dinnerware-Wholesale-Supply-10.webp 1683w, https:\/\/www.lovinghomecollection.com\/wp-content\/uploads\/2025\/12\/Reactive-Glaze-Deep-Blue-Hotel-Dinnerware-Wholesale-Supply-10-300x212.webp 300w, https:\/\/www.lovinghomecollection.com\/wp-content\/uploads\/2025\/12\/Reactive-Glaze-Deep-Blue-Hotel-Dinnerware-Wholesale-Supply-10-768x543.webp 768w, https:\/\/www.lovinghomecollection.com\/wp-content\/uploads\/2025\/12\/Reactive-Glaze-Deep-Blue-Hotel-Dinnerware-Wholesale-Supply-10-18x12.webp 18w, https:\/\/www.lovinghomecollection.com\/wp-content\/uploads\/2025\/12\/Reactive-Glaze-Deep-Blue-Hotel-Dinnerware-Wholesale-Supply-10-1200x849.webp 1200w, https:\/\/www.lovinghomecollection.com\/wp-content\/uploads\/2025\/12\/Reactive-Glaze-Deep-Blue-Hotel-Dinnerware-Wholesale-Supply-10-600x425.webp 600w\" sizes=\"(max-width: 1683px) 100vw, 1683px\" \/><\/figure>\n<\/div>\n<\/div>\n\n\n\n<p><\/p>","protected":false},"excerpt":{"rendered":"<p>Bienvenido a la compra al por mayor de vajillas para hoteles. Este juego de vajilla de porcelana al por mayor presenta un proceso \u00fanico de esmalte reactivo en tonos azul oscuro y gris, que muestra una textura moteada distintiva y un tacto delicado. La l\u00ednea de productos es completa y satisface las necesidades de diversos escenarios gastron\u00f3micos.<\/p>\n<table style=\"border-collapse: collapse; width: 338.02pt;\" border=\"0\" width=\"338\" cellspacing=\"0\" cellpadding=\"0\">\n<tbody>\n<tr style=\"height: 18.00pt;\">\n<td class=\"et3\" style=\"height: 18.00pt; width: 124.50pt;\" width=\"124\" height=\"18\">Fabricante<\/td>\n<td class=\"et3\" style=\"width: 214.40pt;\" width=\"214\">Un hogar lleno de amor<\/td>\n<\/tr>\n<tr style=\"height: 18.00pt;\">\n<td class=\"et3\" style=\"height: 18.00pt; width: 124.50pt;\" width=\"124\" height=\"18\">Nombre de la colecci\u00f3n<\/td>\n<td class=\"et4\" style=\"width: 214.40pt;\" width=\"214\">Colecci\u00f3n Lily-Pad<\/td>\n<\/tr>\n<tr style=\"height: 18.00pt;\">\n<td class=\"et3\" style=\"height: 18.00pt; width: 124.50pt;\" width=\"124\" height=\"18\">Utilizaci\u00f3n<\/td>\n<td class=\"et3\" style=\"width: 214.40pt;\" width=\"214\">Hogar, Restaurante, Hotel<\/td>\n<\/tr>\n<tr style=\"height: 36.00pt;\">\n<td class=\"et3\" style=\"height: 36.00pt; width: 124.50pt;\" width=\"124\" height=\"36\">Tipo de vajilla<\/td>\n<td class=\"et3\" style=\"width: 214.40pt;\" width=\"214\">Plato, cuenco, tetera, taza y platillo, taza grande, bandeja para pasteles, azucarero, mantequera.<\/td>\n<\/tr>\n<tr style=\"height: 18.00pt;\">\n<td class=\"et3\" style=\"height: 18.00pt; width: 124.50pt;\" width=\"124\" height=\"18\">Material<\/td>\n<td class=\"et3\" style=\"width: 214.40pt;\" width=\"214\">Porcelana resistente<\/td>\n<\/tr>\n<tr style=\"height: 18.00pt;\">\n<td class=\"et3\" style=\"height: 18.00pt; width: 124.50pt;\" width=\"124\" height=\"18\">Dimensi\u00f3n<\/td>\n<td class=\"et3\" style=\"width: 214.40pt;\" width=\"214\">Como imagen detallada<\/td>\n<\/tr>\n<tr style=\"height: 18.00pt;\">\n<td class=\"et3\" style=\"height: 18.00pt; width: 124.50pt;\" width=\"124\" height=\"18\">Unidades de venta<\/td>\n<td class=\"et3\" style=\"width: 214.40pt;\" width=\"214\">Art\u00edculo \u00fanico<\/td>\n<\/tr>\n<tr style=\"height: 18.00pt;\">\n<td class=\"et3\" style=\"height: 18.00pt; width: 124.50pt;\" width=\"124\" height=\"18\">MOQ<\/td>\n<td class=\"et3\" style=\"width: 214.40pt;\" width=\"214\">1200 unid. por art\u00edculo<\/td>\n<\/tr>\n<tr style=\"height: 18.00pt;\">\n<td class=\"et3\" style=\"height: 18.00pt; width: 124.50pt;\" width=\"124\" height=\"18\">Opci\u00f3n personalizada<\/td>\n<td class=\"et3\" style=\"width: 214.40pt;\" width=\"214\">Color\/Tama\u00f1o\/Glaseado\/Logotipo\/Embalaje<\/td>\n<\/tr>\n<\/tbody>\n<\/table>","protected":false},"featured_media":6172,"comment_status":"closed","ping_status":"closed","template":"","meta":{"_acf_changed":false},"product_brand":[],"product_cat":[19],"product_tag":[37,36,25,39,27,26],"class_list":{"0":"post-6171","1":"product","2":"type-product","3":"status-publish","4":"has-post-thumbnail","6":"product_cat-dinnerware-wholesale","7":"product_tag-bulk-cake-stands","8":"product_tag-wholesale-kettles","9":"product_tag-wholesale-plates-and-bowls","10":"product_tag-sugar-jars-wholesale","11":"product_tag-wholesale-tea-cups-and-saucers","12":"product_tag-wholesale-teapots","14":"first","15":"instock","16":"shipping-taxable","17":"product-type-simple"},"acf":[],"_links":{"self":[{"href":"https:\/\/www.lovinghomecollection.com\/es\/wp-json\/wp\/v2\/product\/6171","targetHints":{"allow":["GET"]}}],"collection":[{"href":"https:\/\/www.lovinghomecollection.com\/es\/wp-json\/wp\/v2\/product"}],"about":[{"href":"https:\/\/www.lovinghomecollection.com\/es\/wp-json\/wp\/v2\/types\/product"}],"replies":[{"embeddable":true,"href":"https:\/\/www.lovinghomecollection.com\/es\/wp-json\/wp\/v2\/comments?post=6171"}],"wp:featuredmedia":[{"embeddable":true,"href":"https:\/\/www.lovinghomecollection.com\/es\/wp-json\/wp\/v2\/media\/6172"}],"wp:attachment":[{"href":"https:\/\/www.lovinghomecollection.com\/es\/wp-json\/wp\/v2\/media?parent=6171"}],"wp:term":[{"taxonomy":"product_brand","embeddable":true,"href":"https:\/\/www.lovinghomecollection.com\/es\/wp-json\/wp\/v2\/product_brand?post=6171"},{"taxonomy":"product_cat","embeddable":true,"href":"https:\/\/www.lovinghomecollection.com\/es\/wp-json\/wp\/v2\/product_cat?post=6171"},{"taxonomy":"product_tag","embeddable":true,"href":"https:\/\/www.lovinghomecollection.com\/es\/wp-json\/wp\/v2\/product_tag?post=6171"}],"curies":[{"name":"wp","href":"https:\/\/api.w.org\/{rel}","templated":true}]}}