{"id":6157,"date":"2025-12-20T03:54:35","date_gmt":"2025-12-20T03:54:35","guid":{"rendered":"https:\/\/www.lovinghomecollection.com\/?post_type=product&#038;p=6157"},"modified":"2025-12-29T07:51:19","modified_gmt":"2025-12-29T07:51:19","slug":"wholesale-floral-vases-containers","status":"publish","type":"product","link":"https:\/\/www.lovinghomecollection.com\/es\/producto\/wholesale-floral-vases-containers\/","title":{"rendered":"Vases florales al por mayor con acabado de esmalte reactivo"},"content":{"rendered":"<div class=\"wp-block-columns is-layout-flex wp-container-core-columns-is-layout-9d6595d7 wp-block-columns-is-layout-flex\">\n<div class=\"wp-block-column is-layout-flow wp-block-column-is-layout-flow\" style=\"flex-basis:60%\">\n<h2 class=\"wp-block-heading\">Caracter\u00edsticas de los jarrones y recipientes florales al por mayor de primera calidad:<\/h2>\n\n\n\n<ul class=\"wp-block-list\">\n<li><strong>Artesan\u00eda \u00fanica con esmalte al horno: <\/strong>Nuestros recipientes para flores al por mayor est\u00e1n esmaltados a mano y cocidos a altas temperaturas, lo que da como resultado texturas que se asemejan a paisajes fluidos y colores ricos y en capas.<\/li>\n\n\n\n<li><strong>Dise\u00f1o est\u00e9tico oriental: <\/strong>Basados en los dise\u00f1os de porcelana de la dinast\u00eda Song, nuestros jarrones decorativos a granel, de estilo est\u00e9tico oriental, tienen una forma redondeada que recuerda a un tambor y tres patas que lo sostienen.<\/li>\n\n\n\n<li><strong>Varios tama\u00f1os para diferentes configuraciones: <\/strong>Nuestros recipientes para flores al por mayor est\u00e1n disponibles en varios tama\u00f1os, desde 15 cm hasta 23,5 cm, lo que permite satisfacer diversas necesidades.<\/li>\n\n\n\n<li><strong>Pr\u00e1ctico y decorativo: <\/strong>Fabricados con un material cer\u00e1mico grueso y suave, estos jarrones decorativos a granel pueden utilizarse como jarrones para flores o como piezas de arte independientes; la base de tres patas garantiza su estabilidad.<\/li>\n\n\n\n<li><strong>Opciones flexibles de venta al por mayor y personalizaci\u00f3n:<\/strong> Nuestros recipientes para flores al por mayor admiten diversas combinaciones de colores y tama\u00f1os, y podemos ofrecer una personalizaci\u00f3n exclusiva del esmalte seg\u00fan las necesidades del cliente, lo que los hace adecuados para proyectos de compra al por mayor en hoteles, pensiones, salas de exposici\u00f3n, etc.<\/li>\n<\/ul>\n<\/div>\n\n\n\n<div class=\"wp-block-column is-layout-flow wp-block-column-is-layout-flow\" style=\"flex-basis:40%\">\n<figure class=\"wp-block-image size-full\"><img decoding=\"async\" width=\"1200\" height=\"1200\" src=\"https:\/\/www.lovinghomecollection.com\/wp-content\/uploads\/2025\/12\/Wholesale-Floral-Vases-Containers-With-Reactive-Glaze-Finish-3.webp\" alt=\"Maceteros al por mayor con acabado esmaltado reactivo-3\" class=\"wp-image-6160\" srcset=\"https:\/\/www.lovinghomecollection.com\/wp-content\/uploads\/2025\/12\/Wholesale-Floral-Vases-Containers-With-Reactive-Glaze-Finish-3.webp 1200w, https:\/\/www.lovinghomecollection.com\/wp-content\/uploads\/2025\/12\/Wholesale-Floral-Vases-Containers-With-Reactive-Glaze-Finish-3-300x300.webp 300w, https:\/\/www.lovinghomecollection.com\/wp-content\/uploads\/2025\/12\/Wholesale-Floral-Vases-Containers-With-Reactive-Glaze-Finish-3-150x150.webp 150w, https:\/\/www.lovinghomecollection.com\/wp-content\/uploads\/2025\/12\/Wholesale-Floral-Vases-Containers-With-Reactive-Glaze-Finish-3-768x768.webp 768w, https:\/\/www.lovinghomecollection.com\/wp-content\/uploads\/2025\/12\/Wholesale-Floral-Vases-Containers-With-Reactive-Glaze-Finish-3-12x12.webp 12w, https:\/\/www.lovinghomecollection.com\/wp-content\/uploads\/2025\/12\/Wholesale-Floral-Vases-Containers-With-Reactive-Glaze-Finish-3-600x600.webp 600w, https:\/\/www.lovinghomecollection.com\/wp-content\/uploads\/2025\/12\/Wholesale-Floral-Vases-Containers-With-Reactive-Glaze-Finish-3-100x100.webp 100w\" sizes=\"(max-width: 1200px) 100vw, 1200px\" \/><\/figure>\n<\/div>\n<\/div>\n\n\n\n<h2 class=\"wp-block-heading has-text-align-center\">Exposici\u00f3n de productos de macetas y recipientes florales al por mayor<\/h2>\n\n\n\n<figure class=\"wp-block-image size-full\"><img decoding=\"async\" width=\"1699\" height=\"873\" src=\"https:\/\/www.lovinghomecollection.com\/wp-content\/uploads\/2025\/12\/Wholesale-Floral-Vases-Containers-With-Reactive-Glaze-Finish-4.webp\" alt=\"Vaso de flores al por mayor Contenedores con acabado de esmalte reactivo-4\" class=\"wp-image-6161\" srcset=\"https:\/\/www.lovinghomecollection.com\/wp-content\/uploads\/2025\/12\/Wholesale-Floral-Vases-Containers-With-Reactive-Glaze-Finish-4.webp 1699w, https:\/\/www.lovinghomecollection.com\/wp-content\/uploads\/2025\/12\/Wholesale-Floral-Vases-Containers-With-Reactive-Glaze-Finish-4-300x154.webp 300w, https:\/\/www.lovinghomecollection.com\/wp-content\/uploads\/2025\/12\/Wholesale-Floral-Vases-Containers-With-Reactive-Glaze-Finish-4-768x395.webp 768w, https:\/\/www.lovinghomecollection.com\/wp-content\/uploads\/2025\/12\/Wholesale-Floral-Vases-Containers-With-Reactive-Glaze-Finish-4-18x9.webp 18w, https:\/\/www.lovinghomecollection.com\/wp-content\/uploads\/2025\/12\/Wholesale-Floral-Vases-Containers-With-Reactive-Glaze-Finish-4-1200x617.webp 1200w, https:\/\/www.lovinghomecollection.com\/wp-content\/uploads\/2025\/12\/Wholesale-Floral-Vases-Containers-With-Reactive-Glaze-Finish-4-600x308.webp 600w\" sizes=\"(max-width: 1699px) 100vw, 1699px\" \/><\/figure>","protected":false},"excerpt":{"rendered":"<p>Bienvenido a la compra al por mayor de jarrones florales. Nuestros jarrones decorativos a granel tienen una forma tradicional de tambor con tres patas, con texturas puramente naturales que ejemplifican el dise\u00f1o zen y minimalista.<\/p>\n<table style=\"border-collapse: collapse; width: 338.02pt;\" border=\"0\" width=\"338\" cellspacing=\"0\" cellpadding=\"0\">\n<tbody>\n<tr style=\"height: 18.00pt;\">\n<td class=\"et3\" style=\"height: 18.00pt; width: 124.50pt;\" width=\"124\" height=\"18\">Fabricante<\/td>\n<td class=\"et3\" style=\"width: 214.40pt;\" width=\"214\">Un hogar lleno de amor<\/td>\n<\/tr>\n<tr style=\"height: 18.00pt;\">\n<td class=\"et3\" style=\"height: 18.00pt; width: 124.50pt;\" width=\"124\" height=\"18\">Tipo de producto<\/td>\n<td class=\"et4\" style=\"width: 214.40pt;\" width=\"214\">Jarrones de cer\u00e1mica<\/td>\n<\/tr>\n<tr style=\"height: 18.00pt;\">\n<td class=\"et3\" style=\"height: 18.00pt; width: 124.50pt;\" width=\"124\" height=\"18\">Material<\/td>\n<td class=\"et3\" style=\"width: 214.40pt;\" width=\"214\">Porcelana resistente<\/td>\n<\/tr>\n<tr style=\"height: 18.00pt;\">\n<td class=\"et3\" style=\"height: 18.00pt; width: 124.50pt;\" width=\"124\" height=\"18\">Dimensi\u00f3n<\/td>\n<td class=\"et3\" style=\"width: 214.40pt;\" width=\"214\">Como imagen detallada<\/td>\n<\/tr>\n<tr style=\"height: 18.00pt;\">\n<td class=\"et3\" style=\"height: 18.00pt; width: 124.50pt;\" width=\"124\" height=\"18\">Unidades de venta<\/td>\n<td class=\"et3\" style=\"width: 214.40pt;\" width=\"214\">Art\u00edculo \u00fanico<\/td>\n<\/tr>\n<tr style=\"height: 18.00pt;\">\n<td class=\"et3\" style=\"height: 18.00pt; width: 124.50pt;\" width=\"124\" height=\"18\">MOQ<\/td>\n<td class=\"et3\" style=\"width: 214.40pt;\" width=\"214\">1200 unid. por art\u00edculo<\/td>\n<\/tr>\n<tr style=\"height: 18.00pt;\">\n<td class=\"et3\" style=\"height: 18.00pt; width: 124.50pt;\" width=\"124\" height=\"18\">Opci\u00f3n personalizada<\/td>\n<td class=\"et3\" style=\"width: 214.40pt;\" width=\"214\">Color\/Tama\u00f1o\/Glaseado\/Logotipo\/Embalaje<\/td>\n<\/tr>\n<\/tbody>\n<\/table>","protected":false},"featured_media":6158,"comment_status":"closed","ping_status":"closed","template":"","meta":{"_acf_changed":false},"product_brand":[],"product_cat":[21,50],"product_tag":[],"class_list":{"0":"post-6157","1":"product","2":"type-product","3":"status-publish","4":"has-post-thumbnail","6":"product_cat-ceramic-vases-bulk","7":"product_cat-wholesale-vases-and-pots","9":"first","10":"instock","11":"shipping-taxable","12":"product-type-simple"},"acf":[],"_links":{"self":[{"href":"https:\/\/www.lovinghomecollection.com\/es\/wp-json\/wp\/v2\/product\/6157","targetHints":{"allow":["GET"]}}],"collection":[{"href":"https:\/\/www.lovinghomecollection.com\/es\/wp-json\/wp\/v2\/product"}],"about":[{"href":"https:\/\/www.lovinghomecollection.com\/es\/wp-json\/wp\/v2\/types\/product"}],"replies":[{"embeddable":true,"href":"https:\/\/www.lovinghomecollection.com\/es\/wp-json\/wp\/v2\/comments?post=6157"}],"wp:featuredmedia":[{"embeddable":true,"href":"https:\/\/www.lovinghomecollection.com\/es\/wp-json\/wp\/v2\/media\/6158"}],"wp:attachment":[{"href":"https:\/\/www.lovinghomecollection.com\/es\/wp-json\/wp\/v2\/media?parent=6157"}],"wp:term":[{"taxonomy":"product_brand","embeddable":true,"href":"https:\/\/www.lovinghomecollection.com\/es\/wp-json\/wp\/v2\/product_brand?post=6157"},{"taxonomy":"product_cat","embeddable":true,"href":"https:\/\/www.lovinghomecollection.com\/es\/wp-json\/wp\/v2\/product_cat?post=6157"},{"taxonomy":"product_tag","embeddable":true,"href":"https:\/\/www.lovinghomecollection.com\/es\/wp-json\/wp\/v2\/product_tag?post=6157"}],"curies":[{"name":"wp","href":"https:\/\/api.w.org\/{rel}","templated":true}]}}