{"id":6134,"date":"2025-12-19T09:17:22","date_gmt":"2025-12-19T09:17:22","guid":{"rendered":"https:\/\/www.lovinghomecollection.com\/?post_type=product&#038;p=6134"},"modified":"2026-01-14T02:14:05","modified_gmt":"2026-01-14T02:14:05","slug":"wholesale-dinnerware-for-restaurants","status":"publish","type":"product","link":"https:\/\/www.lovinghomecollection.com\/es\/producto\/wholesale-dinnerware-for-restaurants\/","title":{"rendered":"Venta al por mayor de vajillas para restaurantes, juego de vajilla Art D\u00e9co"},"content":{"rendered":"<div class=\"wp-block-columns is-layout-flex wp-container-core-columns-is-layout-9d6595d7 wp-block-columns-is-layout-flex\">\n<div class=\"wp-block-column is-layout-flow wp-block-column-is-layout-flow\" style=\"flex-basis:60%\">\n<h2 class=\"wp-block-heading\">Vajilla al por mayor de primera calidad para restaurantes Caracter\u00edsticas:<\/h2>\n\n\n\n<ul class=\"wp-block-list\">\n<li><strong>Mostrando un sabor \u00fanico:<\/strong> Nuestra vajilla al por mayor para restaurantes presenta exquisitos motivos que representan animales, plantas y motivos cl\u00e1sicos. Los dise\u00f1os son a la vez delicados y vivos y est\u00e1n acabados con bordes de oro de 24 quilates, lo que resalta su extraordinaria calidad art\u00edstica.<\/li>\n\n\n\n<li><strong>Material cer\u00e1mico de alta calidad:<\/strong> Nuestras vajillas de porcelana a granel est\u00e1n fabricadas con cer\u00e1mica reforzada de primera calidad. La porcelana mantiene su blanco brillante con un esmalte suave y f\u00e1cil de limpiar. Es apta para microondas y lavavajillas, duradera y fabricada para soportar un uso intensivo en hoteles, restaurantes de lujo y otros locales comerciales.<\/li>\n\n\n\n<li><strong>Ventanilla \u00danica de Contrataci\u00f3n P\u00fablica:<\/strong> Nuestra vajilla al por mayor para restaurantes ofrece una gama completa, desde platos llanos y juegos de t\u00e9 hasta tarros de almacenaje y fuentes. Los estilos siguen siendo coherentes, la funcionalidad completa para permitir a los clientes mezclar y combinar de acuerdo a las necesidades reales y reducir los costos de abastecimiento a trav\u00e9s de muchos proveedores de manera espectacular.<\/li>\n\n\n\n<li><strong>Mejora de la est\u00e9tica espacial:<\/strong> El estilo de dise\u00f1o vintage y lujoso de estas vajillas de porcelana a granel puede integrarse f\u00e1cilmente en diversos hogares, pensiones, restaurantes de alta gama y caf\u00e9s especializados, mejorando eficazmente la experiencia gastron\u00f3mica y la belleza espacial general, y reforzando la experiencia del cliente y el valor de la marca.<\/li>\n<\/ul>\n<\/div>\n\n\n\n<div class=\"wp-block-column is-layout-flow wp-block-column-is-layout-flow\">\n<figure class=\"wp-block-image size-full\"><img decoding=\"async\" width=\"800\" height=\"800\" src=\"https:\/\/www.lovinghomecollection.com\/wp-content\/uploads\/2025\/12\/Wholesale-Dinnerware-For-Restaurants-Art-Deco-Crockery-Set-3.webp\" alt=\"Mayorista Vajilla Para Restaurantes, Art Deco Vajilla Set-3\" class=\"wp-image-6137\" srcset=\"https:\/\/www.lovinghomecollection.com\/wp-content\/uploads\/2025\/12\/Wholesale-Dinnerware-For-Restaurants-Art-Deco-Crockery-Set-3.webp 800w, https:\/\/www.lovinghomecollection.com\/wp-content\/uploads\/2025\/12\/Wholesale-Dinnerware-For-Restaurants-Art-Deco-Crockery-Set-3-300x300.webp 300w, https:\/\/www.lovinghomecollection.com\/wp-content\/uploads\/2025\/12\/Wholesale-Dinnerware-For-Restaurants-Art-Deco-Crockery-Set-3-150x150.webp 150w, https:\/\/www.lovinghomecollection.com\/wp-content\/uploads\/2025\/12\/Wholesale-Dinnerware-For-Restaurants-Art-Deco-Crockery-Set-3-768x768.webp 768w, https:\/\/www.lovinghomecollection.com\/wp-content\/uploads\/2025\/12\/Wholesale-Dinnerware-For-Restaurants-Art-Deco-Crockery-Set-3-12x12.webp 12w, https:\/\/www.lovinghomecollection.com\/wp-content\/uploads\/2025\/12\/Wholesale-Dinnerware-For-Restaurants-Art-Deco-Crockery-Set-3-600x600.webp 600w, https:\/\/www.lovinghomecollection.com\/wp-content\/uploads\/2025\/12\/Wholesale-Dinnerware-For-Restaurants-Art-Deco-Crockery-Set-3-100x100.webp 100w\" sizes=\"(max-width: 800px) 100vw, 800px\" \/><\/figure>\n<\/div>\n<\/div>\n\n\n\n<h2 class=\"wp-block-heading has-text-align-center\">Exposici\u00f3n de productos de Vajilla al por mayor para restaurantes Stellar Harmony<\/h2>\n\n\n\n<div class=\"wp-block-columns is-layout-flex wp-container-core-columns-is-layout-9d6595d7 wp-block-columns-is-layout-flex\">\n<div class=\"wp-block-column is-layout-flow wp-block-column-is-layout-flow\">\n<figure class=\"wp-block-image size-full\"><img decoding=\"async\" width=\"1721\" height=\"1173\" src=\"https:\/\/www.lovinghomecollection.com\/wp-content\/uploads\/2025\/12\/Wholesale-Dinnerware-For-Restaurants-Art-Deco-Crockery-Set-13.webp\" alt=\"Mayorista Vajilla Para Restaurantes, Art Deco Vajilla Set-13\" class=\"wp-image-6147\" srcset=\"https:\/\/www.lovinghomecollection.com\/wp-content\/uploads\/2025\/12\/Wholesale-Dinnerware-For-Restaurants-Art-Deco-Crockery-Set-13.webp 1721w, https:\/\/www.lovinghomecollection.com\/wp-content\/uploads\/2025\/12\/Wholesale-Dinnerware-For-Restaurants-Art-Deco-Crockery-Set-13-300x204.webp 300w, https:\/\/www.lovinghomecollection.com\/wp-content\/uploads\/2025\/12\/Wholesale-Dinnerware-For-Restaurants-Art-Deco-Crockery-Set-13-768x523.webp 768w, https:\/\/www.lovinghomecollection.com\/wp-content\/uploads\/2025\/12\/Wholesale-Dinnerware-For-Restaurants-Art-Deco-Crockery-Set-13-18x12.webp 18w, https:\/\/www.lovinghomecollection.com\/wp-content\/uploads\/2025\/12\/Wholesale-Dinnerware-For-Restaurants-Art-Deco-Crockery-Set-13-1200x818.webp 1200w, https:\/\/www.lovinghomecollection.com\/wp-content\/uploads\/2025\/12\/Wholesale-Dinnerware-For-Restaurants-Art-Deco-Crockery-Set-13-600x409.webp 600w\" sizes=\"(max-width: 1721px) 100vw, 1721px\" \/><\/figure>\n<\/div>\n\n\n\n<div class=\"wp-block-column is-layout-flow wp-block-column-is-layout-flow\">\n<figure class=\"wp-block-image size-full\"><img decoding=\"async\" width=\"1717\" height=\"1352\" src=\"https:\/\/www.lovinghomecollection.com\/wp-content\/uploads\/2025\/12\/Wholesale-Dinnerware-For-Restaurants-Art-Deco-Crockery-Set-14.webp\" alt=\"Mayorista Vajilla Para Restaurantes, Art Deco Vajilla Set-14\" class=\"wp-image-6148\" srcset=\"https:\/\/www.lovinghomecollection.com\/wp-content\/uploads\/2025\/12\/Wholesale-Dinnerware-For-Restaurants-Art-Deco-Crockery-Set-14.webp 1717w, https:\/\/www.lovinghomecollection.com\/wp-content\/uploads\/2025\/12\/Wholesale-Dinnerware-For-Restaurants-Art-Deco-Crockery-Set-14-300x236.webp 300w, https:\/\/www.lovinghomecollection.com\/wp-content\/uploads\/2025\/12\/Wholesale-Dinnerware-For-Restaurants-Art-Deco-Crockery-Set-14-768x605.webp 768w, https:\/\/www.lovinghomecollection.com\/wp-content\/uploads\/2025\/12\/Wholesale-Dinnerware-For-Restaurants-Art-Deco-Crockery-Set-14-15x12.webp 15w, https:\/\/www.lovinghomecollection.com\/wp-content\/uploads\/2025\/12\/Wholesale-Dinnerware-For-Restaurants-Art-Deco-Crockery-Set-14-1200x945.webp 1200w, https:\/\/www.lovinghomecollection.com\/wp-content\/uploads\/2025\/12\/Wholesale-Dinnerware-For-Restaurants-Art-Deco-Crockery-Set-14-600x472.webp 600w\" sizes=\"(max-width: 1717px) 100vw, 1717px\" \/><\/figure>\n<\/div>\n<\/div>\n\n\n\n<p><\/p>","protected":false},"excerpt":{"rendered":"<p>Bienvenido a comprar vajillas al por mayor para restaurantes. Nuestros juegos de vajilla de porcelana est\u00e1n fabricados en cer\u00e1mica de alta calidad e incorporan motivos cl\u00e1sicos de animales y plantas con ribetes dorados, presentando un estilo art\u00edstico vintage y lujoso.<\/p>\n<table style=\"border-collapse: collapse; width: 338.02pt;\" border=\"0\" width=\"338\" cellspacing=\"0\" cellpadding=\"0\">\n<tbody>\n<tr style=\"height: 18.00pt;\">\n<td class=\"et3\" style=\"height: 18.00pt; width: 124.50pt;\" width=\"124\" height=\"18\">Fabricante<\/td>\n<td class=\"et3\" style=\"width: 214.40pt;\" width=\"214\">Un hogar lleno de amor<\/td>\n<\/tr>\n<tr style=\"height: 18.00pt;\">\n<td class=\"et3\" style=\"height: 18.00pt; width: 124.50pt;\" width=\"124\" height=\"18\">Nombre de la colecci\u00f3n<\/td>\n<td class=\"et4\" style=\"width: 214.40pt;\" width=\"214\">Colecci\u00f3n Stellar Harmony<\/td>\n<\/tr>\n<tr style=\"height: 18.00pt;\">\n<td class=\"et3\" style=\"height: 18.00pt; width: 124.50pt;\" width=\"124\" height=\"18\">Utilizaci\u00f3n<\/td>\n<td class=\"et3\" style=\"width: 214.40pt;\" width=\"214\">Hogar, Restaurante, Hotel<\/td>\n<\/tr>\n<tr style=\"height: 36.00pt;\">\n<td class=\"et3\" style=\"height: 36.00pt; width: 124.50pt;\" width=\"124\" height=\"36\">Tipo de vajilla<\/td>\n<td class=\"et3\" style=\"width: 214.40pt;\" width=\"214\">Plato, Cuenco, Tetera, Taza y Platillo, Taza, Juego de Tapa, Soporte para Tartas, Azucarero, Mantequera, Aceitera<\/td>\n<\/tr>\n<tr style=\"height: 18.00pt;\">\n<td class=\"et3\" style=\"height: 18.00pt; width: 124.50pt;\" width=\"124\" height=\"18\">Material<\/td>\n<td class=\"et3\" style=\"width: 214.40pt;\" width=\"214\">Porcelana resistente<\/td>\n<\/tr>\n<tr style=\"height: 18.00pt;\">\n<td class=\"et3\" style=\"height: 18.00pt; width: 124.50pt;\" width=\"124\" height=\"18\">Dimensi\u00f3n<\/td>\n<td class=\"et3\" style=\"width: 214.40pt;\" width=\"214\">Como imagen detallada<\/td>\n<\/tr>\n<tr style=\"height: 18.00pt;\">\n<td class=\"et3\" style=\"height: 18.00pt; width: 124.50pt;\" width=\"124\" height=\"18\">Unidades de venta<\/td>\n<td class=\"et3\" style=\"width: 214.40pt;\" width=\"214\">Art\u00edculo \u00fanico<\/td>\n<\/tr>\n<tr style=\"height: 18.00pt;\">\n<td class=\"et3\" style=\"height: 18.00pt; width: 124.50pt;\" width=\"124\" height=\"18\">MOQ<\/td>\n<td class=\"et3\" style=\"width: 214.40pt;\" width=\"214\">1200 unid. por art\u00edculo<\/td>\n<\/tr>\n<tr style=\"height: 18.00pt;\">\n<td class=\"et3\" style=\"height: 18.00pt; width: 124.50pt;\" width=\"124\" height=\"18\">Opci\u00f3n personalizada<\/td>\n<td class=\"et3\" style=\"width: 214.40pt;\" width=\"214\">Color\/Tama\u00f1o\/Glaseado\/Logotipo\/Embalaje<\/td>\n<\/tr>\n<\/tbody>\n<\/table>","protected":false},"featured_media":6138,"comment_status":"closed","ping_status":"closed","template":"","meta":{"_acf_changed":false},"product_brand":[],"product_cat":[19],"product_tag":[37,25,27],"class_list":{"0":"post-6134","1":"product","2":"type-product","3":"status-publish","4":"has-post-thumbnail","6":"product_cat-dinnerware-wholesale","7":"product_tag-bulk-cake-stands","8":"product_tag-wholesale-plates-and-bowls","9":"product_tag-wholesale-tea-cups-and-saucers","11":"first","12":"instock","13":"shipping-taxable","14":"product-type-simple"},"acf":[],"_links":{"self":[{"href":"https:\/\/www.lovinghomecollection.com\/es\/wp-json\/wp\/v2\/product\/6134","targetHints":{"allow":["GET"]}}],"collection":[{"href":"https:\/\/www.lovinghomecollection.com\/es\/wp-json\/wp\/v2\/product"}],"about":[{"href":"https:\/\/www.lovinghomecollection.com\/es\/wp-json\/wp\/v2\/types\/product"}],"replies":[{"embeddable":true,"href":"https:\/\/www.lovinghomecollection.com\/es\/wp-json\/wp\/v2\/comments?post=6134"}],"wp:featuredmedia":[{"embeddable":true,"href":"https:\/\/www.lovinghomecollection.com\/es\/wp-json\/wp\/v2\/media\/6138"}],"wp:attachment":[{"href":"https:\/\/www.lovinghomecollection.com\/es\/wp-json\/wp\/v2\/media?parent=6134"}],"wp:term":[{"taxonomy":"product_brand","embeddable":true,"href":"https:\/\/www.lovinghomecollection.com\/es\/wp-json\/wp\/v2\/product_brand?post=6134"},{"taxonomy":"product_cat","embeddable":true,"href":"https:\/\/www.lovinghomecollection.com\/es\/wp-json\/wp\/v2\/product_cat?post=6134"},{"taxonomy":"product_tag","embeddable":true,"href":"https:\/\/www.lovinghomecollection.com\/es\/wp-json\/wp\/v2\/product_tag?post=6134"}],"curies":[{"name":"wp","href":"https:\/\/api.w.org\/{rel}","templated":true}]}}