{"id":5748,"date":"2025-11-22T03:39:14","date_gmt":"2025-11-22T03:39:14","guid":{"rendered":"https:\/\/www.lovinghomecollection.com\/?post_type=product&#038;p=5748"},"modified":"2025-11-22T03:49:40","modified_gmt":"2025-11-22T03:49:40","slug":"floral-vase-wholesale","status":"publish","type":"product","link":"https:\/\/www.lovinghomecollection.com\/es\/producto\/floral-vase-wholesale\/","title":{"rendered":"Jarr\u00f3n floral con rayas anchas al por mayor con esmalte pintado a mano"},"content":{"rendered":"<div class=\"wp-block-columns is-layout-flex wp-container-core-columns-is-layout-9d6595d7 wp-block-columns-is-layout-flex\">\n<div class=\"wp-block-column is-layout-flow wp-block-column-is-layout-flow\" style=\"flex-basis:60%\">\n<h2 class=\"wp-block-heading\">Caracter\u00edsticas del jarr\u00f3n floral premium al por mayor:<\/h2>\n\n\n\n<ul class=\"wp-block-list\">\n<li><strong>Dise\u00f1o distintivo:<\/strong> Las exclusivas rayas verticales anchas y el esmalte cepillado a mano de esta serie de jarrones florales al por mayor crean una fuerte identidad visual. Las combinaciones de colores cl\u00e1sicas de verde y blanco, as\u00ed como de marr\u00f3n y blanco, crean un aspecto fresco y natural, mientras que las formas sencillas y modernas de estos jarrones florales los hacen destacar en la estanter\u00eda, lo que ayuda a mejorar visualmente la est\u00e9tica de la exposici\u00f3n.<\/li>\n\n\n\n<li><strong>Gama completa de tama\u00f1os:<\/strong> Nuestra gama de jarrones de cer\u00e1mica al por mayor ofrece todos los tama\u00f1os que necesitas, desde peque\u00f1os jarrones decorativos hasta grandes jarrones de suelo. Esto te permitir\u00e1 adquirir f\u00e1cilmente todos los tama\u00f1os m\u00e1s vendidos de una sola vez.<\/li>\n\n\n\n<li><strong>Textura artesanal:<\/strong> Las texturas y ligeras variaciones en el color de la superficie de esta colecci\u00f3n mayorista de jarrones florales aportan un mayor valor percibido a los productos.<\/li>\n\n\n\n<li><strong>Dise\u00f1o vers\u00e1til:<\/strong> El dise\u00f1o minimalista de estos jarrones de cer\u00e1mica se integra perfectamente en diversos ambientes dom\u00e9sticos, incluidos los estilos escandinavo, moderno y wabi-sabi, lo que los hace ampliamente aplicables y atractivos para un p\u00fablico amplio.<\/li>\n<\/ul>\n<\/div>\n\n\n\n<div class=\"wp-block-column is-layout-flow wp-block-column-is-layout-flow\" style=\"flex-basis:40%\">\n<figure class=\"wp-block-image size-full\"><img decoding=\"async\" width=\"1200\" height=\"1200\" src=\"https:\/\/www.lovinghomecollection.com\/wp-content\/uploads\/2025\/11\/Wide-Striped-Floral-Vase-Wholesale-with-Hand-Brushed-Glaze-7.webp\" alt=\"Jarr\u00f3n floral con rayas anchas al por mayor con esmalte pintado a mano-7\" class=\"wp-image-5755\" srcset=\"https:\/\/www.lovinghomecollection.com\/wp-content\/uploads\/2025\/11\/Wide-Striped-Floral-Vase-Wholesale-with-Hand-Brushed-Glaze-7.webp 1200w, https:\/\/www.lovinghomecollection.com\/wp-content\/uploads\/2025\/11\/Wide-Striped-Floral-Vase-Wholesale-with-Hand-Brushed-Glaze-7-300x300.webp 300w, https:\/\/www.lovinghomecollection.com\/wp-content\/uploads\/2025\/11\/Wide-Striped-Floral-Vase-Wholesale-with-Hand-Brushed-Glaze-7-150x150.webp 150w, https:\/\/www.lovinghomecollection.com\/wp-content\/uploads\/2025\/11\/Wide-Striped-Floral-Vase-Wholesale-with-Hand-Brushed-Glaze-7-768x768.webp 768w, https:\/\/www.lovinghomecollection.com\/wp-content\/uploads\/2025\/11\/Wide-Striped-Floral-Vase-Wholesale-with-Hand-Brushed-Glaze-7-12x12.webp 12w, https:\/\/www.lovinghomecollection.com\/wp-content\/uploads\/2025\/11\/Wide-Striped-Floral-Vase-Wholesale-with-Hand-Brushed-Glaze-7-600x600.webp 600w, https:\/\/www.lovinghomecollection.com\/wp-content\/uploads\/2025\/11\/Wide-Striped-Floral-Vase-Wholesale-with-Hand-Brushed-Glaze-7-100x100.webp 100w\" sizes=\"(max-width: 1200px) 100vw, 1200px\" \/><\/figure>\n<\/div>\n<\/div>\n\n\n\n<h2 class=\"wp-block-heading has-text-align-center\">Exposici\u00f3n de productos de jarrones florales al por mayor<\/h2>\n\n\n\n<div class=\"wp-block-columns is-layout-flex wp-container-core-columns-is-layout-9d6595d7 wp-block-columns-is-layout-flex\">\n<div class=\"wp-block-column is-layout-flow wp-block-column-is-layout-flow\">\n<figure class=\"wp-block-image size-full\"><img decoding=\"async\" width=\"1724\" height=\"1274\" src=\"https:\/\/www.lovinghomecollection.com\/wp-content\/uploads\/2025\/11\/Wide-Striped-Floral-Vase-Wholesale-with-Hand-Brushed-Glaze-8.webp\" alt=\"Jarr\u00f3n floral con rayas anchas al por mayor con esmalte cepillado a mano-8\" class=\"wp-image-5756\" srcset=\"https:\/\/www.lovinghomecollection.com\/wp-content\/uploads\/2025\/11\/Wide-Striped-Floral-Vase-Wholesale-with-Hand-Brushed-Glaze-8.webp 1724w, https:\/\/www.lovinghomecollection.com\/wp-content\/uploads\/2025\/11\/Wide-Striped-Floral-Vase-Wholesale-with-Hand-Brushed-Glaze-8-300x222.webp 300w, https:\/\/www.lovinghomecollection.com\/wp-content\/uploads\/2025\/11\/Wide-Striped-Floral-Vase-Wholesale-with-Hand-Brushed-Glaze-8-768x568.webp 768w, https:\/\/www.lovinghomecollection.com\/wp-content\/uploads\/2025\/11\/Wide-Striped-Floral-Vase-Wholesale-with-Hand-Brushed-Glaze-8-16x12.webp 16w, https:\/\/www.lovinghomecollection.com\/wp-content\/uploads\/2025\/11\/Wide-Striped-Floral-Vase-Wholesale-with-Hand-Brushed-Glaze-8-1200x887.webp 1200w, https:\/\/www.lovinghomecollection.com\/wp-content\/uploads\/2025\/11\/Wide-Striped-Floral-Vase-Wholesale-with-Hand-Brushed-Glaze-8-600x443.webp 600w\" sizes=\"(max-width: 1724px) 100vw, 1724px\" \/><\/figure>\n<\/div>\n\n\n\n<div class=\"wp-block-column is-layout-flow wp-block-column-is-layout-flow\">\n<figure class=\"wp-block-image size-full\"><img decoding=\"async\" width=\"1727\" height=\"1167\" src=\"https:\/\/www.lovinghomecollection.com\/wp-content\/uploads\/2025\/11\/Wide-Striped-Floral-Vase-Wholesale-with-Hand-Brushed-Glaze-9.webp\" alt=\"Jarr\u00f3n floral con rayas anchas al por mayor con esmalte pintado a mano-9\" class=\"wp-image-5757\" srcset=\"https:\/\/www.lovinghomecollection.com\/wp-content\/uploads\/2025\/11\/Wide-Striped-Floral-Vase-Wholesale-with-Hand-Brushed-Glaze-9.webp 1727w, https:\/\/www.lovinghomecollection.com\/wp-content\/uploads\/2025\/11\/Wide-Striped-Floral-Vase-Wholesale-with-Hand-Brushed-Glaze-9-300x203.webp 300w, https:\/\/www.lovinghomecollection.com\/wp-content\/uploads\/2025\/11\/Wide-Striped-Floral-Vase-Wholesale-with-Hand-Brushed-Glaze-9-768x519.webp 768w, https:\/\/www.lovinghomecollection.com\/wp-content\/uploads\/2025\/11\/Wide-Striped-Floral-Vase-Wholesale-with-Hand-Brushed-Glaze-9-18x12.webp 18w, https:\/\/www.lovinghomecollection.com\/wp-content\/uploads\/2025\/11\/Wide-Striped-Floral-Vase-Wholesale-with-Hand-Brushed-Glaze-9-1200x811.webp 1200w, https:\/\/www.lovinghomecollection.com\/wp-content\/uploads\/2025\/11\/Wide-Striped-Floral-Vase-Wholesale-with-Hand-Brushed-Glaze-9-600x405.webp 600w\" sizes=\"(max-width: 1727px) 100vw, 1727px\" \/><\/figure>\n<\/div>\n<\/div>","protected":false},"excerpt":{"rendered":"<p>Bienvenido a la compra al por mayor de jarrones florales. Nuestros jarrones de cer\u00e1mica a rayas al por mayor presentan colores contrastantes y refrescantes. Disponibles en botellas est\u00e1ndar, botellas con forma de cuenco y otros dise\u00f1os, satisfacen diversas necesidades de exposici\u00f3n para flores frescas, ramas secas y mucho m\u00e1s.<\/p>\n<table style=\"border-collapse: collapse; width: 338.02pt;\" border=\"0\" width=\"338\" cellspacing=\"0\" cellpadding=\"0\">\n<tbody>\n<tr style=\"height: 18.00pt;\">\n<td class=\"et3\" style=\"height: 18.00pt; width: 124.50pt;\" width=\"124\" height=\"18\">Fabricante<\/td>\n<td class=\"et3\" style=\"width: 214.40pt;\" width=\"214\">Un hogar lleno de amor<\/td>\n<\/tr>\n<tr style=\"height: 18.00pt;\">\n<td class=\"et3\" style=\"height: 18.00pt; width: 124.50pt;\" width=\"124\" height=\"18\">Tipo de producto<\/td>\n<td class=\"et4\" style=\"width: 214.40pt;\" width=\"214\">Jarrones de cer\u00e1mica<\/td>\n<\/tr>\n<tr style=\"height: 18.00pt;\">\n<td class=\"et3\" style=\"height: 18.00pt; width: 124.50pt;\" width=\"124\" height=\"18\">Material<\/td>\n<td class=\"et3\" style=\"width: 214.40pt;\" width=\"214\">Porcelana resistente<\/td>\n<\/tr>\n<tr style=\"height: 18.00pt;\">\n<td class=\"et3\" style=\"height: 18.00pt; width: 124.50pt;\" width=\"124\" height=\"18\">Dimensi\u00f3n<\/td>\n<td class=\"et3\" style=\"width: 214.40pt;\" width=\"214\">Como imagen detallada<\/td>\n<\/tr>\n<tr style=\"height: 18.00pt;\">\n<td class=\"et3\" style=\"height: 18.00pt; width: 124.50pt;\" width=\"124\" height=\"18\">Unidades de venta<\/td>\n<td class=\"et3\" style=\"width: 214.40pt;\" width=\"214\">Art\u00edculo \u00fanico<\/td>\n<\/tr>\n<tr style=\"height: 18.00pt;\">\n<td class=\"et3\" style=\"height: 18.00pt; width: 124.50pt;\" width=\"124\" height=\"18\">MOQ<\/td>\n<td class=\"et3\" style=\"width: 214.40pt;\" width=\"214\">1200 unid. por art\u00edculo<\/td>\n<\/tr>\n<tr style=\"height: 18.00pt;\">\n<td class=\"et3\" style=\"height: 18.00pt; width: 124.50pt;\" width=\"124\" height=\"18\">Opci\u00f3n personalizada<\/td>\n<td class=\"et3\" style=\"width: 214.40pt;\" width=\"214\">Color\/Tama\u00f1o\/Glaseado\/Logotipo\/Embalaje<\/td>\n<\/tr>\n<\/tbody>\n<\/table>","protected":false},"featured_media":5751,"comment_status":"closed","ping_status":"closed","template":"","meta":{"_acf_changed":false},"product_brand":[],"product_cat":[50,21],"product_tag":[],"class_list":{"0":"post-5748","1":"product","2":"type-product","3":"status-publish","4":"has-post-thumbnail","6":"product_cat-wholesale-vases-and-pots","7":"product_cat-ceramic-vases-bulk","9":"first","10":"instock","11":"shipping-taxable","12":"product-type-simple"},"acf":[],"_links":{"self":[{"href":"https:\/\/www.lovinghomecollection.com\/es\/wp-json\/wp\/v2\/product\/5748","targetHints":{"allow":["GET"]}}],"collection":[{"href":"https:\/\/www.lovinghomecollection.com\/es\/wp-json\/wp\/v2\/product"}],"about":[{"href":"https:\/\/www.lovinghomecollection.com\/es\/wp-json\/wp\/v2\/types\/product"}],"replies":[{"embeddable":true,"href":"https:\/\/www.lovinghomecollection.com\/es\/wp-json\/wp\/v2\/comments?post=5748"}],"wp:featuredmedia":[{"embeddable":true,"href":"https:\/\/www.lovinghomecollection.com\/es\/wp-json\/wp\/v2\/media\/5751"}],"wp:attachment":[{"href":"https:\/\/www.lovinghomecollection.com\/es\/wp-json\/wp\/v2\/media?parent=5748"}],"wp:term":[{"taxonomy":"product_brand","embeddable":true,"href":"https:\/\/www.lovinghomecollection.com\/es\/wp-json\/wp\/v2\/product_brand?post=5748"},{"taxonomy":"product_cat","embeddable":true,"href":"https:\/\/www.lovinghomecollection.com\/es\/wp-json\/wp\/v2\/product_cat?post=5748"},{"taxonomy":"product_tag","embeddable":true,"href":"https:\/\/www.lovinghomecollection.com\/es\/wp-json\/wp\/v2\/product_tag?post=5748"}],"curies":[{"name":"wp","href":"https:\/\/api.w.org\/{rel}","templated":true}]}}