{"id":5553,"date":"2025-11-21T10:09:07","date_gmt":"2025-11-21T10:09:07","guid":{"rendered":"https:\/\/www.lovinghomecollection.com\/?post_type=product&#038;p=5553"},"modified":"2025-11-21T10:09:08","modified_gmt":"2025-11-21T10:09:08","slug":"wholesale-table-lamps","status":"publish","type":"product","link":"https:\/\/www.lovinghomecollection.com\/es\/producto\/wholesale-table-lamps\/","title":{"rendered":"L\u00e1mparas de mesa al por mayor con forma de calabaza \u00fanica y base de cer\u00e1mica"},"content":{"rendered":"<div class=\"wp-block-columns is-layout-flex wp-container-core-columns-is-layout-9d6595d7 wp-block-columns-is-layout-flex\">\n<div class=\"wp-block-column is-layout-flow wp-block-column-is-layout-flow\" style=\"flex-basis:60%\">\n<h2 class=\"wp-block-heading\">Premium L\u00e1mparas de mesa al por mayor Caracter\u00edsticas:<\/h2>\n\n\n\n<ul class=\"wp-block-list\">\n<li><strong>Forma de calabaza \u00fanica:<\/strong> Estas l\u00e1mparas de sobremesa de cer\u00e1mica a granel presentan una original forma de calabaza de varias capas con l\u00edneas suaves y redondeadas y un esmalte a rayas verticales verdes y blancas limpio y uniforme.<\/li>\n\n\n\n<li><strong>Set completo listo para usar, c\u00f3modo y sin complicaciones:<\/strong> Nuestras l\u00e1mparas de mesa al por mayor incluyen un cable de alimentaci\u00f3n negro de 1,9 metros, una bombilla blanca de bajo consumo de 10 vatios y una pantalla coordinada para reducir el tiempo dedicado a su distribuci\u00f3n o su uso para el usuario final despu\u00e9s de la venta al por mayor.<\/li>\n\n\n\n<li><strong>Pr\u00e1ctico y vers\u00e1til: <\/strong>Estas compactas l\u00e1mparas de sobremesa de cer\u00e1mica a granel (11\u00d711\u00d717 cm) ahorran espacio, y la bombilla de 10 vatios emite una luz suave a trav\u00e9s de la pantalla a rayas blanquecinas que ayudar\u00e1 a conseguir un espacio acogedor y relajante.<\/li>\n\n\n\n<li><strong>Artesan\u00eda cer\u00e1mica de primera calidad: <\/strong>La base de estas l\u00e1mparas de mesa al por mayor est\u00e1 hecha de cer\u00e1mica de primera calidad, esmalte suave y color de larga duraci\u00f3n junto con el marco bien construido fortalecer la calidad de seguridad pieza l\u00edder con el lujo.<\/li>\n<\/ul>\n<\/div>\n\n\n\n<div class=\"wp-block-column is-layout-flow wp-block-column-is-layout-flow\" style=\"flex-basis:40%\">\n<figure class=\"wp-block-image size-full\"><img decoding=\"async\" width=\"1200\" height=\"1200\" src=\"https:\/\/www.lovinghomecollection.com\/wp-content\/uploads\/2025\/11\/Unique-Gourd-Shape-Wholesale-Table-Lamps-with-Ceramic-Base-1.webp\" alt=\"L\u00e1mparas de mesa con forma de calabaza al por mayor con base de cer\u00e1mica-1\" class=\"wp-image-5710\" srcset=\"https:\/\/www.lovinghomecollection.com\/wp-content\/uploads\/2025\/11\/Unique-Gourd-Shape-Wholesale-Table-Lamps-with-Ceramic-Base-1.webp 1200w, https:\/\/www.lovinghomecollection.com\/wp-content\/uploads\/2025\/11\/Unique-Gourd-Shape-Wholesale-Table-Lamps-with-Ceramic-Base-1-300x300.webp 300w, https:\/\/www.lovinghomecollection.com\/wp-content\/uploads\/2025\/11\/Unique-Gourd-Shape-Wholesale-Table-Lamps-with-Ceramic-Base-1-150x150.webp 150w, https:\/\/www.lovinghomecollection.com\/wp-content\/uploads\/2025\/11\/Unique-Gourd-Shape-Wholesale-Table-Lamps-with-Ceramic-Base-1-768x768.webp 768w, https:\/\/www.lovinghomecollection.com\/wp-content\/uploads\/2025\/11\/Unique-Gourd-Shape-Wholesale-Table-Lamps-with-Ceramic-Base-1-12x12.webp 12w, https:\/\/www.lovinghomecollection.com\/wp-content\/uploads\/2025\/11\/Unique-Gourd-Shape-Wholesale-Table-Lamps-with-Ceramic-Base-1-600x600.webp 600w, https:\/\/www.lovinghomecollection.com\/wp-content\/uploads\/2025\/11\/Unique-Gourd-Shape-Wholesale-Table-Lamps-with-Ceramic-Base-1-100x100.webp 100w\" sizes=\"(max-width: 1200px) 100vw, 1200px\" \/><\/figure>\n<\/div>\n<\/div>\n\n\n\n<h2 class=\"wp-block-heading has-text-align-center\">Exposici\u00f3n de productos de L\u00e1mparas de mesa al por mayor<\/h2>\n\n\n\n<div class=\"wp-block-columns is-layout-flex wp-container-core-columns-is-layout-9d6595d7 wp-block-columns-is-layout-flex\">\n<div class=\"wp-block-column is-layout-flow wp-block-column-is-layout-flow\">\n<figure class=\"wp-block-image size-full\"><img decoding=\"async\" width=\"1200\" height=\"1200\" src=\"https:\/\/www.lovinghomecollection.com\/wp-content\/uploads\/2025\/11\/Unique-Gourd-Shape-Wholesale-Table-Lamps-with-Ceramic-Base-2.webp\" alt=\"L\u00e1mparas de mesa \u00fanicas con forma de calabaza y base de cer\u00e1mica - 2\" class=\"wp-image-5711\" srcset=\"https:\/\/www.lovinghomecollection.com\/wp-content\/uploads\/2025\/11\/Unique-Gourd-Shape-Wholesale-Table-Lamps-with-Ceramic-Base-2.webp 1200w, https:\/\/www.lovinghomecollection.com\/wp-content\/uploads\/2025\/11\/Unique-Gourd-Shape-Wholesale-Table-Lamps-with-Ceramic-Base-2-300x300.webp 300w, https:\/\/www.lovinghomecollection.com\/wp-content\/uploads\/2025\/11\/Unique-Gourd-Shape-Wholesale-Table-Lamps-with-Ceramic-Base-2-150x150.webp 150w, https:\/\/www.lovinghomecollection.com\/wp-content\/uploads\/2025\/11\/Unique-Gourd-Shape-Wholesale-Table-Lamps-with-Ceramic-Base-2-768x768.webp 768w, https:\/\/www.lovinghomecollection.com\/wp-content\/uploads\/2025\/11\/Unique-Gourd-Shape-Wholesale-Table-Lamps-with-Ceramic-Base-2-12x12.webp 12w, https:\/\/www.lovinghomecollection.com\/wp-content\/uploads\/2025\/11\/Unique-Gourd-Shape-Wholesale-Table-Lamps-with-Ceramic-Base-2-600x600.webp 600w, https:\/\/www.lovinghomecollection.com\/wp-content\/uploads\/2025\/11\/Unique-Gourd-Shape-Wholesale-Table-Lamps-with-Ceramic-Base-2-100x100.webp 100w\" sizes=\"(max-width: 1200px) 100vw, 1200px\" \/><\/figure>\n<\/div>\n\n\n\n<div class=\"wp-block-column is-layout-flow wp-block-column-is-layout-flow\">\n<figure class=\"wp-block-image size-full\"><img decoding=\"async\" width=\"680\" height=\"680\" src=\"https:\/\/www.lovinghomecollection.com\/wp-content\/uploads\/2025\/11\/Unique-Gourd-Shape-Wholesale-Table-Lamps-with-Ceramic-Base-3.webp\" alt=\"L\u00e1mparas de mesa con forma de calabaza al por mayor con base de cer\u00e1mica-3\" class=\"wp-image-5712\" srcset=\"https:\/\/www.lovinghomecollection.com\/wp-content\/uploads\/2025\/11\/Unique-Gourd-Shape-Wholesale-Table-Lamps-with-Ceramic-Base-3.webp 680w, https:\/\/www.lovinghomecollection.com\/wp-content\/uploads\/2025\/11\/Unique-Gourd-Shape-Wholesale-Table-Lamps-with-Ceramic-Base-3-300x300.webp 300w, https:\/\/www.lovinghomecollection.com\/wp-content\/uploads\/2025\/11\/Unique-Gourd-Shape-Wholesale-Table-Lamps-with-Ceramic-Base-3-150x150.webp 150w, https:\/\/www.lovinghomecollection.com\/wp-content\/uploads\/2025\/11\/Unique-Gourd-Shape-Wholesale-Table-Lamps-with-Ceramic-Base-3-12x12.webp 12w, https:\/\/www.lovinghomecollection.com\/wp-content\/uploads\/2025\/11\/Unique-Gourd-Shape-Wholesale-Table-Lamps-with-Ceramic-Base-3-600x600.webp 600w, https:\/\/www.lovinghomecollection.com\/wp-content\/uploads\/2025\/11\/Unique-Gourd-Shape-Wholesale-Table-Lamps-with-Ceramic-Base-3-100x100.webp 100w\" sizes=\"(max-width: 680px) 100vw, 680px\" \/><\/figure>\n<\/div>\n<\/div>","protected":false},"excerpt":{"rendered":"<p>Encuentra l\u00e1mparas de cer\u00e1mica al por mayor de primera calidad. Nuestras l\u00e1mparas de mesa al por mayor en forma de calabaza presentan una base de cer\u00e1mica en forma de calabaza con rayas verdes y blancas, y una pantalla a rayas en tonos c\u00e1lidos; combina los principios modernos del minimalismo con una inspiraci\u00f3n en la naturaleza.<\/p>\n<table style=\"border-collapse: collapse; width: 338.02pt;\" border=\"0\" width=\"338\" cellspacing=\"0\" cellpadding=\"0\">\n<tbody>\n<tr style=\"height: 18.00pt;\">\n<td class=\"et3\" style=\"height: 18.00pt; width: 124.50pt;\" width=\"124\" height=\"18\">Fabricante<\/td>\n<td class=\"et3\" style=\"width: 214.40pt;\" width=\"214\">Un hogar lleno de amor<\/td>\n<\/tr>\n<tr style=\"height: 18.00pt;\">\n<td class=\"et3\" style=\"height: 18.00pt; width: 124.50pt;\" width=\"124\" height=\"18\">Tipo de producto<\/td>\n<td class=\"et4\" style=\"width: 214.40pt;\" width=\"214\">L\u00e1mparas de mesa de cer\u00e1mica<\/td>\n<\/tr>\n<tr style=\"height: 18.00pt;\">\n<td class=\"et3\" style=\"height: 18.00pt; width: 124.50pt;\" width=\"124\" height=\"18\">Material<\/td>\n<td class=\"et3\" style=\"width: 214.40pt;\" width=\"214\">Porcelana resistente<\/td>\n<\/tr>\n<tr style=\"height: 18.00pt;\">\n<td class=\"et3\" style=\"height: 18.00pt; width: 124.50pt;\" width=\"124\" height=\"18\">Dimensi\u00f3n<\/td>\n<td class=\"et3\" style=\"width: 214.40pt;\" width=\"214\">Como imagen detallada<\/td>\n<\/tr>\n<tr style=\"height: 18.00pt;\">\n<td class=\"et3\" style=\"height: 18.00pt; width: 124.50pt;\" width=\"124\" height=\"18\">Unidades de venta<\/td>\n<td class=\"et3\" style=\"width: 214.40pt;\" width=\"214\">Art\u00edculo \u00fanico<\/td>\n<\/tr>\n<tr style=\"height: 18.00pt;\">\n<td class=\"et3\" style=\"height: 18.00pt; width: 124.50pt;\" width=\"124\" height=\"18\">MOQ<\/td>\n<td class=\"et3\" style=\"width: 214.40pt;\" width=\"214\">1200 unid. por art\u00edculo<\/td>\n<\/tr>\n<tr style=\"height: 18.00pt;\">\n<td class=\"et3\" style=\"height: 18.00pt; width: 124.50pt;\" width=\"124\" height=\"18\">Opci\u00f3n personalizada<\/td>\n<td class=\"et3\" style=\"width: 214.40pt;\" width=\"214\">Color\/Tama\u00f1o\/Glaseado\/Logotipo\/Embalaje<\/td>\n<\/tr>\n<\/tbody>\n<\/table>","protected":false},"featured_media":5711,"comment_status":"closed","ping_status":"closed","template":"","meta":{"_acf_changed":false},"product_brand":[],"product_cat":[51],"product_tag":[],"class_list":{"0":"post-5553","1":"product","2":"type-product","3":"status-publish","4":"has-post-thumbnail","6":"product_cat-table-lamp-manufacturer","8":"first","9":"instock","10":"shipping-taxable","11":"product-type-simple"},"acf":[],"_links":{"self":[{"href":"https:\/\/www.lovinghomecollection.com\/es\/wp-json\/wp\/v2\/product\/5553","targetHints":{"allow":["GET"]}}],"collection":[{"href":"https:\/\/www.lovinghomecollection.com\/es\/wp-json\/wp\/v2\/product"}],"about":[{"href":"https:\/\/www.lovinghomecollection.com\/es\/wp-json\/wp\/v2\/types\/product"}],"replies":[{"embeddable":true,"href":"https:\/\/www.lovinghomecollection.com\/es\/wp-json\/wp\/v2\/comments?post=5553"}],"wp:featuredmedia":[{"embeddable":true,"href":"https:\/\/www.lovinghomecollection.com\/es\/wp-json\/wp\/v2\/media\/5711"}],"wp:attachment":[{"href":"https:\/\/www.lovinghomecollection.com\/es\/wp-json\/wp\/v2\/media?parent=5553"}],"wp:term":[{"taxonomy":"product_brand","embeddable":true,"href":"https:\/\/www.lovinghomecollection.com\/es\/wp-json\/wp\/v2\/product_brand?post=5553"},{"taxonomy":"product_cat","embeddable":true,"href":"https:\/\/www.lovinghomecollection.com\/es\/wp-json\/wp\/v2\/product_cat?post=5553"},{"taxonomy":"product_tag","embeddable":true,"href":"https:\/\/www.lovinghomecollection.com\/es\/wp-json\/wp\/v2\/product_tag?post=5553"}],"curies":[{"name":"wp","href":"https:\/\/api.w.org\/{rel}","templated":true}]}}