{"id":5544,"date":"2025-11-22T03:27:07","date_gmt":"2025-11-22T03:27:07","guid":{"rendered":"https:\/\/www.lovinghomecollection.com\/?post_type=product&#038;p=5544"},"modified":"2025-11-22T03:27:08","modified_gmt":"2025-11-22T03:27:08","slug":"art-deco-vases-wholesale","status":"publish","type":"product","link":"https:\/\/www.lovinghomecollection.com\/es\/producto\/art-deco-vases-wholesale\/","title":{"rendered":"Vases Art D\u00e9co al por mayor con dise\u00f1os multiperforados"},"content":{"rendered":"<div class=\"wp-block-columns is-layout-flex wp-container-core-columns-is-layout-9d6595d7 wp-block-columns-is-layout-flex\">\n<div class=\"wp-block-column is-layout-flow wp-block-column-is-layout-flow\" style=\"flex-basis:60%\">\n<h2 class=\"wp-block-heading\">Premium Art Deco Jarrones al por mayor Caracter\u00edsticas:<\/h2>\n\n\n\n<ul class=\"wp-block-list\">\n<li><strong>Combinar arte y practicidad: <\/strong>Estos jarrones Art Dec\u00f3 al por mayor han incorporado dise\u00f1os \u00fanicos de bocas acampanadas, orificios redondos y orificios en forma de coraz\u00f3n. Nuestros productos son \u00fanicos y tienen un dise\u00f1o tan art\u00edstico como los floreros. Las m\u00faltiples aberturas perforadas le permiten colocar diferentes flores al mismo tiempo... Arreglos florales en capas de forma r\u00e1pida y sencilla.<\/li>\n\n\n\n<li><strong>Textura artesanal natural: <\/strong>El material de terracota de estos jarrones florales al por mayor conserva las marcas cepilladas a mano y las variaciones naturales del esmalte. La combinaci\u00f3n de colores marr\u00f3n y blanco con toques p\u00farpura proporciona calidez r\u00fastica con un atractivo dise\u00f1o Wabi-sabi.<\/li>\n\n\n\n<li><strong>Varias combinaciones de tama\u00f1os: <\/strong>Nuestros jarrones Art Deco al por mayor ofrecen una gama completa de tama\u00f1os, desde art\u00edculos al por mayor peque\u00f1os (19 cm) hasta grandes (41 cm), e incluyen formas est\u00e1ndar y de pie para que el mayorista pueda reunir todo su pedido r\u00e1pidamente y en una sola tienda.<\/li>\n\n\n\n<li><strong>Vers\u00e1til para diversos escenarios:<\/strong> Nuestros jarrones florales al por mayor sirven tanto de floreros como de piezas decorativas, a\u00f1adiendo un toque de distinci\u00f3n a cualquier espacio sin necesidad de arreglos florales.<\/li>\n<\/ul>\n<\/div>\n\n\n\n<div class=\"wp-block-column is-layout-flow wp-block-column-is-layout-flow\" style=\"flex-basis:40%\">\n<figure class=\"wp-block-image size-full\"><img decoding=\"async\" width=\"1200\" height=\"1200\" src=\"https:\/\/www.lovinghomecollection.com\/wp-content\/uploads\/2025\/11\/Art-Deco-Vases-Wholesale-with-Multi-Perforated-Designs-4.webp\" alt=\"Jarrones Art Deco al por mayor con dise\u00f1os multiperforados-4\" class=\"wp-image-5743\" srcset=\"https:\/\/www.lovinghomecollection.com\/wp-content\/uploads\/2025\/11\/Art-Deco-Vases-Wholesale-with-Multi-Perforated-Designs-4.webp 1200w, https:\/\/www.lovinghomecollection.com\/wp-content\/uploads\/2025\/11\/Art-Deco-Vases-Wholesale-with-Multi-Perforated-Designs-4-300x300.webp 300w, https:\/\/www.lovinghomecollection.com\/wp-content\/uploads\/2025\/11\/Art-Deco-Vases-Wholesale-with-Multi-Perforated-Designs-4-150x150.webp 150w, https:\/\/www.lovinghomecollection.com\/wp-content\/uploads\/2025\/11\/Art-Deco-Vases-Wholesale-with-Multi-Perforated-Designs-4-768x768.webp 768w, https:\/\/www.lovinghomecollection.com\/wp-content\/uploads\/2025\/11\/Art-Deco-Vases-Wholesale-with-Multi-Perforated-Designs-4-12x12.webp 12w, https:\/\/www.lovinghomecollection.com\/wp-content\/uploads\/2025\/11\/Art-Deco-Vases-Wholesale-with-Multi-Perforated-Designs-4-600x600.webp 600w, https:\/\/www.lovinghomecollection.com\/wp-content\/uploads\/2025\/11\/Art-Deco-Vases-Wholesale-with-Multi-Perforated-Designs-4-100x100.webp 100w\" sizes=\"(max-width: 1200px) 100vw, 1200px\" \/><\/figure>\n<\/div>\n<\/div>\n\n\n\n<h2 class=\"wp-block-heading has-text-align-center\">Mostrar productos de Jarrones Art Deco al por mayor<\/h2>\n\n\n\n<div class=\"wp-block-columns is-layout-flex wp-container-core-columns-is-layout-9d6595d7 wp-block-columns-is-layout-flex\">\n<div class=\"wp-block-column is-layout-flow wp-block-column-is-layout-flow\">\n<figure class=\"wp-block-image size-full\"><img decoding=\"async\" width=\"1723\" height=\"1113\" src=\"https:\/\/www.lovinghomecollection.com\/wp-content\/uploads\/2025\/11\/Art-Deco-Vases-Wholesale-with-Multi-Perforated-Designs-7.webp\" alt=\"Jarrones Art Deco al por mayor con dise\u00f1os multiperforados-7\" class=\"wp-image-5746\" srcset=\"https:\/\/www.lovinghomecollection.com\/wp-content\/uploads\/2025\/11\/Art-Deco-Vases-Wholesale-with-Multi-Perforated-Designs-7.webp 1723w, https:\/\/www.lovinghomecollection.com\/wp-content\/uploads\/2025\/11\/Art-Deco-Vases-Wholesale-with-Multi-Perforated-Designs-7-300x194.webp 300w, https:\/\/www.lovinghomecollection.com\/wp-content\/uploads\/2025\/11\/Art-Deco-Vases-Wholesale-with-Multi-Perforated-Designs-7-768x496.webp 768w, https:\/\/www.lovinghomecollection.com\/wp-content\/uploads\/2025\/11\/Art-Deco-Vases-Wholesale-with-Multi-Perforated-Designs-7-18x12.webp 18w, https:\/\/www.lovinghomecollection.com\/wp-content\/uploads\/2025\/11\/Art-Deco-Vases-Wholesale-with-Multi-Perforated-Designs-7-1200x775.webp 1200w, https:\/\/www.lovinghomecollection.com\/wp-content\/uploads\/2025\/11\/Art-Deco-Vases-Wholesale-with-Multi-Perforated-Designs-7-600x388.webp 600w\" sizes=\"(max-width: 1723px) 100vw, 1723px\" \/><\/figure>\n<\/div>\n\n\n\n<div class=\"wp-block-column is-layout-flow wp-block-column-is-layout-flow\">\n<figure class=\"wp-block-image size-full\"><img decoding=\"async\" width=\"1723\" height=\"567\" src=\"https:\/\/www.lovinghomecollection.com\/wp-content\/uploads\/2025\/11\/Art-Deco-Vases-Wholesale-with-Multi-Perforated-Designs-8.webp\" alt=\"Jarrones Art Deco al por mayor con dise\u00f1os multiperforados-8\" class=\"wp-image-5747\" srcset=\"https:\/\/www.lovinghomecollection.com\/wp-content\/uploads\/2025\/11\/Art-Deco-Vases-Wholesale-with-Multi-Perforated-Designs-8.webp 1723w, https:\/\/www.lovinghomecollection.com\/wp-content\/uploads\/2025\/11\/Art-Deco-Vases-Wholesale-with-Multi-Perforated-Designs-8-300x99.webp 300w, https:\/\/www.lovinghomecollection.com\/wp-content\/uploads\/2025\/11\/Art-Deco-Vases-Wholesale-with-Multi-Perforated-Designs-8-768x253.webp 768w, https:\/\/www.lovinghomecollection.com\/wp-content\/uploads\/2025\/11\/Art-Deco-Vases-Wholesale-with-Multi-Perforated-Designs-8-18x6.webp 18w, https:\/\/www.lovinghomecollection.com\/wp-content\/uploads\/2025\/11\/Art-Deco-Vases-Wholesale-with-Multi-Perforated-Designs-8-1200x395.webp 1200w, https:\/\/www.lovinghomecollection.com\/wp-content\/uploads\/2025\/11\/Art-Deco-Vases-Wholesale-with-Multi-Perforated-Designs-8-600x197.webp 600w\" sizes=\"(max-width: 1723px) 100vw, 1723px\" \/><\/figure>\n<\/div>\n<\/div>","protected":false},"excerpt":{"rendered":"<p>Compre ahora al por mayor recipientes para flores. Nuestros jarrones Art D\u00e9co al por mayor tienen m\u00faltiples perforaciones y formas esculturales variadas, incluyendo esferas, corazones y l\u00e1grimas. Cada uno de los frascos tiene un esmalte marr\u00f3n r\u00fastico natural y un aspecto artesanal que realza sus caracter\u00edsticas artesanales.<\/p>\n<table style=\"border-collapse: collapse; width: 338.02pt;\" border=\"0\" width=\"338\" cellspacing=\"0\" cellpadding=\"0\">\n<tbody>\n<tr style=\"height: 18.00pt;\">\n<td class=\"et3\" style=\"height: 18.00pt; width: 124.50pt;\" width=\"124\" height=\"18\">Fabricante<\/td>\n<td class=\"et3\" style=\"width: 214.40pt;\" width=\"214\">Un hogar lleno de amor<\/td>\n<\/tr>\n<tr style=\"height: 18.00pt;\">\n<td class=\"et3\" style=\"height: 18.00pt; width: 124.50pt;\" width=\"124\" height=\"18\">Tipo de producto<\/td>\n<td class=\"et4\" style=\"width: 214.40pt;\" width=\"214\">Jarrones Art D\u00e9co<\/td>\n<\/tr>\n<tr style=\"height: 18.00pt;\">\n<td class=\"et3\" style=\"height: 18.00pt; width: 124.50pt;\" width=\"124\" height=\"18\">Material<\/td>\n<td class=\"et3\" style=\"width: 214.40pt;\" width=\"214\">Porcelana resistente<\/td>\n<\/tr>\n<tr style=\"height: 18.00pt;\">\n<td class=\"et3\" style=\"height: 18.00pt; width: 124.50pt;\" width=\"124\" height=\"18\">Dimensi\u00f3n<\/td>\n<td class=\"et3\" style=\"width: 214.40pt;\" width=\"214\">Como imagen detallada<\/td>\n<\/tr>\n<tr style=\"height: 18.00pt;\">\n<td class=\"et3\" style=\"height: 18.00pt; width: 124.50pt;\" width=\"124\" height=\"18\">Unidades de venta<\/td>\n<td class=\"et3\" style=\"width: 214.40pt;\" width=\"214\">Art\u00edculo \u00fanico<\/td>\n<\/tr>\n<tr style=\"height: 18.00pt;\">\n<td class=\"et3\" style=\"height: 18.00pt; width: 124.50pt;\" width=\"124\" height=\"18\">MOQ<\/td>\n<td class=\"et3\" style=\"width: 214.40pt;\" width=\"214\">1200 unid. por art\u00edculo<\/td>\n<\/tr>\n<tr style=\"height: 18.00pt;\">\n<td class=\"et3\" style=\"height: 18.00pt; width: 124.50pt;\" width=\"124\" height=\"18\">Opci\u00f3n personalizada<\/td>\n<td class=\"et3\" style=\"width: 214.40pt;\" width=\"214\">Color\/Tama\u00f1o\/Glaseado\/Logotipo\/Embalaje<\/td>\n<\/tr>\n<\/tbody>\n<\/table>","protected":false},"featured_media":5740,"comment_status":"closed","ping_status":"closed","template":"","meta":{"_acf_changed":false},"product_brand":[],"product_cat":[50,21],"product_tag":[],"class_list":{"0":"post-5544","1":"product","2":"type-product","3":"status-publish","4":"has-post-thumbnail","6":"product_cat-wholesale-vases-and-pots","7":"product_cat-ceramic-vases-bulk","9":"first","10":"instock","11":"shipping-taxable","12":"product-type-simple"},"acf":[],"_links":{"self":[{"href":"https:\/\/www.lovinghomecollection.com\/es\/wp-json\/wp\/v2\/product\/5544","targetHints":{"allow":["GET"]}}],"collection":[{"href":"https:\/\/www.lovinghomecollection.com\/es\/wp-json\/wp\/v2\/product"}],"about":[{"href":"https:\/\/www.lovinghomecollection.com\/es\/wp-json\/wp\/v2\/types\/product"}],"replies":[{"embeddable":true,"href":"https:\/\/www.lovinghomecollection.com\/es\/wp-json\/wp\/v2\/comments?post=5544"}],"wp:featuredmedia":[{"embeddable":true,"href":"https:\/\/www.lovinghomecollection.com\/es\/wp-json\/wp\/v2\/media\/5740"}],"wp:attachment":[{"href":"https:\/\/www.lovinghomecollection.com\/es\/wp-json\/wp\/v2\/media?parent=5544"}],"wp:term":[{"taxonomy":"product_brand","embeddable":true,"href":"https:\/\/www.lovinghomecollection.com\/es\/wp-json\/wp\/v2\/product_brand?post=5544"},{"taxonomy":"product_cat","embeddable":true,"href":"https:\/\/www.lovinghomecollection.com\/es\/wp-json\/wp\/v2\/product_cat?post=5544"},{"taxonomy":"product_tag","embeddable":true,"href":"https:\/\/www.lovinghomecollection.com\/es\/wp-json\/wp\/v2\/product_tag?post=5544"}],"curies":[{"name":"wp","href":"https:\/\/api.w.org\/{rel}","templated":true}]}}