{"id":5521,"date":"2025-11-19T09:40:33","date_gmt":"2025-11-19T09:40:33","guid":{"rendered":"https:\/\/www.lovinghomecollection.com\/?post_type=product&#038;p=5521"},"modified":"2025-11-19T09:40:34","modified_gmt":"2025-11-19T09:40:34","slug":"ceramic-table-lamp-wholesale","status":"publish","type":"product","link":"https:\/\/www.lovinghomecollection.com\/es\/producto\/ceramic-table-lamp-wholesale\/","title":{"rendered":"L\u00e1mpara de mesa de cer\u00e1mica al por mayor, l\u00e1mparas de noche con bombilla de luz suave"},"content":{"rendered":"<div class=\"wp-block-columns is-layout-flex wp-container-core-columns-is-layout-9d6595d7 wp-block-columns-is-layout-flex\">\n<div class=\"wp-block-column is-layout-flow wp-block-column-is-layout-flow\" style=\"flex-basis:60%\">\n<h2 class=\"wp-block-heading\">L\u00e1mpara de mesa de cer\u00e1mica Premium al por mayor Caracter\u00edsticas:<\/h2>\n\n\n\n<ul class=\"wp-block-list\">\n<li><strong>Materiales naturales y ecol\u00f3gicos: <\/strong>Esta l\u00e1mpara de mesa de cer\u00e1mica al por mayor est\u00e1 hecha de cer\u00e1mica duradera con la pantalla hecha de fibras tejidas renovables que son seguras, no t\u00f3xicas e inofensivas, lo que est\u00e1 en l\u00ednea con la tendencia moderna de decoraci\u00f3n del hogar de consumo ecol\u00f3gico.<\/li>\n\n\n\n<li><strong>Efecto de luz c\u00e1lida: <\/strong>Estas l\u00e1mparas de cer\u00e1mica a granel utilizan una bombilla de luz suave de 10 vatios, as\u00ed como una pantalla transpirable que crea una luz uniforme que no deslumbra, lo que aumenta tanto el confort como la calidez del ambiente.<\/li>\n\n\n\n<li><strong>Estilos de dise\u00f1o vers\u00e1tiles: <\/strong>Nuestra l\u00e1mpara de mesa de cer\u00e1mica al por mayor est\u00e1 disponible en rayas azules y blancas, y en blanco puro con rayas rojas. Su dise\u00f1o sencillo y r\u00fastico puede adaptarse a todo tipo de estilos de interior, desde el escandinavo hasta el country, y puede encajar en muchas situaciones.<\/li>\n\n\n\n<li><strong>Configuraci\u00f3n pr\u00e1ctica y completa: <\/strong>Estas l\u00e1mparas cer\u00e1micas a granel vienen con un cable de 1,7 metros y una bombilla de seguridad (preparada para el mercado), todo ello preenvasado y listo para usar nada m\u00e1s sacarlo de la caja, lo que ahorra en costes de instalaci\u00f3n y hace que la compra al por mayor sea sencilla y eficaz.<\/li>\n<\/ul>\n<\/div>\n\n\n\n<div class=\"wp-block-column is-layout-flow wp-block-column-is-layout-flow\" style=\"flex-basis:40%\">\n<figure class=\"wp-block-image size-full\"><img decoding=\"async\" width=\"1200\" height=\"1200\" src=\"https:\/\/www.lovinghomecollection.com\/wp-content\/uploads\/2025\/11\/Ceramic-Table-Lamp-Wholesale-Soft-Light-Bulb-Bedside-Lamps-10.webp\" alt=\"L\u00e1mpara de mesa de cer\u00e1mica al por mayor, L\u00e1mparas de cabecera con bombilla de luz suave-10\" class=\"wp-image-5679\" srcset=\"https:\/\/www.lovinghomecollection.com\/wp-content\/uploads\/2025\/11\/Ceramic-Table-Lamp-Wholesale-Soft-Light-Bulb-Bedside-Lamps-10.webp 1200w, https:\/\/www.lovinghomecollection.com\/wp-content\/uploads\/2025\/11\/Ceramic-Table-Lamp-Wholesale-Soft-Light-Bulb-Bedside-Lamps-10-300x300.webp 300w, https:\/\/www.lovinghomecollection.com\/wp-content\/uploads\/2025\/11\/Ceramic-Table-Lamp-Wholesale-Soft-Light-Bulb-Bedside-Lamps-10-150x150.webp 150w, https:\/\/www.lovinghomecollection.com\/wp-content\/uploads\/2025\/11\/Ceramic-Table-Lamp-Wholesale-Soft-Light-Bulb-Bedside-Lamps-10-768x768.webp 768w, https:\/\/www.lovinghomecollection.com\/wp-content\/uploads\/2025\/11\/Ceramic-Table-Lamp-Wholesale-Soft-Light-Bulb-Bedside-Lamps-10-12x12.webp 12w, https:\/\/www.lovinghomecollection.com\/wp-content\/uploads\/2025\/11\/Ceramic-Table-Lamp-Wholesale-Soft-Light-Bulb-Bedside-Lamps-10-600x600.webp 600w, https:\/\/www.lovinghomecollection.com\/wp-content\/uploads\/2025\/11\/Ceramic-Table-Lamp-Wholesale-Soft-Light-Bulb-Bedside-Lamps-10-100x100.webp 100w\" sizes=\"(max-width: 1200px) 100vw, 1200px\" \/><\/figure>\n<\/div>\n<\/div>\n\n\n\n<h2 class=\"wp-block-heading has-text-align-center\">Exposici\u00f3n de productos de L\u00e1mpara de mesa de cer\u00e1mica al por mayor<\/h2>\n\n\n\n<div class=\"wp-block-columns is-layout-flex wp-container-core-columns-is-layout-9d6595d7 wp-block-columns-is-layout-flex\">\n<div class=\"wp-block-column is-layout-flow wp-block-column-is-layout-flow\">\n<figure class=\"wp-block-image size-full\"><img decoding=\"async\" width=\"600\" height=\"600\" src=\"https:\/\/www.lovinghomecollection.com\/wp-content\/uploads\/2025\/11\/Ceramic-Table-Lamp-Wholesale-Soft-Light-Bulb-Bedside-Lamps-12.webp\" alt=\"L\u00e1mpara de mesa de cer\u00e1mica al por mayor, L\u00e1mparas de mesilla de noche con bombilla suave-12\" class=\"wp-image-5681\" srcset=\"https:\/\/www.lovinghomecollection.com\/wp-content\/uploads\/2025\/11\/Ceramic-Table-Lamp-Wholesale-Soft-Light-Bulb-Bedside-Lamps-12.webp 600w, https:\/\/www.lovinghomecollection.com\/wp-content\/uploads\/2025\/11\/Ceramic-Table-Lamp-Wholesale-Soft-Light-Bulb-Bedside-Lamps-12-300x300.webp 300w, https:\/\/www.lovinghomecollection.com\/wp-content\/uploads\/2025\/11\/Ceramic-Table-Lamp-Wholesale-Soft-Light-Bulb-Bedside-Lamps-12-150x150.webp 150w, https:\/\/www.lovinghomecollection.com\/wp-content\/uploads\/2025\/11\/Ceramic-Table-Lamp-Wholesale-Soft-Light-Bulb-Bedside-Lamps-12-12x12.webp 12w, https:\/\/www.lovinghomecollection.com\/wp-content\/uploads\/2025\/11\/Ceramic-Table-Lamp-Wholesale-Soft-Light-Bulb-Bedside-Lamps-12-100x100.webp 100w\" sizes=\"(max-width: 600px) 100vw, 600px\" \/><\/figure>\n<\/div>\n\n\n\n<div class=\"wp-block-column is-layout-flow wp-block-column-is-layout-flow\">\n<figure class=\"wp-block-image size-full\"><img decoding=\"async\" width=\"600\" height=\"600\" src=\"https:\/\/www.lovinghomecollection.com\/wp-content\/uploads\/2025\/11\/Ceramic-Table-Lamp-Wholesale-Soft-Light-Bulb-Bedside-Lamps-13.webp\" alt=\"L\u00e1mpara de mesa de cer\u00e1mica al por mayor, L\u00e1mparas de cabecera con bombilla de luz suave-13\" class=\"wp-image-5682\" srcset=\"https:\/\/www.lovinghomecollection.com\/wp-content\/uploads\/2025\/11\/Ceramic-Table-Lamp-Wholesale-Soft-Light-Bulb-Bedside-Lamps-13.webp 600w, https:\/\/www.lovinghomecollection.com\/wp-content\/uploads\/2025\/11\/Ceramic-Table-Lamp-Wholesale-Soft-Light-Bulb-Bedside-Lamps-13-300x300.webp 300w, https:\/\/www.lovinghomecollection.com\/wp-content\/uploads\/2025\/11\/Ceramic-Table-Lamp-Wholesale-Soft-Light-Bulb-Bedside-Lamps-13-150x150.webp 150w, https:\/\/www.lovinghomecollection.com\/wp-content\/uploads\/2025\/11\/Ceramic-Table-Lamp-Wholesale-Soft-Light-Bulb-Bedside-Lamps-13-12x12.webp 12w, https:\/\/www.lovinghomecollection.com\/wp-content\/uploads\/2025\/11\/Ceramic-Table-Lamp-Wholesale-Soft-Light-Bulb-Bedside-Lamps-13-100x100.webp 100w\" sizes=\"(max-width: 600px) 100vw, 600px\" \/><\/figure>\n<\/div>\n<\/div>","protected":false},"excerpt":{"rendered":"<p>Encuentre l\u00e1mparas de cer\u00e1mica al por mayor delicadamente elaboradas. Nuestra l\u00e1mpara de mesa de cer\u00e1mica al por mayor presenta una textura natural y un estilo minimalista. La base de la l\u00e1mpara es de cer\u00e1mica de alta calidad con rayas texturizadas, una forma sencilla de a\u00f1adir estilo a tu espacio.<\/p>\n<table style=\"border-collapse: collapse; width: 338.02pt;\" border=\"0\" width=\"338\" cellspacing=\"0\" cellpadding=\"0\">\n<tbody>\n<tr style=\"height: 18.00pt;\">\n<td class=\"et3\" style=\"height: 18.00pt; width: 124.50pt;\" width=\"124\" height=\"18\">Fabricante<\/td>\n<td class=\"et3\" style=\"width: 214.40pt;\" width=\"214\">Un hogar lleno de amor<\/td>\n<\/tr>\n<tr style=\"height: 18.00pt;\">\n<td class=\"et3\" style=\"height: 18.00pt; width: 124.50pt;\" width=\"124\" height=\"18\">Tipo de producto<\/td>\n<td class=\"et4\" style=\"width: 214.40pt;\" width=\"214\">L\u00e1mparas de mesa de cer\u00e1mica<\/td>\n<\/tr>\n<tr style=\"height: 18.00pt;\">\n<td class=\"et3\" style=\"height: 18.00pt; width: 124.50pt;\" width=\"124\" height=\"18\">Material<\/td>\n<td class=\"et3\" style=\"width: 214.40pt;\" width=\"214\">Cer\u00e1mica duradera<\/td>\n<\/tr>\n<tr style=\"height: 18.00pt;\">\n<td class=\"et3\" style=\"height: 18.00pt; width: 124.50pt;\" width=\"124\" height=\"18\">Dimensi\u00f3n<\/td>\n<td class=\"et3\" style=\"width: 214.40pt;\" width=\"214\">Como imagen detallada<\/td>\n<\/tr>\n<tr style=\"height: 18.00pt;\">\n<td class=\"et3\" style=\"height: 18.00pt; width: 124.50pt;\" width=\"124\" height=\"18\">Unidades de venta<\/td>\n<td class=\"et3\" style=\"width: 214.40pt;\" width=\"214\">Art\u00edculo \u00fanico<\/td>\n<\/tr>\n<tr style=\"height: 18.00pt;\">\n<td class=\"et3\" style=\"height: 18.00pt; width: 124.50pt;\" width=\"124\" height=\"18\">MOQ<\/td>\n<td class=\"et3\" style=\"width: 214.40pt;\" width=\"214\">1200 unid. por art\u00edculo<\/td>\n<\/tr>\n<tr style=\"height: 18.00pt;\">\n<td class=\"et3\" style=\"height: 18.00pt; width: 124.50pt;\" width=\"124\" height=\"18\">Opci\u00f3n personalizada<\/td>\n<td class=\"et3\" style=\"width: 214.40pt;\" width=\"214\">Color\/Tama\u00f1o\/Glaseado\/Logotipo\/Embalaje<\/td>\n<\/tr>\n<\/tbody>\n<\/table>","protected":false},"featured_media":5680,"comment_status":"closed","ping_status":"closed","template":"","meta":{"_acf_changed":false},"product_brand":[],"product_cat":[51],"product_tag":[],"class_list":{"0":"post-5521","1":"product","2":"type-product","3":"status-publish","4":"has-post-thumbnail","6":"product_cat-table-lamp-manufacturer","8":"first","9":"instock","10":"shipping-taxable","11":"product-type-simple"},"acf":[],"_links":{"self":[{"href":"https:\/\/www.lovinghomecollection.com\/es\/wp-json\/wp\/v2\/product\/5521","targetHints":{"allow":["GET"]}}],"collection":[{"href":"https:\/\/www.lovinghomecollection.com\/es\/wp-json\/wp\/v2\/product"}],"about":[{"href":"https:\/\/www.lovinghomecollection.com\/es\/wp-json\/wp\/v2\/types\/product"}],"replies":[{"embeddable":true,"href":"https:\/\/www.lovinghomecollection.com\/es\/wp-json\/wp\/v2\/comments?post=5521"}],"wp:featuredmedia":[{"embeddable":true,"href":"https:\/\/www.lovinghomecollection.com\/es\/wp-json\/wp\/v2\/media\/5680"}],"wp:attachment":[{"href":"https:\/\/www.lovinghomecollection.com\/es\/wp-json\/wp\/v2\/media?parent=5521"}],"wp:term":[{"taxonomy":"product_brand","embeddable":true,"href":"https:\/\/www.lovinghomecollection.com\/es\/wp-json\/wp\/v2\/product_brand?post=5521"},{"taxonomy":"product_cat","embeddable":true,"href":"https:\/\/www.lovinghomecollection.com\/es\/wp-json\/wp\/v2\/product_cat?post=5521"},{"taxonomy":"product_tag","embeddable":true,"href":"https:\/\/www.lovinghomecollection.com\/es\/wp-json\/wp\/v2\/product_tag?post=5521"}],"curies":[{"name":"wp","href":"https:\/\/api.w.org\/{rel}","templated":true}]}}