{"id":5490,"date":"2025-11-22T01:15:21","date_gmt":"2025-11-22T01:15:21","guid":{"rendered":"https:\/\/www.lovinghomecollection.com\/?post_type=product&#038;p=5490"},"modified":"2025-11-22T01:15:22","modified_gmt":"2025-11-22T01:15:22","slug":"unique-flower-vases-wholesale","status":"publish","type":"product","link":"https:\/\/www.lovinghomecollection.com\/es\/producto\/unique-flower-vases-wholesale\/","title":{"rendered":"Vases de flores \u00fanicos al por mayor, vases con est\u00e9tica wabi-sabi"},"content":{"rendered":"<div class=\"wp-block-columns is-layout-flex wp-container-core-columns-is-layout-9d6595d7 wp-block-columns-is-layout-flex\">\n<div class=\"wp-block-column is-layout-flow wp-block-column-is-layout-flow\" style=\"flex-basis:60%\">\n<h2 class=\"wp-block-heading\">Caracter\u00edsticas de los jarrones de flores \u00fanicos de primera calidad al por mayor:<\/h2>\n\n\n\n<ul class=\"wp-block-list\">\n<li><strong>Mostrando una est\u00e9tica de alta gama: <\/strong>Estos exclusivos jarrones para flores al por mayor presentan texturas \u00fanicas pintadas a mano y esmaltes moteados de forma natural, lo que les confiere un aspecto lujoso. Este estilo r\u00fastico wabi-sabi est\u00e1 de moda y contribuye considerablemente al ambiente art\u00edstico de los hogares o los entornos comerciales.<\/li>\n\n\n\n<li><strong>Combinaciones de conjuntos ricos: <\/strong>Ofrecemos una amplia variedad de tama\u00f1os y estilos de jarrones para flores a granel con el fin de satisfacer las necesidades de los clientes en cuanto a diferentes tama\u00f1os y funciones, proporcionando una soluci\u00f3n integral.<\/li>\n\n\n\n<li><strong>Vers\u00e1til para diversos escenarios:<\/strong> Nuestros exclusivos jarrones para flores al por mayor sirven tanto como jarrones como piezas de arte. Se adaptan f\u00e1cilmente a diversos canales de venta, como la decoraci\u00f3n del hogar y el mercado de regalos.<\/li>\n\n\n\n<li><strong>Tonos neutros y elegantes:<\/strong> Los tonos sencillos y elegantes de estos jarrones para flores a granel complementan a la perfecci\u00f3n las flores frescas, las ramas secas o los arreglos florales artificiales.<\/li>\n<\/ul>\n<\/div>\n\n\n\n<div class=\"wp-block-column is-layout-flow wp-block-column-is-layout-flow\" style=\"flex-basis:40%\">\n<figure class=\"wp-block-image size-full\"><img decoding=\"async\" width=\"1200\" height=\"1200\" src=\"https:\/\/www.lovinghomecollection.com\/wp-content\/uploads\/2025\/11\/Unique-Flower-Vases-Wholesale-Wabi-Sabi-Aesthetic-Vases-1.webp\" alt=\"Vases de flores \u00fanicos al por mayor, vases con est\u00e9tica wabi-sabi-1\" class=\"wp-image-5720\" srcset=\"https:\/\/www.lovinghomecollection.com\/wp-content\/uploads\/2025\/11\/Unique-Flower-Vases-Wholesale-Wabi-Sabi-Aesthetic-Vases-1.webp 1200w, https:\/\/www.lovinghomecollection.com\/wp-content\/uploads\/2025\/11\/Unique-Flower-Vases-Wholesale-Wabi-Sabi-Aesthetic-Vases-1-300x300.webp 300w, https:\/\/www.lovinghomecollection.com\/wp-content\/uploads\/2025\/11\/Unique-Flower-Vases-Wholesale-Wabi-Sabi-Aesthetic-Vases-1-150x150.webp 150w, https:\/\/www.lovinghomecollection.com\/wp-content\/uploads\/2025\/11\/Unique-Flower-Vases-Wholesale-Wabi-Sabi-Aesthetic-Vases-1-768x768.webp 768w, https:\/\/www.lovinghomecollection.com\/wp-content\/uploads\/2025\/11\/Unique-Flower-Vases-Wholesale-Wabi-Sabi-Aesthetic-Vases-1-12x12.webp 12w, https:\/\/www.lovinghomecollection.com\/wp-content\/uploads\/2025\/11\/Unique-Flower-Vases-Wholesale-Wabi-Sabi-Aesthetic-Vases-1-600x600.webp 600w, https:\/\/www.lovinghomecollection.com\/wp-content\/uploads\/2025\/11\/Unique-Flower-Vases-Wholesale-Wabi-Sabi-Aesthetic-Vases-1-100x100.webp 100w\" sizes=\"(max-width: 1200px) 100vw, 1200px\" \/><\/figure>\n<\/div>\n<\/div>\n\n\n\n<h2 class=\"wp-block-heading has-text-align-center\">Exposici\u00f3n de productos de jarrones de flores \u00fanicos al por mayor<\/h2>\n\n\n\n<div class=\"wp-block-columns is-layout-flex wp-container-core-columns-is-layout-9d6595d7 wp-block-columns-is-layout-flex\">\n<div class=\"wp-block-column is-layout-flow wp-block-column-is-layout-flow\">\n<figure class=\"wp-block-image size-full\"><img decoding=\"async\" width=\"1727\" height=\"1240\" src=\"https:\/\/www.lovinghomecollection.com\/wp-content\/uploads\/2025\/11\/Unique-Flower-Vases-Wholesale-Wabi-Sabi-Aesthetic-Vases-8.webp\" alt=\"Vases de flores \u00fanicos al por mayor, jarrones con est\u00e9tica wabi-sabi-8\" class=\"wp-image-5727\" srcset=\"https:\/\/www.lovinghomecollection.com\/wp-content\/uploads\/2025\/11\/Unique-Flower-Vases-Wholesale-Wabi-Sabi-Aesthetic-Vases-8.webp 1727w, https:\/\/www.lovinghomecollection.com\/wp-content\/uploads\/2025\/11\/Unique-Flower-Vases-Wholesale-Wabi-Sabi-Aesthetic-Vases-8-300x215.webp 300w, https:\/\/www.lovinghomecollection.com\/wp-content\/uploads\/2025\/11\/Unique-Flower-Vases-Wholesale-Wabi-Sabi-Aesthetic-Vases-8-768x551.webp 768w, https:\/\/www.lovinghomecollection.com\/wp-content\/uploads\/2025\/11\/Unique-Flower-Vases-Wholesale-Wabi-Sabi-Aesthetic-Vases-8-18x12.webp 18w, https:\/\/www.lovinghomecollection.com\/wp-content\/uploads\/2025\/11\/Unique-Flower-Vases-Wholesale-Wabi-Sabi-Aesthetic-Vases-8-1200x862.webp 1200w, https:\/\/www.lovinghomecollection.com\/wp-content\/uploads\/2025\/11\/Unique-Flower-Vases-Wholesale-Wabi-Sabi-Aesthetic-Vases-8-600x431.webp 600w\" sizes=\"(max-width: 1727px) 100vw, 1727px\" \/><\/figure>\n<\/div>\n\n\n\n<div class=\"wp-block-column is-layout-flow wp-block-column-is-layout-flow\">\n<figure class=\"wp-block-image size-full\"><img decoding=\"async\" width=\"1718\" height=\"1011\" src=\"https:\/\/www.lovinghomecollection.com\/wp-content\/uploads\/2025\/11\/Unique-Flower-Vases-Wholesale-Wabi-Sabi-Aesthetic-Vases-9.webp\" alt=\"Vases de flores \u00fanicos al por mayor, vases con est\u00e9tica wabi-sabi-9\" class=\"wp-image-5728\" srcset=\"https:\/\/www.lovinghomecollection.com\/wp-content\/uploads\/2025\/11\/Unique-Flower-Vases-Wholesale-Wabi-Sabi-Aesthetic-Vases-9.webp 1718w, https:\/\/www.lovinghomecollection.com\/wp-content\/uploads\/2025\/11\/Unique-Flower-Vases-Wholesale-Wabi-Sabi-Aesthetic-Vases-9-300x177.webp 300w, https:\/\/www.lovinghomecollection.com\/wp-content\/uploads\/2025\/11\/Unique-Flower-Vases-Wholesale-Wabi-Sabi-Aesthetic-Vases-9-768x452.webp 768w, https:\/\/www.lovinghomecollection.com\/wp-content\/uploads\/2025\/11\/Unique-Flower-Vases-Wholesale-Wabi-Sabi-Aesthetic-Vases-9-18x12.webp 18w, https:\/\/www.lovinghomecollection.com\/wp-content\/uploads\/2025\/11\/Unique-Flower-Vases-Wholesale-Wabi-Sabi-Aesthetic-Vases-9-1200x706.webp 1200w, https:\/\/www.lovinghomecollection.com\/wp-content\/uploads\/2025\/11\/Unique-Flower-Vases-Wholesale-Wabi-Sabi-Aesthetic-Vases-9-600x353.webp 600w\" sizes=\"(max-width: 1718px) 100vw, 1718px\" \/><\/figure>\n<\/div>\n<\/div>","protected":false},"excerpt":{"rendered":"<p>Encuentre jarrones para flores al por mayor de primera calidad. Nuestros exclusivos jarrones para flores al por mayor se ofrecen con texturas \u00fanicas pintadas a mano y tonos r\u00fasticos naturales, y abarcan diversas alturas y formas. La est\u00e9tica general es sencilla y serena, al estilo wabi-sabi contempor\u00e1neo.<\/p>\n<table style=\"border-collapse: collapse; width: 338.02pt;\" border=\"0\" width=\"338\" cellspacing=\"0\" cellpadding=\"0\">\n<tbody>\n<tr style=\"height: 18.00pt;\">\n<td class=\"et3\" style=\"height: 18.00pt; width: 124.50pt;\" width=\"124\" height=\"18\">Fabricante<\/td>\n<td class=\"et3\" style=\"width: 214.40pt;\" width=\"214\">Un hogar lleno de amor<\/td>\n<\/tr>\n<tr style=\"height: 18.00pt;\">\n<td class=\"et3\" style=\"height: 18.00pt; width: 124.50pt;\" width=\"124\" height=\"18\">Tipo de producto<\/td>\n<td class=\"et4\" style=\"width: 214.40pt;\" width=\"214\">Floreros<\/td>\n<\/tr>\n<tr style=\"height: 18.00pt;\">\n<td class=\"et3\" style=\"height: 18.00pt; width: 124.50pt;\" width=\"124\" height=\"18\">Material<\/td>\n<td class=\"et3\" style=\"width: 214.40pt;\" width=\"214\">Porcelana resistente<\/td>\n<\/tr>\n<tr style=\"height: 18.00pt;\">\n<td class=\"et3\" style=\"height: 18.00pt; width: 124.50pt;\" width=\"124\" height=\"18\">Dimensi\u00f3n<\/td>\n<td class=\"et3\" style=\"width: 214.40pt;\" width=\"214\">Como imagen detallada<\/td>\n<\/tr>\n<tr style=\"height: 18.00pt;\">\n<td class=\"et3\" style=\"height: 18.00pt; width: 124.50pt;\" width=\"124\" height=\"18\">Unidades de venta<\/td>\n<td class=\"et3\" style=\"width: 214.40pt;\" width=\"214\">Art\u00edculo \u00fanico<\/td>\n<\/tr>\n<tr style=\"height: 18.00pt;\">\n<td class=\"et3\" style=\"height: 18.00pt; width: 124.50pt;\" width=\"124\" height=\"18\">MOQ<\/td>\n<td class=\"et3\" style=\"width: 214.40pt;\" width=\"214\">1200 unid. por art\u00edculo<\/td>\n<\/tr>\n<tr style=\"height: 18.00pt;\">\n<td class=\"et3\" style=\"height: 18.00pt; width: 124.50pt;\" width=\"124\" height=\"18\">Opci\u00f3n personalizada<\/td>\n<td class=\"et3\" style=\"width: 214.40pt;\" width=\"214\">Color\/Tama\u00f1o\/Glaseado\/Logotipo\/Embalaje<\/td>\n<\/tr>\n<\/tbody>\n<\/table>","protected":false},"featured_media":5721,"comment_status":"closed","ping_status":"closed","template":"","meta":{"_acf_changed":false},"product_brand":[],"product_cat":[21,50],"product_tag":[],"class_list":{"0":"post-5490","1":"product","2":"type-product","3":"status-publish","4":"has-post-thumbnail","6":"product_cat-ceramic-vases-bulk","7":"product_cat-wholesale-vases-and-pots","9":"first","10":"instock","11":"shipping-taxable","12":"product-type-simple"},"acf":[],"_links":{"self":[{"href":"https:\/\/www.lovinghomecollection.com\/es\/wp-json\/wp\/v2\/product\/5490","targetHints":{"allow":["GET"]}}],"collection":[{"href":"https:\/\/www.lovinghomecollection.com\/es\/wp-json\/wp\/v2\/product"}],"about":[{"href":"https:\/\/www.lovinghomecollection.com\/es\/wp-json\/wp\/v2\/types\/product"}],"replies":[{"embeddable":true,"href":"https:\/\/www.lovinghomecollection.com\/es\/wp-json\/wp\/v2\/comments?post=5490"}],"wp:featuredmedia":[{"embeddable":true,"href":"https:\/\/www.lovinghomecollection.com\/es\/wp-json\/wp\/v2\/media\/5721"}],"wp:attachment":[{"href":"https:\/\/www.lovinghomecollection.com\/es\/wp-json\/wp\/v2\/media?parent=5490"}],"wp:term":[{"taxonomy":"product_brand","embeddable":true,"href":"https:\/\/www.lovinghomecollection.com\/es\/wp-json\/wp\/v2\/product_brand?post=5490"},{"taxonomy":"product_cat","embeddable":true,"href":"https:\/\/www.lovinghomecollection.com\/es\/wp-json\/wp\/v2\/product_cat?post=5490"},{"taxonomy":"product_tag","embeddable":true,"href":"https:\/\/www.lovinghomecollection.com\/es\/wp-json\/wp\/v2\/product_tag?post=5490"}],"curies":[{"name":"wp","href":"https:\/\/api.w.org\/{rel}","templated":true}]}}