{"id":5342,"date":"2025-11-27T06:44:41","date_gmt":"2025-11-27T06:44:41","guid":{"rendered":"https:\/\/www.lovinghomecollection.com\/?post_type=product&#038;p=5342"},"modified":"2025-12-11T07:15:45","modified_gmt":"2025-12-11T07:15:45","slug":"gift-dinnerware-wholesale","status":"publish","type":"product","link":"https:\/\/www.lovinghomecollection.com\/es\/producto\/gift-dinnerware-wholesale\/","title":{"rendered":"Venta al por mayor de vajillas de colores vivos con dise\u00f1o en relieve"},"content":{"rendered":"<div class=\"wp-block-columns is-layout-flex wp-container-core-columns-is-layout-9d6595d7 wp-block-columns-is-layout-flex\">\n<div class=\"wp-block-column is-layout-flow wp-block-column-is-layout-flow\" style=\"flex-basis:60%\">\n<h2 class=\"wp-block-heading\">Caracter\u00edsticas de la vajilla de regalo premium al por mayor:<\/h2>\n\n\n\n<ul class=\"wp-block-list\">\n<li><strong>Colores retro intensos y dise\u00f1o exquisito: <\/strong>Este juego de vajilla de regalo al por mayor utiliza tonos retro como el verde oscuro, el rojo ladrillo y el amarillo c\u00e1lido, combinados con motivos en relieve, bordes con textura de cuerda y dise\u00f1os de p\u00e9talos, lo que le confiere un estilo elegante y \u00fanico de inspiraci\u00f3n europea.<\/li>\n\n\n\n<li><strong>Conjunto completo y unificado: <\/strong>Nuestros juegos de vajilla de porcelana al por mayor incluyen un juego completo de vajilla, como platos, juegos de t\u00e9, bandejas de fruta de doble capa y soportes para postres. El estilo retro unificado garantiza una combinaci\u00f3n perfecta, satisfaciendo diversas necesidades gastron\u00f3micas y de regalo.<\/li>\n\n\n\n<li><strong>Material cer\u00e1mico de alta calidad:<\/strong> Nuestra vajilla de regalo al por mayor utiliza cer\u00e1mica de alta calidad y una delicada artesan\u00eda. El esmalte es suave y delicado, y los patrones en relieve son claros y tridimensionales, combinando belleza y durabilidad, lo que mejora la experiencia del usuario.<\/li>\n\n\n\n<li><strong>Optimizado para regalos y negocios mayoristas: <\/strong>Nuestros juegos de vajilla de porcelana al por mayor admiten dise\u00f1os de embalaje personalizados y exquisitos, lo que los hace especialmente adecuados para la venta como regalo. El estilo y las especificaciones uniformes facilitan la compra al por mayor y la exposici\u00f3n.<\/li>\n<\/ul>\n<\/div>\n\n\n\n<div class=\"wp-block-column is-layout-flow wp-block-column-is-layout-flow\">\n<figure class=\"wp-block-image size-full\"><img decoding=\"async\" width=\"1200\" height=\"1200\" src=\"https:\/\/www.lovinghomecollection.com\/wp-content\/uploads\/2025\/11\/Bright-Color-Gift-Dinnerware-Wholesale-with-Embossed-Design-5.webp\" alt=\"Venta al por mayor de vajillas de colores vivos con dise\u00f1o en relieve-5\" class=\"wp-image-5902\" srcset=\"https:\/\/www.lovinghomecollection.com\/wp-content\/uploads\/2025\/11\/Bright-Color-Gift-Dinnerware-Wholesale-with-Embossed-Design-5.webp 1200w, https:\/\/www.lovinghomecollection.com\/wp-content\/uploads\/2025\/11\/Bright-Color-Gift-Dinnerware-Wholesale-with-Embossed-Design-5-300x300.webp 300w, https:\/\/www.lovinghomecollection.com\/wp-content\/uploads\/2025\/11\/Bright-Color-Gift-Dinnerware-Wholesale-with-Embossed-Design-5-150x150.webp 150w, https:\/\/www.lovinghomecollection.com\/wp-content\/uploads\/2025\/11\/Bright-Color-Gift-Dinnerware-Wholesale-with-Embossed-Design-5-768x768.webp 768w, https:\/\/www.lovinghomecollection.com\/wp-content\/uploads\/2025\/11\/Bright-Color-Gift-Dinnerware-Wholesale-with-Embossed-Design-5-12x12.webp 12w, https:\/\/www.lovinghomecollection.com\/wp-content\/uploads\/2025\/11\/Bright-Color-Gift-Dinnerware-Wholesale-with-Embossed-Design-5-600x600.webp 600w, https:\/\/www.lovinghomecollection.com\/wp-content\/uploads\/2025\/11\/Bright-Color-Gift-Dinnerware-Wholesale-with-Embossed-Design-5-100x100.webp 100w\" sizes=\"(max-width: 1200px) 100vw, 1200px\" \/><\/figure>\n<\/div>\n<\/div>\n\n\n\n<h2 class=\"wp-block-heading has-text-align-center\">Exposici\u00f3n de productos de la colecci\u00f3n al por mayor de vajillas para regalo Woven Grace<\/h2>\n\n\n\n<div class=\"wp-block-columns is-layout-flex wp-container-core-columns-is-layout-9d6595d7 wp-block-columns-is-layout-flex\">\n<div class=\"wp-block-column is-layout-flow wp-block-column-is-layout-flow\">\n<figure class=\"wp-block-image size-full\"><img decoding=\"async\" width=\"1721\" height=\"1658\" src=\"https:\/\/www.lovinghomecollection.com\/wp-content\/uploads\/2025\/11\/Bright-Color-Gift-Dinnerware-Wholesale-with-Embossed-Design-10.webp\" alt=\"Venta al por mayor de vajillas de colores vivos con dise\u00f1o en relieve-10\" class=\"wp-image-5907\" srcset=\"https:\/\/www.lovinghomecollection.com\/wp-content\/uploads\/2025\/11\/Bright-Color-Gift-Dinnerware-Wholesale-with-Embossed-Design-10.webp 1721w, https:\/\/www.lovinghomecollection.com\/wp-content\/uploads\/2025\/11\/Bright-Color-Gift-Dinnerware-Wholesale-with-Embossed-Design-10-300x289.webp 300w, https:\/\/www.lovinghomecollection.com\/wp-content\/uploads\/2025\/11\/Bright-Color-Gift-Dinnerware-Wholesale-with-Embossed-Design-10-768x740.webp 768w, https:\/\/www.lovinghomecollection.com\/wp-content\/uploads\/2025\/11\/Bright-Color-Gift-Dinnerware-Wholesale-with-Embossed-Design-10-12x12.webp 12w, https:\/\/www.lovinghomecollection.com\/wp-content\/uploads\/2025\/11\/Bright-Color-Gift-Dinnerware-Wholesale-with-Embossed-Design-10-1200x1156.webp 1200w, https:\/\/www.lovinghomecollection.com\/wp-content\/uploads\/2025\/11\/Bright-Color-Gift-Dinnerware-Wholesale-with-Embossed-Design-10-600x578.webp 600w\" sizes=\"(max-width: 1721px) 100vw, 1721px\" \/><\/figure>\n<\/div>\n\n\n\n<div class=\"wp-block-column is-layout-flow wp-block-column-is-layout-flow\">\n<figure class=\"wp-block-image size-full\"><img decoding=\"async\" width=\"1717\" height=\"1485\" src=\"https:\/\/www.lovinghomecollection.com\/wp-content\/uploads\/2025\/11\/Bright-Color-Gift-Dinnerware-Wholesale-with-Embossed-Design-11.webp\" alt=\"Venta al por mayor de vajillas de colores vivos con dise\u00f1o en relieve-11\" class=\"wp-image-5908\" srcset=\"https:\/\/www.lovinghomecollection.com\/wp-content\/uploads\/2025\/11\/Bright-Color-Gift-Dinnerware-Wholesale-with-Embossed-Design-11.webp 1717w, https:\/\/www.lovinghomecollection.com\/wp-content\/uploads\/2025\/11\/Bright-Color-Gift-Dinnerware-Wholesale-with-Embossed-Design-11-300x259.webp 300w, https:\/\/www.lovinghomecollection.com\/wp-content\/uploads\/2025\/11\/Bright-Color-Gift-Dinnerware-Wholesale-with-Embossed-Design-11-768x664.webp 768w, https:\/\/www.lovinghomecollection.com\/wp-content\/uploads\/2025\/11\/Bright-Color-Gift-Dinnerware-Wholesale-with-Embossed-Design-11-14x12.webp 14w, https:\/\/www.lovinghomecollection.com\/wp-content\/uploads\/2025\/11\/Bright-Color-Gift-Dinnerware-Wholesale-with-Embossed-Design-11-1200x1038.webp 1200w, https:\/\/www.lovinghomecollection.com\/wp-content\/uploads\/2025\/11\/Bright-Color-Gift-Dinnerware-Wholesale-with-Embossed-Design-11-600x519.webp 600w\" sizes=\"(max-width: 1717px) 100vw, 1717px\" \/><\/figure>\n<\/div>\n<\/div>\n\n\n\n<p><\/p>","protected":false},"excerpt":{"rendered":"<p>Bienvenido a la compra de juegos de vajilla de porcelana. Este juego de vajilla de regalo al por mayor presenta colores vivos como base, combinados con exquisitos motivos en relieve, bordes con textura de cuerda y dise\u00f1os de p\u00e9talos, lo que le confiere un rico estilo retro europeo.<\/p>\n<table style=\"border-collapse: collapse; width: 338.02pt;\" border=\"0\" width=\"338\" cellspacing=\"0\" cellpadding=\"0\">\n<tbody>\n<tr style=\"height: 18.00pt;\">\n<td class=\"et3\" style=\"height: 18.00pt; width: 124.50pt;\" width=\"124\" height=\"18\">Fabricante<\/td>\n<td class=\"et3\" style=\"width: 214.40pt;\" width=\"214\">Un hogar lleno de amor<\/td>\n<\/tr>\n<tr style=\"height: 18.00pt;\">\n<td class=\"et3\" style=\"height: 18.00pt; width: 124.50pt;\" width=\"124\" height=\"18\">Nombre de la colecci\u00f3n<\/td>\n<td class=\"et4\" style=\"width: 214.40pt;\" width=\"214\">Gracia tejida<\/td>\n<\/tr>\n<tr style=\"height: 18.00pt;\">\n<td class=\"et3\" style=\"height: 18.00pt; width: 124.50pt;\" width=\"124\" height=\"18\">Utilizaci\u00f3n<\/td>\n<td class=\"et3\" style=\"width: 214.40pt;\" width=\"214\">Hogar, Restaurante, Hotel<\/td>\n<\/tr>\n<tr style=\"height: 36.00pt;\">\n<td class=\"et3\" style=\"height: 36.00pt; width: 124.50pt;\" width=\"124\" height=\"36\">Tipo de vajilla<\/td>\n<td class=\"et3\" style=\"width: 214.40pt;\" width=\"214\">Plato, cuenco, jarra, taza, azucarero, taza y platillo, tetera, lechera, bandeja para pasteles.<\/td>\n<\/tr>\n<tr style=\"height: 18.00pt;\">\n<td class=\"et3\" style=\"height: 18.00pt; width: 124.50pt;\" width=\"124\" height=\"18\">Material<\/td>\n<td class=\"et3\" style=\"width: 214.40pt;\" width=\"214\">Porcelana resistente<\/td>\n<\/tr>\n<tr style=\"height: 18.00pt;\">\n<td class=\"et3\" style=\"height: 18.00pt; width: 124.50pt;\" width=\"124\" height=\"18\">Dimensi\u00f3n<\/td>\n<td class=\"et3\" style=\"width: 214.40pt;\" width=\"214\">Como imagen detallada<\/td>\n<\/tr>\n<tr style=\"height: 18.00pt;\">\n<td class=\"et3\" style=\"height: 18.00pt; width: 124.50pt;\" width=\"124\" height=\"18\">Unidades de venta<\/td>\n<td class=\"et3\" style=\"width: 214.40pt;\" width=\"214\">Art\u00edculo \u00fanico<\/td>\n<\/tr>\n<tr style=\"height: 18.00pt;\">\n<td class=\"et3\" style=\"height: 18.00pt; width: 124.50pt;\" width=\"124\" height=\"18\">MOQ<\/td>\n<td class=\"et3\" style=\"width: 214.40pt;\" width=\"214\">1200 unid. por art\u00edculo<\/td>\n<\/tr>\n<tr style=\"height: 18.00pt;\">\n<td class=\"et3\" style=\"height: 18.00pt; width: 124.50pt;\" width=\"124\" height=\"18\">Opci\u00f3n personalizada<\/td>\n<td class=\"et3\" style=\"width: 214.40pt;\" width=\"214\">Color\/Tama\u00f1o\/Glaseado\/Logotipo\/Embalaje<\/td>\n<\/tr>\n<\/tbody>\n<\/table>","protected":false},"featured_media":5898,"comment_status":"closed","ping_status":"closed","template":"","meta":{"_acf_changed":false},"product_brand":[],"product_cat":[19],"product_tag":[37,36,25,39,27],"class_list":{"0":"post-5342","1":"product","2":"type-product","3":"status-publish","4":"has-post-thumbnail","6":"product_cat-dinnerware-wholesale","7":"product_tag-bulk-cake-stands","8":"product_tag-wholesale-kettles","9":"product_tag-wholesale-plates-and-bowls","10":"product_tag-sugar-jars-wholesale","11":"product_tag-wholesale-tea-cups-and-saucers","13":"first","14":"instock","15":"shipping-taxable","16":"product-type-simple"},"acf":[],"_links":{"self":[{"href":"https:\/\/www.lovinghomecollection.com\/es\/wp-json\/wp\/v2\/product\/5342","targetHints":{"allow":["GET"]}}],"collection":[{"href":"https:\/\/www.lovinghomecollection.com\/es\/wp-json\/wp\/v2\/product"}],"about":[{"href":"https:\/\/www.lovinghomecollection.com\/es\/wp-json\/wp\/v2\/types\/product"}],"replies":[{"embeddable":true,"href":"https:\/\/www.lovinghomecollection.com\/es\/wp-json\/wp\/v2\/comments?post=5342"}],"wp:featuredmedia":[{"embeddable":true,"href":"https:\/\/www.lovinghomecollection.com\/es\/wp-json\/wp\/v2\/media\/5898"}],"wp:attachment":[{"href":"https:\/\/www.lovinghomecollection.com\/es\/wp-json\/wp\/v2\/media?parent=5342"}],"wp:term":[{"taxonomy":"product_brand","embeddable":true,"href":"https:\/\/www.lovinghomecollection.com\/es\/wp-json\/wp\/v2\/product_brand?post=5342"},{"taxonomy":"product_cat","embeddable":true,"href":"https:\/\/www.lovinghomecollection.com\/es\/wp-json\/wp\/v2\/product_cat?post=5342"},{"taxonomy":"product_tag","embeddable":true,"href":"https:\/\/www.lovinghomecollection.com\/es\/wp-json\/wp\/v2\/product_tag?post=5342"}],"curies":[{"name":"wp","href":"https:\/\/api.w.org\/{rel}","templated":true}]}}