{"id":5205,"date":"2025-12-02T09:04:30","date_gmt":"2025-12-02T09:04:30","guid":{"rendered":"https:\/\/www.lovinghomecollection.com\/?post_type=product&#038;p=5205"},"modified":"2025-12-19T10:01:08","modified_gmt":"2025-12-19T10:01:08","slug":"wholesale-stoneware-dinnerware","status":"publish","type":"product","link":"https:\/\/www.lovinghomecollection.com\/es\/producto\/wholesale-stoneware-dinnerware\/","title":{"rendered":"Vajilla de gres al por mayor, vajilla azul con esmalte reactivo"},"content":{"rendered":"<div class=\"wp-block-columns is-layout-flex wp-container-core-columns-is-layout-9d6595d7 wp-block-columns-is-layout-flex\">\n<div class=\"wp-block-column is-layout-flow wp-block-column-is-layout-flow\" style=\"flex-basis:60%\">\n<h2 class=\"wp-block-heading\">Vajilla de Gres al por mayor de primera calidad Caracter\u00edsticas:<\/h2>\n\n\n\n<ul class=\"wp-block-list\">\n<li><strong>Gofrado y glaseado reactivo:<\/strong> Esta colecci\u00f3n de vajilla de gres al por mayor tiene una superficie texturizada en relieve, combinada con un acabado de esmalte reactivo azul. Cada pieza tiene un profundo degradado azul-negro, lo que la convierte en una pieza de arte \u00fanica.<\/li>\n\n\n\n<li><strong>Gama completa y capacidades pr\u00e1cticas: <\/strong>Nuestra vajilla de porcelana a granel consta de una amplia variedad de formas, como platos, cuencos, platos hondos y juegos de t\u00e9. Algunas de estas piezas tienen generosas capacidades para las necesidades gastron\u00f3micas de varias personas y para locales comerciales.<\/li>\n\n\n\n<li><strong>Gres de alta calidad Material:<\/strong> Nuestra vajilla de gres al por mayor se fabrica con materiales de gres porcel\u00e1nico de primera calidad. Cada pieza tiene un esmalte consistentemente liso y duro, por lo que es f\u00e1cil de mantener. Este material duradero permite un uso diario.<\/li>\n\n\n\n<li><strong>Alta rentabilidad:<\/strong> Nuestra vajilla de porcelana a granel admite la compra al por mayor y ofrece un estilo unificado con m\u00faltiples combinaciones de tama\u00f1os, lo que ayuda a los clientes a reducir los costes unitarios y mejorar la eficacia de las compras.<\/li>\n<\/ul>\n<\/div>\n\n\n\n<div class=\"wp-block-column is-layout-flow wp-block-column-is-layout-flow\">\n<figure class=\"wp-block-image size-full\"><img decoding=\"async\" width=\"1200\" height=\"1200\" src=\"https:\/\/www.lovinghomecollection.com\/wp-content\/uploads\/2025\/11\/Wholesale-Stoneware-Dinnerware-Reactive-Glaze-Blue-Crockery-1.webp\" alt=\"Mayorista Vajilla de Gres, Vajilla de Esmalte Reactivo Azul-1\" class=\"wp-image-5958\" srcset=\"https:\/\/www.lovinghomecollection.com\/wp-content\/uploads\/2025\/11\/Wholesale-Stoneware-Dinnerware-Reactive-Glaze-Blue-Crockery-1.webp 1200w, https:\/\/www.lovinghomecollection.com\/wp-content\/uploads\/2025\/11\/Wholesale-Stoneware-Dinnerware-Reactive-Glaze-Blue-Crockery-1-300x300.webp 300w, https:\/\/www.lovinghomecollection.com\/wp-content\/uploads\/2025\/11\/Wholesale-Stoneware-Dinnerware-Reactive-Glaze-Blue-Crockery-1-150x150.webp 150w, https:\/\/www.lovinghomecollection.com\/wp-content\/uploads\/2025\/11\/Wholesale-Stoneware-Dinnerware-Reactive-Glaze-Blue-Crockery-1-768x768.webp 768w, https:\/\/www.lovinghomecollection.com\/wp-content\/uploads\/2025\/11\/Wholesale-Stoneware-Dinnerware-Reactive-Glaze-Blue-Crockery-1-12x12.webp 12w, https:\/\/www.lovinghomecollection.com\/wp-content\/uploads\/2025\/11\/Wholesale-Stoneware-Dinnerware-Reactive-Glaze-Blue-Crockery-1-600x600.webp 600w, https:\/\/www.lovinghomecollection.com\/wp-content\/uploads\/2025\/11\/Wholesale-Stoneware-Dinnerware-Reactive-Glaze-Blue-Crockery-1-100x100.webp 100w\" sizes=\"(max-width: 1200px) 100vw, 1200px\" \/><\/figure>\n<\/div>\n<\/div>\n\n\n\n<h2 class=\"wp-block-heading has-text-align-center\">Mostrar productos de Vajilla de Gres al por mayor en Relieve Lunar<\/h2>\n\n\n\n<div class=\"wp-block-columns is-layout-flex wp-container-core-columns-is-layout-9d6595d7 wp-block-columns-is-layout-flex\">\n<div class=\"wp-block-column is-layout-flow wp-block-column-is-layout-flow\">\n<figure class=\"wp-block-image size-full\"><img decoding=\"async\" width=\"1721\" height=\"1448\" src=\"https:\/\/www.lovinghomecollection.com\/wp-content\/uploads\/2025\/11\/Wholesale-Stoneware-Dinnerware-Reactive-Glaze-Blue-Crockery-8.webp\" alt=\"Vajilla de Gres al por mayor, Vajilla esmalte reactivo azul-8\" class=\"wp-image-5965\" srcset=\"https:\/\/www.lovinghomecollection.com\/wp-content\/uploads\/2025\/11\/Wholesale-Stoneware-Dinnerware-Reactive-Glaze-Blue-Crockery-8.webp 1721w, https:\/\/www.lovinghomecollection.com\/wp-content\/uploads\/2025\/11\/Wholesale-Stoneware-Dinnerware-Reactive-Glaze-Blue-Crockery-8-300x252.webp 300w, https:\/\/www.lovinghomecollection.com\/wp-content\/uploads\/2025\/11\/Wholesale-Stoneware-Dinnerware-Reactive-Glaze-Blue-Crockery-8-768x646.webp 768w, https:\/\/www.lovinghomecollection.com\/wp-content\/uploads\/2025\/11\/Wholesale-Stoneware-Dinnerware-Reactive-Glaze-Blue-Crockery-8-14x12.webp 14w, https:\/\/www.lovinghomecollection.com\/wp-content\/uploads\/2025\/11\/Wholesale-Stoneware-Dinnerware-Reactive-Glaze-Blue-Crockery-8-1200x1010.webp 1200w, https:\/\/www.lovinghomecollection.com\/wp-content\/uploads\/2025\/11\/Wholesale-Stoneware-Dinnerware-Reactive-Glaze-Blue-Crockery-8-600x505.webp 600w\" sizes=\"(max-width: 1721px) 100vw, 1721px\" \/><\/figure>\n<\/div>\n\n\n\n<div class=\"wp-block-column is-layout-flow wp-block-column-is-layout-flow\">\n<figure class=\"wp-block-image size-full\"><img decoding=\"async\" width=\"1754\" height=\"1017\" src=\"https:\/\/www.lovinghomecollection.com\/wp-content\/uploads\/2025\/11\/Wholesale-Stoneware-Dinnerware-Reactive-Glaze-Blue-Crockery-9.webp\" alt=\"Mayorista Vajilla de Gres, Esmalte Reactivo Azul Crockery-9\" class=\"wp-image-5966\" srcset=\"https:\/\/www.lovinghomecollection.com\/wp-content\/uploads\/2025\/11\/Wholesale-Stoneware-Dinnerware-Reactive-Glaze-Blue-Crockery-9.webp 1754w, https:\/\/www.lovinghomecollection.com\/wp-content\/uploads\/2025\/11\/Wholesale-Stoneware-Dinnerware-Reactive-Glaze-Blue-Crockery-9-300x174.webp 300w, https:\/\/www.lovinghomecollection.com\/wp-content\/uploads\/2025\/11\/Wholesale-Stoneware-Dinnerware-Reactive-Glaze-Blue-Crockery-9-768x445.webp 768w, https:\/\/www.lovinghomecollection.com\/wp-content\/uploads\/2025\/11\/Wholesale-Stoneware-Dinnerware-Reactive-Glaze-Blue-Crockery-9-18x10.webp 18w, https:\/\/www.lovinghomecollection.com\/wp-content\/uploads\/2025\/11\/Wholesale-Stoneware-Dinnerware-Reactive-Glaze-Blue-Crockery-9-1200x696.webp 1200w, https:\/\/www.lovinghomecollection.com\/wp-content\/uploads\/2025\/11\/Wholesale-Stoneware-Dinnerware-Reactive-Glaze-Blue-Crockery-9-600x348.webp 600w\" sizes=\"(max-width: 1754px) 100vw, 1754px\" \/><\/figure>\n<\/div>\n<\/div>\n\n\n\n<p><\/p>","protected":false},"excerpt":{"rendered":"<p>Bienvenido a comprar vajilla de porcelana al por mayor. Nuestra vajilla de gres al por mayor cuenta con un proceso \u00fanico de esmalte reactivo azul combinado con una delicada textura en relieve, logrando tanto la belleza art\u00edstica como la funci\u00f3n pr\u00e1ctica.<\/p>\n<table style=\"border-collapse: collapse; width: 338.02pt;\" border=\"0\" width=\"338\" cellspacing=\"0\" cellpadding=\"0\">\n<tbody>\n<tr style=\"height: 18.00pt;\">\n<td class=\"et3\" style=\"height: 18.00pt; width: 124.50pt;\" width=\"124\" height=\"18\">Fabricante<\/td>\n<td class=\"et3\" style=\"width: 214.40pt;\" width=\"214\">Un hogar lleno de amor<\/td>\n<\/tr>\n<tr style=\"height: 18.00pt;\">\n<td class=\"et3\" style=\"height: 18.00pt; width: 124.50pt;\" width=\"124\" height=\"18\">Nombre de la colecci\u00f3n<\/td>\n<td class=\"et3\" style=\"width: 214.40pt;\" width=\"214\">Colecci\u00f3n Lunar Relief<\/td>\n<\/tr>\n<tr style=\"height: 18.00pt;\">\n<td class=\"et3\" style=\"height: 18.00pt; width: 124.50pt;\" width=\"124\" height=\"18\">Tipo de producto<\/td>\n<td class=\"et4\" style=\"width: 214.40pt;\" width=\"214\">Plato, Cuenco, Tetera, Cremera, Azucarero, Taza y Plato, Taza<\/td>\n<\/tr>\n<tr style=\"height: 18.00pt;\">\n<td class=\"et3\" style=\"height: 18.00pt; width: 124.50pt;\" width=\"124\" height=\"18\">Material<\/td>\n<td class=\"et3\" style=\"width: 214.40pt;\" width=\"214\">Porcelana resistente<\/td>\n<\/tr>\n<tr style=\"height: 18.00pt;\">\n<td class=\"et3\" style=\"height: 18.00pt; width: 124.50pt;\" width=\"124\" height=\"18\">Dimensi\u00f3n<\/td>\n<td class=\"et3\" style=\"width: 214.40pt;\" width=\"214\">Como imagen detallada<\/td>\n<\/tr>\n<tr style=\"height: 18.00pt;\">\n<td class=\"et3\" style=\"height: 18.00pt; width: 124.50pt;\" width=\"124\" height=\"18\">Unidades de venta<\/td>\n<td class=\"et3\" style=\"width: 214.40pt;\" width=\"214\">Art\u00edculo \u00fanico<\/td>\n<\/tr>\n<tr style=\"height: 18.00pt;\">\n<td class=\"et3\" style=\"height: 18.00pt; width: 124.50pt;\" width=\"124\" height=\"18\">MOQ<\/td>\n<td class=\"et3\" style=\"width: 214.40pt;\" width=\"214\">1200 unid. por art\u00edculo<\/td>\n<\/tr>\n<tr style=\"height: 18.00pt;\">\n<td class=\"et3\" style=\"height: 18.00pt; width: 124.50pt;\" width=\"124\" height=\"18\">Opci\u00f3n personalizada<\/td>\n<td class=\"et3\" style=\"width: 214.40pt;\" width=\"214\">Color\/Tama\u00f1o\/Glaseado\/Logotipo\/Embalaje<\/td>\n<\/tr>\n<\/tbody>\n<\/table>","protected":false},"featured_media":5960,"comment_status":"closed","ping_status":"closed","template":"","meta":{"_acf_changed":false},"product_brand":[],"product_cat":[19],"product_tag":[36,25,39,26],"class_list":{"0":"post-5205","1":"product","2":"type-product","3":"status-publish","4":"has-post-thumbnail","6":"product_cat-dinnerware-wholesale","7":"product_tag-wholesale-kettles","8":"product_tag-wholesale-plates-and-bowls","9":"product_tag-sugar-jars-wholesale","10":"product_tag-wholesale-teapots","12":"first","13":"instock","14":"shipping-taxable","15":"product-type-simple"},"acf":[],"_links":{"self":[{"href":"https:\/\/www.lovinghomecollection.com\/es\/wp-json\/wp\/v2\/product\/5205","targetHints":{"allow":["GET"]}}],"collection":[{"href":"https:\/\/www.lovinghomecollection.com\/es\/wp-json\/wp\/v2\/product"}],"about":[{"href":"https:\/\/www.lovinghomecollection.com\/es\/wp-json\/wp\/v2\/types\/product"}],"replies":[{"embeddable":true,"href":"https:\/\/www.lovinghomecollection.com\/es\/wp-json\/wp\/v2\/comments?post=5205"}],"wp:featuredmedia":[{"embeddable":true,"href":"https:\/\/www.lovinghomecollection.com\/es\/wp-json\/wp\/v2\/media\/5960"}],"wp:attachment":[{"href":"https:\/\/www.lovinghomecollection.com\/es\/wp-json\/wp\/v2\/media?parent=5205"}],"wp:term":[{"taxonomy":"product_brand","embeddable":true,"href":"https:\/\/www.lovinghomecollection.com\/es\/wp-json\/wp\/v2\/product_brand?post=5205"},{"taxonomy":"product_cat","embeddable":true,"href":"https:\/\/www.lovinghomecollection.com\/es\/wp-json\/wp\/v2\/product_cat?post=5205"},{"taxonomy":"product_tag","embeddable":true,"href":"https:\/\/www.lovinghomecollection.com\/es\/wp-json\/wp\/v2\/product_tag?post=5205"}],"curies":[{"name":"wp","href":"https:\/\/api.w.org\/{rel}","templated":true}]}}