{"id":5130,"date":"2025-11-27T06:30:47","date_gmt":"2025-11-27T06:30:47","guid":{"rendered":"https:\/\/www.lovinghomecollection.com\/?post_type=product&#038;p=5130"},"modified":"2025-12-11T07:16:18","modified_gmt":"2025-12-11T07:16:18","slug":"white-dinnerware-bulk","status":"publish","type":"product","link":"https:\/\/www.lovinghomecollection.com\/es\/producto\/white-dinnerware-bulk\/","title":{"rendered":"Vajilla blanca con relieve a granel, elegante colecci\u00f3n de vajilla"},"content":{"rendered":"<div class=\"wp-block-columns is-layout-flex wp-container-core-columns-is-layout-9d6595d7 wp-block-columns-is-layout-flex\">\n<div class=\"wp-block-column is-layout-flow wp-block-column-is-layout-flow\" style=\"flex-basis:60%\">\n<h2 class=\"wp-block-heading\">Caracter\u00edsticas de la vajilla blanca premium a granel:<\/h2>\n\n\n\n<ul class=\"wp-block-list\">\n<li><strong>Exquisito relieve y elegante dise\u00f1o: <\/strong>Esta serie de vajilla blanca al por mayor presenta un dise\u00f1o floral grabado \u00fanico en cada pieza, combinado con un brillante esmalte blanco para crear una experiencia gastron\u00f3mica exquisita y elegante.<\/li>\n\n\n\n<li><strong>Conjunto completo con estilo unificado: <\/strong>Esta colecci\u00f3n de vajilla al por mayor tiene todo lo que necesitas en un juego completo (platos, teteras, soportes para postres, etc.) y presenta un dise\u00f1o en relieve id\u00e9ntico y un color blanco brillante, lo que te permite crear f\u00e1cilmente todas las \u00e1reas de una experiencia gastron\u00f3mica para m\u00faltiples tipos de clientes.<\/li>\n\n\n\n<li><strong>Duradero, pr\u00e1ctico y f\u00e1cil de mantener: <\/strong>Nuestra vajilla blanca a granel est\u00e1 fabricada con la cer\u00e1mica m\u00e1s fina y se cuece a la temperatura m\u00e1s alta posible para que los productos sean resistentes y fiables. El esmalte grueso y resistente a las manchas facilita su mantenimiento y permite un uso diario combinando belleza y practicidad.<\/li>\n\n\n\n<li><strong>Abastecimiento integral:<\/strong> El estilo unificado y los juegos completos de esta colecci\u00f3n de vajillas al por mayor facilitan a los clientes la compra en un solo lugar, satisfaciendo las necesidades a granel de restaurantes, hoteles o tiendas de muebles para el hogar. Se trata de una fuente de productos de alta calidad y rentable.<\/li>\n<\/ul>\n<\/div>\n\n\n\n<div class=\"wp-block-column is-layout-flow wp-block-column-is-layout-flow\">\n<figure class=\"wp-block-image size-full\"><img decoding=\"async\" width=\"1200\" height=\"1200\" src=\"https:\/\/www.lovinghomecollection.com\/wp-content\/uploads\/2025\/11\/Embossed-White-Dinnerware-Bulk-Elegant-Tableware-Collection-5.webp\" alt=\"Vajilla blanca en relieve a granel, elegante colecci\u00f3n de vajilla-5\" class=\"wp-image-5891\" srcset=\"https:\/\/www.lovinghomecollection.com\/wp-content\/uploads\/2025\/11\/Embossed-White-Dinnerware-Bulk-Elegant-Tableware-Collection-5.webp 1200w, https:\/\/www.lovinghomecollection.com\/wp-content\/uploads\/2025\/11\/Embossed-White-Dinnerware-Bulk-Elegant-Tableware-Collection-5-300x300.webp 300w, https:\/\/www.lovinghomecollection.com\/wp-content\/uploads\/2025\/11\/Embossed-White-Dinnerware-Bulk-Elegant-Tableware-Collection-5-150x150.webp 150w, https:\/\/www.lovinghomecollection.com\/wp-content\/uploads\/2025\/11\/Embossed-White-Dinnerware-Bulk-Elegant-Tableware-Collection-5-768x768.webp 768w, https:\/\/www.lovinghomecollection.com\/wp-content\/uploads\/2025\/11\/Embossed-White-Dinnerware-Bulk-Elegant-Tableware-Collection-5-12x12.webp 12w, https:\/\/www.lovinghomecollection.com\/wp-content\/uploads\/2025\/11\/Embossed-White-Dinnerware-Bulk-Elegant-Tableware-Collection-5-600x600.webp 600w, https:\/\/www.lovinghomecollection.com\/wp-content\/uploads\/2025\/11\/Embossed-White-Dinnerware-Bulk-Elegant-Tableware-Collection-5-100x100.webp 100w\" sizes=\"(max-width: 1200px) 100vw, 1200px\" \/><\/figure>\n<\/div>\n<\/div>\n\n\n\n<h2 class=\"wp-block-heading has-text-align-center\">Exposici\u00f3n de productos de la colecci\u00f3n al por mayor de vajillas blancas Woven Grace<\/h2>\n\n\n\n<div class=\"wp-block-columns is-layout-flex wp-container-core-columns-is-layout-9d6595d7 wp-block-columns-is-layout-flex\">\n<div class=\"wp-block-column is-layout-flow wp-block-column-is-layout-flow\">\n<figure class=\"wp-block-image size-full\"><img decoding=\"async\" width=\"1787\" height=\"1587\" src=\"https:\/\/www.lovinghomecollection.com\/wp-content\/uploads\/2025\/11\/Embossed-White-Dinnerware-Bulk-Elegant-Tableware-Collection-1.jpg\" alt=\"Vajilla blanca en relieve a granel, elegante colecci\u00f3n de vajilla-1\" class=\"wp-image-5887\" srcset=\"https:\/\/www.lovinghomecollection.com\/wp-content\/uploads\/2025\/11\/Embossed-White-Dinnerware-Bulk-Elegant-Tableware-Collection-1.jpg 1787w, https:\/\/www.lovinghomecollection.com\/wp-content\/uploads\/2025\/11\/Embossed-White-Dinnerware-Bulk-Elegant-Tableware-Collection-1-300x266.jpg 300w, https:\/\/www.lovinghomecollection.com\/wp-content\/uploads\/2025\/11\/Embossed-White-Dinnerware-Bulk-Elegant-Tableware-Collection-1-768x682.jpg 768w, https:\/\/www.lovinghomecollection.com\/wp-content\/uploads\/2025\/11\/Embossed-White-Dinnerware-Bulk-Elegant-Tableware-Collection-1-14x12.jpg 14w, https:\/\/www.lovinghomecollection.com\/wp-content\/uploads\/2025\/11\/Embossed-White-Dinnerware-Bulk-Elegant-Tableware-Collection-1-1200x1066.jpg 1200w, https:\/\/www.lovinghomecollection.com\/wp-content\/uploads\/2025\/11\/Embossed-White-Dinnerware-Bulk-Elegant-Tableware-Collection-1-600x533.jpg 600w\" sizes=\"(max-width: 1787px) 100vw, 1787px\" \/><\/figure>\n<\/div>\n\n\n\n<div class=\"wp-block-column is-layout-flow wp-block-column-is-layout-flow\">\n<figure class=\"wp-block-image size-full\"><img decoding=\"async\" width=\"1787\" height=\"1460\" src=\"https:\/\/www.lovinghomecollection.com\/wp-content\/uploads\/2025\/11\/Embossed-White-Dinnerware-Bulk-Elegant-Tableware-Collection-3.jpg\" alt=\"Vajilla blanca en relieve a granel, elegante colecci\u00f3n de vajilla-3\" class=\"wp-image-5889\" srcset=\"https:\/\/www.lovinghomecollection.com\/wp-content\/uploads\/2025\/11\/Embossed-White-Dinnerware-Bulk-Elegant-Tableware-Collection-3.jpg 1787w, https:\/\/www.lovinghomecollection.com\/wp-content\/uploads\/2025\/11\/Embossed-White-Dinnerware-Bulk-Elegant-Tableware-Collection-3-300x245.jpg 300w, https:\/\/www.lovinghomecollection.com\/wp-content\/uploads\/2025\/11\/Embossed-White-Dinnerware-Bulk-Elegant-Tableware-Collection-3-768x627.jpg 768w, https:\/\/www.lovinghomecollection.com\/wp-content\/uploads\/2025\/11\/Embossed-White-Dinnerware-Bulk-Elegant-Tableware-Collection-3-15x12.jpg 15w, https:\/\/www.lovinghomecollection.com\/wp-content\/uploads\/2025\/11\/Embossed-White-Dinnerware-Bulk-Elegant-Tableware-Collection-3-1200x980.jpg 1200w, https:\/\/www.lovinghomecollection.com\/wp-content\/uploads\/2025\/11\/Embossed-White-Dinnerware-Bulk-Elegant-Tableware-Collection-3-600x490.jpg 600w\" sizes=\"(max-width: 1787px) 100vw, 1787px\" \/><\/figure>\n<\/div>\n<\/div>\n\n\n\n<p><\/p>","protected":false},"excerpt":{"rendered":"<p>Bienvenido a comprar nuestra vajilla blanca al por mayor. Nuestra colecci\u00f3n de vajilla al por mayor en blanco puro con relieve presenta un esmalte suave y delicado, con un relieve \u00fanico que le da a cada pieza un toque art\u00edstico elegante.<\/p>\n<table style=\"border-collapse: collapse; width: 338.02pt;\" border=\"0\" width=\"338\" cellspacing=\"0\" cellpadding=\"0\">\n<tbody>\n<tr style=\"height: 18.00pt;\">\n<td class=\"et3\" style=\"height: 18.00pt; width: 124.50pt;\" width=\"124\" height=\"18\">Fabricante<\/td>\n<td class=\"et3\" style=\"width: 214.40pt;\" width=\"214\">Un hogar lleno de amor<\/td>\n<\/tr>\n<tr style=\"height: 18.00pt;\">\n<td class=\"et3\" style=\"height: 18.00pt; width: 124.50pt;\" width=\"124\" height=\"18\">Nombre de la colecci\u00f3n<\/td>\n<td class=\"et4\" style=\"width: 214.40pt;\" width=\"214\">Gracia tejida<\/td>\n<\/tr>\n<tr style=\"height: 18.00pt;\">\n<td class=\"et3\" style=\"height: 18.00pt; width: 124.50pt;\" width=\"124\" height=\"18\">Utilizaci\u00f3n<\/td>\n<td class=\"et3\" style=\"width: 214.40pt;\" width=\"214\">Hogar, Restaurante, Hotel<\/td>\n<\/tr>\n<tr style=\"height: 36.00pt;\">\n<td class=\"et3\" style=\"height: 36.00pt; width: 124.50pt;\" width=\"124\" height=\"36\">Tipo de vajilla<\/td>\n<td class=\"et3\" style=\"width: 214.40pt;\" width=\"214\">Plato, taz\u00f3n, jarra, taza, azucarero, taza y platillo, tetera, lechera.<\/td>\n<\/tr>\n<tr style=\"height: 18.00pt;\">\n<td class=\"et3\" style=\"height: 18.00pt; width: 124.50pt;\" width=\"124\" height=\"18\">Material<\/td>\n<td class=\"et3\" style=\"width: 214.40pt;\" width=\"214\">Porcelana resistente<\/td>\n<\/tr>\n<tr style=\"height: 18.00pt;\">\n<td class=\"et3\" style=\"height: 18.00pt; width: 124.50pt;\" width=\"124\" height=\"18\">Dimensi\u00f3n<\/td>\n<td class=\"et3\" style=\"width: 214.40pt;\" width=\"214\">Como imagen detallada<\/td>\n<\/tr>\n<tr style=\"height: 18.00pt;\">\n<td class=\"et3\" style=\"height: 18.00pt; width: 124.50pt;\" width=\"124\" height=\"18\">Unidades de venta<\/td>\n<td class=\"et3\" style=\"width: 214.40pt;\" width=\"214\">Art\u00edculo \u00fanico<\/td>\n<\/tr>\n<tr style=\"height: 18.00pt;\">\n<td class=\"et3\" style=\"height: 18.00pt; width: 124.50pt;\" width=\"124\" height=\"18\">MOQ<\/td>\n<td class=\"et3\" style=\"width: 214.40pt;\" width=\"214\">1200 unid. por art\u00edculo<\/td>\n<\/tr>\n<tr style=\"height: 18.00pt;\">\n<td class=\"et3\" style=\"height: 18.00pt; width: 124.50pt;\" width=\"124\" height=\"18\">Opci\u00f3n personalizada<\/td>\n<td class=\"et3\" style=\"width: 214.40pt;\" width=\"214\">Color\/Tama\u00f1o\/Glaseado\/Logotipo\/Embalaje<\/td>\n<\/tr>\n<\/tbody>\n<\/table>","protected":false},"featured_media":5888,"comment_status":"closed","ping_status":"closed","template":"","meta":{"_acf_changed":false},"product_brand":[],"product_cat":[19,49],"product_tag":[37,36,25,39,27],"class_list":{"0":"post-5130","1":"product","2":"type-product","3":"status-publish","4":"has-post-thumbnail","6":"product_cat-dinnerware-wholesale","7":"product_cat-wholesale-white-tableware","8":"product_tag-bulk-cake-stands","9":"product_tag-wholesale-kettles","10":"product_tag-wholesale-plates-and-bowls","11":"product_tag-sugar-jars-wholesale","12":"product_tag-wholesale-tea-cups-and-saucers","14":"first","15":"instock","16":"shipping-taxable","17":"product-type-simple"},"acf":[],"_links":{"self":[{"href":"https:\/\/www.lovinghomecollection.com\/es\/wp-json\/wp\/v2\/product\/5130","targetHints":{"allow":["GET"]}}],"collection":[{"href":"https:\/\/www.lovinghomecollection.com\/es\/wp-json\/wp\/v2\/product"}],"about":[{"href":"https:\/\/www.lovinghomecollection.com\/es\/wp-json\/wp\/v2\/types\/product"}],"replies":[{"embeddable":true,"href":"https:\/\/www.lovinghomecollection.com\/es\/wp-json\/wp\/v2\/comments?post=5130"}],"wp:featuredmedia":[{"embeddable":true,"href":"https:\/\/www.lovinghomecollection.com\/es\/wp-json\/wp\/v2\/media\/5888"}],"wp:attachment":[{"href":"https:\/\/www.lovinghomecollection.com\/es\/wp-json\/wp\/v2\/media?parent=5130"}],"wp:term":[{"taxonomy":"product_brand","embeddable":true,"href":"https:\/\/www.lovinghomecollection.com\/es\/wp-json\/wp\/v2\/product_brand?post=5130"},{"taxonomy":"product_cat","embeddable":true,"href":"https:\/\/www.lovinghomecollection.com\/es\/wp-json\/wp\/v2\/product_cat?post=5130"},{"taxonomy":"product_tag","embeddable":true,"href":"https:\/\/www.lovinghomecollection.com\/es\/wp-json\/wp\/v2\/product_tag?post=5130"}],"curies":[{"name":"wp","href":"https:\/\/api.w.org\/{rel}","templated":true}]}}