{"id":5106,"date":"2025-11-17T08:52:57","date_gmt":"2025-11-17T08:52:57","guid":{"rendered":"https:\/\/www.lovinghomecollection.com\/?post_type=product&#038;p=5106"},"modified":"2025-12-02T08:59:54","modified_gmt":"2025-12-02T08:59:54","slug":"bulk-white-dinnerware","status":"publish","type":"product","link":"https:\/\/www.lovinghomecollection.com\/es\/producto\/bulk-white-dinnerware\/","title":{"rendered":"Vajilla blanca al por mayor con elegante borde ondulado de color"},"content":{"rendered":"<div class=\"wp-block-columns is-layout-flex wp-container-core-columns-is-layout-9d6595d7 wp-block-columns-is-layout-flex\">\n<div class=\"wp-block-column is-layout-flow wp-block-column-is-layout-flow\" style=\"flex-basis:60%\">\n<h2 class=\"wp-block-heading\">Caracter\u00edsticas de la vajilla blanca premium a granel:<\/h2>\n\n\n\n<ul class=\"wp-block-list\">\n<li><strong>El lenguaje de dise\u00f1o unificado refuerza la imagen visual de la marca: <\/strong>Este juego de vajilla blanca a granel utiliza la ic\u00f3nica silueta ondulada y ribetes de colores, y ofrece una amplia selecci\u00f3n de colores (rojo, negro, azul, etc.) para que los clientes puedan personalizar su aspecto y adaptarlo a la imagen de su marca.<\/li>\n\n\n\n<li><strong>La configuraci\u00f3n completa del conjunto cubre diversos escenarios: <\/strong>Nuestra l\u00ednea de productos de vajilla de porcelana al por mayor incluye platos llanos, platos de postre, cuencos de sopa, soportes para tartas, teteras, azucareros y mucho m\u00e1s, satisfaciendo las diversas necesidades de comidas formales, meriendas y mesas de postres, y reduciendo el coste de las compras mixtas.<\/li>\n\n\n\n<li><strong>La exquisita artesan\u00eda mejora la experiencia del usuario: <\/strong>Nuestro juego de vajilla blanca a granel est\u00e1 fabricado con cer\u00e1mica gruesa y c\u00e1lida, con bordes ondulados antideslizantes y f\u00e1ciles de agarrar. El esmalte es uniforme y completo, y el esmalte sin plomo es seguro y f\u00e1cil de limpiar, combinando belleza y durabilidad.<\/li>\n\n\n\n<li><strong>El potencial de la visualizaci\u00f3n basada en escenarios estimula el deseo de compra: <\/strong>Este juego de vajilla de porcelana al por mayor se adapta perfectamente a diversos estilos de exposici\u00f3n, tiene un gran atractivo visual y puede utilizarse directamente como modelo para la decoraci\u00f3n de espacios comerciales.<\/li>\n<\/ul>\n<\/div>\n\n\n\n<div class=\"wp-block-column is-layout-flow wp-block-column-is-layout-flow\">\n<figure class=\"wp-block-image size-full\"><img decoding=\"async\" width=\"800\" height=\"800\" src=\"https:\/\/www.lovinghomecollection.com\/wp-content\/uploads\/2025\/11\/Wholesale-Bulk-White-Dinnerware-With-Stylish-Color-Wavy-Edge-2.webp\" alt=\"Vajilla blanca al por mayor con elegante borde ondulado de color-2\" class=\"wp-image-5108\" srcset=\"https:\/\/www.lovinghomecollection.com\/wp-content\/uploads\/2025\/11\/Wholesale-Bulk-White-Dinnerware-With-Stylish-Color-Wavy-Edge-2.webp 800w, https:\/\/www.lovinghomecollection.com\/wp-content\/uploads\/2025\/11\/Wholesale-Bulk-White-Dinnerware-With-Stylish-Color-Wavy-Edge-2-300x300.webp 300w, https:\/\/www.lovinghomecollection.com\/wp-content\/uploads\/2025\/11\/Wholesale-Bulk-White-Dinnerware-With-Stylish-Color-Wavy-Edge-2-150x150.webp 150w, https:\/\/www.lovinghomecollection.com\/wp-content\/uploads\/2025\/11\/Wholesale-Bulk-White-Dinnerware-With-Stylish-Color-Wavy-Edge-2-768x768.webp 768w, https:\/\/www.lovinghomecollection.com\/wp-content\/uploads\/2025\/11\/Wholesale-Bulk-White-Dinnerware-With-Stylish-Color-Wavy-Edge-2-12x12.webp 12w, https:\/\/www.lovinghomecollection.com\/wp-content\/uploads\/2025\/11\/Wholesale-Bulk-White-Dinnerware-With-Stylish-Color-Wavy-Edge-2-600x600.webp 600w, https:\/\/www.lovinghomecollection.com\/wp-content\/uploads\/2025\/11\/Wholesale-Bulk-White-Dinnerware-With-Stylish-Color-Wavy-Edge-2-100x100.webp 100w\" sizes=\"(max-width: 800px) 100vw, 800px\" \/><\/figure>\n<\/div>\n<\/div>\n\n\n\n<h2 class=\"wp-block-heading has-text-align-center\">Exposici\u00f3n de productos de la colecci\u00f3n de vajilla blanca a granel Cloudrim<\/h2>\n\n\n\n<div class=\"wp-block-columns is-layout-flex wp-container-core-columns-is-layout-9d6595d7 wp-block-columns-is-layout-flex\">\n<div class=\"wp-block-column is-layout-flow wp-block-column-is-layout-flow\">\n<figure class=\"wp-block-image size-full\"><img decoding=\"async\" width=\"1748\" height=\"1346\" src=\"https:\/\/www.lovinghomecollection.com\/wp-content\/uploads\/2025\/11\/Wholesale-Bulk-White-Dinnerware-With-Stylish-Color-Wavy-Edge-16.webp\" alt=\"Vajilla blanca al por mayor con elegante borde ondulado de color-16\" class=\"wp-image-5605\" srcset=\"https:\/\/www.lovinghomecollection.com\/wp-content\/uploads\/2025\/11\/Wholesale-Bulk-White-Dinnerware-With-Stylish-Color-Wavy-Edge-16.webp 1748w, https:\/\/www.lovinghomecollection.com\/wp-content\/uploads\/2025\/11\/Wholesale-Bulk-White-Dinnerware-With-Stylish-Color-Wavy-Edge-16-300x231.webp 300w, https:\/\/www.lovinghomecollection.com\/wp-content\/uploads\/2025\/11\/Wholesale-Bulk-White-Dinnerware-With-Stylish-Color-Wavy-Edge-16-768x591.webp 768w, https:\/\/www.lovinghomecollection.com\/wp-content\/uploads\/2025\/11\/Wholesale-Bulk-White-Dinnerware-With-Stylish-Color-Wavy-Edge-16-16x12.webp 16w, https:\/\/www.lovinghomecollection.com\/wp-content\/uploads\/2025\/11\/Wholesale-Bulk-White-Dinnerware-With-Stylish-Color-Wavy-Edge-16-1200x924.webp 1200w, https:\/\/www.lovinghomecollection.com\/wp-content\/uploads\/2025\/11\/Wholesale-Bulk-White-Dinnerware-With-Stylish-Color-Wavy-Edge-16-600x462.webp 600w\" sizes=\"(max-width: 1748px) 100vw, 1748px\" \/><\/figure>\n<\/div>\n\n\n\n<div class=\"wp-block-column is-layout-flow wp-block-column-is-layout-flow\">\n<figure class=\"wp-block-image size-full\"><img decoding=\"async\" width=\"1717\" height=\"1298\" src=\"https:\/\/www.lovinghomecollection.com\/wp-content\/uploads\/2025\/11\/Wholesale-Bulk-White-Dinnerware-With-Stylish-Color-Wavy-Edge-17.webp\" alt=\"Vajilla blanca al por mayor con elegante borde ondulado de color-17\" class=\"wp-image-5606\" srcset=\"https:\/\/www.lovinghomecollection.com\/wp-content\/uploads\/2025\/11\/Wholesale-Bulk-White-Dinnerware-With-Stylish-Color-Wavy-Edge-17.webp 1717w, https:\/\/www.lovinghomecollection.com\/wp-content\/uploads\/2025\/11\/Wholesale-Bulk-White-Dinnerware-With-Stylish-Color-Wavy-Edge-17-300x227.webp 300w, https:\/\/www.lovinghomecollection.com\/wp-content\/uploads\/2025\/11\/Wholesale-Bulk-White-Dinnerware-With-Stylish-Color-Wavy-Edge-17-768x581.webp 768w, https:\/\/www.lovinghomecollection.com\/wp-content\/uploads\/2025\/11\/Wholesale-Bulk-White-Dinnerware-With-Stylish-Color-Wavy-Edge-17-16x12.webp 16w, https:\/\/www.lovinghomecollection.com\/wp-content\/uploads\/2025\/11\/Wholesale-Bulk-White-Dinnerware-With-Stylish-Color-Wavy-Edge-17-1200x907.webp 1200w, https:\/\/www.lovinghomecollection.com\/wp-content\/uploads\/2025\/11\/Wholesale-Bulk-White-Dinnerware-With-Stylish-Color-Wavy-Edge-17-600x454.webp 600w\" sizes=\"(max-width: 1717px) 100vw, 1717px\" \/><\/figure>\n<\/div>\n<\/div>\n\n\n\n<p><\/p>","protected":false},"excerpt":{"rendered":"<p>Encuentre vajillas de porcelana al por mayor de primera calidad en LovingHome. Nuestro juego de vajilla blanca Cloudrim a granel presenta un esmalte blanco puro y bordes ondulados en forma de nube, con l\u00edneas limpias y modernas.<\/p>\n<table style=\"border-collapse: collapse; width: 338.02pt;\" border=\"0\" width=\"338\" cellspacing=\"0\" cellpadding=\"0\">\n<tbody>\n<tr style=\"height: 18.00pt;\">\n<td class=\"et3\" style=\"height: 18.00pt; width: 124.50pt;\" width=\"124\" height=\"18\">Fabricante<\/td>\n<td class=\"et3\" style=\"width: 214.40pt;\" width=\"214\">Un hogar lleno de amor<\/td>\n<\/tr>\n<tr style=\"height: 18.00pt;\">\n<td class=\"et3\" style=\"height: 18.00pt; width: 124.50pt;\" width=\"124\" height=\"18\">Nombre de la colecci\u00f3n<\/td>\n<td class=\"et4\" style=\"width: 214.40pt;\" width=\"214\">Colecci\u00f3n Cloudrim<\/td>\n<\/tr>\n<tr style=\"height: 18.00pt;\">\n<td class=\"et3\" style=\"height: 18.00pt; width: 124.50pt;\" width=\"124\" height=\"18\">Utilizaci\u00f3n<\/td>\n<td class=\"et3\" style=\"width: 214.40pt;\" width=\"214\">Hogar, Restaurante, Hotel<\/td>\n<\/tr>\n<tr style=\"height: 36.00pt;\">\n<td class=\"et3\" style=\"height: 36.00pt; width: 124.50pt;\" width=\"124\" height=\"36\">Tipo de vajilla<\/td>\n<td class=\"et3\" style=\"width: 214.40pt;\" width=\"214\">Plato, Cuenco, Tetera, Cremera, Azucarero, Taza y Plato, Taza, Soporte para tartas<\/td>\n<\/tr>\n<tr style=\"height: 18.00pt;\">\n<td class=\"et3\" style=\"height: 18.00pt; width: 124.50pt;\" width=\"124\" height=\"18\">Material<\/td>\n<td class=\"et3\" style=\"width: 214.40pt;\" width=\"214\">Porcelana resistente<\/td>\n<\/tr>\n<tr style=\"height: 18.00pt;\">\n<td class=\"et3\" style=\"height: 18.00pt; width: 124.50pt;\" width=\"124\" height=\"18\">Dimensi\u00f3n<\/td>\n<td class=\"et3\" style=\"width: 214.40pt;\" width=\"214\">Como imagen detallada<\/td>\n<\/tr>\n<tr style=\"height: 18.00pt;\">\n<td class=\"et3\" style=\"height: 18.00pt; width: 124.50pt;\" width=\"124\" height=\"18\">Unidades de venta<\/td>\n<td class=\"et3\" style=\"width: 214.40pt;\" width=\"214\">Art\u00edculo \u00fanico<\/td>\n<\/tr>\n<tr style=\"height: 18.00pt;\">\n<td class=\"et3\" style=\"height: 18.00pt; width: 124.50pt;\" width=\"124\" height=\"18\">MOQ<\/td>\n<td class=\"et3\" style=\"width: 214.40pt;\" width=\"214\">1200 unid. por art\u00edculo<\/td>\n<\/tr>\n<tr style=\"height: 18.00pt;\">\n<td class=\"et3\" style=\"height: 18.00pt; width: 124.50pt;\" width=\"124\" height=\"18\">Opci\u00f3n personalizada<\/td>\n<td class=\"et3\" style=\"width: 214.40pt;\" width=\"214\">Color\/Tama\u00f1o\/Glaseado\/Logotipo\/Embalaje<\/td>\n<\/tr>\n<\/tbody>\n<\/table>","protected":false},"featured_media":5598,"comment_status":"closed","ping_status":"closed","template":"","meta":{"_acf_changed":false},"product_brand":[],"product_cat":[19,49],"product_tag":[37,25,27,26],"class_list":{"0":"post-5106","1":"product","2":"type-product","3":"status-publish","4":"has-post-thumbnail","6":"product_cat-dinnerware-wholesale","7":"product_cat-wholesale-white-tableware","8":"product_tag-bulk-cake-stands","9":"product_tag-wholesale-plates-and-bowls","10":"product_tag-wholesale-tea-cups-and-saucers","11":"product_tag-wholesale-teapots","13":"first","14":"instock","15":"shipping-taxable","16":"product-type-simple"},"acf":[],"_links":{"self":[{"href":"https:\/\/www.lovinghomecollection.com\/es\/wp-json\/wp\/v2\/product\/5106","targetHints":{"allow":["GET"]}}],"collection":[{"href":"https:\/\/www.lovinghomecollection.com\/es\/wp-json\/wp\/v2\/product"}],"about":[{"href":"https:\/\/www.lovinghomecollection.com\/es\/wp-json\/wp\/v2\/types\/product"}],"replies":[{"embeddable":true,"href":"https:\/\/www.lovinghomecollection.com\/es\/wp-json\/wp\/v2\/comments?post=5106"}],"wp:featuredmedia":[{"embeddable":true,"href":"https:\/\/www.lovinghomecollection.com\/es\/wp-json\/wp\/v2\/media\/5598"}],"wp:attachment":[{"href":"https:\/\/www.lovinghomecollection.com\/es\/wp-json\/wp\/v2\/media?parent=5106"}],"wp:term":[{"taxonomy":"product_brand","embeddable":true,"href":"https:\/\/www.lovinghomecollection.com\/es\/wp-json\/wp\/v2\/product_brand?post=5106"},{"taxonomy":"product_cat","embeddable":true,"href":"https:\/\/www.lovinghomecollection.com\/es\/wp-json\/wp\/v2\/product_cat?post=5106"},{"taxonomy":"product_tag","embeddable":true,"href":"https:\/\/www.lovinghomecollection.com\/es\/wp-json\/wp\/v2\/product_tag?post=5106"}],"curies":[{"name":"wp","href":"https:\/\/api.w.org\/{rel}","templated":true}]}}