{"id":5095,"date":"2025-11-11T08:53:09","date_gmt":"2025-11-11T08:53:09","guid":{"rendered":"https:\/\/www.lovinghomecollection.com\/?post_type=product&#038;p=5095"},"modified":"2025-12-02T08:49:22","modified_gmt":"2025-12-02T08:49:22","slug":"dinnerware-gift-wholesale","status":"publish","type":"product","link":"https:\/\/www.lovinghomecollection.com\/es\/producto\/dinnerware-gift-wholesale\/","title":{"rendered":"Juego de vajilla con tem\u00e1tica de caramelos, dise\u00f1o creativo, venta al por mayor."},"content":{"rendered":"<div class=\"wp-block-columns is-layout-flex wp-container-core-columns-is-layout-9d6595d7 wp-block-columns-is-layout-flex\">\n<div class=\"wp-block-column is-layout-flow wp-block-column-is-layout-flow\" style=\"flex-basis:60%\">\n<h2 class=\"wp-block-heading\">Caracter\u00edsticas del regalo de vajilla de alta calidad al por mayor:<\/h2>\n\n\n\n<ul class=\"wp-block-list\">\n<li><strong>Dise\u00f1o tem\u00e1tico potente y llamativo:<\/strong> Nuestro juego de vajilla para regalo al por mayor utiliza el tema \u201cCandy Town\u201d como idea central, con colores llamativos y saturados, lunares y rayas, y asas con forma de caramelos, lo que da como resultado un dise\u00f1o visual de gran impacto.<\/li>\n\n\n\n<li><strong>Gama completa de productos, todo en un solo lugar:<\/strong> Este juego de vajilla al por mayor con tem\u00e1tica de dulces incluye un conjunto completo de productos con utensilios para t\u00e9, platos, candelabros, tarros de almacenamiento y platos de exposici\u00f3n escalonados en todos los tama\u00f1os para sus clientes.<\/li>\n\n\n\n<li><strong>Alta adaptabilidad, alto valor comercial:<\/strong> Nuestro juego de vajilla para regalo al por mayor tiene una doble funci\u00f3n: es funcional y decorativo. Por ejemplo, se puede utilizar como juego de t\u00e9 o vajilla para el uso diario, o como pieza decorativa para colocar candelabros y crear ambiente. Es muy adecuado para restaurantes tem\u00e1ticos, casas de hu\u00e9spedes y tiendas de regalos, y aumenta el valor percibido del espacio.<\/li>\n\n\n\n<li><strong>Detalles de exquisita artesan\u00eda que resaltan la calidad:<\/strong> Este juego de vajilla al por mayor presenta un esmalte cer\u00e1mico liso completo y el aspecto tridimensional de las asas Candy le a\u00f1ade textura. El juego de vajilla Candy Town queda a\u00fan m\u00e1s elegante si se combina con una bandeja de madera y pasteles.<\/li>\n<\/ul>\n<\/div>\n\n\n\n<div class=\"wp-block-column is-layout-flow wp-block-column-is-layout-flow\">\n<figure class=\"wp-block-image size-full\"><img decoding=\"async\" width=\"1200\" height=\"1200\" src=\"https:\/\/www.lovinghomecollection.com\/wp-content\/uploads\/2025\/11\/Candy-Themed-Dinnerware-Gift-Wholesale-Creatively-Designed-15.webp\" alt=\"Juego de vajilla con tem\u00e1tica de caramelos, dise\u00f1o creativo, venta al por mayor -15\" class=\"wp-image-5580\" srcset=\"https:\/\/www.lovinghomecollection.com\/wp-content\/uploads\/2025\/11\/Candy-Themed-Dinnerware-Gift-Wholesale-Creatively-Designed-15.webp 1200w, https:\/\/www.lovinghomecollection.com\/wp-content\/uploads\/2025\/11\/Candy-Themed-Dinnerware-Gift-Wholesale-Creatively-Designed-15-300x300.webp 300w, https:\/\/www.lovinghomecollection.com\/wp-content\/uploads\/2025\/11\/Candy-Themed-Dinnerware-Gift-Wholesale-Creatively-Designed-15-150x150.webp 150w, https:\/\/www.lovinghomecollection.com\/wp-content\/uploads\/2025\/11\/Candy-Themed-Dinnerware-Gift-Wholesale-Creatively-Designed-15-768x768.webp 768w, https:\/\/www.lovinghomecollection.com\/wp-content\/uploads\/2025\/11\/Candy-Themed-Dinnerware-Gift-Wholesale-Creatively-Designed-15-12x12.webp 12w, https:\/\/www.lovinghomecollection.com\/wp-content\/uploads\/2025\/11\/Candy-Themed-Dinnerware-Gift-Wholesale-Creatively-Designed-15-600x600.webp 600w, https:\/\/www.lovinghomecollection.com\/wp-content\/uploads\/2025\/11\/Candy-Themed-Dinnerware-Gift-Wholesale-Creatively-Designed-15-100x100.webp 100w\" sizes=\"(max-width: 1200px) 100vw, 1200px\" \/><\/figure>\n<\/div>\n<\/div>\n\n\n\n<h2 class=\"wp-block-heading has-text-align-center\">Exposici\u00f3n de productos de Candy Town Vajillas Regalos Mayorista<\/h2>\n\n\n\n<div class=\"wp-block-columns is-layout-flex wp-container-core-columns-is-layout-9d6595d7 wp-block-columns-is-layout-flex\">\n<div class=\"wp-block-column is-layout-flow wp-block-column-is-layout-flow\">\n<figure class=\"wp-block-image size-full\"><img decoding=\"async\" width=\"1200\" height=\"1366\" src=\"https:\/\/www.lovinghomecollection.com\/wp-content\/uploads\/2025\/11\/Candy-Themed-Dinnerware-Gift-Wholesale-Creatively-Designed.webp\" alt=\"Juego de vajilla con tem\u00e1tica de caramelos, dise\u00f1o creativo, venta al por mayor.\" class=\"wp-image-5589\" srcset=\"https:\/\/www.lovinghomecollection.com\/wp-content\/uploads\/2025\/11\/Candy-Themed-Dinnerware-Gift-Wholesale-Creatively-Designed.webp 1200w, https:\/\/www.lovinghomecollection.com\/wp-content\/uploads\/2025\/11\/Candy-Themed-Dinnerware-Gift-Wholesale-Creatively-Designed-264x300.webp 264w, https:\/\/www.lovinghomecollection.com\/wp-content\/uploads\/2025\/11\/Candy-Themed-Dinnerware-Gift-Wholesale-Creatively-Designed-768x874.webp 768w, https:\/\/www.lovinghomecollection.com\/wp-content\/uploads\/2025\/11\/Candy-Themed-Dinnerware-Gift-Wholesale-Creatively-Designed-11x12.webp 11w, https:\/\/www.lovinghomecollection.com\/wp-content\/uploads\/2025\/11\/Candy-Themed-Dinnerware-Gift-Wholesale-Creatively-Designed-600x683.webp 600w\" sizes=\"(max-width: 1200px) 100vw, 1200px\" \/><\/figure>\n<\/div>\n\n\n\n<div class=\"wp-block-column is-layout-flow wp-block-column-is-layout-flow\">\n<figure class=\"wp-block-image size-full\"><img decoding=\"async\" width=\"1200\" height=\"956\" src=\"https:\/\/www.lovinghomecollection.com\/wp-content\/uploads\/2025\/11\/Candy-Themed-Dinnerware-Gift-Wholesale-Creatively-Designed-14.webp\" alt=\"Juego de vajilla con tem\u00e1tica de dulces, dise\u00f1o creativo, venta al por mayor - 14\" class=\"wp-image-5578\" srcset=\"https:\/\/www.lovinghomecollection.com\/wp-content\/uploads\/2025\/11\/Candy-Themed-Dinnerware-Gift-Wholesale-Creatively-Designed-14.webp 1200w, https:\/\/www.lovinghomecollection.com\/wp-content\/uploads\/2025\/11\/Candy-Themed-Dinnerware-Gift-Wholesale-Creatively-Designed-14-300x239.webp 300w, https:\/\/www.lovinghomecollection.com\/wp-content\/uploads\/2025\/11\/Candy-Themed-Dinnerware-Gift-Wholesale-Creatively-Designed-14-768x612.webp 768w, https:\/\/www.lovinghomecollection.com\/wp-content\/uploads\/2025\/11\/Candy-Themed-Dinnerware-Gift-Wholesale-Creatively-Designed-14-15x12.webp 15w, https:\/\/www.lovinghomecollection.com\/wp-content\/uploads\/2025\/11\/Candy-Themed-Dinnerware-Gift-Wholesale-Creatively-Designed-14-600x478.webp 600w\" sizes=\"(max-width: 1200px) 100vw, 1200px\" \/><\/figure>\n<\/div>\n<\/div>\n\n\n\n<p><\/p>","protected":false},"excerpt":{"rendered":"<p>Bienvenido a la compra al por mayor de nuestros juegos de vajilla de regalo. Nuestro juego de vajilla Candy Town combina rayas rojas, amarillas y verdes vibrantes, lunares y asas con forma de caramelo para crear un ambiente dulce y fant\u00e1stico.<\/p>\n<table style=\"border-collapse: collapse; width: 338.02pt;\" border=\"0\" width=\"338\" cellspacing=\"0\" cellpadding=\"0\">\n<tbody>\n<tr style=\"height: 18.00pt;\">\n<td class=\"et3\" style=\"height: 18.00pt; width: 124.50pt;\" width=\"124\" height=\"18\">Fabricante<\/td>\n<td class=\"et3\" style=\"width: 214.40pt;\" width=\"214\">Un hogar lleno de amor<\/td>\n<\/tr>\n<tr style=\"height: 18.00pt;\">\n<td class=\"et3\" style=\"height: 18.00pt; width: 124.50pt;\" width=\"124\" height=\"18\">Nombre de la colecci\u00f3n<\/td>\n<td class=\"et4\" style=\"width: 214.40pt;\" width=\"214\">Colecci\u00f3n Candy Town<\/td>\n<\/tr>\n<tr style=\"height: 18.00pt;\">\n<td class=\"et3\" style=\"height: 18.00pt; width: 124.50pt;\" width=\"124\" height=\"18\">Utilizaci\u00f3n<\/td>\n<td class=\"et3\" style=\"width: 214.40pt;\" width=\"214\">Hogar, Restaurante, Hotel<\/td>\n<\/tr>\n<tr style=\"height: 36.00pt;\">\n<td class=\"et3\" style=\"height: 36.00pt; width: 124.50pt;\" width=\"124\" height=\"36\">Tipo de vajilla<\/td>\n<td class=\"et3\" style=\"width: 214.40pt;\" width=\"214\">Plato, Cuenco, Tetera, Cremera, Azucarero, Taza y Plato, Taza<\/td>\n<\/tr>\n<tr style=\"height: 18.00pt;\">\n<td class=\"et3\" style=\"height: 18.00pt; width: 124.50pt;\" width=\"124\" height=\"18\">Material<\/td>\n<td class=\"et3\" style=\"width: 214.40pt;\" width=\"214\">Porcelana resistente<\/td>\n<\/tr>\n<tr style=\"height: 18.00pt;\">\n<td class=\"et3\" style=\"height: 18.00pt; width: 124.50pt;\" width=\"124\" height=\"18\">Dimensi\u00f3n<\/td>\n<td class=\"et3\" style=\"width: 214.40pt;\" width=\"214\">Como imagen detallada<\/td>\n<\/tr>\n<tr style=\"height: 18.00pt;\">\n<td class=\"et3\" style=\"height: 18.00pt; width: 124.50pt;\" width=\"124\" height=\"18\">Unidades de venta<\/td>\n<td class=\"et3\" style=\"width: 214.40pt;\" width=\"214\">Art\u00edculo \u00fanico<\/td>\n<\/tr>\n<tr style=\"height: 18.00pt;\">\n<td class=\"et3\" style=\"height: 18.00pt; width: 124.50pt;\" width=\"124\" height=\"18\">MOQ<\/td>\n<td class=\"et3\" style=\"width: 214.40pt;\" width=\"214\">1200 unid. por art\u00edculo<\/td>\n<\/tr>\n<tr style=\"height: 18.00pt;\">\n<td class=\"et3\" style=\"height: 18.00pt; width: 124.50pt;\" width=\"124\" height=\"18\">Opci\u00f3n personalizada<\/td>\n<td class=\"et3\" style=\"width: 214.40pt;\" width=\"214\">Color\/Tama\u00f1o\/Glaseado\/Logotipo\/Embalaje<\/td>\n<\/tr>\n<\/tbody>\n<\/table>","protected":false},"featured_media":5096,"comment_status":"closed","ping_status":"closed","template":"","meta":{"_acf_changed":false},"product_brand":[],"product_cat":[19],"product_tag":[37,25,34,27,26],"class_list":{"0":"post-5095","1":"product","2":"type-product","3":"status-publish","4":"has-post-thumbnail","6":"product_cat-dinnerware-wholesale","7":"product_tag-bulk-cake-stands","8":"product_tag-wholesale-plates-and-bowls","9":"product_tag-olive-oil-dipping-bowls-wholesale","10":"product_tag-wholesale-tea-cups-and-saucers","11":"product_tag-wholesale-teapots","13":"first","14":"instock","15":"shipping-taxable","16":"product-type-simple"},"acf":[],"_links":{"self":[{"href":"https:\/\/www.lovinghomecollection.com\/es\/wp-json\/wp\/v2\/product\/5095","targetHints":{"allow":["GET"]}}],"collection":[{"href":"https:\/\/www.lovinghomecollection.com\/es\/wp-json\/wp\/v2\/product"}],"about":[{"href":"https:\/\/www.lovinghomecollection.com\/es\/wp-json\/wp\/v2\/types\/product"}],"replies":[{"embeddable":true,"href":"https:\/\/www.lovinghomecollection.com\/es\/wp-json\/wp\/v2\/comments?post=5095"}],"wp:featuredmedia":[{"embeddable":true,"href":"https:\/\/www.lovinghomecollection.com\/es\/wp-json\/wp\/v2\/media\/5096"}],"wp:attachment":[{"href":"https:\/\/www.lovinghomecollection.com\/es\/wp-json\/wp\/v2\/media?parent=5095"}],"wp:term":[{"taxonomy":"product_brand","embeddable":true,"href":"https:\/\/www.lovinghomecollection.com\/es\/wp-json\/wp\/v2\/product_brand?post=5095"},{"taxonomy":"product_cat","embeddable":true,"href":"https:\/\/www.lovinghomecollection.com\/es\/wp-json\/wp\/v2\/product_cat?post=5095"},{"taxonomy":"product_tag","embeddable":true,"href":"https:\/\/www.lovinghomecollection.com\/es\/wp-json\/wp\/v2\/product_tag?post=5095"}],"curies":[{"name":"wp","href":"https:\/\/api.w.org\/{rel}","templated":true}]}}