{"id":5085,"date":"2025-11-11T08:39:40","date_gmt":"2025-11-11T08:39:40","guid":{"rendered":"https:\/\/www.lovinghomecollection.com\/?post_type=product&#038;p=5085"},"modified":"2025-12-02T08:49:15","modified_gmt":"2025-12-02T08:49:15","slug":"wholesale-white-dinnerware-set","status":"publish","type":"product","link":"https:\/\/www.lovinghomecollection.com\/es\/producto\/wholesale-white-dinnerware-set\/","title":{"rendered":"Juego de vajilla blanca al por mayor, suministro de vajilla con forma de flor"},"content":{"rendered":"<div class=\"wp-block-columns is-layout-flex wp-container-core-columns-is-layout-9d6595d7 wp-block-columns-is-layout-flex\">\n<div class=\"wp-block-column is-layout-flow wp-block-column-is-layout-flow\" style=\"flex-basis:60%\">\n<h2 class=\"wp-block-heading\">Caracter\u00edsticas del juego de vajilla blanca premium al por mayor:<\/h2>\n\n\n\n<ul class=\"wp-block-list\">\n<li><strong>Elegante dise\u00f1o en relieve: <\/strong>Este juego de vajilla blanca al por mayor presenta hermosos motivos en relieve alrededor del borde y en la superficie, lo que le confiere una profundidad \u00fanica y una textura c\u00e1lida y suave. El esmalte blanco puro complementa mejor los colores de los alimentos y realza en gran medida la est\u00e9tica de su mesa.<\/li>\n\n\n\n<li><strong>Conjunto completo de selecci\u00f3n: <\/strong>Nuestra serie de vajillas a granel incluye m\u00e1s de 20 estilos de platos, cuencos de sopa, tazas, platillos, juegos de t\u00e9 y soportes para tartas en una amplia gama de tama\u00f1os. Ofrecemos un servicio de compra integral para garantizar un estilo completo y opciones de vajilla optimizadas.<\/li>\n\n\n\n<li><strong>Adecuaci\u00f3n para m\u00faltiples usos: <\/strong>El estilo minimalista y blanco de este juego de vajilla blanca al por mayor se adapta f\u00e1cilmente a cualquier ocasi\u00f3n, desde las cenas familiares cotidianas hasta las presentaciones de postres en cafeter\u00edas o los banquetes m\u00e1s formales en hoteles, sin dejar de destacar su practicidad y est\u00e9tica, y satisfaciendo sus necesidades.<\/li>\n\n\n\n<li><strong>Resaltar la textura de los alimentos: <\/strong>El fondo blanco puro y las exquisitas formas de estos juegos de vajilla a granel resaltan eficazmente los colores vivos de los propios ingredientes, lo que contribuye a mejorar el atractivo visual de los espacios comerciales.<\/li>\n<\/ul>\n<\/div>\n\n\n\n<div class=\"wp-block-column is-layout-flow wp-block-column-is-layout-flow\">\n<figure class=\"wp-block-image size-full\"><img decoding=\"async\" width=\"1200\" height=\"1200\" src=\"https:\/\/www.lovinghomecollection.com\/wp-content\/uploads\/2025\/11\/Wholesale-White-Dinnerware-Set-Flower-Shape-Crockery-Supply-18.webp\" alt=\"Juego de vajilla blanca al por mayor, vajilla con forma de flor - 18 piezas\" class=\"wp-image-5654\" srcset=\"https:\/\/www.lovinghomecollection.com\/wp-content\/uploads\/2025\/11\/Wholesale-White-Dinnerware-Set-Flower-Shape-Crockery-Supply-18.webp 1200w, https:\/\/www.lovinghomecollection.com\/wp-content\/uploads\/2025\/11\/Wholesale-White-Dinnerware-Set-Flower-Shape-Crockery-Supply-18-300x300.webp 300w, https:\/\/www.lovinghomecollection.com\/wp-content\/uploads\/2025\/11\/Wholesale-White-Dinnerware-Set-Flower-Shape-Crockery-Supply-18-150x150.webp 150w, https:\/\/www.lovinghomecollection.com\/wp-content\/uploads\/2025\/11\/Wholesale-White-Dinnerware-Set-Flower-Shape-Crockery-Supply-18-768x768.webp 768w, https:\/\/www.lovinghomecollection.com\/wp-content\/uploads\/2025\/11\/Wholesale-White-Dinnerware-Set-Flower-Shape-Crockery-Supply-18-12x12.webp 12w, https:\/\/www.lovinghomecollection.com\/wp-content\/uploads\/2025\/11\/Wholesale-White-Dinnerware-Set-Flower-Shape-Crockery-Supply-18-600x600.webp 600w, https:\/\/www.lovinghomecollection.com\/wp-content\/uploads\/2025\/11\/Wholesale-White-Dinnerware-Set-Flower-Shape-Crockery-Supply-18-100x100.webp 100w\" sizes=\"(max-width: 1200px) 100vw, 1200px\" \/><\/figure>\n<\/div>\n<\/div>\n\n\n\n<h2 class=\"wp-block-heading has-text-align-center\">Exposici\u00f3n del producto: juego de vajilla blanca al por mayor Blanc Fleur<\/h2>\n\n\n\n<div class=\"wp-block-columns is-layout-flex wp-container-core-columns-is-layout-9d6595d7 wp-block-columns-is-layout-flex\">\n<div class=\"wp-block-column is-layout-flow wp-block-column-is-layout-flow\">\n<figure class=\"wp-block-image size-full\"><img decoding=\"async\" width=\"1721\" height=\"1240\" src=\"https:\/\/www.lovinghomecollection.com\/wp-content\/uploads\/2025\/11\/Wholesale-White-Dinnerware-Set-Flower-Shape-Crockery-Supply-13.webp\" alt=\"Juego de vajilla blanca al por mayor, vajilla con forma de flor - 13\" class=\"wp-image-5651\" srcset=\"https:\/\/www.lovinghomecollection.com\/wp-content\/uploads\/2025\/11\/Wholesale-White-Dinnerware-Set-Flower-Shape-Crockery-Supply-13.webp 1721w, https:\/\/www.lovinghomecollection.com\/wp-content\/uploads\/2025\/11\/Wholesale-White-Dinnerware-Set-Flower-Shape-Crockery-Supply-13-300x216.webp 300w, https:\/\/www.lovinghomecollection.com\/wp-content\/uploads\/2025\/11\/Wholesale-White-Dinnerware-Set-Flower-Shape-Crockery-Supply-13-768x553.webp 768w, https:\/\/www.lovinghomecollection.com\/wp-content\/uploads\/2025\/11\/Wholesale-White-Dinnerware-Set-Flower-Shape-Crockery-Supply-13-18x12.webp 18w, https:\/\/www.lovinghomecollection.com\/wp-content\/uploads\/2025\/11\/Wholesale-White-Dinnerware-Set-Flower-Shape-Crockery-Supply-13-1200x865.webp 1200w, https:\/\/www.lovinghomecollection.com\/wp-content\/uploads\/2025\/11\/Wholesale-White-Dinnerware-Set-Flower-Shape-Crockery-Supply-13-600x432.webp 600w\" sizes=\"(max-width: 1721px) 100vw, 1721px\" \/><\/figure>\n<\/div>\n\n\n\n<div class=\"wp-block-column is-layout-flow wp-block-column-is-layout-flow\">\n<figure class=\"wp-block-image size-full\"><img decoding=\"async\" width=\"1717\" height=\"1240\" src=\"https:\/\/www.lovinghomecollection.com\/wp-content\/uploads\/2025\/11\/Wholesale-White-Dinnerware-Set-Flower-Shape-Crockery-Supply-14.webp\" alt=\"Juego de vajilla blanca al por mayor, vajilla con forma de flor - 14 piezas\" class=\"wp-image-5652\" srcset=\"https:\/\/www.lovinghomecollection.com\/wp-content\/uploads\/2025\/11\/Wholesale-White-Dinnerware-Set-Flower-Shape-Crockery-Supply-14.webp 1717w, https:\/\/www.lovinghomecollection.com\/wp-content\/uploads\/2025\/11\/Wholesale-White-Dinnerware-Set-Flower-Shape-Crockery-Supply-14-300x217.webp 300w, https:\/\/www.lovinghomecollection.com\/wp-content\/uploads\/2025\/11\/Wholesale-White-Dinnerware-Set-Flower-Shape-Crockery-Supply-14-768x555.webp 768w, https:\/\/www.lovinghomecollection.com\/wp-content\/uploads\/2025\/11\/Wholesale-White-Dinnerware-Set-Flower-Shape-Crockery-Supply-14-18x12.webp 18w, https:\/\/www.lovinghomecollection.com\/wp-content\/uploads\/2025\/11\/Wholesale-White-Dinnerware-Set-Flower-Shape-Crockery-Supply-14-1200x867.webp 1200w, https:\/\/www.lovinghomecollection.com\/wp-content\/uploads\/2025\/11\/Wholesale-White-Dinnerware-Set-Flower-Shape-Crockery-Supply-14-600x433.webp 600w\" sizes=\"(max-width: 1717px) 100vw, 1717px\" \/><\/figure>\n<\/div>\n<\/div>\n\n\n\n<p><\/p>","protected":false},"excerpt":{"rendered":"<p>Bienvenido a la compra al por mayor de juegos de vajilla blanca. Nuestra vajilla Blanc Fleur presenta hermosos dise\u00f1os en relieve con un esmalte liso y blanco puro en una amplia gama de categor\u00edas de vajilla sofisticadas y sencillas.<\/p>\n<table style=\"border-collapse: collapse; width: 338.02pt;\" border=\"0\" width=\"338\" cellspacing=\"0\" cellpadding=\"0\">\n<tbody>\n<tr style=\"height: 18.00pt;\">\n<td class=\"et3\" style=\"height: 18.00pt; width: 124.50pt;\" width=\"124\" height=\"18\">Fabricante<\/td>\n<td class=\"et3\" style=\"width: 214.40pt;\" width=\"214\">Un hogar lleno de amor<\/td>\n<\/tr>\n<tr style=\"height: 18.00pt;\">\n<td class=\"et3\" style=\"height: 18.00pt; width: 124.50pt;\" width=\"124\" height=\"18\">Nombre de la colecci\u00f3n<\/td>\n<td class=\"et4\" style=\"width: 214.40pt;\" width=\"214\">Colecci\u00f3n Blanc Fleur<\/td>\n<\/tr>\n<tr style=\"height: 18.00pt;\">\n<td class=\"et3\" style=\"height: 18.00pt; width: 124.50pt;\" width=\"124\" height=\"18\">Utilizaci\u00f3n<\/td>\n<td class=\"et3\" style=\"width: 214.40pt;\" width=\"214\">Hogar, Restaurante, Hotel<\/td>\n<\/tr>\n<tr style=\"height: 36.00pt;\">\n<td class=\"et3\" style=\"height: 36.00pt; width: 124.50pt;\" width=\"124\" height=\"36\">Tipo de vajilla<\/td>\n<td class=\"et3\" style=\"width: 214.40pt;\" width=\"214\">Plato, Cuenco, Tetera, Cremera, Azucarero, Taza y Plato, Taza<\/td>\n<\/tr>\n<tr style=\"height: 18.00pt;\">\n<td class=\"et3\" style=\"height: 18.00pt; width: 124.50pt;\" width=\"124\" height=\"18\">Material<\/td>\n<td class=\"et3\" style=\"width: 214.40pt;\" width=\"214\">Porcelana resistente<\/td>\n<\/tr>\n<tr style=\"height: 18.00pt;\">\n<td class=\"et3\" style=\"height: 18.00pt; width: 124.50pt;\" width=\"124\" height=\"18\">Dimensi\u00f3n<\/td>\n<td class=\"et3\" style=\"width: 214.40pt;\" width=\"214\">Como imagen detallada<\/td>\n<\/tr>\n<tr style=\"height: 18.00pt;\">\n<td class=\"et3\" style=\"height: 18.00pt; width: 124.50pt;\" width=\"124\" height=\"18\">Unidades de venta<\/td>\n<td class=\"et3\" style=\"width: 214.40pt;\" width=\"214\">Art\u00edculo \u00fanico<\/td>\n<\/tr>\n<tr style=\"height: 18.00pt;\">\n<td class=\"et3\" style=\"height: 18.00pt; width: 124.50pt;\" width=\"124\" height=\"18\">MOQ<\/td>\n<td class=\"et3\" style=\"width: 214.40pt;\" width=\"214\">1200 unid. por art\u00edculo<\/td>\n<\/tr>\n<tr style=\"height: 18.00pt;\">\n<td class=\"et3\" style=\"height: 18.00pt; width: 124.50pt;\" width=\"124\" height=\"18\">Opci\u00f3n personalizada<\/td>\n<td class=\"et3\" style=\"width: 214.40pt;\" width=\"214\">Color\/Tama\u00f1o\/Glaseado\/Logotipo\/Embalaje<\/td>\n<\/tr>\n<\/tbody>\n<\/table>","protected":false},"featured_media":5087,"comment_status":"closed","ping_status":"closed","template":"","meta":{"_acf_changed":false},"product_brand":[],"product_cat":[19,49],"product_tag":[37,36,25,39,27,26],"class_list":{"0":"post-5085","1":"product","2":"type-product","3":"status-publish","4":"has-post-thumbnail","6":"product_cat-dinnerware-wholesale","7":"product_cat-wholesale-white-tableware","8":"product_tag-bulk-cake-stands","9":"product_tag-wholesale-kettles","10":"product_tag-wholesale-plates-and-bowls","11":"product_tag-sugar-jars-wholesale","12":"product_tag-wholesale-tea-cups-and-saucers","13":"product_tag-wholesale-teapots","15":"first","16":"instock","17":"shipping-taxable","18":"product-type-simple"},"acf":[],"_links":{"self":[{"href":"https:\/\/www.lovinghomecollection.com\/es\/wp-json\/wp\/v2\/product\/5085","targetHints":{"allow":["GET"]}}],"collection":[{"href":"https:\/\/www.lovinghomecollection.com\/es\/wp-json\/wp\/v2\/product"}],"about":[{"href":"https:\/\/www.lovinghomecollection.com\/es\/wp-json\/wp\/v2\/types\/product"}],"replies":[{"embeddable":true,"href":"https:\/\/www.lovinghomecollection.com\/es\/wp-json\/wp\/v2\/comments?post=5085"}],"wp:featuredmedia":[{"embeddable":true,"href":"https:\/\/www.lovinghomecollection.com\/es\/wp-json\/wp\/v2\/media\/5087"}],"wp:attachment":[{"href":"https:\/\/www.lovinghomecollection.com\/es\/wp-json\/wp\/v2\/media?parent=5085"}],"wp:term":[{"taxonomy":"product_brand","embeddable":true,"href":"https:\/\/www.lovinghomecollection.com\/es\/wp-json\/wp\/v2\/product_brand?post=5085"},{"taxonomy":"product_cat","embeddable":true,"href":"https:\/\/www.lovinghomecollection.com\/es\/wp-json\/wp\/v2\/product_cat?post=5085"},{"taxonomy":"product_tag","embeddable":true,"href":"https:\/\/www.lovinghomecollection.com\/es\/wp-json\/wp\/v2\/product_tag?post=5085"}],"curies":[{"name":"wp","href":"https:\/\/api.w.org\/{rel}","templated":true}]}}