{"id":5075,"date":"2025-11-11T08:17:19","date_gmt":"2025-11-11T08:17:19","guid":{"rendered":"https:\/\/www.lovinghomecollection.com\/?post_type=product&#038;p=5075"},"modified":"2025-12-02T08:49:06","modified_gmt":"2025-12-02T08:49:06","slug":"porcelain-dinnerware-wholesale","status":"publish","type":"product","link":"https:\/\/www.lovinghomecollection.com\/es\/producto\/porcelain-dinnerware-wholesale\/","title":{"rendered":"Venta al por mayor de vajillas de porcelana con forma de hoja natural"},"content":{"rendered":"<div class=\"wp-block-columns is-layout-flex wp-container-core-columns-is-layout-9d6595d7 wp-block-columns-is-layout-flex\">\n<div class=\"wp-block-column is-layout-flow wp-block-column-is-layout-flow\" style=\"flex-basis:60%\">\n<h2 class=\"wp-block-heading\">Caracter\u00edsticas de la vajilla de porcelana premium al por mayor:<\/h2>\n\n\n\n<ul class=\"wp-block-list\">\n<li><strong>Est\u00e9tica natural, dise\u00f1o \u00fanico: <\/strong>Este juego de vajilla de porcelana al por mayor est\u00e1 inspirado en la forma de las hojas reales y se ha prestado especial atenci\u00f3n a la creaci\u00f3n de texturas realistas con relieve de nervaduras alrededor del borde y bordes irregulares. Cada pieza es como una obra de arte que ofrece a los clientes una nueva experiencia visual y t\u00e1ctil.<\/li>\n\n\n\n<li><strong>Gama completa, escenarios diversos: <\/strong>Nuestra l\u00ednea de productos de vajillas al por mayor es completa, desde platos de 28 cm hasta soportes para tartas de 30 cm, jarras de agua de diversas capacidades y tarros de almacenamiento con tapas de bamb\u00fa, lo que satisface las necesidades multifuncionales de las mesas de comedor, las cocinas y los expositores, y permite a los clientes comerciales realizar sus compras en un solo lugar.<\/li>\n\n\n\n<li><strong>Esmaltes frescos, combinaciones flexibles: <\/strong>Nuestra vajilla de porcelana al por mayor ofrece dos esmaltes cl\u00e1sicos, blanco y verde, con tonos frescos y naturales. Los dos colores se pueden mezclar y combinar libremente para crear f\u00e1cilmente efectos de exposici\u00f3n ricos y con capas, adapt\u00e1ndose a diferentes estilos de espacios comerciales.<\/li>\n\n\n\n<li><strong>Materiales y mano de obra de calidad: <\/strong>Este juego de vajilla al por mayor est\u00e1 fabricado con un material cer\u00e1mico pesado y c\u00e1lido, con una tapa de bamb\u00fa y madera natural que realza el aspecto artesanal del producto y su est\u00e9tica natural. La artesan\u00eda desempe\u00f1a un papel importante en la durabilidad y el dise\u00f1o, al tiempo que muestra la calidad que la marca se esfuerza por alcanzar.<\/li>\n<\/ul>\n<\/div>\n\n\n\n<div class=\"wp-block-column is-layout-flow wp-block-column-is-layout-flow\">\n<figure class=\"wp-block-image size-full\"><img decoding=\"async\" width=\"1200\" height=\"1200\" src=\"https:\/\/www.lovinghomecollection.com\/wp-content\/uploads\/2025\/11\/Natural-Leaf-Shape-Porcelain-Dinnerware-Wholesale-Supply-15.webp\" alt=\"Venta al por mayor de vajillas de porcelana con forma de hoja natural - 15\" class=\"wp-image-5668\" srcset=\"https:\/\/www.lovinghomecollection.com\/wp-content\/uploads\/2025\/11\/Natural-Leaf-Shape-Porcelain-Dinnerware-Wholesale-Supply-15.webp 1200w, https:\/\/www.lovinghomecollection.com\/wp-content\/uploads\/2025\/11\/Natural-Leaf-Shape-Porcelain-Dinnerware-Wholesale-Supply-15-300x300.webp 300w, https:\/\/www.lovinghomecollection.com\/wp-content\/uploads\/2025\/11\/Natural-Leaf-Shape-Porcelain-Dinnerware-Wholesale-Supply-15-150x150.webp 150w, https:\/\/www.lovinghomecollection.com\/wp-content\/uploads\/2025\/11\/Natural-Leaf-Shape-Porcelain-Dinnerware-Wholesale-Supply-15-768x768.webp 768w, https:\/\/www.lovinghomecollection.com\/wp-content\/uploads\/2025\/11\/Natural-Leaf-Shape-Porcelain-Dinnerware-Wholesale-Supply-15-12x12.webp 12w, https:\/\/www.lovinghomecollection.com\/wp-content\/uploads\/2025\/11\/Natural-Leaf-Shape-Porcelain-Dinnerware-Wholesale-Supply-15-600x600.webp 600w, https:\/\/www.lovinghomecollection.com\/wp-content\/uploads\/2025\/11\/Natural-Leaf-Shape-Porcelain-Dinnerware-Wholesale-Supply-15-100x100.webp 100w\" sizes=\"(max-width: 1200px) 100vw, 1200px\" \/><\/figure>\n<\/div>\n<\/div>\n\n\n\n<h2 class=\"wp-block-heading has-text-align-center\">Exposici\u00f3n de productos de vajillas de porcelana con estampado de hojas al por mayor<\/h2>\n\n\n\n<div class=\"wp-block-columns is-layout-flex wp-container-core-columns-is-layout-9d6595d7 wp-block-columns-is-layout-flex\">\n<div class=\"wp-block-column is-layout-flow wp-block-column-is-layout-flow\">\n<figure class=\"wp-block-image size-full\"><img decoding=\"async\" width=\"1754\" height=\"2480\" src=\"https:\/\/www.lovinghomecollection.com\/wp-content\/uploads\/2025\/11\/Natural-Leaf-Shape-Porcelain-Dinnerware-Wholesale-Supply-20.webp\" alt=\"Venta al por mayor de vajillas de porcelana con forma de hoja natural-20\" class=\"wp-image-5673\" srcset=\"https:\/\/www.lovinghomecollection.com\/wp-content\/uploads\/2025\/11\/Natural-Leaf-Shape-Porcelain-Dinnerware-Wholesale-Supply-20.webp 1754w, https:\/\/www.lovinghomecollection.com\/wp-content\/uploads\/2025\/11\/Natural-Leaf-Shape-Porcelain-Dinnerware-Wholesale-Supply-20-212x300.webp 212w, https:\/\/www.lovinghomecollection.com\/wp-content\/uploads\/2025\/11\/Natural-Leaf-Shape-Porcelain-Dinnerware-Wholesale-Supply-20-768x1086.webp 768w, https:\/\/www.lovinghomecollection.com\/wp-content\/uploads\/2025\/11\/Natural-Leaf-Shape-Porcelain-Dinnerware-Wholesale-Supply-20-8x12.webp 8w, https:\/\/www.lovinghomecollection.com\/wp-content\/uploads\/2025\/11\/Natural-Leaf-Shape-Porcelain-Dinnerware-Wholesale-Supply-20-1200x1697.webp 1200w, https:\/\/www.lovinghomecollection.com\/wp-content\/uploads\/2025\/11\/Natural-Leaf-Shape-Porcelain-Dinnerware-Wholesale-Supply-20-600x848.webp 600w\" sizes=\"(max-width: 1754px) 100vw, 1754px\" \/><\/figure>\n<\/div>\n\n\n\n<div class=\"wp-block-column is-layout-flow wp-block-column-is-layout-flow\">\n<figure class=\"wp-block-image size-full\"><img decoding=\"async\" width=\"1729\" height=\"1802\" src=\"https:\/\/www.lovinghomecollection.com\/wp-content\/uploads\/2025\/11\/Natural-Leaf-Shape-Porcelain-Dinnerware-Wholesale-Supply-21.webp\" alt=\"Venta al por mayor de vajillas de porcelana con forma de hoja natural - 21\" class=\"wp-image-5674\" srcset=\"https:\/\/www.lovinghomecollection.com\/wp-content\/uploads\/2025\/11\/Natural-Leaf-Shape-Porcelain-Dinnerware-Wholesale-Supply-21.webp 1729w, https:\/\/www.lovinghomecollection.com\/wp-content\/uploads\/2025\/11\/Natural-Leaf-Shape-Porcelain-Dinnerware-Wholesale-Supply-21-288x300.webp 288w, https:\/\/www.lovinghomecollection.com\/wp-content\/uploads\/2025\/11\/Natural-Leaf-Shape-Porcelain-Dinnerware-Wholesale-Supply-21-768x800.webp 768w, https:\/\/www.lovinghomecollection.com\/wp-content\/uploads\/2025\/11\/Natural-Leaf-Shape-Porcelain-Dinnerware-Wholesale-Supply-21-12x12.webp 12w, https:\/\/www.lovinghomecollection.com\/wp-content\/uploads\/2025\/11\/Natural-Leaf-Shape-Porcelain-Dinnerware-Wholesale-Supply-21-1200x1251.webp 1200w, https:\/\/www.lovinghomecollection.com\/wp-content\/uploads\/2025\/11\/Natural-Leaf-Shape-Porcelain-Dinnerware-Wholesale-Supply-21-600x625.webp 600w\" sizes=\"(max-width: 1729px) 100vw, 1729px\" \/><\/figure>\n<\/div>\n<\/div>\n\n\n\n<p><\/p>","protected":false},"excerpt":{"rendered":"<p>Bienvenido a la venta al por mayor de vajillas de porcelana. Este juego de vajilla de la \u201cserie Leaf Imprint\u201d est\u00e1 inspirado en las hojas naturales e integra la est\u00e9tica ecol\u00f3gica en la vida cotidiana a trav\u00e9s de un relieve realista de las venas de las hojas y un dise\u00f1o de bordes en forma de abanico, ideal para mesas con una decoraci\u00f3n r\u00fastica y elegante que abraza un estilo natural.<\/p>\n<table style=\"border-collapse: collapse; width: 338.02pt;\" border=\"0\" width=\"338\" cellspacing=\"0\" cellpadding=\"0\">\n<tbody>\n<tr style=\"height: 18.00pt;\">\n<td class=\"et3\" style=\"height: 18.00pt; width: 124.50pt;\" width=\"124\" height=\"18\">Fabricante<\/td>\n<td class=\"et3\" style=\"width: 214.40pt;\" width=\"214\">Un hogar lleno de amor<\/td>\n<\/tr>\n<tr style=\"height: 18.00pt;\">\n<td class=\"et3\" style=\"height: 18.00pt; width: 124.50pt;\" width=\"124\" height=\"18\">Nombre de la colecci\u00f3n<\/td>\n<td class=\"et4\" style=\"width: 214.40pt;\" width=\"214\">Colecci\u00f3n de huellas de hojas<\/td>\n<\/tr>\n<tr style=\"height: 18.00pt;\">\n<td class=\"et3\" style=\"height: 18.00pt; width: 124.50pt;\" width=\"124\" height=\"18\">Utilizaci\u00f3n<\/td>\n<td class=\"et3\" style=\"width: 214.40pt;\" width=\"214\">Hogar, Restaurante, Hotel<\/td>\n<\/tr>\n<tr style=\"height: 36.00pt;\">\n<td class=\"et3\" style=\"height: 36.00pt; width: 124.50pt;\" width=\"124\" height=\"36\">Tipo de vajilla<\/td>\n<td class=\"et3\" style=\"width: 214.40pt;\" width=\"214\">Plato, cuenco, bandeja para tartas, jarra, taza, juego de tapas, recipiente.<\/td>\n<\/tr>\n<tr style=\"height: 18.00pt;\">\n<td class=\"et3\" style=\"height: 18.00pt; width: 124.50pt;\" width=\"124\" height=\"18\">Material<\/td>\n<td class=\"et3\" style=\"width: 214.40pt;\" width=\"214\">Porcelana resistente<\/td>\n<\/tr>\n<tr style=\"height: 18.00pt;\">\n<td class=\"et3\" style=\"height: 18.00pt; width: 124.50pt;\" width=\"124\" height=\"18\">Dimensi\u00f3n<\/td>\n<td class=\"et3\" style=\"width: 214.40pt;\" width=\"214\">Como imagen detallada<\/td>\n<\/tr>\n<tr style=\"height: 18.00pt;\">\n<td class=\"et3\" style=\"height: 18.00pt; width: 124.50pt;\" width=\"124\" height=\"18\">Unidades de venta<\/td>\n<td class=\"et3\" style=\"width: 214.40pt;\" width=\"214\">Art\u00edculo \u00fanico<\/td>\n<\/tr>\n<tr style=\"height: 18.00pt;\">\n<td class=\"et3\" style=\"height: 18.00pt; width: 124.50pt;\" width=\"124\" height=\"18\">MOQ<\/td>\n<td class=\"et3\" style=\"width: 214.40pt;\" width=\"214\">1200 unid. por art\u00edculo<\/td>\n<\/tr>\n<tr style=\"height: 18.00pt;\">\n<td class=\"et3\" style=\"height: 18.00pt; width: 124.50pt;\" width=\"124\" height=\"18\">Opci\u00f3n personalizada<\/td>\n<td class=\"et3\" style=\"width: 214.40pt;\" width=\"214\">Color\/Tama\u00f1o\/Glaseado\/Logotipo\/Embalaje<\/td>\n<\/tr>\n<\/tbody>\n<\/table>","protected":false},"featured_media":5675,"comment_status":"closed","ping_status":"closed","template":"","meta":{"_acf_changed":false},"product_brand":[],"product_cat":[19],"product_tag":[37,36,25,34,27],"class_list":{"0":"post-5075","1":"product","2":"type-product","3":"status-publish","4":"has-post-thumbnail","6":"product_cat-dinnerware-wholesale","7":"product_tag-bulk-cake-stands","8":"product_tag-wholesale-kettles","9":"product_tag-wholesale-plates-and-bowls","10":"product_tag-olive-oil-dipping-bowls-wholesale","11":"product_tag-wholesale-tea-cups-and-saucers","13":"first","14":"instock","15":"shipping-taxable","16":"product-type-simple"},"acf":[],"_links":{"self":[{"href":"https:\/\/www.lovinghomecollection.com\/es\/wp-json\/wp\/v2\/product\/5075","targetHints":{"allow":["GET"]}}],"collection":[{"href":"https:\/\/www.lovinghomecollection.com\/es\/wp-json\/wp\/v2\/product"}],"about":[{"href":"https:\/\/www.lovinghomecollection.com\/es\/wp-json\/wp\/v2\/types\/product"}],"replies":[{"embeddable":true,"href":"https:\/\/www.lovinghomecollection.com\/es\/wp-json\/wp\/v2\/comments?post=5075"}],"wp:featuredmedia":[{"embeddable":true,"href":"https:\/\/www.lovinghomecollection.com\/es\/wp-json\/wp\/v2\/media\/5675"}],"wp:attachment":[{"href":"https:\/\/www.lovinghomecollection.com\/es\/wp-json\/wp\/v2\/media?parent=5075"}],"wp:term":[{"taxonomy":"product_brand","embeddable":true,"href":"https:\/\/www.lovinghomecollection.com\/es\/wp-json\/wp\/v2\/product_brand?post=5075"},{"taxonomy":"product_cat","embeddable":true,"href":"https:\/\/www.lovinghomecollection.com\/es\/wp-json\/wp\/v2\/product_cat?post=5075"},{"taxonomy":"product_tag","embeddable":true,"href":"https:\/\/www.lovinghomecollection.com\/es\/wp-json\/wp\/v2\/product_tag?post=5075"}],"curies":[{"name":"wp","href":"https:\/\/api.w.org\/{rel}","templated":true}]}}