{"id":5065,"date":"2025-11-11T07:51:02","date_gmt":"2025-11-11T07:51:02","guid":{"rendered":"https:\/\/www.lovinghomecollection.com\/?post_type=product&#038;p=5065"},"modified":"2025-11-27T06:32:15","modified_gmt":"2025-11-27T06:32:15","slug":"dinnerware-sets-wholesale","status":"publish","type":"product","link":"https:\/\/www.lovinghomecollection.com\/es\/producto\/dinnerware-sets-wholesale\/","title":{"rendered":"Juegos de vajilla con relieve al por mayor con dise\u00f1o de pan de jengibre"},"content":{"rendered":"<div class=\"wp-block-columns is-layout-flex wp-container-core-columns-is-layout-9d6595d7 wp-block-columns-is-layout-flex\">\n<div class=\"wp-block-column is-layout-flow wp-block-column-is-layout-flow\" style=\"flex-basis:60%\">\n<h2 class=\"wp-block-heading\">Juegos de vajilla premium al por mayor Caracter\u00edsticas:<\/h2>\n\n\n\n<ul class=\"wp-block-list\">\n<li><strong>Tema distintivo, lleno de ambiente festivo: <\/strong>Nuestra vajilla de cer\u00e1mica al por mayor utiliza la universalmente reconocida casa de jengibre como su propiedad intelectual principal, con patrones en relieve y transferidos que representan meticulosamente elementos navide\u00f1os como caramelos y copos de nieve.<\/li>\n\n\n\n<li><strong>Gama completa de productos, amplia cobertura de escenas: <\/strong>Este juego de vajilla al por mayor ofrece una l\u00ednea completa de productos, desde platos de 23 cm y platos grandes de 36 cm hasta soportes para tartas, tarros de almacenamiento, candelabros y adornos, adecuados para la decoraci\u00f3n de mesas, la decoraci\u00f3n de interiores, los regalos navide\u00f1os y otros escenarios comerciales.<\/li>\n\n\n\n<li><strong>Dise\u00f1o unificado, efecto de visualizaci\u00f3n excepcional: <\/strong>Nuestra serie de vajillas de cer\u00e1mica al por mayor sigue un dise\u00f1o uniforme inspirado en las casas de jengibre, lo que facilita su combinaci\u00f3n y combinaci\u00f3n. Ya sea para expositores minoristas o para la decoraci\u00f3n de mesas de clientes finales, crea una fuerte unidad visual.<\/li>\n\n\n\n<li><strong>Artesan\u00eda en relieve:<\/strong> Nuestros juegos de vajilla al por mayor presentan un dise\u00f1o en relieve \u00fanico que no solo realza la tridimensionalidad y el aspecto artesanal del producto, sino que tambi\u00e9n aumenta su durabilidad.<\/li>\n<\/ul>\n<\/div>\n\n\n\n<div class=\"wp-block-column is-layout-flow wp-block-column-is-layout-flow\">\n<figure class=\"wp-block-image size-full\"><img decoding=\"async\" width=\"1200\" height=\"1200\" src=\"https:\/\/www.lovinghomecollection.com\/wp-content\/uploads\/2025\/11\/Embossed-Dinnerware-Sets-Wholesale-With-Gingerbread-Design-12.webp\" alt=\"Juegos de vajilla con relieve al por mayor con dise\u00f1o de pan de jengibre-12\" class=\"wp-image-5593\" srcset=\"https:\/\/www.lovinghomecollection.com\/wp-content\/uploads\/2025\/11\/Embossed-Dinnerware-Sets-Wholesale-With-Gingerbread-Design-12.webp 1200w, https:\/\/www.lovinghomecollection.com\/wp-content\/uploads\/2025\/11\/Embossed-Dinnerware-Sets-Wholesale-With-Gingerbread-Design-12-300x300.webp 300w, https:\/\/www.lovinghomecollection.com\/wp-content\/uploads\/2025\/11\/Embossed-Dinnerware-Sets-Wholesale-With-Gingerbread-Design-12-150x150.webp 150w, https:\/\/www.lovinghomecollection.com\/wp-content\/uploads\/2025\/11\/Embossed-Dinnerware-Sets-Wholesale-With-Gingerbread-Design-12-768x768.webp 768w, https:\/\/www.lovinghomecollection.com\/wp-content\/uploads\/2025\/11\/Embossed-Dinnerware-Sets-Wholesale-With-Gingerbread-Design-12-12x12.webp 12w, https:\/\/www.lovinghomecollection.com\/wp-content\/uploads\/2025\/11\/Embossed-Dinnerware-Sets-Wholesale-With-Gingerbread-Design-12-600x600.webp 600w, https:\/\/www.lovinghomecollection.com\/wp-content\/uploads\/2025\/11\/Embossed-Dinnerware-Sets-Wholesale-With-Gingerbread-Design-12-100x100.webp 100w\" sizes=\"(max-width: 1200px) 100vw, 1200px\" \/><\/figure>\n<\/div>\n<\/div>\n\n\n\n<h2 class=\"wp-block-heading has-text-align-center\">Exposici\u00f3n de productos de juegos de vajilla Gingerbread Village al por mayor<\/h2>\n\n\n\n<div class=\"wp-block-columns is-layout-flex wp-container-core-columns-is-layout-9d6595d7 wp-block-columns-is-layout-flex\">\n<div class=\"wp-block-column is-layout-flow wp-block-column-is-layout-flow\">\n<figure class=\"wp-block-image size-full\"><img decoding=\"async\" width=\"1754\" height=\"1274\" src=\"https:\/\/www.lovinghomecollection.com\/wp-content\/uploads\/2025\/11\/Embossed-Dinnerware-Sets-Wholesale-With-Gingerbread-Design-13.webp\" alt=\"Juegos de vajilla con relieve al por mayor con dise\u00f1o de pan de jengibre-13\" class=\"wp-image-5595\" srcset=\"https:\/\/www.lovinghomecollection.com\/wp-content\/uploads\/2025\/11\/Embossed-Dinnerware-Sets-Wholesale-With-Gingerbread-Design-13.webp 1754w, https:\/\/www.lovinghomecollection.com\/wp-content\/uploads\/2025\/11\/Embossed-Dinnerware-Sets-Wholesale-With-Gingerbread-Design-13-300x218.webp 300w, https:\/\/www.lovinghomecollection.com\/wp-content\/uploads\/2025\/11\/Embossed-Dinnerware-Sets-Wholesale-With-Gingerbread-Design-13-768x558.webp 768w, https:\/\/www.lovinghomecollection.com\/wp-content\/uploads\/2025\/11\/Embossed-Dinnerware-Sets-Wholesale-With-Gingerbread-Design-13-18x12.webp 18w, https:\/\/www.lovinghomecollection.com\/wp-content\/uploads\/2025\/11\/Embossed-Dinnerware-Sets-Wholesale-With-Gingerbread-Design-13-1200x872.webp 1200w, https:\/\/www.lovinghomecollection.com\/wp-content\/uploads\/2025\/11\/Embossed-Dinnerware-Sets-Wholesale-With-Gingerbread-Design-13-600x436.webp 600w\" sizes=\"(max-width: 1754px) 100vw, 1754px\" \/><\/figure>\n<\/div>\n\n\n\n<div class=\"wp-block-column is-layout-flow wp-block-column-is-layout-flow\">\n<figure class=\"wp-block-image size-full\"><img decoding=\"async\" width=\"1723\" height=\"1197\" src=\"https:\/\/www.lovinghomecollection.com\/wp-content\/uploads\/2025\/11\/Embossed-Dinnerware-Sets-Wholesale-With-Gingerbread-Design-14.webp\" alt=\"Juegos de vajilla con relieve al por mayor con dise\u00f1o de pan de jengibre-14\" class=\"wp-image-5596\" srcset=\"https:\/\/www.lovinghomecollection.com\/wp-content\/uploads\/2025\/11\/Embossed-Dinnerware-Sets-Wholesale-With-Gingerbread-Design-14.webp 1723w, https:\/\/www.lovinghomecollection.com\/wp-content\/uploads\/2025\/11\/Embossed-Dinnerware-Sets-Wholesale-With-Gingerbread-Design-14-300x208.webp 300w, https:\/\/www.lovinghomecollection.com\/wp-content\/uploads\/2025\/11\/Embossed-Dinnerware-Sets-Wholesale-With-Gingerbread-Design-14-768x534.webp 768w, https:\/\/www.lovinghomecollection.com\/wp-content\/uploads\/2025\/11\/Embossed-Dinnerware-Sets-Wholesale-With-Gingerbread-Design-14-18x12.webp 18w, https:\/\/www.lovinghomecollection.com\/wp-content\/uploads\/2025\/11\/Embossed-Dinnerware-Sets-Wholesale-With-Gingerbread-Design-14-1200x834.webp 1200w, https:\/\/www.lovinghomecollection.com\/wp-content\/uploads\/2025\/11\/Embossed-Dinnerware-Sets-Wholesale-With-Gingerbread-Design-14-600x417.webp 600w\" sizes=\"(max-width: 1723px) 100vw, 1723px\" \/><\/figure>\n<\/div>\n<\/div>\n\n\n\n<p><\/p>","protected":false},"excerpt":{"rendered":"<p>Bienvenido a la venta al por mayor de juegos de vajilla. Este juego de vajilla presenta el cl\u00e1sico dise\u00f1o de la casa de jengibre, con motivos en relieve y transferidos que representan de forma v\u00edvida elementos festivos como puertas, ventanas y dulces, creando una experiencia gastron\u00f3mica navide\u00f1a rica, alegre y unificada en un solo lugar.<\/p>\n<table style=\"border-collapse: collapse; width: 338.02pt;\" border=\"0\" width=\"338\" cellspacing=\"0\" cellpadding=\"0\">\n<tbody>\n<tr style=\"height: 18.00pt;\">\n<td class=\"et3\" style=\"height: 18.00pt; width: 124.50pt;\" width=\"124\" height=\"18\">Fabricante<\/td>\n<td class=\"et3\" style=\"width: 214.40pt;\" width=\"214\">Un hogar lleno de amor<\/td>\n<\/tr>\n<tr style=\"height: 18.00pt;\">\n<td class=\"et3\" style=\"height: 18.00pt; width: 124.50pt;\" width=\"124\" height=\"18\">Nombre de la colecci\u00f3n<\/td>\n<td class=\"et4\" style=\"width: 214.40pt;\" width=\"214\">Pueblo de jengibre<\/td>\n<\/tr>\n<tr style=\"height: 18.00pt;\">\n<td class=\"et3\" style=\"height: 18.00pt; width: 124.50pt;\" width=\"124\" height=\"18\">Utilizaci\u00f3n<\/td>\n<td class=\"et3\" style=\"width: 214.40pt;\" width=\"214\">Hogar, Restaurante, Hotel<\/td>\n<\/tr>\n<tr style=\"height: 36.00pt;\">\n<td class=\"et3\" style=\"height: 36.00pt; width: 124.50pt;\" width=\"124\" height=\"36\">Tipo de vajilla<\/td>\n<td class=\"et3\" style=\"width: 214.40pt;\" width=\"214\">Plato, juego de tapas, soporte para tartas, taza<\/td>\n<\/tr>\n<tr style=\"height: 18.00pt;\">\n<td class=\"et3\" style=\"height: 18.00pt; width: 124.50pt;\" width=\"124\" height=\"18\">Material<\/td>\n<td class=\"et3\" style=\"width: 214.40pt;\" width=\"214\">Porcelana resistente<\/td>\n<\/tr>\n<tr style=\"height: 18.00pt;\">\n<td class=\"et3\" style=\"height: 18.00pt; width: 124.50pt;\" width=\"124\" height=\"18\">Dimensi\u00f3n<\/td>\n<td class=\"et3\" style=\"width: 214.40pt;\" width=\"214\">Como imagen detallada<\/td>\n<\/tr>\n<tr style=\"height: 18.00pt;\">\n<td class=\"et3\" style=\"height: 18.00pt; width: 124.50pt;\" width=\"124\" height=\"18\">Unidades de venta<\/td>\n<td class=\"et3\" style=\"width: 214.40pt;\" width=\"214\">Art\u00edculo \u00fanico<\/td>\n<\/tr>\n<tr style=\"height: 18.00pt;\">\n<td class=\"et3\" style=\"height: 18.00pt; width: 124.50pt;\" width=\"124\" height=\"18\">MOQ<\/td>\n<td class=\"et3\" style=\"width: 214.40pt;\" width=\"214\">1200 unid. por art\u00edculo<\/td>\n<\/tr>\n<tr style=\"height: 18.00pt;\">\n<td class=\"et3\" style=\"height: 18.00pt; width: 124.50pt;\" width=\"124\" height=\"18\">Opci\u00f3n personalizada<\/td>\n<td class=\"et3\" style=\"width: 214.40pt;\" width=\"214\">Color\/Tama\u00f1o\/Glaseado\/Logotipo\/Embalaje<\/td>\n<\/tr>\n<\/tbody>\n<\/table>","protected":false},"featured_media":5066,"comment_status":"closed","ping_status":"closed","template":"","meta":{"_acf_changed":false},"product_brand":[],"product_cat":[19,52],"product_tag":[37,34,27,26],"class_list":{"0":"post-5065","1":"product","2":"type-product","3":"status-publish","4":"has-post-thumbnail","6":"product_cat-dinnerware-wholesale","7":"product_cat-holiday-tableware-supplier","8":"product_tag-bulk-cake-stands","9":"product_tag-olive-oil-dipping-bowls-wholesale","10":"product_tag-wholesale-tea-cups-and-saucers","11":"product_tag-wholesale-teapots","13":"first","14":"instock","15":"shipping-taxable","16":"product-type-simple"},"acf":[],"_links":{"self":[{"href":"https:\/\/www.lovinghomecollection.com\/es\/wp-json\/wp\/v2\/product\/5065","targetHints":{"allow":["GET"]}}],"collection":[{"href":"https:\/\/www.lovinghomecollection.com\/es\/wp-json\/wp\/v2\/product"}],"about":[{"href":"https:\/\/www.lovinghomecollection.com\/es\/wp-json\/wp\/v2\/types\/product"}],"replies":[{"embeddable":true,"href":"https:\/\/www.lovinghomecollection.com\/es\/wp-json\/wp\/v2\/comments?post=5065"}],"wp:featuredmedia":[{"embeddable":true,"href":"https:\/\/www.lovinghomecollection.com\/es\/wp-json\/wp\/v2\/media\/5066"}],"wp:attachment":[{"href":"https:\/\/www.lovinghomecollection.com\/es\/wp-json\/wp\/v2\/media?parent=5065"}],"wp:term":[{"taxonomy":"product_brand","embeddable":true,"href":"https:\/\/www.lovinghomecollection.com\/es\/wp-json\/wp\/v2\/product_brand?post=5065"},{"taxonomy":"product_cat","embeddable":true,"href":"https:\/\/www.lovinghomecollection.com\/es\/wp-json\/wp\/v2\/product_cat?post=5065"},{"taxonomy":"product_tag","embeddable":true,"href":"https:\/\/www.lovinghomecollection.com\/es\/wp-json\/wp\/v2\/product_tag?post=5065"}],"curies":[{"name":"wp","href":"https:\/\/api.w.org\/{rel}","templated":true}]}}