{"id":5056,"date":"2025-11-11T06:56:52","date_gmt":"2025-11-11T06:56:52","guid":{"rendered":"https:\/\/www.lovinghomecollection.com\/?post_type=product&#038;p=5056"},"modified":"2025-11-27T06:32:24","modified_gmt":"2025-11-27T06:32:24","slug":"wholesale-ceramic-crockery","status":"publish","type":"product","link":"https:\/\/www.lovinghomecollection.com\/es\/producto\/wholesale-ceramic-crockery\/","title":{"rendered":"Juego de vajilla de cer\u00e1mica al por mayor en tonos c\u00e1lidos con bordes ondulados"},"content":{"rendered":"<div class=\"wp-block-columns is-layout-flex wp-container-core-columns-is-layout-9d6595d7 wp-block-columns-is-layout-flex\">\n<div class=\"wp-block-column is-layout-flow wp-block-column-is-layout-flow\" style=\"flex-basis:60%\">\n<h2 class=\"wp-block-heading\">Vajilla de cer\u00e1mica al por mayor de primera calidad Caracter\u00edsticas:<\/h2>\n\n\n\n<ul class=\"wp-block-list\">\n<li><strong>Dise\u00f1o est\u00e9tico natural: <\/strong>Los bordes de esta vajilla de cer\u00e1mica al por mayor recuerdan la forma curva de los p\u00e9talos de una flor. Los colores del esmalte se inspiran en los tonos tierra (jengibre, brezo, blanco roto) y realzan de forma natural el aspecto art\u00edstico de su mesa, especialmente con tulipanes o mesas de comedor de madera.<\/li>\n\n\n\n<li><strong>T\u00e9cnica de acristalamiento \u00fanica: <\/strong>Nuestras vajillas al por mayor de color England Terra utilizan un glaseado reactivo, que crea un delicado degradado de textura para cada pieza y confiere a la vajilla de uso diario un elemento c\u00e1lido y suave para evitar un aspecto repetitivo, al tiempo que a\u00f1ade un valor art\u00edstico artesanal a la vajilla.<\/li>\n\n\n\n<li><strong>Conjuntos vers\u00e1tiles para todos los escenarios:<\/strong> Nuestra vajilla de cer\u00e1mica al por mayor incluye m\u00e1s de 20 categor\u00edas individuales, desde platos de 22 cm, platos ovalados de 32 cm, teteras y jarras de leche para bebidas, platos principales y postres, para que los comensales puedan disponer de un servicio de mesa completo para su pedido al por mayor al por mayor.<\/li>\n\n\n\n<li><strong>Crear un ambiente c\u00e1lido:<\/strong> El esmalte de tonos c\u00e1lidos de esta vajilla al por mayor complementa a la perfecci\u00f3n las velas, las flores y la iluminaci\u00f3n tenue, lo que la hace especialmente adecuada para espacios comerciales que requieren un cierto ambiente, como pensiones y hoteles boutique.<\/li>\n<\/ul>\n<\/div>\n\n\n\n<div class=\"wp-block-column is-layout-flow wp-block-column-is-layout-flow\">\n<figure class=\"wp-block-image size-full\"><img decoding=\"async\" width=\"800\" height=\"800\" src=\"https:\/\/www.lovinghomecollection.com\/wp-content\/uploads\/2025\/11\/Warm-Hue-Wholesale-Ceramic-Crockery-Set-With-Wavy-Edges-2.webp\" alt=\"Juego de vajilla de cer\u00e1mica al por mayor en tonos c\u00e1lidos con bordes ondulados-2\" class=\"wp-image-5058\" srcset=\"https:\/\/www.lovinghomecollection.com\/wp-content\/uploads\/2025\/11\/Warm-Hue-Wholesale-Ceramic-Crockery-Set-With-Wavy-Edges-2.webp 800w, https:\/\/www.lovinghomecollection.com\/wp-content\/uploads\/2025\/11\/Warm-Hue-Wholesale-Ceramic-Crockery-Set-With-Wavy-Edges-2-300x300.webp 300w, https:\/\/www.lovinghomecollection.com\/wp-content\/uploads\/2025\/11\/Warm-Hue-Wholesale-Ceramic-Crockery-Set-With-Wavy-Edges-2-150x150.webp 150w, https:\/\/www.lovinghomecollection.com\/wp-content\/uploads\/2025\/11\/Warm-Hue-Wholesale-Ceramic-Crockery-Set-With-Wavy-Edges-2-768x768.webp 768w, https:\/\/www.lovinghomecollection.com\/wp-content\/uploads\/2025\/11\/Warm-Hue-Wholesale-Ceramic-Crockery-Set-With-Wavy-Edges-2-12x12.webp 12w, https:\/\/www.lovinghomecollection.com\/wp-content\/uploads\/2025\/11\/Warm-Hue-Wholesale-Ceramic-Crockery-Set-With-Wavy-Edges-2-600x600.webp 600w, https:\/\/www.lovinghomecollection.com\/wp-content\/uploads\/2025\/11\/Warm-Hue-Wholesale-Ceramic-Crockery-Set-With-Wavy-Edges-2-100x100.webp 100w\" sizes=\"(max-width: 800px) 100vw, 800px\" \/><\/figure>\n<\/div>\n<\/div>\n\n\n\n<h2 class=\"wp-block-heading has-text-align-center\">Exposici\u00f3n de productos de Vajilla de cer\u00e1mica al por mayor England Terra<\/h2>\n\n\n\n<div class=\"wp-block-columns is-layout-flex wp-container-core-columns-is-layout-9d6595d7 wp-block-columns-is-layout-flex\">\n<div class=\"wp-block-column is-layout-flow wp-block-column-is-layout-flow\">\n<figure class=\"wp-block-image size-full\"><img decoding=\"async\" width=\"1727\" height=\"1388\" src=\"https:\/\/www.lovinghomecollection.com\/wp-content\/uploads\/2025\/11\/Warm-Hue-Wholesale-Ceramic-Crockery-Set-With-Wavy-Edges-12.webp\" alt=\"Juego de Vajilla de Cer\u00e1mica con Bordes Ondulados-12\" class=\"wp-image-5645\" srcset=\"https:\/\/www.lovinghomecollection.com\/wp-content\/uploads\/2025\/11\/Warm-Hue-Wholesale-Ceramic-Crockery-Set-With-Wavy-Edges-12.webp 1727w, https:\/\/www.lovinghomecollection.com\/wp-content\/uploads\/2025\/11\/Warm-Hue-Wholesale-Ceramic-Crockery-Set-With-Wavy-Edges-12-300x241.webp 300w, https:\/\/www.lovinghomecollection.com\/wp-content\/uploads\/2025\/11\/Warm-Hue-Wholesale-Ceramic-Crockery-Set-With-Wavy-Edges-12-768x617.webp 768w, https:\/\/www.lovinghomecollection.com\/wp-content\/uploads\/2025\/11\/Warm-Hue-Wholesale-Ceramic-Crockery-Set-With-Wavy-Edges-12-15x12.webp 15w, https:\/\/www.lovinghomecollection.com\/wp-content\/uploads\/2025\/11\/Warm-Hue-Wholesale-Ceramic-Crockery-Set-With-Wavy-Edges-12-1200x964.webp 1200w, https:\/\/www.lovinghomecollection.com\/wp-content\/uploads\/2025\/11\/Warm-Hue-Wholesale-Ceramic-Crockery-Set-With-Wavy-Edges-12-600x482.webp 600w\" sizes=\"(max-width: 1727px) 100vw, 1727px\" \/><\/figure>\n<\/div>\n\n\n\n<div class=\"wp-block-column is-layout-flow wp-block-column-is-layout-flow\">\n<figure class=\"wp-block-image size-full\"><img decoding=\"async\" width=\"1729\" height=\"1047\" src=\"https:\/\/www.lovinghomecollection.com\/wp-content\/uploads\/2025\/11\/Warm-Hue-Wholesale-Ceramic-Crockery-Set-With-Wavy-Edges-13.webp\" alt=\"Juego de Vajilla de Cer\u00e1mica con Bordes Ondulados-13\" class=\"wp-image-5646\" srcset=\"https:\/\/www.lovinghomecollection.com\/wp-content\/uploads\/2025\/11\/Warm-Hue-Wholesale-Ceramic-Crockery-Set-With-Wavy-Edges-13.webp 1729w, https:\/\/www.lovinghomecollection.com\/wp-content\/uploads\/2025\/11\/Warm-Hue-Wholesale-Ceramic-Crockery-Set-With-Wavy-Edges-13-300x182.webp 300w, https:\/\/www.lovinghomecollection.com\/wp-content\/uploads\/2025\/11\/Warm-Hue-Wholesale-Ceramic-Crockery-Set-With-Wavy-Edges-13-768x465.webp 768w, https:\/\/www.lovinghomecollection.com\/wp-content\/uploads\/2025\/11\/Warm-Hue-Wholesale-Ceramic-Crockery-Set-With-Wavy-Edges-13-18x12.webp 18w, https:\/\/www.lovinghomecollection.com\/wp-content\/uploads\/2025\/11\/Warm-Hue-Wholesale-Ceramic-Crockery-Set-With-Wavy-Edges-13-1200x727.webp 1200w, https:\/\/www.lovinghomecollection.com\/wp-content\/uploads\/2025\/11\/Warm-Hue-Wholesale-Ceramic-Crockery-Set-With-Wavy-Edges-13-600x363.webp 600w\" sizes=\"(max-width: 1729px) 100vw, 1729px\" \/><\/figure>\n<\/div>\n<\/div>\n\n\n\n<p><\/p>","protected":false},"excerpt":{"rendered":"<p>Bienvenido a comprar vajillas de cer\u00e1mica al por mayor. Nuestras vajillas de color Inglaterra Terra presentan bordes suaves y ondulados y vienen en tonos c\u00e1lidos como el amarillo, el verde claro y el rosa anaranjado.<\/p>\n<table style=\"border-collapse: collapse; width: 338.02pt;\" border=\"0\" width=\"338\" cellspacing=\"0\" cellpadding=\"0\">\n<tbody>\n<tr style=\"height: 18.00pt;\">\n<td class=\"et3\" style=\"height: 18.00pt; width: 124.50pt;\" width=\"124\" height=\"18\">Fabricante<\/td>\n<td class=\"et3\" style=\"width: 214.40pt;\" width=\"214\">Un hogar lleno de amor<\/td>\n<\/tr>\n<tr style=\"height: 18.00pt;\">\n<td class=\"et3\" style=\"height: 18.00pt; width: 124.50pt;\" width=\"124\" height=\"18\">Nombre de la colecci\u00f3n<\/td>\n<td class=\"et4\" style=\"width: 214.40pt;\" width=\"214\">Inglaterra Terra<\/td>\n<\/tr>\n<tr style=\"height: 18.00pt;\">\n<td class=\"et3\" style=\"height: 18.00pt; width: 124.50pt;\" width=\"124\" height=\"18\">Utilizaci\u00f3n<\/td>\n<td class=\"et3\" style=\"width: 214.40pt;\" width=\"214\">Hogar, Restaurante, Hotel<\/td>\n<\/tr>\n<tr style=\"height: 36.00pt;\">\n<td class=\"et3\" style=\"height: 36.00pt; width: 124.50pt;\" width=\"124\" height=\"36\">Tipo de vajilla<\/td>\n<td class=\"et3\" style=\"width: 214.40pt;\" width=\"214\">Plato, cuenco, mantequera, tetera, cremera, azucarero, taza y platillo, taza<\/td>\n<\/tr>\n<tr style=\"height: 18.00pt;\">\n<td class=\"et3\" style=\"height: 18.00pt; width: 124.50pt;\" width=\"124\" height=\"18\">Material<\/td>\n<td class=\"et3\" style=\"width: 214.40pt;\" width=\"214\">Porcelana resistente<\/td>\n<\/tr>\n<tr style=\"height: 18.00pt;\">\n<td class=\"et3\" style=\"height: 18.00pt; width: 124.50pt;\" width=\"124\" height=\"18\">Dimensi\u00f3n<\/td>\n<td class=\"et3\" style=\"width: 214.40pt;\" width=\"214\">Como imagen detallada<\/td>\n<\/tr>\n<tr style=\"height: 18.00pt;\">\n<td class=\"et3\" style=\"height: 18.00pt; width: 124.50pt;\" width=\"124\" height=\"18\">Unidades de venta<\/td>\n<td class=\"et3\" style=\"width: 214.40pt;\" width=\"214\">Art\u00edculo \u00fanico<\/td>\n<\/tr>\n<tr style=\"height: 18.00pt;\">\n<td class=\"et3\" style=\"height: 18.00pt; width: 124.50pt;\" width=\"124\" height=\"18\">MOQ<\/td>\n<td class=\"et3\" style=\"width: 214.40pt;\" width=\"214\">1200 unid. por art\u00edculo<\/td>\n<\/tr>\n<tr style=\"height: 18.00pt;\">\n<td class=\"et3\" style=\"height: 18.00pt; width: 124.50pt;\" width=\"124\" height=\"18\">Opci\u00f3n personalizada<\/td>\n<td class=\"et3\" style=\"width: 214.40pt;\" width=\"214\">Color\/Tama\u00f1o\/Glaseado\/Logotipo\/Embalaje<\/td>\n<\/tr>\n<\/tbody>\n<\/table>","protected":false},"featured_media":5064,"comment_status":"closed","ping_status":"closed","template":"","meta":{"_acf_changed":false},"product_brand":[],"product_cat":[19],"product_tag":[25,39,27,26],"class_list":{"0":"post-5056","1":"product","2":"type-product","3":"status-publish","4":"has-post-thumbnail","6":"product_cat-dinnerware-wholesale","7":"product_tag-wholesale-plates-and-bowls","8":"product_tag-sugar-jars-wholesale","9":"product_tag-wholesale-tea-cups-and-saucers","10":"product_tag-wholesale-teapots","12":"first","13":"instock","14":"shipping-taxable","15":"product-type-simple"},"acf":[],"_links":{"self":[{"href":"https:\/\/www.lovinghomecollection.com\/es\/wp-json\/wp\/v2\/product\/5056","targetHints":{"allow":["GET"]}}],"collection":[{"href":"https:\/\/www.lovinghomecollection.com\/es\/wp-json\/wp\/v2\/product"}],"about":[{"href":"https:\/\/www.lovinghomecollection.com\/es\/wp-json\/wp\/v2\/types\/product"}],"replies":[{"embeddable":true,"href":"https:\/\/www.lovinghomecollection.com\/es\/wp-json\/wp\/v2\/comments?post=5056"}],"wp:featuredmedia":[{"embeddable":true,"href":"https:\/\/www.lovinghomecollection.com\/es\/wp-json\/wp\/v2\/media\/5064"}],"wp:attachment":[{"href":"https:\/\/www.lovinghomecollection.com\/es\/wp-json\/wp\/v2\/media?parent=5056"}],"wp:term":[{"taxonomy":"product_brand","embeddable":true,"href":"https:\/\/www.lovinghomecollection.com\/es\/wp-json\/wp\/v2\/product_brand?post=5056"},{"taxonomy":"product_cat","embeddable":true,"href":"https:\/\/www.lovinghomecollection.com\/es\/wp-json\/wp\/v2\/product_cat?post=5056"},{"taxonomy":"product_tag","embeddable":true,"href":"https:\/\/www.lovinghomecollection.com\/es\/wp-json\/wp\/v2\/product_tag?post=5056"}],"curies":[{"name":"wp","href":"https:\/\/api.w.org\/{rel}","templated":true}]}}