{"id":5028,"date":"2025-11-05T06:31:26","date_gmt":"2025-11-05T06:31:26","guid":{"rendered":"https:\/\/www.lovinghomecollection.com\/?post_type=product&#038;p=5028"},"modified":"2025-11-20T08:06:51","modified_gmt":"2025-11-20T08:06:51","slug":"bright-colored-dinner-sets-wholesale","status":"publish","type":"product","link":"https:\/\/www.lovinghomecollection.com\/es\/producto\/bright-colored-dinner-sets-wholesale\/","title":{"rendered":"Vajillas de Colores Brillantes Vajillas de Porcelana al por mayor"},"content":{"rendered":"<div class=\"wp-block-columns is-layout-flex wp-container-core-columns-is-layout-9d6595d7 wp-block-columns-is-layout-flex\">\n<div class=\"wp-block-column is-layout-flow wp-block-column-is-layout-flow\" style=\"flex-basis:60%\">\n<h2 class=\"wp-block-heading\">Juegos de vajilla de colores vivos de primera calidad al por mayor Caracter\u00edsticas:<\/h2>\n\n\n\n<ul class=\"wp-block-list\">\n<li><strong>Dise\u00f1o est\u00e9tico original: <\/strong>Nuestros juegos de vajilla de colores vivos al por mayor presentan exclusivos dise\u00f1os de l\u00edneas verticales y bordes con cuentas, lo que crea un aspecto estratificado y realza sin esfuerzo el toque art\u00edstico de las mesas de comedor.<\/li>\n\n\n\n<li><strong>Opciones de colores vibrantes: <\/strong>Estos juegos de vajilla de porcelana al por mayor se ofrecen en una variedad de colores vivos, como verde claro, rosa, rojo y gris, para satisfacer los requisitos de estilo de diversas ocasiones.<\/li>\n\n\n\n<li><strong>Materiales seguros sin plomo: <\/strong>Estos juegos de vajilla de colores vivos al por mayor est\u00e1n fabricados con esmalte sin plomo que cumple con las normas de seguridad alimentaria. Son duraderos, f\u00e1ciles de limpiar y seguros de usar.<\/li>\n\n\n\n<li><strong>Combinaciones completas de conjuntos: <\/strong>Nuestros juegos de vajilla de porcelana al por mayor incluyen una amplia gama de estilos y tama\u00f1os, incluyendo platos, cuencos, teteras, tazas y platillos. Se pueden realizar compras al por mayor para ofrecer una soluci\u00f3n integral a todas sus necesidades gastron\u00f3micas.<\/li>\n<\/ul>\n<\/div>\n\n\n\n<div class=\"wp-block-column is-layout-flow wp-block-column-is-layout-flow\">\n<figure class=\"wp-block-image size-full\"><img decoding=\"async\" width=\"1200\" height=\"1200\" src=\"https:\/\/www.lovinghomecollection.com\/wp-content\/uploads\/2025\/11\/Bright-Colored-Dinner-Sets-Wholesale-Porcelain-Crockery-Sets-14.jpg\" alt=\"Juegos de vajilla de colores vivos al por mayor Juegos de vajilla de porcelana-14\" class=\"wp-image-5660\" srcset=\"https:\/\/www.lovinghomecollection.com\/wp-content\/uploads\/2025\/11\/Bright-Colored-Dinner-Sets-Wholesale-Porcelain-Crockery-Sets-14.jpg 1200w, https:\/\/www.lovinghomecollection.com\/wp-content\/uploads\/2025\/11\/Bright-Colored-Dinner-Sets-Wholesale-Porcelain-Crockery-Sets-14-300x300.jpg 300w, https:\/\/www.lovinghomecollection.com\/wp-content\/uploads\/2025\/11\/Bright-Colored-Dinner-Sets-Wholesale-Porcelain-Crockery-Sets-14-150x150.jpg 150w, https:\/\/www.lovinghomecollection.com\/wp-content\/uploads\/2025\/11\/Bright-Colored-Dinner-Sets-Wholesale-Porcelain-Crockery-Sets-14-768x768.jpg 768w, https:\/\/www.lovinghomecollection.com\/wp-content\/uploads\/2025\/11\/Bright-Colored-Dinner-Sets-Wholesale-Porcelain-Crockery-Sets-14-12x12.jpg 12w, https:\/\/www.lovinghomecollection.com\/wp-content\/uploads\/2025\/11\/Bright-Colored-Dinner-Sets-Wholesale-Porcelain-Crockery-Sets-14-600x600.jpg 600w, https:\/\/www.lovinghomecollection.com\/wp-content\/uploads\/2025\/11\/Bright-Colored-Dinner-Sets-Wholesale-Porcelain-Crockery-Sets-14-100x100.jpg 100w\" sizes=\"(max-width: 1200px) 100vw, 1200px\" \/><\/figure>\n<\/div>\n<\/div>\n\n\n\n<h2 class=\"wp-block-heading has-text-align-center\">Exposici\u00f3n de productos de la l\u00ednea Bead: juegos de vajilla de colores vivos al por mayor<\/h2>\n\n\n\n<div class=\"wp-block-columns is-layout-flex wp-container-core-columns-is-layout-9d6595d7 wp-block-columns-is-layout-flex\">\n<div class=\"wp-block-column is-layout-flow wp-block-column-is-layout-flow\">\n<figure class=\"wp-block-image size-full\"><img decoding=\"async\" width=\"1804\" height=\"2008\" src=\"https:\/\/www.lovinghomecollection.com\/wp-content\/uploads\/2025\/11\/Bright-Colored-Dinner-Sets-Wholesale-Porcelain-Crockery-Sets-16.jpg\" alt=\"Juegos de vajilla de colores vivos al por mayor Juegos de vajilla de porcelana-16\" class=\"wp-image-5662\" srcset=\"https:\/\/www.lovinghomecollection.com\/wp-content\/uploads\/2025\/11\/Bright-Colored-Dinner-Sets-Wholesale-Porcelain-Crockery-Sets-16.jpg 1804w, https:\/\/www.lovinghomecollection.com\/wp-content\/uploads\/2025\/11\/Bright-Colored-Dinner-Sets-Wholesale-Porcelain-Crockery-Sets-16-270x300.jpg 270w, https:\/\/www.lovinghomecollection.com\/wp-content\/uploads\/2025\/11\/Bright-Colored-Dinner-Sets-Wholesale-Porcelain-Crockery-Sets-16-768x855.jpg 768w, https:\/\/www.lovinghomecollection.com\/wp-content\/uploads\/2025\/11\/Bright-Colored-Dinner-Sets-Wholesale-Porcelain-Crockery-Sets-16-11x12.jpg 11w, https:\/\/www.lovinghomecollection.com\/wp-content\/uploads\/2025\/11\/Bright-Colored-Dinner-Sets-Wholesale-Porcelain-Crockery-Sets-16-1200x1336.jpg 1200w, https:\/\/www.lovinghomecollection.com\/wp-content\/uploads\/2025\/11\/Bright-Colored-Dinner-Sets-Wholesale-Porcelain-Crockery-Sets-16-600x668.jpg 600w\" sizes=\"(max-width: 1804px) 100vw, 1804px\" \/><\/figure>\n<\/div>\n\n\n\n<div class=\"wp-block-column is-layout-flow wp-block-column-is-layout-flow\">\n<figure class=\"wp-block-image size-full\"><img decoding=\"async\" width=\"1804\" height=\"1236\" src=\"https:\/\/www.lovinghomecollection.com\/wp-content\/uploads\/2025\/11\/Bright-Colored-Dinner-Sets-Wholesale-Porcelain-Crockery-Sets-15.jpg\" alt=\"Juegos de vajilla de colores vivos al por mayor Juegos de vajilla de porcelana-15\" class=\"wp-image-5661\" srcset=\"https:\/\/www.lovinghomecollection.com\/wp-content\/uploads\/2025\/11\/Bright-Colored-Dinner-Sets-Wholesale-Porcelain-Crockery-Sets-15.jpg 1804w, https:\/\/www.lovinghomecollection.com\/wp-content\/uploads\/2025\/11\/Bright-Colored-Dinner-Sets-Wholesale-Porcelain-Crockery-Sets-15-300x206.jpg 300w, https:\/\/www.lovinghomecollection.com\/wp-content\/uploads\/2025\/11\/Bright-Colored-Dinner-Sets-Wholesale-Porcelain-Crockery-Sets-15-768x526.jpg 768w, https:\/\/www.lovinghomecollection.com\/wp-content\/uploads\/2025\/11\/Bright-Colored-Dinner-Sets-Wholesale-Porcelain-Crockery-Sets-15-18x12.jpg 18w, https:\/\/www.lovinghomecollection.com\/wp-content\/uploads\/2025\/11\/Bright-Colored-Dinner-Sets-Wholesale-Porcelain-Crockery-Sets-15-1200x822.jpg 1200w, https:\/\/www.lovinghomecollection.com\/wp-content\/uploads\/2025\/11\/Bright-Colored-Dinner-Sets-Wholesale-Porcelain-Crockery-Sets-15-600x411.jpg 600w\" sizes=\"(max-width: 1804px) 100vw, 1804px\" \/><\/figure>\n<\/div>\n<\/div>","protected":false},"excerpt":{"rendered":"<p>Descubre las vajillas de colores brillantes de primera calidad al por mayor de LovingHome. Nuestras vajillas de porcelana de la colecci\u00f3n Bead Line presentan llamativas rayas verticales y bordes de cuentas, ofreciendo una variedad de colores vibrantes. Fabricadas con materiales seguros y sin plomo, combinan est\u00e9tica y practicidad.<\/p>\n<table style=\"border-collapse: collapse; width: 338.02pt;\" border=\"0\" width=\"338\" cellspacing=\"0\" cellpadding=\"0\">\n<tbody>\n<tr style=\"height: 18.00pt;\">\n<td class=\"et3\" style=\"height: 18.00pt; width: 124.50pt;\" width=\"124\" height=\"18\">Fabricante<\/td>\n<td class=\"et3\" style=\"width: 214.40pt;\" width=\"214\">Un hogar lleno de amor<\/td>\n<\/tr>\n<tr style=\"height: 18.00pt;\">\n<td class=\"et3\" style=\"height: 18.00pt; width: 124.50pt;\" width=\"124\" height=\"18\">Nombre de la colecci\u00f3n<\/td>\n<td class=\"et4\" style=\"width: 214.40pt;\" width=\"214\">L\u00ednea de cuentas<\/td>\n<\/tr>\n<tr style=\"height: 18.00pt;\">\n<td class=\"et3\" style=\"height: 18.00pt; width: 124.50pt;\" width=\"124\" height=\"18\">Utilizaci\u00f3n<\/td>\n<td class=\"et3\" style=\"width: 214.40pt;\" width=\"214\">Hogar, Restaurante, Hotel<\/td>\n<\/tr>\n<tr style=\"height: 36.00pt;\">\n<td class=\"et3\" style=\"height: 36.00pt; width: 124.50pt;\" width=\"124\" height=\"36\">Tipo de vajilla<\/td>\n<td class=\"et3\" style=\"width: 214.40pt;\" width=\"214\">Plato, Cuenco, Tetera, Cremera, Azucarero, Taza y Plato, Taza, Soporte para tartas<\/td>\n<\/tr>\n<tr style=\"height: 18.00pt;\">\n<td class=\"et3\" style=\"height: 18.00pt; width: 124.50pt;\" width=\"124\" height=\"18\">Material<\/td>\n<td class=\"et3\" style=\"width: 214.40pt;\" width=\"214\">Porcelana resistente<\/td>\n<\/tr>\n<tr style=\"height: 18.00pt;\">\n<td class=\"et3\" style=\"height: 18.00pt; width: 124.50pt;\" width=\"124\" height=\"18\">Dimensi\u00f3n<\/td>\n<td class=\"et3\" style=\"width: 214.40pt;\" width=\"214\">Como imagen detallada<\/td>\n<\/tr>\n<tr style=\"height: 18.00pt;\">\n<td class=\"et3\" style=\"height: 18.00pt; width: 124.50pt;\" width=\"124\" height=\"18\">Unidades de venta<\/td>\n<td class=\"et3\" style=\"width: 214.40pt;\" width=\"214\">Art\u00edculo \u00fanico<\/td>\n<\/tr>\n<tr style=\"height: 18.00pt;\">\n<td class=\"et3\" style=\"height: 18.00pt; width: 124.50pt;\" width=\"124\" height=\"18\">MOQ<\/td>\n<td class=\"et3\" style=\"width: 214.40pt;\" width=\"214\">1200 unid. por art\u00edculo<\/td>\n<\/tr>\n<tr style=\"height: 18.00pt;\">\n<td class=\"et3\" style=\"height: 18.00pt; width: 124.50pt;\" width=\"124\" height=\"18\">Opci\u00f3n personalizada<\/td>\n<td class=\"et3\" style=\"width: 214.40pt;\" width=\"214\">Color\/Tama\u00f1o\/Glaseado\/Logotipo\/Embalaje<\/td>\n<\/tr>\n<\/tbody>\n<\/table>","protected":false},"featured_media":5655,"comment_status":"closed","ping_status":"closed","template":"","meta":{"_acf_changed":false},"product_brand":[],"product_cat":[19],"product_tag":[37,25,39,27,26],"class_list":{"0":"post-5028","1":"product","2":"type-product","3":"status-publish","4":"has-post-thumbnail","6":"product_cat-dinnerware-wholesale","7":"product_tag-bulk-cake-stands","8":"product_tag-wholesale-plates-and-bowls","9":"product_tag-sugar-jars-wholesale","10":"product_tag-wholesale-tea-cups-and-saucers","11":"product_tag-wholesale-teapots","13":"first","14":"instock","15":"shipping-taxable","16":"product-type-simple"},"acf":[],"_links":{"self":[{"href":"https:\/\/www.lovinghomecollection.com\/es\/wp-json\/wp\/v2\/product\/5028","targetHints":{"allow":["GET"]}}],"collection":[{"href":"https:\/\/www.lovinghomecollection.com\/es\/wp-json\/wp\/v2\/product"}],"about":[{"href":"https:\/\/www.lovinghomecollection.com\/es\/wp-json\/wp\/v2\/types\/product"}],"replies":[{"embeddable":true,"href":"https:\/\/www.lovinghomecollection.com\/es\/wp-json\/wp\/v2\/comments?post=5028"}],"wp:featuredmedia":[{"embeddable":true,"href":"https:\/\/www.lovinghomecollection.com\/es\/wp-json\/wp\/v2\/media\/5655"}],"wp:attachment":[{"href":"https:\/\/www.lovinghomecollection.com\/es\/wp-json\/wp\/v2\/media?parent=5028"}],"wp:term":[{"taxonomy":"product_brand","embeddable":true,"href":"https:\/\/www.lovinghomecollection.com\/es\/wp-json\/wp\/v2\/product_brand?post=5028"},{"taxonomy":"product_cat","embeddable":true,"href":"https:\/\/www.lovinghomecollection.com\/es\/wp-json\/wp\/v2\/product_cat?post=5028"},{"taxonomy":"product_tag","embeddable":true,"href":"https:\/\/www.lovinghomecollection.com\/es\/wp-json\/wp\/v2\/product_tag?post=5028"}],"curies":[{"name":"wp","href":"https:\/\/api.w.org\/{rel}","templated":true}]}}